{"id":99,"date":"2019-07-24T10:55:00","date_gmt":"2019-07-24T08:55:00","guid":{"rendered":"https:\/\/www.diroy.com\/?page_id=99"},"modified":"2025-09-25T17:15:00","modified_gmt":"2025-09-25T15:15:00","slug":"calculateur","status":"publish","type":"page","link":"https:\/\/www.diroy.com\/fr\/expertise-mousse\/calculateur\/","title":{"rendered":"Calculateur"},"content":{"rendered":"\n<p class=\"has-text-align-center\">Ce calculateur vous permet d\u2019\u00e9valuer le co\u00fbt des pi\u00e8ces que vous souhaitez commander, au regard des fluctuations des prix&nbsp;des mati\u00e8res premi\u00e8res,&nbsp;<strong>merci de demander confirmation \u00e0 notre service commercial lorsque vous souhaitez passer commande.&nbsp;<\/strong>Nous prendrons contact avec vous afin de finaliser et valider notre devis.&nbsp;<\/p>\n\n\n\n<p><\/p>\n","protected":false},"excerpt":{"rendered":"<p>Ce calculateur vous permet d\u2019\u00e9valuer le co\u00fbt des pi\u00e8ces que vous souhaitez commander, au regard [&hellip;]<\/p>\n","protected":false},"author":1,"featured_media":0,"parent":20,"menu_order":0,"comment_status":"closed","ping_status":"closed","template":"template-calculateur.php","meta":{"_acf_changed":false,"footnotes":""},"class_list":["post-99","page","type-page","status-publish","hentry"],"acf":[],"yoast_head":"<!-- This site is optimized with the Yoast SEO plugin v23.4 - https:\/\/yoast.com\/wordpress\/plugins\/seo\/ -->\n<title>Calculateur des pi\u00e8ces en mousse<\/title>\n<meta name=\"description\" content=\"Calculateur \u2013 D\u00e9couvrez l\u2019univers de Diroy, expert en literie de qualit\u00e9 depuis plus de 70 ans.\" \/>\n<meta name=\"robots\" content=\"index, follow, max-snippet:-1, max-image-preview:large, max-video-preview:-1\" \/>\n<link rel=\"canonical\" href=\"https:\/\/www.diroy.com\/fr\/expertise-mousse\/calculateur\/\" \/>\n<meta property=\"og:locale\" content=\"fr_FR\" \/>\n<meta property=\"og:type\" content=\"article\" \/>\n<meta property=\"og:title\" content=\"Calculateur des pi\u00e8ces en mousse\" \/>\n<meta property=\"og:description\" content=\"Calculateur \u2013 D\u00e9couvrez l\u2019univers de Diroy, expert en literie de qualit\u00e9 depuis plus de 70 ans.\" \/>\n<meta property=\"og:url\" content=\"https:\/\/www.diroy.com\/fr\/expertise-mousse\/calculateur\/\" \/>\n<meta property=\"og:site_name\" content=\"Diroy\" \/>\n<meta property=\"article:modified_time\" content=\"2025-09-25T15:15:00+00:00\" \/>\n<meta name=\"twitter:card\" content=\"summary_large_image\" \/>\n<meta name=\"twitter:label1\" content=\"Dur\u00e9e de lecture estim\u00e9e\" \/>\n\t<meta name=\"twitter:data1\" content=\"1 minute\" \/>\n<script type=\"application\/ld+json\" class=\"yoast-schema-graph\">{\"@context\":\"https:\/\/schema.org\",\"@graph\":[{\"@type\":\"WebPage\",\"@id\":\"https:\/\/www.diroy.com\/fr\/expertise-mousse\/calculateur\/\",\"url\":\"https:\/\/www.diroy.com\/fr\/expertise-mousse\/calculateur\/\",\"name\":\"Calculateur des pi\u00e8ces en mousse\",\"isPartOf\":{\"@id\":\"https:\/\/www.diroy.com\/fr\/#website\"},\"datePublished\":\"2019-07-24T08:55:00+00:00\",\"dateModified\":\"2025-09-25T15:15:00+00:00\",\"description\":\"Calculateur \u2013 D\u00e9couvrez l\u2019univers de Diroy, expert en literie de qualit\u00e9 depuis plus de 70 ans.\",\"breadcrumb\":{\"@id\":\"https:\/\/www.diroy.com\/fr\/expertise-mousse\/calculateur\/#breadcrumb\"},\"inLanguage\":\"fr-FR\",\"potentialAction\":[{\"@type\":\"ReadAction\",\"target\":[\"https:\/\/www.diroy.com\/fr\/expertise-mousse\/calculateur\/\"]}]},{\"@type\":\"BreadcrumbList\",\"@id\":\"https:\/\/www.diroy.com\/fr\/expertise-mousse\/calculateur\/#breadcrumb\",\"itemListElement\":[{\"@type\":\"ListItem\",\"position\":1,\"name\":\"Accueil\",\"item\":\"https:\/\/www.diroy.com\/fr\/\"},{\"@type\":\"ListItem\",\"position\":2,\"name\":\"Expertise mousse\",\"item\":\"https:\/\/www.diroy.com\/fr\/expertise-mousse\/\"},{\"@type\":\"ListItem\",\"position\":3,\"name\":\"Calculateur\"}]},{\"@type\":\"WebSite\",\"@id\":\"https:\/\/www.diroy.com\/fr\/#website\",\"url\":\"https:\/\/www.diroy.com\/fr\/\",\"name\":\"Diroy\",\"description\":\"\",\"potentialAction\":[{\"@type\":\"SearchAction\",\"target\":{\"@type\":\"EntryPoint\",\"urlTemplate\":\"https:\/\/www.diroy.com\/fr\/?s={search_term_string}\"},\"query-input\":{\"@type\":\"PropertyValueSpecification\",\"valueRequired\":true,\"valueName\":\"search_term_string\"}}],\"inLanguage\":\"fr-FR\"}]}<\/script>\n<!-- \/ Yoast SEO plugin. -->","yoast_head_json":{"title":"Calculateur des pi\u00e8ces en mousse","description":"Calculateur \u2013 D\u00e9couvrez l\u2019univers de Diroy, expert en literie de qualit\u00e9 depuis plus de 70 ans.","robots":{"index":"index","follow":"follow","max-snippet":"max-snippet:-1","max-image-preview":"max-image-preview:large","max-video-preview":"max-video-preview:-1"},"canonical":"https:\/\/www.diroy.com\/fr\/expertise-mousse\/calculateur\/","og_locale":"fr_FR","og_type":"article","og_title":"Calculateur des pi\u00e8ces en mousse","og_description":"Calculateur \u2013 D\u00e9couvrez l\u2019univers de Diroy, expert en literie de qualit\u00e9 depuis plus de 70 ans.","og_url":"https:\/\/www.diroy.com\/fr\/expertise-mousse\/calculateur\/","og_site_name":"Diroy","article_modified_time":"2025-09-25T15:15:00+00:00","twitter_card":"summary_large_image","twitter_misc":{"Dur\u00e9e de lecture estim\u00e9e":"1 minute"},"schema":{"@context":"https:\/\/schema.org","@graph":[{"@type":"WebPage","@id":"https:\/\/www.diroy.com\/fr\/expertise-mousse\/calculateur\/","url":"https:\/\/www.diroy.com\/fr\/expertise-mousse\/calculateur\/","name":"Calculateur des pi\u00e8ces en mousse","isPartOf":{"@id":"https:\/\/www.diroy.com\/fr\/#website"},"datePublished":"2019-07-24T08:55:00+00:00","dateModified":"2025-09-25T15:15:00+00:00","description":"Calculateur \u2013 D\u00e9couvrez l\u2019univers de Diroy, expert en literie de qualit\u00e9 depuis plus de 70 ans.","breadcrumb":{"@id":"https:\/\/www.diroy.com\/fr\/expertise-mousse\/calculateur\/#breadcrumb"},"inLanguage":"fr-FR","potentialAction":[{"@type":"ReadAction","target":["https:\/\/www.diroy.com\/fr\/expertise-mousse\/calculateur\/"]}]},{"@type":"BreadcrumbList","@id":"https:\/\/www.diroy.com\/fr\/expertise-mousse\/calculateur\/#breadcrumb","itemListElement":[{"@type":"ListItem","position":1,"name":"Accueil","item":"https:\/\/www.diroy.com\/fr\/"},{"@type":"ListItem","position":2,"name":"Expertise mousse","item":"https:\/\/www.diroy.com\/fr\/expertise-mousse\/"},{"@type":"ListItem","position":3,"name":"Calculateur"}]},{"@type":"WebSite","@id":"https:\/\/www.diroy.com\/fr\/#website","url":"https:\/\/www.diroy.com\/fr\/","name":"Diroy","description":"","potentialAction":[{"@type":"SearchAction","target":{"@type":"EntryPoint","urlTemplate":"https:\/\/www.diroy.com\/fr\/?s={search_term_string}"},"query-input":{"@type":"PropertyValueSpecification","valueRequired":true,"valueName":"search_term_string"}}],"inLanguage":"fr-FR"}]}},"_links":{"self":[{"href":"https:\/\/www.diroy.com\/fr\/wp-json\/wp\/v2\/pages\/99"}],"collection":[{"href":"https:\/\/www.diroy.com\/fr\/wp-json\/wp\/v2\/pages"}],"about":[{"href":"https:\/\/www.diroy.com\/fr\/wp-json\/wp\/v2\/types\/page"}],"author":[{"embeddable":true,"href":"https:\/\/www.diroy.com\/fr\/wp-json\/wp\/v2\/users\/1"}],"replies":[{"embeddable":true,"href":"https:\/\/www.diroy.com\/fr\/wp-json\/wp\/v2\/comments?post=99"}],"version-history":[{"count":1,"href":"https:\/\/www.diroy.com\/fr\/wp-json\/wp\/v2\/pages\/99\/revisions"}],"predecessor-version":[{"id":28735,"href":"https:\/\/www.diroy.com\/fr\/wp-json\/wp\/v2\/pages\/99\/revisions\/28735"}],"up":[{"embeddable":true,"href":"https:\/\/www.diroy.com\/fr\/wp-json\/wp\/v2\/pages\/20"}],"wp:attachment":[{"href":"https:\/\/www.diroy.com\/fr\/wp-json\/wp\/v2\/media?parent=99"}],"curies":[{"name":"wp","href":"https:\/\/api.w.org\/{rel}","templated":true}]}}