{"id":7885,"date":"2020-04-23T11:29:01","date_gmt":"2020-04-23T09:29:01","guid":{"rendered":"https:\/\/www.diroy.com\/?page_id=7885"},"modified":"2020-04-23T11:29:02","modified_gmt":"2020-04-23T09:29:02","slug":"espace-presse","status":"publish","type":"page","link":"https:\/\/www.diroy.com\/fr\/espace-presse\/","title":{"rendered":"Espace presse"},"content":{"rendered":"\n<p class=\"has-text-align-center\">Nous mettons \u00e0 votre disposition les plaquettes de pr\u00e9sentation de notre  soci\u00e9t\u00e9, les logos et photos pour illustrer vos articles de presse.<br>Ces images sont libres de droits mais doivent \u00eatre accompagn\u00e9es du copyright Diroy. <\/p>\n\n\n<div class=\"dl\">\r\n            <div class=\"doc-line\">\r\n\r\n                            <a class=\"btn btn-primary doc\" href=\"https:\/\/www.diroy.com\/wp-content\/uploads\/2020\/03\/BROCHURE_LITERIE_2020.pdf\" target=\"_blank\">Brochure Literie (pdf &#8211; 3.34Mo)<\/a>\r\n                            <a class=\"btn btn-primary doc\" href=\"https:\/\/www.diroy.com\/wp-content\/uploads\/2020\/04\/Brochure_DIROY_MOUSSE.pdf\" target=\"_blank\">Brochure Mousse (pdf &#8211; 3.41Mo)<\/a>\r\n                    <\/div>\r\n\r\n        <hr \/>        <div class=\"doc-line\">\r\n\r\n                            <a class=\"btn btn-primary doc\" href=\"https:\/\/www.diroy.com\/wp-content\/uploads\/2020\/04\/LOGO_DIROY.zip\" target=\"_blank\">Logos Diroy (zip &#8211; 7.74Mo)<\/a>\r\n                    <\/div>\r\n\r\n        <hr \/>        <div class=\"doc-line\">\r\n\r\n                            <a class=\"btn btn-primary doc\" href=\"https:\/\/www.diroy.com\/wp-content\/uploads\/2019\/10\/PHOTOS_ambiance_Literie_Diroy.zip\" target=\"_blank\">Photos ambiance Literie Diroy (zip &#8211; 90.71Mo)<\/a>\r\n                            <a class=\"btn btn-primary doc\" href=\"https:\/\/www.diroy.com\/wp-content\/uploads\/2019\/10\/PHOTOS_Usine_Diroy.zip\" target=\"_blank\">Photos usine Diroy (zip &#8211; 71.1Mo)<\/a>\r\n                    <\/div>\r\n\r\n        <hr \/><\/div>\n\n\n<p>Toute reproduction totale ou partielle de cette marque ou de ce logo, effectu\u00e9e \u00e0 partir des \u00e9l\u00e9ments du site sans l&rsquo;autorisation express de l&rsquo;exploitant du site internet ou de son ayant-droit est prohib\u00e9, au sens de l&rsquo;article L713-2 du CPI.<\/p>\n","protected":false},"excerpt":{"rendered":"<p>Nous mettons \u00e0 votre disposition les plaquettes de pr\u00e9sentation de notre soci\u00e9t\u00e9, les logos et [&hellip;]<\/p>\n","protected":false},"author":1,"featured_media":0,"parent":0,"menu_order":0,"comment_status":"closed","ping_status":"closed","template":"","meta":{"_acf_changed":false,"footnotes":""},"class_list":["post-7885","page","type-page","status-publish","hentry"],"acf":[],"yoast_head":"<!-- This site is optimized with the Yoast SEO plugin v23.4 - https:\/\/yoast.com\/wordpress\/plugins\/seo\/ -->\n<title>Notre Espace Presse - Diroy<\/title>\n<meta name=\"description\" content=\"Retrouvez nos derniers communiqu\u00e9s de presse, actualit\u00e9s et ressources pour les journalistes.\" \/>\n<meta name=\"robots\" content=\"index, follow, max-snippet:-1, max-image-preview:large, max-video-preview:-1\" \/>\n<link rel=\"canonical\" href=\"https:\/\/www.diroy.com\/fr\/espace-presse\/\" \/>\n<meta property=\"og:locale\" content=\"fr_FR\" \/>\n<meta property=\"og:type\" content=\"article\" \/>\n<meta property=\"og:title\" content=\"Notre Espace Presse - Diroy\" \/>\n<meta property=\"og:description\" content=\"Retrouvez nos derniers communiqu\u00e9s de presse, actualit\u00e9s et ressources pour les journalistes.\" \/>\n<meta property=\"og:url\" content=\"https:\/\/www.diroy.com\/fr\/espace-presse\/\" \/>\n<meta property=\"og:site_name\" content=\"Diroy\" \/>\n<meta property=\"article:modified_time\" content=\"2020-04-23T09:29:02+00:00\" \/>\n<meta name=\"twitter:card\" content=\"summary_large_image\" \/>\n<script type=\"application\/ld+json\" class=\"yoast-schema-graph\">{\"@context\":\"https:\/\/schema.org\",\"@graph\":[{\"@type\":\"WebPage\",\"@id\":\"https:\/\/www.diroy.com\/fr\/espace-presse\/\",\"url\":\"https:\/\/www.diroy.com\/fr\/espace-presse\/\",\"name\":\"Notre Espace Presse - Diroy\",\"isPartOf\":{\"@id\":\"https:\/\/www.diroy.com\/fr\/#website\"},\"datePublished\":\"2020-04-23T09:29:01+00:00\",\"dateModified\":\"2020-04-23T09:29:02+00:00\",\"description\":\"Retrouvez nos derniers communiqu\u00e9s de presse, actualit\u00e9s et ressources pour les journalistes.\",\"breadcrumb\":{\"@id\":\"https:\/\/www.diroy.com\/fr\/espace-presse\/#breadcrumb\"},\"inLanguage\":\"fr-FR\",\"potentialAction\":[{\"@type\":\"ReadAction\",\"target\":[\"https:\/\/www.diroy.com\/fr\/espace-presse\/\"]}]},{\"@type\":\"BreadcrumbList\",\"@id\":\"https:\/\/www.diroy.com\/fr\/espace-presse\/#breadcrumb\",\"itemListElement\":[{\"@type\":\"ListItem\",\"position\":1,\"name\":\"Accueil\",\"item\":\"https:\/\/www.diroy.com\/fr\/\"},{\"@type\":\"ListItem\",\"position\":2,\"name\":\"Espace presse\"}]},{\"@type\":\"WebSite\",\"@id\":\"https:\/\/www.diroy.com\/fr\/#website\",\"url\":\"https:\/\/www.diroy.com\/fr\/\",\"name\":\"Diroy\",\"description\":\"\",\"potentialAction\":[{\"@type\":\"SearchAction\",\"target\":{\"@type\":\"EntryPoint\",\"urlTemplate\":\"https:\/\/www.diroy.com\/fr\/?s={search_term_string}\"},\"query-input\":{\"@type\":\"PropertyValueSpecification\",\"valueRequired\":true,\"valueName\":\"search_term_string\"}}],\"inLanguage\":\"fr-FR\"}]}<\/script>\n<!-- \/ Yoast SEO plugin. -->","yoast_head_json":{"title":"Notre Espace Presse - Diroy","description":"Retrouvez nos derniers communiqu\u00e9s de presse, actualit\u00e9s et ressources pour les journalistes.","robots":{"index":"index","follow":"follow","max-snippet":"max-snippet:-1","max-image-preview":"max-image-preview:large","max-video-preview":"max-video-preview:-1"},"canonical":"https:\/\/www.diroy.com\/fr\/espace-presse\/","og_locale":"fr_FR","og_type":"article","og_title":"Notre Espace Presse - Diroy","og_description":"Retrouvez nos derniers communiqu\u00e9s de presse, actualit\u00e9s et ressources pour les journalistes.","og_url":"https:\/\/www.diroy.com\/fr\/espace-presse\/","og_site_name":"Diroy","article_modified_time":"2020-04-23T09:29:02+00:00","twitter_card":"summary_large_image","schema":{"@context":"https:\/\/schema.org","@graph":[{"@type":"WebPage","@id":"https:\/\/www.diroy.com\/fr\/espace-presse\/","url":"https:\/\/www.diroy.com\/fr\/espace-presse\/","name":"Notre Espace Presse - Diroy","isPartOf":{"@id":"https:\/\/www.diroy.com\/fr\/#website"},"datePublished":"2020-04-23T09:29:01+00:00","dateModified":"2020-04-23T09:29:02+00:00","description":"Retrouvez nos derniers communiqu\u00e9s de presse, actualit\u00e9s et ressources pour les journalistes.","breadcrumb":{"@id":"https:\/\/www.diroy.com\/fr\/espace-presse\/#breadcrumb"},"inLanguage":"fr-FR","potentialAction":[{"@type":"ReadAction","target":["https:\/\/www.diroy.com\/fr\/espace-presse\/"]}]},{"@type":"BreadcrumbList","@id":"https:\/\/www.diroy.com\/fr\/espace-presse\/#breadcrumb","itemListElement":[{"@type":"ListItem","position":1,"name":"Accueil","item":"https:\/\/www.diroy.com\/fr\/"},{"@type":"ListItem","position":2,"name":"Espace presse"}]},{"@type":"WebSite","@id":"https:\/\/www.diroy.com\/fr\/#website","url":"https:\/\/www.diroy.com\/fr\/","name":"Diroy","description":"","potentialAction":[{"@type":"SearchAction","target":{"@type":"EntryPoint","urlTemplate":"https:\/\/www.diroy.com\/fr\/?s={search_term_string}"},"query-input":{"@type":"PropertyValueSpecification","valueRequired":true,"valueName":"search_term_string"}}],"inLanguage":"fr-FR"}]}},"_links":{"self":[{"href":"https:\/\/www.diroy.com\/fr\/wp-json\/wp\/v2\/pages\/7885"}],"collection":[{"href":"https:\/\/www.diroy.com\/fr\/wp-json\/wp\/v2\/pages"}],"about":[{"href":"https:\/\/www.diroy.com\/fr\/wp-json\/wp\/v2\/types\/page"}],"author":[{"embeddable":true,"href":"https:\/\/www.diroy.com\/fr\/wp-json\/wp\/v2\/users\/1"}],"replies":[{"embeddable":true,"href":"https:\/\/www.diroy.com\/fr\/wp-json\/wp\/v2\/comments?post=7885"}],"version-history":[{"count":0,"href":"https:\/\/www.diroy.com\/fr\/wp-json\/wp\/v2\/pages\/7885\/revisions"}],"wp:attachment":[{"href":"https:\/\/www.diroy.com\/fr\/wp-json\/wp\/v2\/media?parent=7885"}],"curies":[{"name":"wp","href":"https:\/\/api.w.org\/{rel}","templated":true}]}}