{"id":76,"date":"2019-07-23T11:19:13","date_gmt":"2019-07-23T09:19:13","guid":{"rendered":"https:\/\/www.diroy.com\/?page_id=76"},"modified":"2019-10-01T17:47:08","modified_gmt":"2019-10-01T15:47:08","slug":"acces-pro-revendeurs","status":"publish","type":"page","link":"https:\/\/www.diroy.com\/fr\/acces-pro-revendeurs\/","title":{"rendered":"Acc\u00e8s pro revendeurs"},"content":{"rendered":"","protected":false},"excerpt":{"rendered":"","protected":false},"author":1,"featured_media":0,"parent":0,"menu_order":0,"comment_status":"closed","ping_status":"closed","template":"template-pro.php","meta":{"_acf_changed":false,"footnotes":""},"class_list":["post-76","page","type-page","status-publish","hentry"],"acf":[],"yoast_head":"<!-- This site is optimized with the Yoast SEO plugin v23.4 - https:\/\/yoast.com\/wordpress\/plugins\/seo\/ -->\n<title>Acc\u00e8s Revendeurs<\/title>\n<meta name=\"description\" content=\"Espace d\u00e9di\u00e9 \u00e0 nos revendeurs partenaires : documents, infos et outils pros \u00e0 port\u00e9e de clic\" \/>\n<meta name=\"robots\" content=\"index, follow, max-snippet:-1, max-image-preview:large, max-video-preview:-1\" \/>\n<link rel=\"canonical\" href=\"https:\/\/www.diroy.com\/fr\/acces-pro-revendeurs\/\" \/>\n<meta property=\"og:locale\" content=\"fr_FR\" \/>\n<meta property=\"og:type\" content=\"article\" \/>\n<meta property=\"og:title\" content=\"Acc\u00e8s Revendeurs\" \/>\n<meta property=\"og:description\" content=\"Espace d\u00e9di\u00e9 \u00e0 nos revendeurs partenaires : documents, infos et outils pros \u00e0 port\u00e9e de clic\" \/>\n<meta property=\"og:url\" content=\"https:\/\/www.diroy.com\/fr\/acces-pro-revendeurs\/\" \/>\n<meta property=\"og:site_name\" content=\"Diroy\" \/>\n<meta property=\"article:modified_time\" content=\"2019-10-01T15:47:08+00:00\" \/>\n<meta name=\"twitter:card\" content=\"summary_large_image\" \/>\n<script type=\"application\/ld+json\" class=\"yoast-schema-graph\">{\"@context\":\"https:\/\/schema.org\",\"@graph\":[{\"@type\":\"WebPage\",\"@id\":\"https:\/\/www.diroy.com\/fr\/acces-pro-revendeurs\/\",\"url\":\"https:\/\/www.diroy.com\/fr\/acces-pro-revendeurs\/\",\"name\":\"Acc\u00e8s Revendeurs\",\"isPartOf\":{\"@id\":\"https:\/\/www.diroy.com\/fr\/#website\"},\"datePublished\":\"2019-07-23T09:19:13+00:00\",\"dateModified\":\"2019-10-01T15:47:08+00:00\",\"description\":\"Espace d\u00e9di\u00e9 \u00e0 nos revendeurs partenaires : documents, infos et outils pros \u00e0 port\u00e9e de clic\",\"breadcrumb\":{\"@id\":\"https:\/\/www.diroy.com\/fr\/acces-pro-revendeurs\/#breadcrumb\"},\"inLanguage\":\"fr-FR\",\"potentialAction\":[{\"@type\":\"ReadAction\",\"target\":[\"https:\/\/www.diroy.com\/fr\/acces-pro-revendeurs\/\"]}]},{\"@type\":\"BreadcrumbList\",\"@id\":\"https:\/\/www.diroy.com\/fr\/acces-pro-revendeurs\/#breadcrumb\",\"itemListElement\":[{\"@type\":\"ListItem\",\"position\":1,\"name\":\"Accueil\",\"item\":\"https:\/\/www.diroy.com\/fr\/\"},{\"@type\":\"ListItem\",\"position\":2,\"name\":\"Acc\u00e8s pro revendeurs\"}]},{\"@type\":\"WebSite\",\"@id\":\"https:\/\/www.diroy.com\/fr\/#website\",\"url\":\"https:\/\/www.diroy.com\/fr\/\",\"name\":\"Diroy\",\"description\":\"\",\"potentialAction\":[{\"@type\":\"SearchAction\",\"target\":{\"@type\":\"EntryPoint\",\"urlTemplate\":\"https:\/\/www.diroy.com\/fr\/?s={search_term_string}\"},\"query-input\":{\"@type\":\"PropertyValueSpecification\",\"valueRequired\":true,\"valueName\":\"search_term_string\"}}],\"inLanguage\":\"fr-FR\"}]}<\/script>\n<!-- \/ Yoast SEO plugin. -->","yoast_head_json":{"title":"Acc\u00e8s Revendeurs","description":"Espace d\u00e9di\u00e9 \u00e0 nos revendeurs partenaires : documents, infos et outils pros \u00e0 port\u00e9e de clic","robots":{"index":"index","follow":"follow","max-snippet":"max-snippet:-1","max-image-preview":"max-image-preview:large","max-video-preview":"max-video-preview:-1"},"canonical":"https:\/\/www.diroy.com\/fr\/acces-pro-revendeurs\/","og_locale":"fr_FR","og_type":"article","og_title":"Acc\u00e8s Revendeurs","og_description":"Espace d\u00e9di\u00e9 \u00e0 nos revendeurs partenaires : documents, infos et outils pros \u00e0 port\u00e9e de clic","og_url":"https:\/\/www.diroy.com\/fr\/acces-pro-revendeurs\/","og_site_name":"Diroy","article_modified_time":"2019-10-01T15:47:08+00:00","twitter_card":"summary_large_image","schema":{"@context":"https:\/\/schema.org","@graph":[{"@type":"WebPage","@id":"https:\/\/www.diroy.com\/fr\/acces-pro-revendeurs\/","url":"https:\/\/www.diroy.com\/fr\/acces-pro-revendeurs\/","name":"Acc\u00e8s Revendeurs","isPartOf":{"@id":"https:\/\/www.diroy.com\/fr\/#website"},"datePublished":"2019-07-23T09:19:13+00:00","dateModified":"2019-10-01T15:47:08+00:00","description":"Espace d\u00e9di\u00e9 \u00e0 nos revendeurs partenaires : documents, infos et outils pros \u00e0 port\u00e9e de clic","breadcrumb":{"@id":"https:\/\/www.diroy.com\/fr\/acces-pro-revendeurs\/#breadcrumb"},"inLanguage":"fr-FR","potentialAction":[{"@type":"ReadAction","target":["https:\/\/www.diroy.com\/fr\/acces-pro-revendeurs\/"]}]},{"@type":"BreadcrumbList","@id":"https:\/\/www.diroy.com\/fr\/acces-pro-revendeurs\/#breadcrumb","itemListElement":[{"@type":"ListItem","position":1,"name":"Accueil","item":"https:\/\/www.diroy.com\/fr\/"},{"@type":"ListItem","position":2,"name":"Acc\u00e8s pro revendeurs"}]},{"@type":"WebSite","@id":"https:\/\/www.diroy.com\/fr\/#website","url":"https:\/\/www.diroy.com\/fr\/","name":"Diroy","description":"","potentialAction":[{"@type":"SearchAction","target":{"@type":"EntryPoint","urlTemplate":"https:\/\/www.diroy.com\/fr\/?s={search_term_string}"},"query-input":{"@type":"PropertyValueSpecification","valueRequired":true,"valueName":"search_term_string"}}],"inLanguage":"fr-FR"}]}},"_links":{"self":[{"href":"https:\/\/www.diroy.com\/fr\/wp-json\/wp\/v2\/pages\/76"}],"collection":[{"href":"https:\/\/www.diroy.com\/fr\/wp-json\/wp\/v2\/pages"}],"about":[{"href":"https:\/\/www.diroy.com\/fr\/wp-json\/wp\/v2\/types\/page"}],"author":[{"embeddable":true,"href":"https:\/\/www.diroy.com\/fr\/wp-json\/wp\/v2\/users\/1"}],"replies":[{"embeddable":true,"href":"https:\/\/www.diroy.com\/fr\/wp-json\/wp\/v2\/comments?post=76"}],"version-history":[{"count":0,"href":"https:\/\/www.diroy.com\/fr\/wp-json\/wp\/v2\/pages\/76\/revisions"}],"wp:attachment":[{"href":"https:\/\/www.diroy.com\/fr\/wp-json\/wp\/v2\/media?parent=76"}],"curies":[{"name":"wp","href":"https:\/\/api.w.org\/{rel}","templated":true}]}}