{"id":6152,"date":"2019-09-25T17:28:46","date_gmt":"2019-09-25T15:28:46","guid":{"rendered":"https:\/\/www.diroy.com\/?page_id=6152"},"modified":"2019-09-25T17:28:47","modified_gmt":"2019-09-25T15:28:47","slug":"changer-sa-literie","status":"publish","type":"page","link":"https:\/\/www.diroy.com\/fr\/experience-literie\/conseils-belle-literie\/conseils-literie\/changer-sa-literie\/","title":{"rendered":"Changer sa literie"},"content":{"rendered":"\n<p>\nBien\nque les consommateurs fran\u00e7ais conservent relativement longtemps\nleur literie, chaque famille peut r\u00e9guli\u00e8rement \u00eatre concern\u00e9e\npar cet achat&nbsp;: am\u00e9nagement, naissance, renouvellement\u2026<\/p>\n\n\n\n<p>\nCe\nqu\u2019il faut savoir&nbsp;:<\/p>\n\n\n\n<ul class=\"wp-block-list\"><li>\n\t\tMa\n\tliterie compl\u00e8te\n\tdoit \u00eatre compos\u00e9e d\u2019un sommier, d\u2019un matelas, d\u2019oreillers,\n\tde traversins et le plus souvent, d\u2019une couette. Avant de les\n\texaminer s\u00e9par\u00e9ment, il est important d\u2019insister sur une notion\n\timportante&nbsp;: la\n\tcompl\u00e9mentarit\u00e9 sommier \/ matelas.\n\tOn ne met pas n\u2019importe quel matelas sur n\u2019importe quel sommier.\n\tIls doivent former un ensemble indissociable. L\u2019id\u00e9al est de les\n\tacheter et de les\n\tchanger ensemble.\n\t<\/li><li>\n\t\tLe\n\tcorps m\u00e9dical\n\trecommande plut\u00f4t une literie\n\tferme,\n\tpr\u00e9f\u00e9rable pour le dos. Attention, literie ferme ne signifie pas\n\tliterie dure. La fermet\u00e9 est une notion relative et individuelle.\n<\/li><\/ul>\n\n\n\n<p>\nPour\nune personne seule, privil\u00e9giez un lit 90 x 190 cm ou 100 x 200 cm.\nPour les couples, nous recommandons un lit de 160 x 200 cm.<\/p>\n\n\n\n<p>\n<em>Matelas\net sommier sont con\u00e7us par le fabricant pour \u00eatre compl\u00e9mentaires.<\/em><\/p>\n\n\n\n<p>\n<em>Choisissez\nla qualit\u00e9 Belle Literie !<\/em><\/p>\n","protected":false},"excerpt":{"rendered":"<p>Bien que les consommateurs fran\u00e7ais conservent relativement longtemps leur literie, chaque famille peut r\u00e9guli\u00e8rement \u00eatre [&hellip;]<\/p>\n","protected":false},"author":1,"featured_media":6069,"parent":6118,"menu_order":0,"comment_status":"closed","ping_status":"closed","template":"","meta":{"_acf_changed":false,"footnotes":""},"class_list":["post-6152","page","type-page","status-publish","has-post-thumbnail","hentry"],"acf":[],"yoast_head":"<!-- This site is optimized with the Yoast SEO plugin v23.4 - https:\/\/yoast.com\/wordpress\/plugins\/seo\/ -->\n<title>Quand et comment changer sa literie<\/title>\n<meta name=\"description\" content=\"Vous vous posez la question de changer votre literie ? On vous aide.\" \/>\n<meta name=\"robots\" content=\"index, follow, max-snippet:-1, max-image-preview:large, max-video-preview:-1\" \/>\n<link rel=\"canonical\" href=\"https:\/\/www.diroy.com\/fr\/experience-literie\/conseils-belle-literie\/conseils-literie\/changer-sa-literie\/\" \/>\n<meta property=\"og:locale\" content=\"fr_FR\" \/>\n<meta property=\"og:type\" content=\"article\" \/>\n<meta property=\"og:title\" content=\"Quand et comment changer sa literie\" \/>\n<meta property=\"og:description\" content=\"Vous vous posez la question de changer votre literie ? On vous aide.\" \/>\n<meta property=\"og:url\" content=\"https:\/\/www.diroy.com\/fr\/experience-literie\/conseils-belle-literie\/conseils-literie\/changer-sa-literie\/\" \/>\n<meta property=\"og:site_name\" content=\"Diroy\" \/>\n<meta property=\"article:modified_time\" content=\"2019-09-25T15:28:47+00:00\" \/>\n<meta property=\"og:image\" content=\"https:\/\/www.diroy.com\/wp-content\/uploads\/2019\/09\/changer-sa-literie.jpg\" \/>\n\t<meta property=\"og:image:width\" content=\"1000\" \/>\n\t<meta property=\"og:image:height\" content=\"537\" \/>\n\t<meta property=\"og:image:type\" content=\"image\/jpeg\" \/>\n<meta name=\"twitter:card\" content=\"summary_large_image\" \/>\n<meta name=\"twitter:label1\" content=\"Dur\u00e9e de lecture estim\u00e9e\" \/>\n\t<meta name=\"twitter:data1\" content=\"1 minute\" \/>\n<script type=\"application\/ld+json\" class=\"yoast-schema-graph\">{\"@context\":\"https:\/\/schema.org\",\"@graph\":[{\"@type\":\"WebPage\",\"@id\":\"https:\/\/www.diroy.com\/fr\/experience-literie\/conseils-belle-literie\/conseils-literie\/changer-sa-literie\/\",\"url\":\"https:\/\/www.diroy.com\/fr\/experience-literie\/conseils-belle-literie\/conseils-literie\/changer-sa-literie\/\",\"name\":\"Quand et comment changer sa literie\",\"isPartOf\":{\"@id\":\"https:\/\/www.diroy.com\/fr\/#website\"},\"primaryImageOfPage\":{\"@id\":\"https:\/\/www.diroy.com\/fr\/experience-literie\/conseils-belle-literie\/conseils-literie\/changer-sa-literie\/#primaryimage\"},\"image\":{\"@id\":\"https:\/\/www.diroy.com\/fr\/experience-literie\/conseils-belle-literie\/conseils-literie\/changer-sa-literie\/#primaryimage\"},\"thumbnailUrl\":\"https:\/\/www.diroy.com\/wp-content\/uploads\/2019\/09\/changer-sa-literie.jpg\",\"datePublished\":\"2019-09-25T15:28:46+00:00\",\"dateModified\":\"2019-09-25T15:28:47+00:00\",\"description\":\"Vous vous posez la question de changer votre literie ? On vous aide.\",\"breadcrumb\":{\"@id\":\"https:\/\/www.diroy.com\/fr\/experience-literie\/conseils-belle-literie\/conseils-literie\/changer-sa-literie\/#breadcrumb\"},\"inLanguage\":\"fr-FR\",\"potentialAction\":[{\"@type\":\"ReadAction\",\"target\":[\"https:\/\/www.diroy.com\/fr\/experience-literie\/conseils-belle-literie\/conseils-literie\/changer-sa-literie\/\"]}]},{\"@type\":\"ImageObject\",\"inLanguage\":\"fr-FR\",\"@id\":\"https:\/\/www.diroy.com\/fr\/experience-literie\/conseils-belle-literie\/conseils-literie\/changer-sa-literie\/#primaryimage\",\"url\":\"https:\/\/www.diroy.com\/wp-content\/uploads\/2019\/09\/changer-sa-literie.jpg\",\"contentUrl\":\"https:\/\/www.diroy.com\/wp-content\/uploads\/2019\/09\/changer-sa-literie.jpg\",\"width\":1000,\"height\":537},{\"@type\":\"BreadcrumbList\",\"@id\":\"https:\/\/www.diroy.com\/fr\/experience-literie\/conseils-belle-literie\/conseils-literie\/changer-sa-literie\/#breadcrumb\",\"itemListElement\":[{\"@type\":\"ListItem\",\"position\":1,\"name\":\"Accueil\",\"item\":\"https:\/\/www.diroy.com\/fr\/\"},{\"@type\":\"ListItem\",\"position\":2,\"name\":\"Exp\u00e9rience literie\",\"item\":\"https:\/\/www.diroy.com\/fr\/experience-literie\/\"},{\"@type\":\"ListItem\",\"position\":3,\"name\":\"Conseils Belle Literie\",\"item\":\"https:\/\/diroy.com\/fr\/experience-literie\/conseils-belle-literie\/\"},{\"@type\":\"ListItem\",\"position\":4,\"name\":\"Conseils literie\",\"item\":\"https:\/\/www.diroy.com\/fr\/experience-literie\/conseils-belle-literie\/conseils-literie\/\"},{\"@type\":\"ListItem\",\"position\":5,\"name\":\"Changer sa literie\"}]},{\"@type\":\"WebSite\",\"@id\":\"https:\/\/www.diroy.com\/fr\/#website\",\"url\":\"https:\/\/www.diroy.com\/fr\/\",\"name\":\"Diroy\",\"description\":\"\",\"potentialAction\":[{\"@type\":\"SearchAction\",\"target\":{\"@type\":\"EntryPoint\",\"urlTemplate\":\"https:\/\/www.diroy.com\/fr\/?s={search_term_string}\"},\"query-input\":{\"@type\":\"PropertyValueSpecification\",\"valueRequired\":true,\"valueName\":\"search_term_string\"}}],\"inLanguage\":\"fr-FR\"}]}<\/script>\n<!-- \/ Yoast SEO plugin. -->","yoast_head_json":{"title":"Quand et comment changer sa literie","description":"Vous vous posez la question de changer votre literie ? On vous aide.","robots":{"index":"index","follow":"follow","max-snippet":"max-snippet:-1","max-image-preview":"max-image-preview:large","max-video-preview":"max-video-preview:-1"},"canonical":"https:\/\/www.diroy.com\/fr\/experience-literie\/conseils-belle-literie\/conseils-literie\/changer-sa-literie\/","og_locale":"fr_FR","og_type":"article","og_title":"Quand et comment changer sa literie","og_description":"Vous vous posez la question de changer votre literie ? On vous aide.","og_url":"https:\/\/www.diroy.com\/fr\/experience-literie\/conseils-belle-literie\/conseils-literie\/changer-sa-literie\/","og_site_name":"Diroy","article_modified_time":"2019-09-25T15:28:47+00:00","og_image":[{"width":1000,"height":537,"url":"https:\/\/www.diroy.com\/wp-content\/uploads\/2019\/09\/changer-sa-literie.jpg","type":"image\/jpeg"}],"twitter_card":"summary_large_image","twitter_misc":{"Dur\u00e9e de lecture estim\u00e9e":"1 minute"},"schema":{"@context":"https:\/\/schema.org","@graph":[{"@type":"WebPage","@id":"https:\/\/www.diroy.com\/fr\/experience-literie\/conseils-belle-literie\/conseils-literie\/changer-sa-literie\/","url":"https:\/\/www.diroy.com\/fr\/experience-literie\/conseils-belle-literie\/conseils-literie\/changer-sa-literie\/","name":"Quand et comment changer sa literie","isPartOf":{"@id":"https:\/\/www.diroy.com\/fr\/#website"},"primaryImageOfPage":{"@id":"https:\/\/www.diroy.com\/fr\/experience-literie\/conseils-belle-literie\/conseils-literie\/changer-sa-literie\/#primaryimage"},"image":{"@id":"https:\/\/www.diroy.com\/fr\/experience-literie\/conseils-belle-literie\/conseils-literie\/changer-sa-literie\/#primaryimage"},"thumbnailUrl":"https:\/\/www.diroy.com\/wp-content\/uploads\/2019\/09\/changer-sa-literie.jpg","datePublished":"2019-09-25T15:28:46+00:00","dateModified":"2019-09-25T15:28:47+00:00","description":"Vous vous posez la question de changer votre literie ? On vous aide.","breadcrumb":{"@id":"https:\/\/www.diroy.com\/fr\/experience-literie\/conseils-belle-literie\/conseils-literie\/changer-sa-literie\/#breadcrumb"},"inLanguage":"fr-FR","potentialAction":[{"@type":"ReadAction","target":["https:\/\/www.diroy.com\/fr\/experience-literie\/conseils-belle-literie\/conseils-literie\/changer-sa-literie\/"]}]},{"@type":"ImageObject","inLanguage":"fr-FR","@id":"https:\/\/www.diroy.com\/fr\/experience-literie\/conseils-belle-literie\/conseils-literie\/changer-sa-literie\/#primaryimage","url":"https:\/\/www.diroy.com\/wp-content\/uploads\/2019\/09\/changer-sa-literie.jpg","contentUrl":"https:\/\/www.diroy.com\/wp-content\/uploads\/2019\/09\/changer-sa-literie.jpg","width":1000,"height":537},{"@type":"BreadcrumbList","@id":"https:\/\/www.diroy.com\/fr\/experience-literie\/conseils-belle-literie\/conseils-literie\/changer-sa-literie\/#breadcrumb","itemListElement":[{"@type":"ListItem","position":1,"name":"Accueil","item":"https:\/\/www.diroy.com\/fr\/"},{"@type":"ListItem","position":2,"name":"Exp\u00e9rience literie","item":"https:\/\/www.diroy.com\/fr\/experience-literie\/"},{"@type":"ListItem","position":3,"name":"Conseils Belle Literie","item":"https:\/\/diroy.com\/fr\/experience-literie\/conseils-belle-literie\/"},{"@type":"ListItem","position":4,"name":"Conseils literie","item":"https:\/\/www.diroy.com\/fr\/experience-literie\/conseils-belle-literie\/conseils-literie\/"},{"@type":"ListItem","position":5,"name":"Changer sa literie"}]},{"@type":"WebSite","@id":"https:\/\/www.diroy.com\/fr\/#website","url":"https:\/\/www.diroy.com\/fr\/","name":"Diroy","description":"","potentialAction":[{"@type":"SearchAction","target":{"@type":"EntryPoint","urlTemplate":"https:\/\/www.diroy.com\/fr\/?s={search_term_string}"},"query-input":{"@type":"PropertyValueSpecification","valueRequired":true,"valueName":"search_term_string"}}],"inLanguage":"fr-FR"}]}},"_links":{"self":[{"href":"https:\/\/www.diroy.com\/fr\/wp-json\/wp\/v2\/pages\/6152"}],"collection":[{"href":"https:\/\/www.diroy.com\/fr\/wp-json\/wp\/v2\/pages"}],"about":[{"href":"https:\/\/www.diroy.com\/fr\/wp-json\/wp\/v2\/types\/page"}],"author":[{"embeddable":true,"href":"https:\/\/www.diroy.com\/fr\/wp-json\/wp\/v2\/users\/1"}],"replies":[{"embeddable":true,"href":"https:\/\/www.diroy.com\/fr\/wp-json\/wp\/v2\/comments?post=6152"}],"version-history":[{"count":0,"href":"https:\/\/www.diroy.com\/fr\/wp-json\/wp\/v2\/pages\/6152\/revisions"}],"up":[{"embeddable":true,"href":"https:\/\/www.diroy.com\/fr\/wp-json\/wp\/v2\/pages\/6118"}],"wp:featuredmedia":[{"embeddable":true,"href":"https:\/\/www.diroy.com\/fr\/wp-json\/wp\/v2\/media\/6069"}],"wp:attachment":[{"href":"https:\/\/www.diroy.com\/fr\/wp-json\/wp\/v2\/media?parent=6152"}],"curies":[{"name":"wp","href":"https:\/\/api.w.org\/{rel}","templated":true}]}}