{"id":6144,"date":"2019-09-25T17:18:33","date_gmt":"2019-09-25T15:18:33","guid":{"rendered":"https:\/\/www.diroy.com\/?page_id=6144"},"modified":"2019-09-25T17:18:33","modified_gmt":"2019-09-25T15:18:33","slug":"dormir-a-deux","status":"publish","type":"page","link":"https:\/\/www.diroy.com\/fr\/experience-literie\/conseils-belle-literie\/conseils-sommeil\/dormir-a-deux\/","title":{"rendered":"Dormir \u00e0 deux"},"content":{"rendered":"\n<p>\n\u00ab&nbsp;Tu\nprends toute la couette&nbsp;\u00bb, \u00ab&nbsp;Tu m\u2019as r\u00e9veill\u00e9 en te\nlevant cette nuit&nbsp;\u00bb, qui n\u2019a jamais entendu ces remarques ?\nComment trouver un terrain d\u2019entente et faire en sorte que dans un\nm\u00eame lit, les deux y trouvent leur bonheur ?<\/p>\n\n\n\n<p>\nIl\nfaut savoir qu\u2019aujourd\u2019hui, le lit est un produit \u00e9labor\u00e9\noffrant un confort excellent et adapt\u00e9 aux exigences de chaque\npartenaire. Les fabricants ont r\u00e9ussi \u00e0 individualiser chaque zone\nde couchage. On ne d\u00e9range donc plus son voisin \u00e0 chaque mouvement\ncar il faut savoir que nous changeons de position environ 30 fois par\nnuit.<\/p>\n\n\n\n<p>\nVoici\nquelques conseils pour bien dormir \u00e0 2 :<\/p>\n\n\n\n<ul class=\"wp-block-list\"><li>\n\t\tDeux\n\tmatelas sur un m\u00eame\n\tsommier pour que chacun dorme avec un matelas adapt\u00e9 \u00e0 sa\n\tmorphologie et ses besoins. Des syst\u00e8mes d\u2019assemblage existent\n\tpour \u00e9viter qu\u2019un trou se forme entre les deux matelas. Petite\n\tastuce : mettez un seul drap housse pour les deux matelas. \n\t\n\t<\/li><li>\n\tDeux\n\tlits accol\u00e9s avec une couette commune. \n\t\n\t<\/li><li>\n\tUn\n\tlit plus grand que le 140 traditionnel, on pense donc \u00e0 une literie\n\tde 160 cm de large.\n<\/li><\/ul>\n\n\n\n<p>\nAvec\nles ann\u00e9es qui passent, on devient plus sensible et la cohabitation\ndevient plus difficile alors ces options peuvent \u00eatre la solution.\nAujourd\u2019hui,\ntoutes les possibilit\u00e9s sont offertes pour concilier confort,\nintimit\u00e9\u2026 et libert\u00e9 !<\/p>\n\n\n\n<p>\n<em>L\u2019achat\nd\u2019une literie, un investissement \u00e0 long terme mais aussi un\ninvestissement sant\u00e9.<\/em><\/p>\n\n\n\n<p>\n<em>Choisissez\nla qualit\u00e9 Belle Literie ! <\/em>\n<\/p>\n","protected":false},"excerpt":{"rendered":"<p>\u00ab&nbsp;Tu prends toute la couette&nbsp;\u00bb, \u00ab&nbsp;Tu m\u2019as r\u00e9veill\u00e9 en te levant cette nuit&nbsp;\u00bb, qui n\u2019a [&hellip;]<\/p>\n","protected":false},"author":1,"featured_media":6079,"parent":6116,"menu_order":0,"comment_status":"closed","ping_status":"closed","template":"","meta":{"_acf_changed":false,"footnotes":""},"class_list":["post-6144","page","type-page","status-publish","has-post-thumbnail","hentry"],"acf":[],"yoast_head":"<!-- This site is optimized with the Yoast SEO plugin v23.4 - https:\/\/yoast.com\/wordpress\/plugins\/seo\/ -->\n<title>Conseils pour mieux dormir \u00e0 deux<\/title>\n<meta name=\"description\" content=\"Nos conseils pour mieux dormir \u00e0 deux : confort partag\u00e9, choix du matelas et astuces pratiques.\" \/>\n<meta name=\"robots\" content=\"index, follow, max-snippet:-1, max-image-preview:large, max-video-preview:-1\" \/>\n<link rel=\"canonical\" href=\"https:\/\/www.diroy.com\/fr\/experience-literie\/conseils-belle-literie\/conseils-sommeil\/dormir-a-deux\/\" \/>\n<meta property=\"og:locale\" content=\"fr_FR\" \/>\n<meta property=\"og:type\" content=\"article\" \/>\n<meta property=\"og:title\" content=\"Conseils pour mieux dormir \u00e0 deux\" \/>\n<meta property=\"og:description\" content=\"Nos conseils pour mieux dormir \u00e0 deux : confort partag\u00e9, choix du matelas et astuces pratiques.\" \/>\n<meta property=\"og:url\" content=\"https:\/\/www.diroy.com\/fr\/experience-literie\/conseils-belle-literie\/conseils-sommeil\/dormir-a-deux\/\" \/>\n<meta property=\"og:site_name\" content=\"Diroy\" \/>\n<meta property=\"og:image\" content=\"https:\/\/www.diroy.com\/wp-content\/uploads\/2019\/09\/Dormir-a-deux.jpg\" \/>\n\t<meta property=\"og:image:width\" content=\"1000\" \/>\n\t<meta property=\"og:image:height\" content=\"537\" \/>\n\t<meta property=\"og:image:type\" content=\"image\/jpeg\" \/>\n<meta name=\"twitter:card\" content=\"summary_large_image\" \/>\n<meta name=\"twitter:label1\" content=\"Dur\u00e9e de lecture estim\u00e9e\" \/>\n\t<meta name=\"twitter:data1\" content=\"1 minute\" \/>\n<script type=\"application\/ld+json\" class=\"yoast-schema-graph\">{\"@context\":\"https:\/\/schema.org\",\"@graph\":[{\"@type\":\"WebPage\",\"@id\":\"https:\/\/www.diroy.com\/fr\/experience-literie\/conseils-belle-literie\/conseils-sommeil\/dormir-a-deux\/\",\"url\":\"https:\/\/www.diroy.com\/fr\/experience-literie\/conseils-belle-literie\/conseils-sommeil\/dormir-a-deux\/\",\"name\":\"Conseils pour mieux dormir \u00e0 deux\",\"isPartOf\":{\"@id\":\"https:\/\/www.diroy.com\/fr\/#website\"},\"primaryImageOfPage\":{\"@id\":\"https:\/\/www.diroy.com\/fr\/experience-literie\/conseils-belle-literie\/conseils-sommeil\/dormir-a-deux\/#primaryimage\"},\"image\":{\"@id\":\"https:\/\/www.diroy.com\/fr\/experience-literie\/conseils-belle-literie\/conseils-sommeil\/dormir-a-deux\/#primaryimage\"},\"thumbnailUrl\":\"https:\/\/www.diroy.com\/wp-content\/uploads\/2019\/09\/Dormir-a-deux.jpg\",\"datePublished\":\"2019-09-25T15:18:33+00:00\",\"dateModified\":\"2019-09-25T15:18:33+00:00\",\"description\":\"Nos conseils pour mieux dormir \u00e0 deux : confort partag\u00e9, choix du matelas et astuces pratiques.\",\"breadcrumb\":{\"@id\":\"https:\/\/www.diroy.com\/fr\/experience-literie\/conseils-belle-literie\/conseils-sommeil\/dormir-a-deux\/#breadcrumb\"},\"inLanguage\":\"fr-FR\",\"potentialAction\":[{\"@type\":\"ReadAction\",\"target\":[\"https:\/\/www.diroy.com\/fr\/experience-literie\/conseils-belle-literie\/conseils-sommeil\/dormir-a-deux\/\"]}]},{\"@type\":\"ImageObject\",\"inLanguage\":\"fr-FR\",\"@id\":\"https:\/\/www.diroy.com\/fr\/experience-literie\/conseils-belle-literie\/conseils-sommeil\/dormir-a-deux\/#primaryimage\",\"url\":\"https:\/\/www.diroy.com\/wp-content\/uploads\/2019\/09\/Dormir-a-deux.jpg\",\"contentUrl\":\"https:\/\/www.diroy.com\/wp-content\/uploads\/2019\/09\/Dormir-a-deux.jpg\",\"width\":1000,\"height\":537},{\"@type\":\"BreadcrumbList\",\"@id\":\"https:\/\/www.diroy.com\/fr\/experience-literie\/conseils-belle-literie\/conseils-sommeil\/dormir-a-deux\/#breadcrumb\",\"itemListElement\":[{\"@type\":\"ListItem\",\"position\":1,\"name\":\"Accueil\",\"item\":\"https:\/\/www.diroy.com\/fr\/\"},{\"@type\":\"ListItem\",\"position\":2,\"name\":\"Exp\u00e9rience literie\",\"item\":\"https:\/\/www.diroy.com\/fr\/experience-literie\/\"},{\"@type\":\"ListItem\",\"position\":3,\"name\":\"Conseils Belle Literie\",\"item\":\"https:\/\/diroy.com\/fr\/experience-literie\/conseils-belle-literie\/\"},{\"@type\":\"ListItem\",\"position\":4,\"name\":\"Conseils sommeil\",\"item\":\"https:\/\/www.diroy.com\/fr\/experience-literie\/conseils-belle-literie\/conseils-sommeil\/\"},{\"@type\":\"ListItem\",\"position\":5,\"name\":\"Dormir \u00e0 deux\"}]},{\"@type\":\"WebSite\",\"@id\":\"https:\/\/www.diroy.com\/fr\/#website\",\"url\":\"https:\/\/www.diroy.com\/fr\/\",\"name\":\"Diroy\",\"description\":\"\",\"potentialAction\":[{\"@type\":\"SearchAction\",\"target\":{\"@type\":\"EntryPoint\",\"urlTemplate\":\"https:\/\/www.diroy.com\/fr\/?s={search_term_string}\"},\"query-input\":{\"@type\":\"PropertyValueSpecification\",\"valueRequired\":true,\"valueName\":\"search_term_string\"}}],\"inLanguage\":\"fr-FR\"}]}<\/script>\n<!-- \/ Yoast SEO plugin. -->","yoast_head_json":{"title":"Conseils pour mieux dormir \u00e0 deux","description":"Nos conseils pour mieux dormir \u00e0 deux : confort partag\u00e9, choix du matelas et astuces pratiques.","robots":{"index":"index","follow":"follow","max-snippet":"max-snippet:-1","max-image-preview":"max-image-preview:large","max-video-preview":"max-video-preview:-1"},"canonical":"https:\/\/www.diroy.com\/fr\/experience-literie\/conseils-belle-literie\/conseils-sommeil\/dormir-a-deux\/","og_locale":"fr_FR","og_type":"article","og_title":"Conseils pour mieux dormir \u00e0 deux","og_description":"Nos conseils pour mieux dormir \u00e0 deux : confort partag\u00e9, choix du matelas et astuces pratiques.","og_url":"https:\/\/www.diroy.com\/fr\/experience-literie\/conseils-belle-literie\/conseils-sommeil\/dormir-a-deux\/","og_site_name":"Diroy","og_image":[{"width":1000,"height":537,"url":"https:\/\/www.diroy.com\/wp-content\/uploads\/2019\/09\/Dormir-a-deux.jpg","type":"image\/jpeg"}],"twitter_card":"summary_large_image","twitter_misc":{"Dur\u00e9e de lecture estim\u00e9e":"1 minute"},"schema":{"@context":"https:\/\/schema.org","@graph":[{"@type":"WebPage","@id":"https:\/\/www.diroy.com\/fr\/experience-literie\/conseils-belle-literie\/conseils-sommeil\/dormir-a-deux\/","url":"https:\/\/www.diroy.com\/fr\/experience-literie\/conseils-belle-literie\/conseils-sommeil\/dormir-a-deux\/","name":"Conseils pour mieux dormir \u00e0 deux","isPartOf":{"@id":"https:\/\/www.diroy.com\/fr\/#website"},"primaryImageOfPage":{"@id":"https:\/\/www.diroy.com\/fr\/experience-literie\/conseils-belle-literie\/conseils-sommeil\/dormir-a-deux\/#primaryimage"},"image":{"@id":"https:\/\/www.diroy.com\/fr\/experience-literie\/conseils-belle-literie\/conseils-sommeil\/dormir-a-deux\/#primaryimage"},"thumbnailUrl":"https:\/\/www.diroy.com\/wp-content\/uploads\/2019\/09\/Dormir-a-deux.jpg","datePublished":"2019-09-25T15:18:33+00:00","dateModified":"2019-09-25T15:18:33+00:00","description":"Nos conseils pour mieux dormir \u00e0 deux : confort partag\u00e9, choix du matelas et astuces pratiques.","breadcrumb":{"@id":"https:\/\/www.diroy.com\/fr\/experience-literie\/conseils-belle-literie\/conseils-sommeil\/dormir-a-deux\/#breadcrumb"},"inLanguage":"fr-FR","potentialAction":[{"@type":"ReadAction","target":["https:\/\/www.diroy.com\/fr\/experience-literie\/conseils-belle-literie\/conseils-sommeil\/dormir-a-deux\/"]}]},{"@type":"ImageObject","inLanguage":"fr-FR","@id":"https:\/\/www.diroy.com\/fr\/experience-literie\/conseils-belle-literie\/conseils-sommeil\/dormir-a-deux\/#primaryimage","url":"https:\/\/www.diroy.com\/wp-content\/uploads\/2019\/09\/Dormir-a-deux.jpg","contentUrl":"https:\/\/www.diroy.com\/wp-content\/uploads\/2019\/09\/Dormir-a-deux.jpg","width":1000,"height":537},{"@type":"BreadcrumbList","@id":"https:\/\/www.diroy.com\/fr\/experience-literie\/conseils-belle-literie\/conseils-sommeil\/dormir-a-deux\/#breadcrumb","itemListElement":[{"@type":"ListItem","position":1,"name":"Accueil","item":"https:\/\/www.diroy.com\/fr\/"},{"@type":"ListItem","position":2,"name":"Exp\u00e9rience literie","item":"https:\/\/www.diroy.com\/fr\/experience-literie\/"},{"@type":"ListItem","position":3,"name":"Conseils Belle Literie","item":"https:\/\/diroy.com\/fr\/experience-literie\/conseils-belle-literie\/"},{"@type":"ListItem","position":4,"name":"Conseils sommeil","item":"https:\/\/www.diroy.com\/fr\/experience-literie\/conseils-belle-literie\/conseils-sommeil\/"},{"@type":"ListItem","position":5,"name":"Dormir \u00e0 deux"}]},{"@type":"WebSite","@id":"https:\/\/www.diroy.com\/fr\/#website","url":"https:\/\/www.diroy.com\/fr\/","name":"Diroy","description":"","potentialAction":[{"@type":"SearchAction","target":{"@type":"EntryPoint","urlTemplate":"https:\/\/www.diroy.com\/fr\/?s={search_term_string}"},"query-input":{"@type":"PropertyValueSpecification","valueRequired":true,"valueName":"search_term_string"}}],"inLanguage":"fr-FR"}]}},"_links":{"self":[{"href":"https:\/\/www.diroy.com\/fr\/wp-json\/wp\/v2\/pages\/6144"}],"collection":[{"href":"https:\/\/www.diroy.com\/fr\/wp-json\/wp\/v2\/pages"}],"about":[{"href":"https:\/\/www.diroy.com\/fr\/wp-json\/wp\/v2\/types\/page"}],"author":[{"embeddable":true,"href":"https:\/\/www.diroy.com\/fr\/wp-json\/wp\/v2\/users\/1"}],"replies":[{"embeddable":true,"href":"https:\/\/www.diroy.com\/fr\/wp-json\/wp\/v2\/comments?post=6144"}],"version-history":[{"count":0,"href":"https:\/\/www.diroy.com\/fr\/wp-json\/wp\/v2\/pages\/6144\/revisions"}],"up":[{"embeddable":true,"href":"https:\/\/www.diroy.com\/fr\/wp-json\/wp\/v2\/pages\/6116"}],"wp:featuredmedia":[{"embeddable":true,"href":"https:\/\/www.diroy.com\/fr\/wp-json\/wp\/v2\/media\/6079"}],"wp:attachment":[{"href":"https:\/\/www.diroy.com\/fr\/wp-json\/wp\/v2\/media?parent=6144"}],"curies":[{"name":"wp","href":"https:\/\/api.w.org\/{rel}","templated":true}]}}