{"id":6142,"date":"2019-09-25T17:17:51","date_gmt":"2019-09-25T15:17:51","guid":{"rendered":"https:\/\/www.diroy.com\/?page_id=6142"},"modified":"2019-09-25T17:17:52","modified_gmt":"2019-09-25T15:17:52","slug":"dormir-lorsque-lon-est-enceinte","status":"publish","type":"page","link":"https:\/\/www.diroy.com\/fr\/experience-literie\/conseils-belle-literie\/conseils-sommeil\/dormir-lorsque-lon-est-enceinte\/","title":{"rendered":"Dormir lorsque l\u2019on est enceinte"},"content":{"rendered":"\n<p>\nAucune\nmodification physiologique n\u2019est constat\u00e9e chez les femmes\nenceintes au niveau du sommeil mais le besoin de repos est plus\nimportant. Quelques probl\u00e8mes sont cependant assez fr\u00e9quents comme\nles maux de dos ou les probl\u00e8mes circulatoires. La literie joue donc\nun r\u00f4le important dans le confort des femmes enceintes.<\/p>\n\n\n\n<p>\nNotre\nmeilleur conseil : le\nplus t\u00f4t possible, investissez dans une literie adapt\u00e9e pour \u00e9viter\nque les probl\u00e8mes de dos ou circulatoires n\u2019apparaissent et\nrendent la grossesse plus difficile.<\/p>\n\n\n\n<p>\nSi\nle mal de dos est d\u00e9j\u00e0 pr\u00e9sent, privil\u00e9giez une literie plut\u00f4t\nferme mais sans \u00eatre dure. Il est pr\u00e9f\u00e9rable d\u2019\u00e9viter les lits\ntrop pr\u00e8s du sol pour pouvoir s\u2019asseoir normalement avant de\ns\u2019allonger ou de se relever.<\/p>\n\n\n\n<p>\nPour\nles probl\u00e8mes circulatoires, soulagez la douleur en sur\u00e9levant les\njambes. Les lits \u00e0 t\u00eates et pieds relevables prennent donc tout\nleur int\u00e9r\u00eat.<\/p>\n\n\n\n<p>\nNous\nvous invitons \u00e0 consultez notre conseil \u00ab&nbsp;Tester sa literie&nbsp;\u00bb.<\/p>\n\n\n\n<p>\n<em>L\u2019achat\nd\u2019une literie, un investissement \u00e0 long terme mais aussi un\ninvestissement sant\u00e9.<\/em><\/p>\n\n\n\n<p>\n<em>Choisissez\nla qualit\u00e9 Belle Literie ! <\/em>\n<\/p>\n","protected":false},"excerpt":{"rendered":"<p>Aucune modification physiologique n\u2019est constat\u00e9e chez les femmes enceintes au niveau du sommeil mais le [&hellip;]<\/p>\n","protected":false},"author":1,"featured_media":6081,"parent":6116,"menu_order":0,"comment_status":"closed","ping_status":"closed","template":"","meta":{"_acf_changed":false,"footnotes":""},"class_list":["post-6142","page","type-page","status-publish","has-post-thumbnail","hentry"],"acf":[],"yoast_head":"<!-- This site is optimized with the Yoast SEO plugin v23.4 - https:\/\/yoast.com\/wordpress\/plugins\/seo\/ -->\n<title>Bien dormir pendant la grossesse<\/title>\n<meta name=\"description\" content=\"D\u00e9couvrez comment bien dormir pendant la grossesse gr\u00e2ce \u00e0 des conseils adapt\u00e9s et une literie confortable.\" \/>\n<meta name=\"robots\" content=\"index, follow, max-snippet:-1, max-image-preview:large, max-video-preview:-1\" \/>\n<link rel=\"canonical\" href=\"https:\/\/www.diroy.com\/fr\/experience-literie\/conseils-belle-literie\/conseils-sommeil\/dormir-lorsque-lon-est-enceinte\/\" \/>\n<meta property=\"og:locale\" content=\"fr_FR\" \/>\n<meta property=\"og:type\" content=\"article\" \/>\n<meta property=\"og:title\" content=\"Bien dormir pendant la grossesse\" \/>\n<meta property=\"og:description\" content=\"D\u00e9couvrez comment bien dormir pendant la grossesse gr\u00e2ce \u00e0 des conseils adapt\u00e9s et une literie confortable.\" \/>\n<meta property=\"og:url\" content=\"https:\/\/www.diroy.com\/fr\/experience-literie\/conseils-belle-literie\/conseils-sommeil\/dormir-lorsque-lon-est-enceinte\/\" \/>\n<meta property=\"og:site_name\" content=\"Diroy\" \/>\n<meta property=\"article:modified_time\" content=\"2019-09-25T15:17:52+00:00\" \/>\n<meta property=\"og:image\" content=\"https:\/\/diroy.com\/wp-content\/uploads\/2019\/09\/dormir-enceinte.jpg\" \/>\n\t<meta property=\"og:image:width\" content=\"1000\" \/>\n\t<meta property=\"og:image:height\" content=\"537\" \/>\n\t<meta property=\"og:image:type\" content=\"image\/jpeg\" \/>\n<meta name=\"twitter:card\" content=\"summary_large_image\" \/>\n<meta name=\"twitter:label1\" content=\"Dur\u00e9e de lecture estim\u00e9e\" \/>\n\t<meta name=\"twitter:data1\" content=\"1 minute\" \/>\n<script type=\"application\/ld+json\" class=\"yoast-schema-graph\">{\"@context\":\"https:\/\/schema.org\",\"@graph\":[{\"@type\":\"WebPage\",\"@id\":\"https:\/\/www.diroy.com\/fr\/experience-literie\/conseils-belle-literie\/conseils-sommeil\/dormir-lorsque-lon-est-enceinte\/\",\"url\":\"https:\/\/www.diroy.com\/fr\/experience-literie\/conseils-belle-literie\/conseils-sommeil\/dormir-lorsque-lon-est-enceinte\/\",\"name\":\"Bien dormir pendant la grossesse\",\"isPartOf\":{\"@id\":\"https:\/\/www.diroy.com\/fr\/#website\"},\"primaryImageOfPage\":{\"@id\":\"https:\/\/www.diroy.com\/fr\/experience-literie\/conseils-belle-literie\/conseils-sommeil\/dormir-lorsque-lon-est-enceinte\/#primaryimage\"},\"image\":{\"@id\":\"https:\/\/www.diroy.com\/fr\/experience-literie\/conseils-belle-literie\/conseils-sommeil\/dormir-lorsque-lon-est-enceinte\/#primaryimage\"},\"thumbnailUrl\":\"https:\/\/www.diroy.com\/wp-content\/uploads\/2019\/09\/dormir-enceinte.jpg\",\"datePublished\":\"2019-09-25T15:17:51+00:00\",\"dateModified\":\"2019-09-25T15:17:52+00:00\",\"description\":\"D\u00e9couvrez comment bien dormir pendant la grossesse gr\u00e2ce \u00e0 des conseils adapt\u00e9s et une literie confortable.\",\"breadcrumb\":{\"@id\":\"https:\/\/www.diroy.com\/fr\/experience-literie\/conseils-belle-literie\/conseils-sommeil\/dormir-lorsque-lon-est-enceinte\/#breadcrumb\"},\"inLanguage\":\"fr-FR\",\"potentialAction\":[{\"@type\":\"ReadAction\",\"target\":[\"https:\/\/www.diroy.com\/fr\/experience-literie\/conseils-belle-literie\/conseils-sommeil\/dormir-lorsque-lon-est-enceinte\/\"]}]},{\"@type\":\"ImageObject\",\"inLanguage\":\"fr-FR\",\"@id\":\"https:\/\/www.diroy.com\/fr\/experience-literie\/conseils-belle-literie\/conseils-sommeil\/dormir-lorsque-lon-est-enceinte\/#primaryimage\",\"url\":\"https:\/\/www.diroy.com\/wp-content\/uploads\/2019\/09\/dormir-enceinte.jpg\",\"contentUrl\":\"https:\/\/www.diroy.com\/wp-content\/uploads\/2019\/09\/dormir-enceinte.jpg\",\"width\":1000,\"height\":537},{\"@type\":\"BreadcrumbList\",\"@id\":\"https:\/\/www.diroy.com\/fr\/experience-literie\/conseils-belle-literie\/conseils-sommeil\/dormir-lorsque-lon-est-enceinte\/#breadcrumb\",\"itemListElement\":[{\"@type\":\"ListItem\",\"position\":1,\"name\":\"Accueil\",\"item\":\"https:\/\/www.diroy.com\/fr\/\"},{\"@type\":\"ListItem\",\"position\":2,\"name\":\"Exp\u00e9rience literie\",\"item\":\"https:\/\/www.diroy.com\/fr\/experience-literie\/\"},{\"@type\":\"ListItem\",\"position\":3,\"name\":\"Conseils Belle Literie\",\"item\":\"https:\/\/diroy.com\/fr\/experience-literie\/conseils-belle-literie\/\"},{\"@type\":\"ListItem\",\"position\":4,\"name\":\"Conseils sommeil\",\"item\":\"https:\/\/www.diroy.com\/fr\/experience-literie\/conseils-belle-literie\/conseils-sommeil\/\"},{\"@type\":\"ListItem\",\"position\":5,\"name\":\"Dormir lorsque l\u2019on est enceinte\"}]},{\"@type\":\"WebSite\",\"@id\":\"https:\/\/www.diroy.com\/fr\/#website\",\"url\":\"https:\/\/www.diroy.com\/fr\/\",\"name\":\"Diroy\",\"description\":\"\",\"potentialAction\":[{\"@type\":\"SearchAction\",\"target\":{\"@type\":\"EntryPoint\",\"urlTemplate\":\"https:\/\/www.diroy.com\/fr\/?s={search_term_string}\"},\"query-input\":{\"@type\":\"PropertyValueSpecification\",\"valueRequired\":true,\"valueName\":\"search_term_string\"}}],\"inLanguage\":\"fr-FR\"}]}<\/script>\n<!-- \/ Yoast SEO plugin. -->","yoast_head_json":{"title":"Bien dormir pendant la grossesse","description":"D\u00e9couvrez comment bien dormir pendant la grossesse gr\u00e2ce \u00e0 des conseils adapt\u00e9s et une literie confortable.","robots":{"index":"index","follow":"follow","max-snippet":"max-snippet:-1","max-image-preview":"max-image-preview:large","max-video-preview":"max-video-preview:-1"},"canonical":"https:\/\/www.diroy.com\/fr\/experience-literie\/conseils-belle-literie\/conseils-sommeil\/dormir-lorsque-lon-est-enceinte\/","og_locale":"fr_FR","og_type":"article","og_title":"Bien dormir pendant la grossesse","og_description":"D\u00e9couvrez comment bien dormir pendant la grossesse gr\u00e2ce \u00e0 des conseils adapt\u00e9s et une literie confortable.","og_url":"https:\/\/www.diroy.com\/fr\/experience-literie\/conseils-belle-literie\/conseils-sommeil\/dormir-lorsque-lon-est-enceinte\/","og_site_name":"Diroy","article_modified_time":"2019-09-25T15:17:52+00:00","og_image":[{"width":1000,"height":537,"url":"https:\/\/diroy.com\/wp-content\/uploads\/2019\/09\/dormir-enceinte.jpg","type":"image\/jpeg"}],"twitter_card":"summary_large_image","twitter_misc":{"Dur\u00e9e de lecture estim\u00e9e":"1 minute"},"schema":{"@context":"https:\/\/schema.org","@graph":[{"@type":"WebPage","@id":"https:\/\/www.diroy.com\/fr\/experience-literie\/conseils-belle-literie\/conseils-sommeil\/dormir-lorsque-lon-est-enceinte\/","url":"https:\/\/www.diroy.com\/fr\/experience-literie\/conseils-belle-literie\/conseils-sommeil\/dormir-lorsque-lon-est-enceinte\/","name":"Bien dormir pendant la grossesse","isPartOf":{"@id":"https:\/\/www.diroy.com\/fr\/#website"},"primaryImageOfPage":{"@id":"https:\/\/www.diroy.com\/fr\/experience-literie\/conseils-belle-literie\/conseils-sommeil\/dormir-lorsque-lon-est-enceinte\/#primaryimage"},"image":{"@id":"https:\/\/www.diroy.com\/fr\/experience-literie\/conseils-belle-literie\/conseils-sommeil\/dormir-lorsque-lon-est-enceinte\/#primaryimage"},"thumbnailUrl":"https:\/\/www.diroy.com\/wp-content\/uploads\/2019\/09\/dormir-enceinte.jpg","datePublished":"2019-09-25T15:17:51+00:00","dateModified":"2019-09-25T15:17:52+00:00","description":"D\u00e9couvrez comment bien dormir pendant la grossesse gr\u00e2ce \u00e0 des conseils adapt\u00e9s et une literie confortable.","breadcrumb":{"@id":"https:\/\/www.diroy.com\/fr\/experience-literie\/conseils-belle-literie\/conseils-sommeil\/dormir-lorsque-lon-est-enceinte\/#breadcrumb"},"inLanguage":"fr-FR","potentialAction":[{"@type":"ReadAction","target":["https:\/\/www.diroy.com\/fr\/experience-literie\/conseils-belle-literie\/conseils-sommeil\/dormir-lorsque-lon-est-enceinte\/"]}]},{"@type":"ImageObject","inLanguage":"fr-FR","@id":"https:\/\/www.diroy.com\/fr\/experience-literie\/conseils-belle-literie\/conseils-sommeil\/dormir-lorsque-lon-est-enceinte\/#primaryimage","url":"https:\/\/www.diroy.com\/wp-content\/uploads\/2019\/09\/dormir-enceinte.jpg","contentUrl":"https:\/\/www.diroy.com\/wp-content\/uploads\/2019\/09\/dormir-enceinte.jpg","width":1000,"height":537},{"@type":"BreadcrumbList","@id":"https:\/\/www.diroy.com\/fr\/experience-literie\/conseils-belle-literie\/conseils-sommeil\/dormir-lorsque-lon-est-enceinte\/#breadcrumb","itemListElement":[{"@type":"ListItem","position":1,"name":"Accueil","item":"https:\/\/www.diroy.com\/fr\/"},{"@type":"ListItem","position":2,"name":"Exp\u00e9rience literie","item":"https:\/\/www.diroy.com\/fr\/experience-literie\/"},{"@type":"ListItem","position":3,"name":"Conseils Belle Literie","item":"https:\/\/diroy.com\/fr\/experience-literie\/conseils-belle-literie\/"},{"@type":"ListItem","position":4,"name":"Conseils sommeil","item":"https:\/\/www.diroy.com\/fr\/experience-literie\/conseils-belle-literie\/conseils-sommeil\/"},{"@type":"ListItem","position":5,"name":"Dormir lorsque l\u2019on est enceinte"}]},{"@type":"WebSite","@id":"https:\/\/www.diroy.com\/fr\/#website","url":"https:\/\/www.diroy.com\/fr\/","name":"Diroy","description":"","potentialAction":[{"@type":"SearchAction","target":{"@type":"EntryPoint","urlTemplate":"https:\/\/www.diroy.com\/fr\/?s={search_term_string}"},"query-input":{"@type":"PropertyValueSpecification","valueRequired":true,"valueName":"search_term_string"}}],"inLanguage":"fr-FR"}]}},"_links":{"self":[{"href":"https:\/\/www.diroy.com\/fr\/wp-json\/wp\/v2\/pages\/6142"}],"collection":[{"href":"https:\/\/www.diroy.com\/fr\/wp-json\/wp\/v2\/pages"}],"about":[{"href":"https:\/\/www.diroy.com\/fr\/wp-json\/wp\/v2\/types\/page"}],"author":[{"embeddable":true,"href":"https:\/\/www.diroy.com\/fr\/wp-json\/wp\/v2\/users\/1"}],"replies":[{"embeddable":true,"href":"https:\/\/www.diroy.com\/fr\/wp-json\/wp\/v2\/comments?post=6142"}],"version-history":[{"count":0,"href":"https:\/\/www.diroy.com\/fr\/wp-json\/wp\/v2\/pages\/6142\/revisions"}],"up":[{"embeddable":true,"href":"https:\/\/www.diroy.com\/fr\/wp-json\/wp\/v2\/pages\/6116"}],"wp:featuredmedia":[{"embeddable":true,"href":"https:\/\/www.diroy.com\/fr\/wp-json\/wp\/v2\/media\/6081"}],"wp:attachment":[{"href":"https:\/\/www.diroy.com\/fr\/wp-json\/wp\/v2\/media?parent=6142"}],"curies":[{"name":"wp","href":"https:\/\/api.w.org\/{rel}","templated":true}]}}