{"id":6130,"date":"2019-09-25T17:09:57","date_gmt":"2019-09-25T15:09:57","guid":{"rendered":"https:\/\/www.diroy.com\/?page_id=6130"},"modified":"2019-09-25T17:10:14","modified_gmt":"2019-09-25T15:10:14","slug":"les-pathologies-mineures-du-sommeil","status":"publish","type":"page","link":"https:\/\/www.diroy.com\/fr\/experience-literie\/conseils-belle-literie\/conseils-sommeil\/les-pathologies-mineures-du-sommeil\/","title":{"rendered":"Les pathologies mineures du sommeil"},"content":{"rendered":"\n<p>\nGrincement\nde dent, parler en dormant, secousses musculaires, pipi au lit\u2026\nDivers ph\u00e9nom\u00e8nes, sans r\u00e9elle gravit\u00e9, peuvent perturber votre\nsommeil ou celui de vos proches. Et ce \u00e0 tout \u00e2ge. Ces parasomnies\nmontrent qu\u2019il existe bien une pathologie nocturne sp\u00e9cifique. Sur\nle plan th\u00e9rapeutique, des mesures psycho-th\u00e9rapeutiques sont\nsouvent n\u00e9cessaires, et peuvent \u00eatre associ\u00e9es \u00e0 des traitements\nm\u00e9dicamenteux.<\/p>\n\n\n\n<p>\nLe\nbruxisme<\/p>\n\n\n\n<p>\nC\u2019est\ntout simplement le fait de grincer des dents, une sorte de tic. Il y\na tout de m\u00eame un risque d\u2019usure excessive des dents. Pour\nl\u2019\u00e9viter, on place un \u00e9tui protecteur en plastique sur les dents.<\/p>\n\n\n\n<p>\nLes\nrythmies<\/p>\n\n\n\n<p>\nCe\nsont des balancements cadenc\u00e9s de la t\u00eate et du corps, que l\u2019on\nobserve en particulier chez les enfants. Le trouble peut \u00eatre sans\ngravit\u00e9 mails il faut faire attention, car l\u2019enfant peut se\nblesser en se cognant contre le bois du lit. Les rythmies sont le\nsigne d\u2019une anxi\u00e9t\u00e9 importante.<\/p>\n\n\n\n<p>\nLa\nsomniloquie<\/p>\n\n\n\n<p>\nC\u2019est\nle fait de parler en dormant, ph\u00e9nom\u00e8ne sans gravit\u00e9 en soi. Le\ndiscours est souvent confus et peu compr\u00e9hensible, et ne doit pas\n\u00eatre pris au pied de la lettre.<\/p>\n\n\n\n<p>\nLes\nparalysies du sommeil<\/p>\n\n\n\n<p>\nAu\nmoment du r\u00e9veil on \u00e9prouve une sensation de paralysie de tout le\ncorps, de quelques secondes \u00e0 quelques minutes. Ce ph\u00e9nom\u00e8ne est\nsans gravit\u00e9. Il s\u2019agit seulement d\u2019une d\u00e9synchronisation. Il a\nsouvent un caract\u00e8re h\u00e9r\u00e9ditaire.<\/p>\n\n\n\n<p>\nSecousses\nmusculaires<\/p>\n\n\n\n<p>\nCe\nsont des ph\u00e9nom\u00e8nes assez courants, des secousses musculaires\ninvolontaires, le plus souvent des membres inf\u00e9rieurs, qui\nsurviennent au cours des passages de la veille au sommeil, ou\ninversement. Elles sont sans gravit\u00e9.<\/p>\n\n\n\n<p>\nSecousses\np\u00e9riodiques des membres inf\u00e9rieurs<\/p>\n\n\n\n<p>\nCe\nsont des contractions au niveau des jambes qui se r\u00e9p\u00e8tent \u00e0\nintervalles r\u00e9guliers. Elles fragmentent le sommeil et sont une\ncause fr\u00e9quente d\u2019insomnie.<\/p>\n\n\n\n<p>\nPour\nr\u00e9duire ces pathologies mineures du sommeil, Il faut faire attention\n\u00e0 son hygi\u00e8ne de sommeil et \u00e0 son environnement&nbsp;: bruit,\ntemp\u00e9rature, lumi\u00e8re. Le lit a bien s\u00fbr un r\u00f4le central&nbsp;:\nconfortable, adapt\u00e9 au poids et \u00e0 la taille du dormeur, il\ncontribue \u00e0 un sommeil calme et profond, et permet aux muscles de se\nd\u00e9tendre.<\/p>\n\n\n\n<p>\n<em>L\u2019achat\nd\u2019une literie, un investissement \u00e0 long terme mais aussi un\ninvestissement sant\u00e9.<\/em><\/p>\n\n\n\n<p>\n<em>Choisissez\nla qualit\u00e9 Belle Literie&nbsp;!&nbsp;<\/em><\/p>\n","protected":false},"excerpt":{"rendered":"<p>Grincement de dent, parler en dormant, secousses musculaires, pipi au lit\u2026 Divers ph\u00e9nom\u00e8nes, sans r\u00e9elle [&hellip;]<\/p>\n","protected":false},"author":1,"featured_media":6097,"parent":6116,"menu_order":0,"comment_status":"closed","ping_status":"closed","template":"","meta":{"_acf_changed":false,"footnotes":""},"class_list":["post-6130","page","type-page","status-publish","has-post-thumbnail","hentry"],"acf":[],"yoast_head":"<!-- This site is optimized with the Yoast SEO plugin v23.4 - https:\/\/yoast.com\/wordpress\/plugins\/seo\/ -->\n<title>Comprendre les pathologies mineures du sommeil<\/title>\n<meta name=\"description\" content=\"D\u00e9couvrez les troubles du sommeil fr\u00e9quents et nos conseils pour mieux les g\u00e9rer.\" \/>\n<meta name=\"robots\" content=\"index, follow, max-snippet:-1, max-image-preview:large, max-video-preview:-1\" \/>\n<link rel=\"canonical\" href=\"https:\/\/www.diroy.com\/fr\/experience-literie\/conseils-belle-literie\/conseils-sommeil\/les-pathologies-mineures-du-sommeil\/\" \/>\n<meta property=\"og:locale\" content=\"fr_FR\" \/>\n<meta property=\"og:type\" content=\"article\" \/>\n<meta property=\"og:title\" content=\"Comprendre les pathologies mineures du sommeil\" \/>\n<meta property=\"og:description\" content=\"D\u00e9couvrez les troubles du sommeil fr\u00e9quents et nos conseils pour mieux les g\u00e9rer.\" \/>\n<meta property=\"og:url\" content=\"https:\/\/www.diroy.com\/fr\/experience-literie\/conseils-belle-literie\/conseils-sommeil\/les-pathologies-mineures-du-sommeil\/\" \/>\n<meta property=\"og:site_name\" content=\"Diroy\" \/>\n<meta property=\"article:modified_time\" content=\"2019-09-25T15:10:14+00:00\" \/>\n<meta property=\"og:image\" content=\"https:\/\/www.diroy.com\/wp-content\/uploads\/2019\/09\/pathologie-mineures.jpg\" \/>\n\t<meta property=\"og:image:width\" content=\"1000\" \/>\n\t<meta property=\"og:image:height\" content=\"537\" \/>\n\t<meta property=\"og:image:type\" content=\"image\/jpeg\" \/>\n<meta name=\"twitter:card\" content=\"summary_large_image\" \/>\n<meta name=\"twitter:label1\" content=\"Dur\u00e9e de lecture estim\u00e9e\" \/>\n\t<meta name=\"twitter:data1\" content=\"2 minutes\" \/>\n<script type=\"application\/ld+json\" class=\"yoast-schema-graph\">{\"@context\":\"https:\/\/schema.org\",\"@graph\":[{\"@type\":\"WebPage\",\"@id\":\"https:\/\/www.diroy.com\/fr\/experience-literie\/conseils-belle-literie\/conseils-sommeil\/les-pathologies-mineures-du-sommeil\/\",\"url\":\"https:\/\/www.diroy.com\/fr\/experience-literie\/conseils-belle-literie\/conseils-sommeil\/les-pathologies-mineures-du-sommeil\/\",\"name\":\"Comprendre les pathologies mineures du sommeil\",\"isPartOf\":{\"@id\":\"https:\/\/www.diroy.com\/fr\/#website\"},\"primaryImageOfPage\":{\"@id\":\"https:\/\/www.diroy.com\/fr\/experience-literie\/conseils-belle-literie\/conseils-sommeil\/les-pathologies-mineures-du-sommeil\/#primaryimage\"},\"image\":{\"@id\":\"https:\/\/www.diroy.com\/fr\/experience-literie\/conseils-belle-literie\/conseils-sommeil\/les-pathologies-mineures-du-sommeil\/#primaryimage\"},\"thumbnailUrl\":\"https:\/\/www.diroy.com\/wp-content\/uploads\/2019\/09\/pathologie-mineures.jpg\",\"datePublished\":\"2019-09-25T15:09:57+00:00\",\"dateModified\":\"2019-09-25T15:10:14+00:00\",\"description\":\"D\u00e9couvrez les troubles du sommeil fr\u00e9quents et nos conseils pour mieux les g\u00e9rer.\",\"breadcrumb\":{\"@id\":\"https:\/\/www.diroy.com\/fr\/experience-literie\/conseils-belle-literie\/conseils-sommeil\/les-pathologies-mineures-du-sommeil\/#breadcrumb\"},\"inLanguage\":\"fr-FR\",\"potentialAction\":[{\"@type\":\"ReadAction\",\"target\":[\"https:\/\/www.diroy.com\/fr\/experience-literie\/conseils-belle-literie\/conseils-sommeil\/les-pathologies-mineures-du-sommeil\/\"]}]},{\"@type\":\"ImageObject\",\"inLanguage\":\"fr-FR\",\"@id\":\"https:\/\/www.diroy.com\/fr\/experience-literie\/conseils-belle-literie\/conseils-sommeil\/les-pathologies-mineures-du-sommeil\/#primaryimage\",\"url\":\"https:\/\/www.diroy.com\/wp-content\/uploads\/2019\/09\/pathologie-mineures.jpg\",\"contentUrl\":\"https:\/\/www.diroy.com\/wp-content\/uploads\/2019\/09\/pathologie-mineures.jpg\",\"width\":1000,\"height\":537},{\"@type\":\"BreadcrumbList\",\"@id\":\"https:\/\/www.diroy.com\/fr\/experience-literie\/conseils-belle-literie\/conseils-sommeil\/les-pathologies-mineures-du-sommeil\/#breadcrumb\",\"itemListElement\":[{\"@type\":\"ListItem\",\"position\":1,\"name\":\"Accueil\",\"item\":\"https:\/\/www.diroy.com\/fr\/\"},{\"@type\":\"ListItem\",\"position\":2,\"name\":\"Exp\u00e9rience literie\",\"item\":\"https:\/\/www.diroy.com\/fr\/experience-literie\/\"},{\"@type\":\"ListItem\",\"position\":3,\"name\":\"Conseils Belle Literie\",\"item\":\"https:\/\/diroy.com\/fr\/experience-literie\/conseils-belle-literie\/\"},{\"@type\":\"ListItem\",\"position\":4,\"name\":\"Conseils sommeil\",\"item\":\"https:\/\/www.diroy.com\/fr\/experience-literie\/conseils-belle-literie\/conseils-sommeil\/\"},{\"@type\":\"ListItem\",\"position\":5,\"name\":\"Les pathologies mineures du sommeil\"}]},{\"@type\":\"WebSite\",\"@id\":\"https:\/\/www.diroy.com\/fr\/#website\",\"url\":\"https:\/\/www.diroy.com\/fr\/\",\"name\":\"Diroy\",\"description\":\"\",\"potentialAction\":[{\"@type\":\"SearchAction\",\"target\":{\"@type\":\"EntryPoint\",\"urlTemplate\":\"https:\/\/www.diroy.com\/fr\/?s={search_term_string}\"},\"query-input\":{\"@type\":\"PropertyValueSpecification\",\"valueRequired\":true,\"valueName\":\"search_term_string\"}}],\"inLanguage\":\"fr-FR\"}]}<\/script>\n<!-- \/ Yoast SEO plugin. -->","yoast_head_json":{"title":"Comprendre les pathologies mineures du sommeil","description":"D\u00e9couvrez les troubles du sommeil fr\u00e9quents et nos conseils pour mieux les g\u00e9rer.","robots":{"index":"index","follow":"follow","max-snippet":"max-snippet:-1","max-image-preview":"max-image-preview:large","max-video-preview":"max-video-preview:-1"},"canonical":"https:\/\/www.diroy.com\/fr\/experience-literie\/conseils-belle-literie\/conseils-sommeil\/les-pathologies-mineures-du-sommeil\/","og_locale":"fr_FR","og_type":"article","og_title":"Comprendre les pathologies mineures du sommeil","og_description":"D\u00e9couvrez les troubles du sommeil fr\u00e9quents et nos conseils pour mieux les g\u00e9rer.","og_url":"https:\/\/www.diroy.com\/fr\/experience-literie\/conseils-belle-literie\/conseils-sommeil\/les-pathologies-mineures-du-sommeil\/","og_site_name":"Diroy","article_modified_time":"2019-09-25T15:10:14+00:00","og_image":[{"width":1000,"height":537,"url":"https:\/\/www.diroy.com\/wp-content\/uploads\/2019\/09\/pathologie-mineures.jpg","type":"image\/jpeg"}],"twitter_card":"summary_large_image","twitter_misc":{"Dur\u00e9e de lecture estim\u00e9e":"2 minutes"},"schema":{"@context":"https:\/\/schema.org","@graph":[{"@type":"WebPage","@id":"https:\/\/www.diroy.com\/fr\/experience-literie\/conseils-belle-literie\/conseils-sommeil\/les-pathologies-mineures-du-sommeil\/","url":"https:\/\/www.diroy.com\/fr\/experience-literie\/conseils-belle-literie\/conseils-sommeil\/les-pathologies-mineures-du-sommeil\/","name":"Comprendre les pathologies mineures du sommeil","isPartOf":{"@id":"https:\/\/www.diroy.com\/fr\/#website"},"primaryImageOfPage":{"@id":"https:\/\/www.diroy.com\/fr\/experience-literie\/conseils-belle-literie\/conseils-sommeil\/les-pathologies-mineures-du-sommeil\/#primaryimage"},"image":{"@id":"https:\/\/www.diroy.com\/fr\/experience-literie\/conseils-belle-literie\/conseils-sommeil\/les-pathologies-mineures-du-sommeil\/#primaryimage"},"thumbnailUrl":"https:\/\/www.diroy.com\/wp-content\/uploads\/2019\/09\/pathologie-mineures.jpg","datePublished":"2019-09-25T15:09:57+00:00","dateModified":"2019-09-25T15:10:14+00:00","description":"D\u00e9couvrez les troubles du sommeil fr\u00e9quents et nos conseils pour mieux les g\u00e9rer.","breadcrumb":{"@id":"https:\/\/www.diroy.com\/fr\/experience-literie\/conseils-belle-literie\/conseils-sommeil\/les-pathologies-mineures-du-sommeil\/#breadcrumb"},"inLanguage":"fr-FR","potentialAction":[{"@type":"ReadAction","target":["https:\/\/www.diroy.com\/fr\/experience-literie\/conseils-belle-literie\/conseils-sommeil\/les-pathologies-mineures-du-sommeil\/"]}]},{"@type":"ImageObject","inLanguage":"fr-FR","@id":"https:\/\/www.diroy.com\/fr\/experience-literie\/conseils-belle-literie\/conseils-sommeil\/les-pathologies-mineures-du-sommeil\/#primaryimage","url":"https:\/\/www.diroy.com\/wp-content\/uploads\/2019\/09\/pathologie-mineures.jpg","contentUrl":"https:\/\/www.diroy.com\/wp-content\/uploads\/2019\/09\/pathologie-mineures.jpg","width":1000,"height":537},{"@type":"BreadcrumbList","@id":"https:\/\/www.diroy.com\/fr\/experience-literie\/conseils-belle-literie\/conseils-sommeil\/les-pathologies-mineures-du-sommeil\/#breadcrumb","itemListElement":[{"@type":"ListItem","position":1,"name":"Accueil","item":"https:\/\/www.diroy.com\/fr\/"},{"@type":"ListItem","position":2,"name":"Exp\u00e9rience literie","item":"https:\/\/www.diroy.com\/fr\/experience-literie\/"},{"@type":"ListItem","position":3,"name":"Conseils Belle Literie","item":"https:\/\/diroy.com\/fr\/experience-literie\/conseils-belle-literie\/"},{"@type":"ListItem","position":4,"name":"Conseils sommeil","item":"https:\/\/www.diroy.com\/fr\/experience-literie\/conseils-belle-literie\/conseils-sommeil\/"},{"@type":"ListItem","position":5,"name":"Les pathologies mineures du sommeil"}]},{"@type":"WebSite","@id":"https:\/\/www.diroy.com\/fr\/#website","url":"https:\/\/www.diroy.com\/fr\/","name":"Diroy","description":"","potentialAction":[{"@type":"SearchAction","target":{"@type":"EntryPoint","urlTemplate":"https:\/\/www.diroy.com\/fr\/?s={search_term_string}"},"query-input":{"@type":"PropertyValueSpecification","valueRequired":true,"valueName":"search_term_string"}}],"inLanguage":"fr-FR"}]}},"_links":{"self":[{"href":"https:\/\/www.diroy.com\/fr\/wp-json\/wp\/v2\/pages\/6130"}],"collection":[{"href":"https:\/\/www.diroy.com\/fr\/wp-json\/wp\/v2\/pages"}],"about":[{"href":"https:\/\/www.diroy.com\/fr\/wp-json\/wp\/v2\/types\/page"}],"author":[{"embeddable":true,"href":"https:\/\/www.diroy.com\/fr\/wp-json\/wp\/v2\/users\/1"}],"replies":[{"embeddable":true,"href":"https:\/\/www.diroy.com\/fr\/wp-json\/wp\/v2\/comments?post=6130"}],"version-history":[{"count":0,"href":"https:\/\/www.diroy.com\/fr\/wp-json\/wp\/v2\/pages\/6130\/revisions"}],"up":[{"embeddable":true,"href":"https:\/\/www.diroy.com\/fr\/wp-json\/wp\/v2\/pages\/6116"}],"wp:featuredmedia":[{"embeddable":true,"href":"https:\/\/www.diroy.com\/fr\/wp-json\/wp\/v2\/media\/6097"}],"wp:attachment":[{"href":"https:\/\/www.diroy.com\/fr\/wp-json\/wp\/v2\/media?parent=6130"}],"curies":[{"name":"wp","href":"https:\/\/api.w.org\/{rel}","templated":true}]}}