{"id":6122,"date":"2019-09-25T17:00:27","date_gmt":"2019-09-25T15:00:27","guid":{"rendered":"https:\/\/www.diroy.com\/?page_id=6122"},"modified":"2019-09-25T17:00:47","modified_gmt":"2019-09-25T15:00:47","slug":"morphologie-bien-etre","status":"publish","type":"page","link":"https:\/\/www.diroy.com\/fr\/experience-literie\/conseils-belle-literie\/aide-au-choix-produits-diroy\/morphologie-bien-etre\/","title":{"rendered":"Morphologie &#038; bien-\u00eatre"},"content":{"rendered":"\n<p><strong>Les zones de pressions sp\u00e9cifiques<\/strong><\/p>\n\n\n\n<p>Pour  un sommeil r\u00e9parateur, le\u00a0dos et tout particuli\u00e8rement la colonne  vert\u00e9brale doivent b\u00e9n\u00e9ficier d&rsquo;un confort optimal. Bien que  l&rsquo;appr\u00e9ciation\u00a0subjective du confort soit toujours n\u00e9cessaire, trois  zones de pressions sp\u00e9cifiques doivent \u00eatre appr\u00e9hend\u00e9es avec pr\u00e9cision :  la zone \u00e9paules, la zone lombaires et la zone bassin. Ainsi, les  produits\u00a0Diroy s&rsquo;adaptent \u00e0 votre\u00a0morphologie par r\u00e9gulation de  diff\u00e9rentes zones de confort en mobilisant notamment\u00a0des mat\u00e9riaux  visco\u00e9lastiques dits \u00e0 m\u00e9moire de forme. <\/p>\n","protected":false},"excerpt":{"rendered":"<p>Les zones de pressions sp\u00e9cifiques Pour un sommeil r\u00e9parateur, le\u00a0dos et tout particuli\u00e8rement la colonne [&hellip;]<\/p>\n","protected":false},"author":1,"featured_media":6093,"parent":6112,"menu_order":0,"comment_status":"closed","ping_status":"closed","template":"","meta":{"_acf_changed":false,"footnotes":""},"class_list":["post-6122","page","type-page","status-publish","has-post-thumbnail","hentry"],"acf":[],"yoast_head":"<!-- This site is optimized with the Yoast SEO plugin v23.4 - https:\/\/yoast.com\/wordpress\/plugins\/seo\/ -->\n<title>Adapter sa literie \u00e0 sa morphologie<\/title>\n<meta name=\"description\" content=\"Comment adapter sa literie \u00e0 sa morphologie pour un confort et un bien-\u00eatre optimal.\" \/>\n<meta name=\"robots\" content=\"index, follow, max-snippet:-1, max-image-preview:large, max-video-preview:-1\" \/>\n<link rel=\"canonical\" href=\"https:\/\/www.diroy.com\/fr\/experience-literie\/conseils-belle-literie\/aide-au-choix-produits-diroy\/morphologie-bien-etre\/\" \/>\n<meta property=\"og:locale\" content=\"fr_FR\" \/>\n<meta property=\"og:type\" content=\"article\" \/>\n<meta property=\"og:title\" content=\"Adapter sa literie \u00e0 sa morphologie\" \/>\n<meta property=\"og:description\" content=\"Comment adapter sa literie \u00e0 sa morphologie pour un confort et un bien-\u00eatre optimal.\" \/>\n<meta property=\"og:url\" content=\"https:\/\/www.diroy.com\/fr\/experience-literie\/conseils-belle-literie\/aide-au-choix-produits-diroy\/morphologie-bien-etre\/\" \/>\n<meta property=\"og:site_name\" content=\"Diroy\" \/>\n<meta property=\"article:modified_time\" content=\"2019-09-25T15:00:47+00:00\" \/>\n<meta property=\"og:image\" content=\"https:\/\/www.diroy.com\/wp-content\/uploads\/2019\/09\/morphologie.jpg\" \/>\n\t<meta property=\"og:image:width\" content=\"1000\" \/>\n\t<meta property=\"og:image:height\" content=\"537\" \/>\n\t<meta property=\"og:image:type\" content=\"image\/jpeg\" \/>\n<meta name=\"twitter:card\" content=\"summary_large_image\" \/>\n<script type=\"application\/ld+json\" class=\"yoast-schema-graph\">{\"@context\":\"https:\/\/schema.org\",\"@graph\":[{\"@type\":\"WebPage\",\"@id\":\"https:\/\/www.diroy.com\/fr\/experience-literie\/conseils-belle-literie\/aide-au-choix-produits-diroy\/morphologie-bien-etre\/\",\"url\":\"https:\/\/www.diroy.com\/fr\/experience-literie\/conseils-belle-literie\/aide-au-choix-produits-diroy\/morphologie-bien-etre\/\",\"name\":\"Adapter sa literie \u00e0 sa morphologie\",\"isPartOf\":{\"@id\":\"https:\/\/www.diroy.com\/fr\/#website\"},\"primaryImageOfPage\":{\"@id\":\"https:\/\/www.diroy.com\/fr\/experience-literie\/conseils-belle-literie\/aide-au-choix-produits-diroy\/morphologie-bien-etre\/#primaryimage\"},\"image\":{\"@id\":\"https:\/\/www.diroy.com\/fr\/experience-literie\/conseils-belle-literie\/aide-au-choix-produits-diroy\/morphologie-bien-etre\/#primaryimage\"},\"thumbnailUrl\":\"https:\/\/www.diroy.com\/wp-content\/uploads\/2019\/09\/morphologie.jpg\",\"datePublished\":\"2019-09-25T15:00:27+00:00\",\"dateModified\":\"2019-09-25T15:00:47+00:00\",\"description\":\"Comment adapter sa literie \u00e0 sa morphologie pour un confort et un bien-\u00eatre optimal.\",\"breadcrumb\":{\"@id\":\"https:\/\/www.diroy.com\/fr\/experience-literie\/conseils-belle-literie\/aide-au-choix-produits-diroy\/morphologie-bien-etre\/#breadcrumb\"},\"inLanguage\":\"fr-FR\",\"potentialAction\":[{\"@type\":\"ReadAction\",\"target\":[\"https:\/\/www.diroy.com\/fr\/experience-literie\/conseils-belle-literie\/aide-au-choix-produits-diroy\/morphologie-bien-etre\/\"]}]},{\"@type\":\"ImageObject\",\"inLanguage\":\"fr-FR\",\"@id\":\"https:\/\/www.diroy.com\/fr\/experience-literie\/conseils-belle-literie\/aide-au-choix-produits-diroy\/morphologie-bien-etre\/#primaryimage\",\"url\":\"https:\/\/www.diroy.com\/wp-content\/uploads\/2019\/09\/morphologie.jpg\",\"contentUrl\":\"https:\/\/www.diroy.com\/wp-content\/uploads\/2019\/09\/morphologie.jpg\",\"width\":1000,\"height\":537},{\"@type\":\"BreadcrumbList\",\"@id\":\"https:\/\/www.diroy.com\/fr\/experience-literie\/conseils-belle-literie\/aide-au-choix-produits-diroy\/morphologie-bien-etre\/#breadcrumb\",\"itemListElement\":[{\"@type\":\"ListItem\",\"position\":1,\"name\":\"Accueil\",\"item\":\"https:\/\/www.diroy.com\/fr\/\"},{\"@type\":\"ListItem\",\"position\":2,\"name\":\"Exp\u00e9rience literie\",\"item\":\"https:\/\/www.diroy.com\/fr\/experience-literie\/\"},{\"@type\":\"ListItem\",\"position\":3,\"name\":\"Conseils Belle Literie\",\"item\":\"https:\/\/diroy.com\/fr\/experience-literie\/conseils-belle-literie\/\"},{\"@type\":\"ListItem\",\"position\":4,\"name\":\"Aide au choix produits diroy\",\"item\":\"https:\/\/www.diroy.com\/fr\/experience-literie\/conseils-belle-literie\/aide-au-choix-produits-diroy\/\"},{\"@type\":\"ListItem\",\"position\":5,\"name\":\"Morphologie &#038; bien-\u00eatre\"}]},{\"@type\":\"WebSite\",\"@id\":\"https:\/\/www.diroy.com\/fr\/#website\",\"url\":\"https:\/\/www.diroy.com\/fr\/\",\"name\":\"Diroy\",\"description\":\"\",\"potentialAction\":[{\"@type\":\"SearchAction\",\"target\":{\"@type\":\"EntryPoint\",\"urlTemplate\":\"https:\/\/www.diroy.com\/fr\/?s={search_term_string}\"},\"query-input\":{\"@type\":\"PropertyValueSpecification\",\"valueRequired\":true,\"valueName\":\"search_term_string\"}}],\"inLanguage\":\"fr-FR\"}]}<\/script>\n<!-- \/ Yoast SEO plugin. -->","yoast_head_json":{"title":"Adapter sa literie \u00e0 sa morphologie","description":"Comment adapter sa literie \u00e0 sa morphologie pour un confort et un bien-\u00eatre optimal.","robots":{"index":"index","follow":"follow","max-snippet":"max-snippet:-1","max-image-preview":"max-image-preview:large","max-video-preview":"max-video-preview:-1"},"canonical":"https:\/\/www.diroy.com\/fr\/experience-literie\/conseils-belle-literie\/aide-au-choix-produits-diroy\/morphologie-bien-etre\/","og_locale":"fr_FR","og_type":"article","og_title":"Adapter sa literie \u00e0 sa morphologie","og_description":"Comment adapter sa literie \u00e0 sa morphologie pour un confort et un bien-\u00eatre optimal.","og_url":"https:\/\/www.diroy.com\/fr\/experience-literie\/conseils-belle-literie\/aide-au-choix-produits-diroy\/morphologie-bien-etre\/","og_site_name":"Diroy","article_modified_time":"2019-09-25T15:00:47+00:00","og_image":[{"width":1000,"height":537,"url":"https:\/\/www.diroy.com\/wp-content\/uploads\/2019\/09\/morphologie.jpg","type":"image\/jpeg"}],"twitter_card":"summary_large_image","schema":{"@context":"https:\/\/schema.org","@graph":[{"@type":"WebPage","@id":"https:\/\/www.diroy.com\/fr\/experience-literie\/conseils-belle-literie\/aide-au-choix-produits-diroy\/morphologie-bien-etre\/","url":"https:\/\/www.diroy.com\/fr\/experience-literie\/conseils-belle-literie\/aide-au-choix-produits-diroy\/morphologie-bien-etre\/","name":"Adapter sa literie \u00e0 sa morphologie","isPartOf":{"@id":"https:\/\/www.diroy.com\/fr\/#website"},"primaryImageOfPage":{"@id":"https:\/\/www.diroy.com\/fr\/experience-literie\/conseils-belle-literie\/aide-au-choix-produits-diroy\/morphologie-bien-etre\/#primaryimage"},"image":{"@id":"https:\/\/www.diroy.com\/fr\/experience-literie\/conseils-belle-literie\/aide-au-choix-produits-diroy\/morphologie-bien-etre\/#primaryimage"},"thumbnailUrl":"https:\/\/www.diroy.com\/wp-content\/uploads\/2019\/09\/morphologie.jpg","datePublished":"2019-09-25T15:00:27+00:00","dateModified":"2019-09-25T15:00:47+00:00","description":"Comment adapter sa literie \u00e0 sa morphologie pour un confort et un bien-\u00eatre optimal.","breadcrumb":{"@id":"https:\/\/www.diroy.com\/fr\/experience-literie\/conseils-belle-literie\/aide-au-choix-produits-diroy\/morphologie-bien-etre\/#breadcrumb"},"inLanguage":"fr-FR","potentialAction":[{"@type":"ReadAction","target":["https:\/\/www.diroy.com\/fr\/experience-literie\/conseils-belle-literie\/aide-au-choix-produits-diroy\/morphologie-bien-etre\/"]}]},{"@type":"ImageObject","inLanguage":"fr-FR","@id":"https:\/\/www.diroy.com\/fr\/experience-literie\/conseils-belle-literie\/aide-au-choix-produits-diroy\/morphologie-bien-etre\/#primaryimage","url":"https:\/\/www.diroy.com\/wp-content\/uploads\/2019\/09\/morphologie.jpg","contentUrl":"https:\/\/www.diroy.com\/wp-content\/uploads\/2019\/09\/morphologie.jpg","width":1000,"height":537},{"@type":"BreadcrumbList","@id":"https:\/\/www.diroy.com\/fr\/experience-literie\/conseils-belle-literie\/aide-au-choix-produits-diroy\/morphologie-bien-etre\/#breadcrumb","itemListElement":[{"@type":"ListItem","position":1,"name":"Accueil","item":"https:\/\/www.diroy.com\/fr\/"},{"@type":"ListItem","position":2,"name":"Exp\u00e9rience literie","item":"https:\/\/www.diroy.com\/fr\/experience-literie\/"},{"@type":"ListItem","position":3,"name":"Conseils Belle Literie","item":"https:\/\/diroy.com\/fr\/experience-literie\/conseils-belle-literie\/"},{"@type":"ListItem","position":4,"name":"Aide au choix produits diroy","item":"https:\/\/www.diroy.com\/fr\/experience-literie\/conseils-belle-literie\/aide-au-choix-produits-diroy\/"},{"@type":"ListItem","position":5,"name":"Morphologie &#038; bien-\u00eatre"}]},{"@type":"WebSite","@id":"https:\/\/www.diroy.com\/fr\/#website","url":"https:\/\/www.diroy.com\/fr\/","name":"Diroy","description":"","potentialAction":[{"@type":"SearchAction","target":{"@type":"EntryPoint","urlTemplate":"https:\/\/www.diroy.com\/fr\/?s={search_term_string}"},"query-input":{"@type":"PropertyValueSpecification","valueRequired":true,"valueName":"search_term_string"}}],"inLanguage":"fr-FR"}]}},"_links":{"self":[{"href":"https:\/\/www.diroy.com\/fr\/wp-json\/wp\/v2\/pages\/6122"}],"collection":[{"href":"https:\/\/www.diroy.com\/fr\/wp-json\/wp\/v2\/pages"}],"about":[{"href":"https:\/\/www.diroy.com\/fr\/wp-json\/wp\/v2\/types\/page"}],"author":[{"embeddable":true,"href":"https:\/\/www.diroy.com\/fr\/wp-json\/wp\/v2\/users\/1"}],"replies":[{"embeddable":true,"href":"https:\/\/www.diroy.com\/fr\/wp-json\/wp\/v2\/comments?post=6122"}],"version-history":[{"count":0,"href":"https:\/\/www.diroy.com\/fr\/wp-json\/wp\/v2\/pages\/6122\/revisions"}],"up":[{"embeddable":true,"href":"https:\/\/www.diroy.com\/fr\/wp-json\/wp\/v2\/pages\/6112"}],"wp:featuredmedia":[{"embeddable":true,"href":"https:\/\/www.diroy.com\/fr\/wp-json\/wp\/v2\/media\/6093"}],"wp:attachment":[{"href":"https:\/\/www.diroy.com\/fr\/wp-json\/wp\/v2\/media?parent=6122"}],"curies":[{"name":"wp","href":"https:\/\/api.w.org\/{rel}","templated":true}]}}