{"id":6110,"date":"2019-09-25T16:26:15","date_gmt":"2019-09-25T14:26:15","guid":{"rendered":"https:\/\/www.diroy.com\/?page_id=6110"},"modified":"2019-12-05T11:54:58","modified_gmt":"2019-12-05T10:54:58","slug":"fermete-confort","status":"publish","type":"page","link":"https:\/\/www.diroy.com\/fr\/experience-literie\/conseils-belle-literie\/aide-au-choix-produits-diroy\/fermete-confort\/","title":{"rendered":"Fermet\u00e9 &#038; confort"},"content":{"rendered":"\n<p><strong>Souple ou tonique ?<\/strong><\/p>\n\n\n\n<p>Souple,  ferme, tr\u00e8s ferme ou ergonomique, le choix du confort n&rsquo;est pas qu&rsquo;une  question de go\u00fbt! Un matelas adapt\u00e9 doit tenir compte de la morphologie,  du poids et des habitudes de couchage du dormeur en lui offrant un  soutien progressif et personnalis\u00e9 de toutes les parties du corps. <\/p>\n","protected":false},"excerpt":{"rendered":"<p>Souple ou tonique ? Souple, ferme, tr\u00e8s ferme ou ergonomique, le choix du confort n&rsquo;est [&hellip;]<\/p>\n","protected":false},"author":1,"featured_media":6085,"parent":6112,"menu_order":0,"comment_status":"closed","ping_status":"closed","template":"","meta":{"_acf_changed":false,"footnotes":""},"class_list":["post-6110","page","type-page","status-publish","has-post-thumbnail","hentry"],"acf":[],"yoast_head":"<!-- This site is optimized with the Yoast SEO plugin v23.4 - https:\/\/yoast.com\/wordpress\/plugins\/seo\/ -->\n<title>Trouver le bon \u00e9quilibre entre fermet\u00e9 et confort<\/title>\n<meta name=\"description\" content=\"Apprenez \u00e0 choisir la bonne fermet\u00e9 pour un confort id\u00e9al et des nuits parfaitement reposantes.\" \/>\n<meta name=\"robots\" content=\"index, follow, max-snippet:-1, max-image-preview:large, max-video-preview:-1\" \/>\n<link rel=\"canonical\" href=\"https:\/\/www.diroy.com\/fr\/experience-literie\/conseils-belle-literie\/aide-au-choix-produits-diroy\/fermete-confort\/\" \/>\n<meta property=\"og:locale\" content=\"fr_FR\" \/>\n<meta property=\"og:type\" content=\"article\" \/>\n<meta property=\"og:title\" content=\"Trouver le bon \u00e9quilibre entre fermet\u00e9 et confort\" \/>\n<meta property=\"og:description\" content=\"Apprenez \u00e0 choisir la bonne fermet\u00e9 pour un confort id\u00e9al et des nuits parfaitement reposantes.\" \/>\n<meta property=\"og:url\" content=\"https:\/\/www.diroy.com\/fr\/experience-literie\/conseils-belle-literie\/aide-au-choix-produits-diroy\/fermete-confort\/\" \/>\n<meta property=\"og:site_name\" content=\"Diroy\" \/>\n<meta property=\"article:modified_time\" content=\"2019-12-05T10:54:58+00:00\" \/>\n<meta property=\"og:image\" content=\"https:\/\/www.diroy.com\/wp-content\/uploads\/2019\/09\/fermete-confort.jpg\" \/>\n\t<meta property=\"og:image:width\" content=\"1000\" \/>\n\t<meta property=\"og:image:height\" content=\"537\" \/>\n\t<meta property=\"og:image:type\" content=\"image\/jpeg\" \/>\n<meta name=\"twitter:card\" content=\"summary_large_image\" \/>\n<script type=\"application\/ld+json\" class=\"yoast-schema-graph\">{\"@context\":\"https:\/\/schema.org\",\"@graph\":[{\"@type\":\"WebPage\",\"@id\":\"https:\/\/www.diroy.com\/fr\/experience-literie\/conseils-belle-literie\/aide-au-choix-produits-diroy\/fermete-confort\/\",\"url\":\"https:\/\/www.diroy.com\/fr\/experience-literie\/conseils-belle-literie\/aide-au-choix-produits-diroy\/fermete-confort\/\",\"name\":\"Trouver le bon \u00e9quilibre entre fermet\u00e9 et confort\",\"isPartOf\":{\"@id\":\"https:\/\/www.diroy.com\/fr\/#website\"},\"primaryImageOfPage\":{\"@id\":\"https:\/\/www.diroy.com\/fr\/experience-literie\/conseils-belle-literie\/aide-au-choix-produits-diroy\/fermete-confort\/#primaryimage\"},\"image\":{\"@id\":\"https:\/\/www.diroy.com\/fr\/experience-literie\/conseils-belle-literie\/aide-au-choix-produits-diroy\/fermete-confort\/#primaryimage\"},\"thumbnailUrl\":\"https:\/\/www.diroy.com\/wp-content\/uploads\/2019\/09\/fermete-confort.jpg\",\"datePublished\":\"2019-09-25T14:26:15+00:00\",\"dateModified\":\"2019-12-05T10:54:58+00:00\",\"description\":\"Apprenez \u00e0 choisir la bonne fermet\u00e9 pour un confort id\u00e9al et des nuits parfaitement reposantes.\",\"breadcrumb\":{\"@id\":\"https:\/\/www.diroy.com\/fr\/experience-literie\/conseils-belle-literie\/aide-au-choix-produits-diroy\/fermete-confort\/#breadcrumb\"},\"inLanguage\":\"fr-FR\",\"potentialAction\":[{\"@type\":\"ReadAction\",\"target\":[\"https:\/\/www.diroy.com\/fr\/experience-literie\/conseils-belle-literie\/aide-au-choix-produits-diroy\/fermete-confort\/\"]}]},{\"@type\":\"ImageObject\",\"inLanguage\":\"fr-FR\",\"@id\":\"https:\/\/www.diroy.com\/fr\/experience-literie\/conseils-belle-literie\/aide-au-choix-produits-diroy\/fermete-confort\/#primaryimage\",\"url\":\"https:\/\/www.diroy.com\/wp-content\/uploads\/2019\/09\/fermete-confort.jpg\",\"contentUrl\":\"https:\/\/www.diroy.com\/wp-content\/uploads\/2019\/09\/fermete-confort.jpg\",\"width\":1000,\"height\":537},{\"@type\":\"BreadcrumbList\",\"@id\":\"https:\/\/www.diroy.com\/fr\/experience-literie\/conseils-belle-literie\/aide-au-choix-produits-diroy\/fermete-confort\/#breadcrumb\",\"itemListElement\":[{\"@type\":\"ListItem\",\"position\":1,\"name\":\"Accueil\",\"item\":\"https:\/\/www.diroy.com\/fr\/\"},{\"@type\":\"ListItem\",\"position\":2,\"name\":\"Exp\u00e9rience literie\",\"item\":\"https:\/\/www.diroy.com\/fr\/experience-literie\/\"},{\"@type\":\"ListItem\",\"position\":3,\"name\":\"Conseils Belle Literie\",\"item\":\"https:\/\/diroy.com\/fr\/experience-literie\/conseils-belle-literie\/\"},{\"@type\":\"ListItem\",\"position\":4,\"name\":\"Aide au choix produits diroy\",\"item\":\"https:\/\/www.diroy.com\/fr\/experience-literie\/conseils-belle-literie\/aide-au-choix-produits-diroy\/\"},{\"@type\":\"ListItem\",\"position\":5,\"name\":\"Fermet\u00e9 &#038; confort\"}]},{\"@type\":\"WebSite\",\"@id\":\"https:\/\/www.diroy.com\/fr\/#website\",\"url\":\"https:\/\/www.diroy.com\/fr\/\",\"name\":\"Diroy\",\"description\":\"\",\"potentialAction\":[{\"@type\":\"SearchAction\",\"target\":{\"@type\":\"EntryPoint\",\"urlTemplate\":\"https:\/\/www.diroy.com\/fr\/?s={search_term_string}\"},\"query-input\":{\"@type\":\"PropertyValueSpecification\",\"valueRequired\":true,\"valueName\":\"search_term_string\"}}],\"inLanguage\":\"fr-FR\"}]}<\/script>\n<!-- \/ Yoast SEO plugin. -->","yoast_head_json":{"title":"Trouver le bon \u00e9quilibre entre fermet\u00e9 et confort","description":"Apprenez \u00e0 choisir la bonne fermet\u00e9 pour un confort id\u00e9al et des nuits parfaitement reposantes.","robots":{"index":"index","follow":"follow","max-snippet":"max-snippet:-1","max-image-preview":"max-image-preview:large","max-video-preview":"max-video-preview:-1"},"canonical":"https:\/\/www.diroy.com\/fr\/experience-literie\/conseils-belle-literie\/aide-au-choix-produits-diroy\/fermete-confort\/","og_locale":"fr_FR","og_type":"article","og_title":"Trouver le bon \u00e9quilibre entre fermet\u00e9 et confort","og_description":"Apprenez \u00e0 choisir la bonne fermet\u00e9 pour un confort id\u00e9al et des nuits parfaitement reposantes.","og_url":"https:\/\/www.diroy.com\/fr\/experience-literie\/conseils-belle-literie\/aide-au-choix-produits-diroy\/fermete-confort\/","og_site_name":"Diroy","article_modified_time":"2019-12-05T10:54:58+00:00","og_image":[{"width":1000,"height":537,"url":"https:\/\/www.diroy.com\/wp-content\/uploads\/2019\/09\/fermete-confort.jpg","type":"image\/jpeg"}],"twitter_card":"summary_large_image","schema":{"@context":"https:\/\/schema.org","@graph":[{"@type":"WebPage","@id":"https:\/\/www.diroy.com\/fr\/experience-literie\/conseils-belle-literie\/aide-au-choix-produits-diroy\/fermete-confort\/","url":"https:\/\/www.diroy.com\/fr\/experience-literie\/conseils-belle-literie\/aide-au-choix-produits-diroy\/fermete-confort\/","name":"Trouver le bon \u00e9quilibre entre fermet\u00e9 et confort","isPartOf":{"@id":"https:\/\/www.diroy.com\/fr\/#website"},"primaryImageOfPage":{"@id":"https:\/\/www.diroy.com\/fr\/experience-literie\/conseils-belle-literie\/aide-au-choix-produits-diroy\/fermete-confort\/#primaryimage"},"image":{"@id":"https:\/\/www.diroy.com\/fr\/experience-literie\/conseils-belle-literie\/aide-au-choix-produits-diroy\/fermete-confort\/#primaryimage"},"thumbnailUrl":"https:\/\/www.diroy.com\/wp-content\/uploads\/2019\/09\/fermete-confort.jpg","datePublished":"2019-09-25T14:26:15+00:00","dateModified":"2019-12-05T10:54:58+00:00","description":"Apprenez \u00e0 choisir la bonne fermet\u00e9 pour un confort id\u00e9al et des nuits parfaitement reposantes.","breadcrumb":{"@id":"https:\/\/www.diroy.com\/fr\/experience-literie\/conseils-belle-literie\/aide-au-choix-produits-diroy\/fermete-confort\/#breadcrumb"},"inLanguage":"fr-FR","potentialAction":[{"@type":"ReadAction","target":["https:\/\/www.diroy.com\/fr\/experience-literie\/conseils-belle-literie\/aide-au-choix-produits-diroy\/fermete-confort\/"]}]},{"@type":"ImageObject","inLanguage":"fr-FR","@id":"https:\/\/www.diroy.com\/fr\/experience-literie\/conseils-belle-literie\/aide-au-choix-produits-diroy\/fermete-confort\/#primaryimage","url":"https:\/\/www.diroy.com\/wp-content\/uploads\/2019\/09\/fermete-confort.jpg","contentUrl":"https:\/\/www.diroy.com\/wp-content\/uploads\/2019\/09\/fermete-confort.jpg","width":1000,"height":537},{"@type":"BreadcrumbList","@id":"https:\/\/www.diroy.com\/fr\/experience-literie\/conseils-belle-literie\/aide-au-choix-produits-diroy\/fermete-confort\/#breadcrumb","itemListElement":[{"@type":"ListItem","position":1,"name":"Accueil","item":"https:\/\/www.diroy.com\/fr\/"},{"@type":"ListItem","position":2,"name":"Exp\u00e9rience literie","item":"https:\/\/www.diroy.com\/fr\/experience-literie\/"},{"@type":"ListItem","position":3,"name":"Conseils Belle Literie","item":"https:\/\/diroy.com\/fr\/experience-literie\/conseils-belle-literie\/"},{"@type":"ListItem","position":4,"name":"Aide au choix produits diroy","item":"https:\/\/www.diroy.com\/fr\/experience-literie\/conseils-belle-literie\/aide-au-choix-produits-diroy\/"},{"@type":"ListItem","position":5,"name":"Fermet\u00e9 &#038; confort"}]},{"@type":"WebSite","@id":"https:\/\/www.diroy.com\/fr\/#website","url":"https:\/\/www.diroy.com\/fr\/","name":"Diroy","description":"","potentialAction":[{"@type":"SearchAction","target":{"@type":"EntryPoint","urlTemplate":"https:\/\/www.diroy.com\/fr\/?s={search_term_string}"},"query-input":{"@type":"PropertyValueSpecification","valueRequired":true,"valueName":"search_term_string"}}],"inLanguage":"fr-FR"}]}},"_links":{"self":[{"href":"https:\/\/www.diroy.com\/fr\/wp-json\/wp\/v2\/pages\/6110"}],"collection":[{"href":"https:\/\/www.diroy.com\/fr\/wp-json\/wp\/v2\/pages"}],"about":[{"href":"https:\/\/www.diroy.com\/fr\/wp-json\/wp\/v2\/types\/page"}],"author":[{"embeddable":true,"href":"https:\/\/www.diroy.com\/fr\/wp-json\/wp\/v2\/users\/1"}],"replies":[{"embeddable":true,"href":"https:\/\/www.diroy.com\/fr\/wp-json\/wp\/v2\/comments?post=6110"}],"version-history":[{"count":0,"href":"https:\/\/www.diroy.com\/fr\/wp-json\/wp\/v2\/pages\/6110\/revisions"}],"up":[{"embeddable":true,"href":"https:\/\/www.diroy.com\/fr\/wp-json\/wp\/v2\/pages\/6112"}],"wp:featuredmedia":[{"embeddable":true,"href":"https:\/\/www.diroy.com\/fr\/wp-json\/wp\/v2\/media\/6085"}],"wp:attachment":[{"href":"https:\/\/www.diroy.com\/fr\/wp-json\/wp\/v2\/media?parent=6110"}],"curies":[{"name":"wp","href":"https:\/\/api.w.org\/{rel}","templated":true}]}}