{"id":6,"date":"2019-07-16T11:10:25","date_gmt":"2019-07-16T09:10:25","guid":{"rendered":"https:\/\/www.diroy.com\/?page_id=6"},"modified":"2023-03-29T14:37:49","modified_gmt":"2023-03-29T12:37:49","slug":"mentions-legales","status":"publish","type":"page","link":"https:\/\/www.diroy.com\/fr\/mentions-legales\/","title":{"rendered":"Mentions l\u00e9gales"},"content":{"rendered":"\n<h2 class=\"is-style-diroy wp-block-heading\">Editeur<\/h2>\n\n\n\n<p class=\"has-text-align-center\"><strong>DIROY<\/strong>,  SAS au capital social de 75000 \u20ac<br><br>19 route d&rsquo;Obermodern<br>67330 Bouxwiller<br>FRANCE <br><br>T\u00e9l. : +33 3 88 03 33 40<br>info@diroy.com<br><br>Directeur de la publication&nbsp;: Guillaume JOLY, Directeur G\u00e9n\u00e9ral Associ\u00e9 <\/p>\n\n\n\n<h2 class=\"is-style-diroy wp-block-heading\">H\u00e9bergement<\/h2>\n\n\n\n<p class=\"has-text-align-center\"><strong><strong>Infomaniak Network SA<\/strong><br><\/strong>Rue Eug\u00e8ne Marziano 25<br>1227 Les Acacias, Gen\u00e8ve, Suisse<br>Tel.: +41 844 551 155<\/p>\n\n\n\n<h2 class=\"is-style-diroy wp-block-heading\">Droits d\u2019auteur et cr\u00e9dits<\/h2>\n\n\n\n<p>La marque et le logo de la soci\u00e9t\u00e9 DIROY sont des marques d\u00e9pos\u00e9es.<br><br> Aucun autre droit que celui de visiter les sites n&rsquo;est conf\u00e9r\u00e9 \u00e0 quiconque.&nbsp; <br><br>Toute reproduction totale ou partielle de cette marque ou de ce logo, effectu\u00e9e \u00e0 partir des \u00e9l\u00e9ments du site sans l&rsquo;autorisation expresse de l&rsquo;exploitant du site Internet ou de son ayant-droit est prohib\u00e9, au sens de l&rsquo;article L713-2 du CPI.<br><br> Tous les \u00e9l\u00e9ments du pr\u00e9sent site web (textes, photographies, illustrations, logos, fichiers disponibles en t\u00e9l\u00e9chargement, base de donn\u00e9es figurant sur le site, clips vid\u00e9os ou sonores, charte graphique, structure g\u00e9n\u00e9rale du site etc&#8230;) sont la propri\u00e9t\u00e9 exclusive de la soci\u00e9t\u00e9 DIROY sauf mention contraire.&nbsp;  <\/p>\n","protected":false},"excerpt":{"rendered":"<p>Editeur DIROY, SAS au capital social de 75000 \u20ac 19 route d&rsquo;Obermodern67330 BouxwillerFRANCE T\u00e9l. : [&hellip;]<\/p>\n","protected":false},"author":1,"featured_media":0,"parent":0,"menu_order":0,"comment_status":"closed","ping_status":"closed","template":"","meta":{"_acf_changed":false,"footnotes":""},"class_list":["post-6","page","type-page","status-publish","hentry"],"acf":[],"yoast_head":"<!-- This site is optimized with the Yoast SEO plugin v23.4 - https:\/\/yoast.com\/wordpress\/plugins\/seo\/ -->\n<title>Mentions l\u00e9gales \u2013 Diroy<\/title>\n<meta name=\"description\" content=\"Consultez les mentions l\u00e9gales du site officiel Diroy.\" \/>\n<meta name=\"robots\" content=\"index, follow, max-snippet:-1, max-image-preview:large, max-video-preview:-1\" \/>\n<link rel=\"canonical\" href=\"https:\/\/www.diroy.com\/fr\/mentions-legales\/\" \/>\n<meta property=\"og:locale\" content=\"fr_FR\" \/>\n<meta property=\"og:type\" content=\"article\" \/>\n<meta property=\"og:title\" content=\"Mentions l\u00e9gales \u2013 Diroy\" \/>\n<meta property=\"og:description\" content=\"Consultez les mentions l\u00e9gales du site officiel Diroy.\" \/>\n<meta property=\"og:url\" content=\"https:\/\/www.diroy.com\/fr\/mentions-legales\/\" \/>\n<meta property=\"og:site_name\" content=\"Diroy\" \/>\n<meta property=\"article:modified_time\" content=\"2023-03-29T12:37:49+00:00\" \/>\n<meta name=\"twitter:card\" content=\"summary_large_image\" \/>\n<meta name=\"twitter:label1\" content=\"Dur\u00e9e de lecture estim\u00e9e\" \/>\n\t<meta name=\"twitter:data1\" content=\"1 minute\" \/>\n<script type=\"application\/ld+json\" class=\"yoast-schema-graph\">{\"@context\":\"https:\/\/schema.org\",\"@graph\":[{\"@type\":\"WebPage\",\"@id\":\"https:\/\/www.diroy.com\/fr\/mentions-legales\/\",\"url\":\"https:\/\/www.diroy.com\/fr\/mentions-legales\/\",\"name\":\"Mentions l\u00e9gales \u2013 Diroy\",\"isPartOf\":{\"@id\":\"https:\/\/diroy.com\/en\/#website\"},\"datePublished\":\"2019-07-16T09:10:25+00:00\",\"dateModified\":\"2023-03-29T12:37:49+00:00\",\"description\":\"Consultez les mentions l\u00e9gales du site officiel Diroy.\",\"breadcrumb\":{\"@id\":\"https:\/\/www.diroy.com\/fr\/mentions-legales\/#breadcrumb\"},\"inLanguage\":\"fr-FR\",\"potentialAction\":[{\"@type\":\"ReadAction\",\"target\":[\"https:\/\/www.diroy.com\/fr\/mentions-legales\/\"]}]},{\"@type\":\"BreadcrumbList\",\"@id\":\"https:\/\/www.diroy.com\/fr\/mentions-legales\/#breadcrumb\",\"itemListElement\":[{\"@type\":\"ListItem\",\"position\":1,\"name\":\"Accueil\",\"item\":\"https:\/\/diroy.com\/fr\/\"},{\"@type\":\"ListItem\",\"position\":2,\"name\":\"Mentions l\u00e9gales\"}]},{\"@type\":\"WebSite\",\"@id\":\"https:\/\/diroy.com\/en\/#website\",\"url\":\"https:\/\/diroy.com\/en\/\",\"name\":\"Diroy\",\"description\":\"\",\"potentialAction\":[{\"@type\":\"SearchAction\",\"target\":{\"@type\":\"EntryPoint\",\"urlTemplate\":\"https:\/\/diroy.com\/en\/?s={search_term_string}\"},\"query-input\":{\"@type\":\"PropertyValueSpecification\",\"valueRequired\":true,\"valueName\":\"search_term_string\"}}],\"inLanguage\":\"fr-FR\"}]}<\/script>\n<!-- \/ Yoast SEO plugin. -->","yoast_head_json":{"title":"Mentions l\u00e9gales \u2013 Diroy","description":"Consultez les mentions l\u00e9gales du site officiel Diroy.","robots":{"index":"index","follow":"follow","max-snippet":"max-snippet:-1","max-image-preview":"max-image-preview:large","max-video-preview":"max-video-preview:-1"},"canonical":"https:\/\/www.diroy.com\/fr\/mentions-legales\/","og_locale":"fr_FR","og_type":"article","og_title":"Mentions l\u00e9gales \u2013 Diroy","og_description":"Consultez les mentions l\u00e9gales du site officiel Diroy.","og_url":"https:\/\/www.diroy.com\/fr\/mentions-legales\/","og_site_name":"Diroy","article_modified_time":"2023-03-29T12:37:49+00:00","twitter_card":"summary_large_image","twitter_misc":{"Dur\u00e9e de lecture estim\u00e9e":"1 minute"},"schema":{"@context":"https:\/\/schema.org","@graph":[{"@type":"WebPage","@id":"https:\/\/www.diroy.com\/fr\/mentions-legales\/","url":"https:\/\/www.diroy.com\/fr\/mentions-legales\/","name":"Mentions l\u00e9gales \u2013 Diroy","isPartOf":{"@id":"https:\/\/diroy.com\/en\/#website"},"datePublished":"2019-07-16T09:10:25+00:00","dateModified":"2023-03-29T12:37:49+00:00","description":"Consultez les mentions l\u00e9gales du site officiel Diroy.","breadcrumb":{"@id":"https:\/\/www.diroy.com\/fr\/mentions-legales\/#breadcrumb"},"inLanguage":"fr-FR","potentialAction":[{"@type":"ReadAction","target":["https:\/\/www.diroy.com\/fr\/mentions-legales\/"]}]},{"@type":"BreadcrumbList","@id":"https:\/\/www.diroy.com\/fr\/mentions-legales\/#breadcrumb","itemListElement":[{"@type":"ListItem","position":1,"name":"Accueil","item":"https:\/\/diroy.com\/fr\/"},{"@type":"ListItem","position":2,"name":"Mentions l\u00e9gales"}]},{"@type":"WebSite","@id":"https:\/\/diroy.com\/en\/#website","url":"https:\/\/diroy.com\/en\/","name":"Diroy","description":"","potentialAction":[{"@type":"SearchAction","target":{"@type":"EntryPoint","urlTemplate":"https:\/\/diroy.com\/en\/?s={search_term_string}"},"query-input":{"@type":"PropertyValueSpecification","valueRequired":true,"valueName":"search_term_string"}}],"inLanguage":"fr-FR"}]}},"_links":{"self":[{"href":"https:\/\/www.diroy.com\/fr\/wp-json\/wp\/v2\/pages\/6"}],"collection":[{"href":"https:\/\/www.diroy.com\/fr\/wp-json\/wp\/v2\/pages"}],"about":[{"href":"https:\/\/www.diroy.com\/fr\/wp-json\/wp\/v2\/types\/page"}],"author":[{"embeddable":true,"href":"https:\/\/www.diroy.com\/fr\/wp-json\/wp\/v2\/users\/1"}],"replies":[{"embeddable":true,"href":"https:\/\/www.diroy.com\/fr\/wp-json\/wp\/v2\/comments?post=6"}],"version-history":[{"count":0,"href":"https:\/\/www.diroy.com\/fr\/wp-json\/wp\/v2\/pages\/6\/revisions"}],"wp:attachment":[{"href":"https:\/\/www.diroy.com\/fr\/wp-json\/wp\/v2\/media?parent=6"}],"curies":[{"name":"wp","href":"https:\/\/api.w.org\/{rel}","templated":true}]}}