{"id":4165,"date":"2019-09-18T14:56:12","date_gmt":"2019-09-18T12:56:12","guid":{"rendered":"https:\/\/www.diroy.com\/?page_id=4165"},"modified":"2022-03-18T15:37:51","modified_gmt":"2022-03-18T14:37:51","slug":"nos-certifications","status":"publish","type":"page","link":"https:\/\/www.diroy.com\/fr\/expertise-mousse\/nos-certifications\/","title":{"rendered":"Nos certifications"},"content":{"rendered":"\n<h2 class=\"is-style-subtitle\">Mousse<\/h2>\n\n\n\n<p class=\"has-text-align-center\">Diroy, ce sont des produits de qualit\u00e9 r\u00e9alis\u00e9s sur la base d\u2019un cahier des charges rigoureux avec une stricte tra\u00e7abilit\u00e9 des mati\u00e8res premi\u00e8res.<br>\nNos mousses sont valid\u00e9es par de nombreuses certifications attestant cette qualit\u00e9.<\/p>\n\n\n\r\n<section id=\"presentation-block_5d8cd887dfbaa\" class=\"block-g block-presentation alignfull \">\r\n    <div class=\"container container-s\">\r\n        <div class=\"row\">\r\n                                                                    <div class=\"col-sm-6 col-xl-4 item\">\r\n                        <div class=\"\">\r\n                            <div class=\"thumbnail\">\r\n                                \r\n                                    <figure  class=\"fit-cover d-block \">\r\n                    \r\n            <img  class='lazy'                    width=\"600\"\r\n                    height=\"403\"\r\n            data-src=\"https:\/\/www.diroy.com\/wp-content\/uploads\/2022\/03\/ISO-9001-600x404.png.webp\"\r\n            data-srcset=\"https:\/\/www.diroy.com\/wp-content\/uploads\/2022\/03\/ISO-9001-600x404.png.webp 1x, https:\/\/www.diroy.com\/wp-content\/uploads\/2022\/03\/ISO-9001-600x404-retina.png.webp 2x\"\r\n            alt=\"\"\r\n            \/>\r\n                <\/figure>\r\n\r\n                            <\/div>\r\n                                                        <div class=\"body text-center\">\r\n                                <p><strong>ISO 9001 : Management de la Qualit\u00e9<\/strong><br \/>\nNorme qui repose sur un certain nombre d\u2019\u00e9l\u00e9ments de management de la qualit\u00e9, notamment une forte orientation client, la motivation et l\u2019engagement de la direction, l\u2019approche processus et l\u2019am\u00e9lioration continue. Ce r\u00e9f\u00e9rentiel assure que les clients obtiennent des produits et services uniformes et de bonne qualit\u00e9.<\/p>\n                            <\/div>\r\n                        <\/div>\r\n                    <\/div>\r\n                                                        <div class=\"col-sm-6 col-xl-4 item\">\r\n                        <div class=\"\">\r\n                            <div class=\"thumbnail\">\r\n                                \r\n                                    <figure  class=\"fit-cover d-block \">\r\n                    \r\n            <img  class='lazy'                    width=\"600\"\r\n                    height=\"403\"\r\n            data-src=\"https:\/\/www.diroy.com\/wp-content\/uploads\/2022\/03\/ISO-14001-600x404.png.webp\"\r\n            data-srcset=\"https:\/\/www.diroy.com\/wp-content\/uploads\/2022\/03\/ISO-14001-600x404.png.webp 1x, https:\/\/www.diroy.com\/wp-content\/uploads\/2022\/03\/ISO-14001-600x404-retina.png.webp 2x\"\r\n            alt=\"\"\r\n            \/>\r\n                <\/figure>\r\n\r\n                            <\/div>\r\n                                                        <div class=\"body text-center\">\r\n                                <p><strong>ISO 14001 : Management environnemental <\/strong><br \/>\nCette norme repose sur des syst\u00e8mes de management environnemental.<\/p>\n                            <\/div>\r\n                        <\/div>\r\n                    <\/div>\r\n                                                        <div class=\"col-sm-6 col-xl-4 item\">\r\n                        <div class=\"\">\r\n                            <div class=\"thumbnail\">\r\n                                \r\n                                    <figure  class=\"fit-cover d-block \">\r\n                    \r\n            <img  class='lazy'                    width=\"600\"\r\n                    height=\"403\"\r\n            data-src=\"https:\/\/www.diroy.com\/wp-content\/uploads\/2022\/03\/ISO-45001-600x404.png.webp\"\r\n            data-srcset=\"https:\/\/www.diroy.com\/wp-content\/uploads\/2022\/03\/ISO-45001-600x404.png.webp 1x, https:\/\/www.diroy.com\/wp-content\/uploads\/2022\/03\/ISO-45001-600x404-retina.png.webp 2x\"\r\n            alt=\"\"\r\n            \/>\r\n                <\/figure>\r\n\r\n                            <\/div>\r\n                                                        <div class=\"body text-center\">\r\n                                <p><strong>ISO 45001 &#8211; Gestion de la sant\u00e9 et de la s\u00e9curit\u00e9 au travail<\/strong><br \/>\nNorme qui assure les organisations de l\u2019am\u00e9lioration de la s\u00e9curit\u00e9 des travailleurs, de la r\u00e9duction des risques sur le lieu de travail et de la cr\u00e9ation des conditions de travail meilleures et plus s\u00fbres.<\/p>\n                            <\/div>\r\n                        <\/div>\r\n                    <\/div>\r\n                                                        <div class=\"col-sm-6 col-xl-4 item\">\r\n                        <div class=\"\">\r\n                            <div class=\"thumbnail\">\r\n                                \r\n                                    <figure  class=\"fit-cover d-block \">\r\n                    \r\n            <img  class='lazy'                    width=\"600\"\r\n                    height=\"403\"\r\n            data-src=\"https:\/\/www.diroy.com\/wp-content\/uploads\/2019\/09\/Certipur-600x404.jpg.webp\"\r\n            data-srcset=\"https:\/\/www.diroy.com\/wp-content\/uploads\/2019\/09\/Certipur-600x404.jpg.webp 1x, https:\/\/www.diroy.com\/wp-content\/uploads\/2019\/09\/Certipur-600x404-retina.jpg.webp 2x\"\r\n            alt=\"Logo Certification Certipur\"\r\n            \/>\r\n                <\/figure>\r\n\r\n                            <\/div>\r\n                                                        <div class=\"body text-center\">\r\n                                <p><strong>CertiPUR<\/strong> est un programme volontaire de test, d\u2019analyse et de certification des caract\u00e9ristiques environnementales, sanitaires et en mati\u00e8re de s\u00e9curit\u00e9 des mousses de polyur\u00e9thane utilis\u00e9es dans la literie et les meubles capitonn\u00e9s. Il d\u00e9finit les substances dont l\u2019utilisation est interdite dans la production de mousses de polyur\u00e9thane et fixe des plafonds stricts pour certaines composantes.<\/p>\n                            <\/div>\r\n                        <\/div>\r\n                    <\/div>\r\n                                                        <div class=\"col-sm-6 col-xl-4 item\">\r\n                        <div class=\"\">\r\n                            <div class=\"thumbnail\">\r\n                                \r\n                                    <figure  class=\"fit-cover d-block \">\r\n                    \r\n            <img  class='lazy'                    width=\"600\"\r\n                    height=\"403\"\r\n            data-src=\"https:\/\/www.diroy.com\/wp-content\/uploads\/2019\/09\/oeko-tex-600x404.jpg.webp\"\r\n            data-srcset=\"https:\/\/www.diroy.com\/wp-content\/uploads\/2019\/09\/oeko-tex-600x404.jpg.webp 1x, https:\/\/www.diroy.com\/wp-content\/uploads\/2019\/09\/oeko-tex-600x404-retina.jpg.webp 2x\"\r\n            alt=\"Certification oeko-tex Standard 100\"\r\n            \/>\r\n                <\/figure>\r\n\r\n                            <\/div>\r\n                                                        <div class=\"body text-center\">\r\n                                <p>Le sceau <strong>\u00abConfiance dans les textiles\u00bb<\/strong> est l\u2019un des certificats de qualit\u00e9 les plus connus en Europe et s\u2019applique aux mati\u00e8res premi\u00e8res textiles, aux produits interm\u00e9diaires et aux produits finis \u00e0 toutes les \u00e9tapes de la transformation.<\/p>\n<p>Test\u00e9 selon la norme <strong>Oeko-Tex Standard 100<\/strong> signifie que le produit a \u00e9t\u00e9 test\u00e9 pour un total de 100 substances nocives, azurants optiques ou similaires.<\/p>\n<p>Oeko-Tex classe de produit I &#8211; Pour les articles textiles destin\u00e9s aux petits enfants et aux b\u00e9b\u00e9s !<\/p>\n                            <\/div>\r\n                        <\/div>\r\n                    <\/div>\r\n                                                        <div class=\"col-sm-6 col-xl-4 item\">\r\n                        <div class=\"\">\r\n                            <div class=\"thumbnail\">\r\n                                \r\n                                    <figure  class=\"fit-cover d-block \">\r\n                    \r\n            <img  class='lazy'                    width=\"600\"\r\n                    height=\"403\"\r\n            data-src=\"https:\/\/www.diroy.com\/wp-content\/uploads\/2019\/09\/Hygcen-600x404.jpg.webp\"\r\n            data-srcset=\"https:\/\/www.diroy.com\/wp-content\/uploads\/2019\/09\/Hygcen-600x404.jpg.webp 1x, https:\/\/www.diroy.com\/wp-content\/uploads\/2019\/09\/Hygcen-600x404-retina.jpg.webp 2x\"\r\n            alt=\"Logo certification Hygecen\"\r\n            \/>\r\n                <\/figure>\r\n\r\n                            <\/div>\r\n                                                        <div class=\"body text-center\">\r\n                                <p><strong>La norme ISO 10993<\/strong> est une s\u00e9rie de normes ISO pour l\u2019\u00e9valuation biologique des dispositifs m\u00e9dicaux.<br \/>\nLa norme est particuli\u00e8rement pertinente pour les fabricants de dispositifs m\u00e9dicaux et de laboratoires d\u2019essais. Le but de la norme est d\u2019\u00e9valuer l\u2019\u00e9valuation biologique de la comptabilit\u00e9 des mat\u00e9riaux utilis\u00e9s avec le corps. Non seulement les produits, mais aussi les mat\u00e9riaux de d\u00e9part pour la production de dispositifs \u00e9tudi\u00e9s. La s\u00e9rie de normes ne se limite pas aux<br \/>\ndispositifs m\u00e9dicaux implantables, mais concerne un grand nombre de dispositifs m\u00e9dicaux. En plus des tests biologiques, la norme inclut \u00e9galement des tests physico-substances, et exige le respect des valeurs limites pour les substances.<\/p>\n<p>L\u2019ISO 10993 est publi\u00e9e en Allemagne en tant que norme DIN EN ISO 10993.<\/p>\n                            <\/div>\r\n                        <\/div>\r\n                    <\/div>\r\n                                                        <div class=\"col-sm-6 col-xl-4 item\">\r\n                        <div class=\"\">\r\n                            <div class=\"thumbnail\">\r\n                                \r\n                                    <figure  class=\"fit-cover d-block \">\r\n                    \r\n            <img  class='lazy'                    width=\"600\"\r\n                    height=\"403\"\r\n            data-src=\"https:\/\/www.diroy.com\/wp-content\/uploads\/2019\/09\/reach-600x404.jpg.webp\"\r\n            data-srcset=\"https:\/\/www.diroy.com\/wp-content\/uploads\/2019\/09\/reach-600x404.jpg.webp 1x, https:\/\/www.diroy.com\/wp-content\/uploads\/2019\/09\/reach-600x404-retina.jpg.webp 2x\"\r\n            alt=\"Certification Reach Compliance\"\r\n            \/>\r\n                <\/figure>\r\n\r\n                            <\/div>\r\n                                                        <div class=\"body text-center\">\r\n                                <p><strong>REACH<\/strong> est un r\u00e8glement europ\u00e9en (r\u00e8glement n\u00b01907\/2006) entr\u00e9 en vigueur en 2007 pour s\u00e9curiser la fabrication et l\u2019utilisation des substances chimiques dans l\u2019industrie europ\u00e9enne.<\/p>\n<p>Il s\u2019agit de recenser, d\u2019\u00e9valuer et de contr\u00f4ler les substances chimiques fabriqu\u00e9es, import\u00e9es, mises sur le march\u00e9 europ\u00e9en.<\/p>\n<p>Au 31 mai 2018, d\u00e9j\u00e0 plus de 20 000 substances chimiques sont connues et leurs risques potentiels \u00e9tablis ; l\u2019Europe dispose ainsi des moyens juridiques et techniques pour garantir \u00e0 tous un haut niveau de protection contre les risques li\u00e9s aux substances chimiques.<\/p>\n                            <\/div>\r\n                        <\/div>\r\n                    <\/div>\r\n                                                        <div class=\"col-sm-6 col-xl-4 item\">\r\n                        <div class=\"\">\r\n                            <div class=\"thumbnail\">\r\n                                \r\n                                    <figure  class=\"fit-cover d-block \">\r\n                    \r\n            <img  class='lazy'                    width=\"600\"\r\n                    height=\"403\"\r\n            data-src=\"https:\/\/www.diroy.com\/wp-content\/uploads\/2019\/09\/marque-alsace-600x404.jpg.webp\"\r\n            data-srcset=\"https:\/\/www.diroy.com\/wp-content\/uploads\/2019\/09\/marque-alsace-600x404.jpg.webp 1x, https:\/\/www.diroy.com\/wp-content\/uploads\/2019\/09\/marque-alsace-600x404-retina.jpg.webp 2x\"\r\n            alt=\"Certification Marque Alsacienne\"\r\n            \/>\r\n                <\/figure>\r\n\r\n                            <\/div>\r\n                                                        <div class=\"body text-center\">\r\n                                <p><strong>La marque Alsace<\/strong> est une r\u00e9f\u00e9rence de valeurs et de symboles not\u00e9 triple A : Ambition, Audace et Attractivit\u00e9.<\/p>\n                            <\/div>\r\n                        <\/div>\r\n                    <\/div>\r\n                                                        <div class=\"col-sm-6 col-xl-4 item\">\r\n                        <div class=\"\">\r\n                            <div class=\"thumbnail\">\r\n                                \r\n                                    <figure  class=\"fit-cover d-block \">\r\n                    \r\n            <img  class='lazy'                    width=\"600\"\r\n                    height=\"403\"\r\n            data-src=\"https:\/\/www.diroy.com\/wp-content\/uploads\/2022\/03\/Alsace_Excellence_logo-600x404.jpg.webp\"\r\n            data-srcset=\"https:\/\/www.diroy.com\/wp-content\/uploads\/2022\/03\/Alsace_Excellence_logo-600x404.jpg.webp 1x, https:\/\/www.diroy.com\/wp-content\/uploads\/2022\/03\/Alsace_Excellence_logo-600x404-retina.jpg.webp 2x\"\r\n            alt=\"Certification Logo Arlsace Excellence\"\r\n            \/>\r\n                <\/figure>\r\n\r\n                            <\/div>\r\n                                                        <div class=\"body text-center\">\r\n                                <p>Lanc\u00e9e en 2015, la d\u00e9marche <strong>Alsace Excellence<\/strong> a pour objectif de valoriser et attester de l\u2019excellence des entreprises alsaciennes. Ce label repose sur 3 piliers : <strong>la performance \u00e9conomique<\/strong>, <strong>l\u2019\u00e9thique sociale et soci\u00e9tale<\/strong>, et <strong>la responsabilit\u00e9 environnementale<\/strong>.<\/p>\n<p>Ce label est d\u00e9livr\u00e9 pour une p\u00e9riode de 3 ans, au cours de laquelle l\u2019entreprise s\u2019engage \u00e0 poursuivre la dynamique, et mettre en \u0153uvre les pistes de progr\u00e8s d\u00e9cel\u00e9es lors de l\u2019audit.<\/p>\n                            <\/div>\r\n                        <\/div>\r\n                    <\/div>\r\n                                    <\/div>\r\n    <\/div>\r\n<\/section>\n\n    <section id=\"excerpt-page-block_5d8cc520b32aa\" class=\"block-g block-excerpt alignfull bggris\">\r\n        <div class=\"container\">\r\n            <h3 class=\"block-title\"><\/h3>\r\n            <div class=\"row\">\r\n                                                                                <div class=\"col-md-6\">\r\n                            <div data-aos=\"fade-down-right\" data-aos-delay=\"0\" class=\"thumbnail\">\r\n                                    <figure  class=\"fit-cover\">\r\n                <picture>\r\n                                                            <source\r\n                        data-srcset=\"https:\/\/www.diroy.com\/wp-content\/uploads\/2019\/09\/calculteur-mousse-570x408.jpg.webp 1x, https:\/\/www.diroy.com\/wp-content\/uploads\/2019\/09\/calculteur-mousse-570x408-retina.jpg.webp 2x\"\r\n                        media=\"(max-width: 600px\"\/>\r\n                            \r\n            <img  class='lazy'                    width=\"670\"\r\n                    height=\"480\"\r\n            data-src=\"https:\/\/www.diroy.com\/wp-content\/uploads\/2019\/09\/calculteur-mousse-670x480.jpg.webp\"\r\n            data-srcset=\"https:\/\/www.diroy.com\/wp-content\/uploads\/2019\/09\/calculteur-mousse-670x480.jpg.webp 1x, https:\/\/www.diroy.com\/wp-content\/uploads\/2019\/09\/calculteur-mousse-670x480-retina.jpg.webp 2x\"\r\n            alt=\"Photo de diff\u00e9rentes mousses utilis\u00e9s chez Diroy fabricant de matelas\"\r\n            \/>\r\n                    <\/picture>\r\n        <\/figure>\r\n                            <\/div>\r\n                            <div data-aos=\"fade-up-left\" data-aos-delay=\"0\" class=\"row m-0 justify-content-end\">\r\n                                <div class=\"content col-lg-8\">\r\n                                    <h2 class=\"title\">\r\n                                        <span >\r\n                                            Mousse <strong>Calculateur de prix<\/strong>                                        <\/span>\r\n                                    <\/h2>\r\n                                                                                                                <p><a href=\"http:\/\/www.diroy.com\/fr\/expertise-mousse\/calculateur\/\" target=\"\" class=\"btn btn-outline-primary\">Acc\u00e8s au calculateur<\/a>\r\n                                        <\/p>\r\n                                                                    <\/div>\r\n                            <\/div>\r\n                        <\/div>\r\n                                                                    <div class=\"col-md-6\">\r\n                            <div data-aos=\"fade-down-right\" data-aos-delay=\"600\" class=\"thumbnail\">\r\n                                    <figure  class=\"fit-cover\">\r\n                <picture>\r\n                                                            <source\r\n                        data-srcset=\"https:\/\/www.diroy.com\/wp-content\/uploads\/2019\/07\/PHOTO_MOUSSE-570x408.jpg.webp 1x, https:\/\/www.diroy.com\/wp-content\/uploads\/2019\/07\/PHOTO_MOUSSE-570x408-retina.jpg.webp 2x\"\r\n                        media=\"(max-width: 600px\"\/>\r\n                            \r\n            <img  class='lazy'                    width=\"670\"\r\n                    height=\"480\"\r\n            data-src=\"https:\/\/www.diroy.com\/wp-content\/uploads\/2019\/07\/PHOTO_MOUSSE-670x480.jpg.webp\"\r\n            data-srcset=\"https:\/\/www.diroy.com\/wp-content\/uploads\/2019\/07\/PHOTO_MOUSSE-670x480.jpg.webp 1x, https:\/\/www.diroy.com\/wp-content\/uploads\/2019\/07\/PHOTO_MOUSSE-670x480-retina.jpg.webp 2x\"\r\n            alt=\"Photo impression mousse de matelas chez Diroy\"\r\n            \/>\r\n                    <\/picture>\r\n        <\/figure>\r\n                            <\/div>\r\n                            <div data-aos=\"fade-up-left\" data-aos-delay=\"600\" class=\"row m-0 justify-content-end\">\r\n                                <div class=\"content col-lg-8\">\r\n                                    <h2 class=\"title\">\r\n                                        <span >\r\n                                            Mousse <strong>Expertise &#038; savoir-faire<\/strong>                                        <\/span>\r\n                                    <\/h2>\r\n                                                                                                                <p><a href=\"http:\/\/www.diroy.com\/fr\/expertise-mousse\/notre-expertise-savoir-faire\/\" target=\"\" class=\"btn btn-outline-primary\">En savoir +<\/a>\r\n                                        <\/p>\r\n                                                                    <\/div>\r\n                            <\/div>\r\n                        <\/div>\r\n                                                                        <\/div>\r\n        <\/div>\r\n    <\/section>\r\n","protected":false},"excerpt":{"rendered":"<p>Mousse Diroy, ce sont des produits de qualit\u00e9 r\u00e9alis\u00e9s sur la base d\u2019un cahier des [&hellip;]<\/p>\n","protected":false},"author":1,"featured_media":0,"parent":20,"menu_order":0,"comment_status":"closed","ping_status":"closed","template":"","meta":{"_acf_changed":false,"footnotes":""},"class_list":["post-4165","page","type-page","status-publish","hentry"],"acf":[],"yoast_head":"<!-- This site is optimized with the Yoast SEO plugin v23.4 - https:\/\/yoast.com\/wordpress\/plugins\/seo\/ -->\n<title>Certifications Diroy \u2013 Gage de qualit\u00e9<\/title>\n<meta name=\"description\" content=\"D\u00e9couvrez les certifications Diroy : gage de qualit\u00e9 et de confiance pour votre literie.\" \/>\n<meta name=\"robots\" content=\"index, follow, max-snippet:-1, max-image-preview:large, max-video-preview:-1\" \/>\n<link rel=\"canonical\" href=\"https:\/\/www.diroy.com\/fr\/expertise-mousse\/nos-certifications\/\" \/>\n<meta property=\"og:locale\" content=\"fr_FR\" \/>\n<meta property=\"og:type\" content=\"article\" \/>\n<meta property=\"og:title\" content=\"Certifications Diroy \u2013 Gage de qualit\u00e9\" \/>\n<meta property=\"og:description\" content=\"D\u00e9couvrez les certifications Diroy : gage de qualit\u00e9 et de confiance pour votre literie.\" \/>\n<meta property=\"og:url\" content=\"https:\/\/www.diroy.com\/fr\/expertise-mousse\/nos-certifications\/\" \/>\n<meta property=\"og:site_name\" content=\"Diroy\" \/>\n<meta property=\"article:modified_time\" content=\"2022-03-18T14:37:51+00:00\" \/>\n<meta name=\"twitter:card\" content=\"summary_large_image\" \/>\n<meta name=\"twitter:label1\" content=\"Dur\u00e9e de lecture estim\u00e9e\" \/>\n\t<meta name=\"twitter:data1\" content=\"1 minute\" \/>\n<script type=\"application\/ld+json\" class=\"yoast-schema-graph\">{\"@context\":\"https:\/\/schema.org\",\"@graph\":[{\"@type\":\"WebPage\",\"@id\":\"https:\/\/www.diroy.com\/fr\/expertise-mousse\/nos-certifications\/\",\"url\":\"https:\/\/www.diroy.com\/fr\/expertise-mousse\/nos-certifications\/\",\"name\":\"Certifications Diroy \u2013 Gage de qualit\u00e9\",\"isPartOf\":{\"@id\":\"https:\/\/www.diroy.com\/fr\/#website\"},\"datePublished\":\"2019-09-18T12:56:12+00:00\",\"dateModified\":\"2022-03-18T14:37:51+00:00\",\"description\":\"D\u00e9couvrez les certifications Diroy : gage de qualit\u00e9 et de confiance pour votre literie.\",\"breadcrumb\":{\"@id\":\"https:\/\/www.diroy.com\/fr\/expertise-mousse\/nos-certifications\/#breadcrumb\"},\"inLanguage\":\"fr-FR\",\"potentialAction\":[{\"@type\":\"ReadAction\",\"target\":[\"https:\/\/www.diroy.com\/fr\/expertise-mousse\/nos-certifications\/\"]}]},{\"@type\":\"BreadcrumbList\",\"@id\":\"https:\/\/www.diroy.com\/fr\/expertise-mousse\/nos-certifications\/#breadcrumb\",\"itemListElement\":[{\"@type\":\"ListItem\",\"position\":1,\"name\":\"Accueil\",\"item\":\"https:\/\/www.diroy.com\/fr\/\"},{\"@type\":\"ListItem\",\"position\":2,\"name\":\"Expertise mousse\",\"item\":\"https:\/\/www.diroy.com\/fr\/expertise-mousse\/\"},{\"@type\":\"ListItem\",\"position\":3,\"name\":\"Nos certifications\"}]},{\"@type\":\"WebSite\",\"@id\":\"https:\/\/www.diroy.com\/fr\/#website\",\"url\":\"https:\/\/www.diroy.com\/fr\/\",\"name\":\"Diroy\",\"description\":\"\",\"potentialAction\":[{\"@type\":\"SearchAction\",\"target\":{\"@type\":\"EntryPoint\",\"urlTemplate\":\"https:\/\/www.diroy.com\/fr\/?s={search_term_string}\"},\"query-input\":{\"@type\":\"PropertyValueSpecification\",\"valueRequired\":true,\"valueName\":\"search_term_string\"}}],\"inLanguage\":\"fr-FR\"}]}<\/script>\n<!-- \/ Yoast SEO plugin. -->","yoast_head_json":{"title":"Certifications Diroy \u2013 Gage de qualit\u00e9","description":"D\u00e9couvrez les certifications Diroy : gage de qualit\u00e9 et de confiance pour votre literie.","robots":{"index":"index","follow":"follow","max-snippet":"max-snippet:-1","max-image-preview":"max-image-preview:large","max-video-preview":"max-video-preview:-1"},"canonical":"https:\/\/www.diroy.com\/fr\/expertise-mousse\/nos-certifications\/","og_locale":"fr_FR","og_type":"article","og_title":"Certifications Diroy \u2013 Gage de qualit\u00e9","og_description":"D\u00e9couvrez les certifications Diroy : gage de qualit\u00e9 et de confiance pour votre literie.","og_url":"https:\/\/www.diroy.com\/fr\/expertise-mousse\/nos-certifications\/","og_site_name":"Diroy","article_modified_time":"2022-03-18T14:37:51+00:00","twitter_card":"summary_large_image","twitter_misc":{"Dur\u00e9e de lecture estim\u00e9e":"1 minute"},"schema":{"@context":"https:\/\/schema.org","@graph":[{"@type":"WebPage","@id":"https:\/\/www.diroy.com\/fr\/expertise-mousse\/nos-certifications\/","url":"https:\/\/www.diroy.com\/fr\/expertise-mousse\/nos-certifications\/","name":"Certifications Diroy \u2013 Gage de qualit\u00e9","isPartOf":{"@id":"https:\/\/www.diroy.com\/fr\/#website"},"datePublished":"2019-09-18T12:56:12+00:00","dateModified":"2022-03-18T14:37:51+00:00","description":"D\u00e9couvrez les certifications Diroy : gage de qualit\u00e9 et de confiance pour votre literie.","breadcrumb":{"@id":"https:\/\/www.diroy.com\/fr\/expertise-mousse\/nos-certifications\/#breadcrumb"},"inLanguage":"fr-FR","potentialAction":[{"@type":"ReadAction","target":["https:\/\/www.diroy.com\/fr\/expertise-mousse\/nos-certifications\/"]}]},{"@type":"BreadcrumbList","@id":"https:\/\/www.diroy.com\/fr\/expertise-mousse\/nos-certifications\/#breadcrumb","itemListElement":[{"@type":"ListItem","position":1,"name":"Accueil","item":"https:\/\/www.diroy.com\/fr\/"},{"@type":"ListItem","position":2,"name":"Expertise mousse","item":"https:\/\/www.diroy.com\/fr\/expertise-mousse\/"},{"@type":"ListItem","position":3,"name":"Nos certifications"}]},{"@type":"WebSite","@id":"https:\/\/www.diroy.com\/fr\/#website","url":"https:\/\/www.diroy.com\/fr\/","name":"Diroy","description":"","potentialAction":[{"@type":"SearchAction","target":{"@type":"EntryPoint","urlTemplate":"https:\/\/www.diroy.com\/fr\/?s={search_term_string}"},"query-input":{"@type":"PropertyValueSpecification","valueRequired":true,"valueName":"search_term_string"}}],"inLanguage":"fr-FR"}]}},"_links":{"self":[{"href":"https:\/\/www.diroy.com\/fr\/wp-json\/wp\/v2\/pages\/4165"}],"collection":[{"href":"https:\/\/www.diroy.com\/fr\/wp-json\/wp\/v2\/pages"}],"about":[{"href":"https:\/\/www.diroy.com\/fr\/wp-json\/wp\/v2\/types\/page"}],"author":[{"embeddable":true,"href":"https:\/\/www.diroy.com\/fr\/wp-json\/wp\/v2\/users\/1"}],"replies":[{"embeddable":true,"href":"https:\/\/www.diroy.com\/fr\/wp-json\/wp\/v2\/comments?post=4165"}],"version-history":[{"count":0,"href":"https:\/\/www.diroy.com\/fr\/wp-json\/wp\/v2\/pages\/4165\/revisions"}],"up":[{"embeddable":true,"href":"https:\/\/www.diroy.com\/fr\/wp-json\/wp\/v2\/pages\/20"}],"wp:attachment":[{"href":"https:\/\/www.diroy.com\/fr\/wp-json\/wp\/v2\/media?parent=4165"}],"curies":[{"name":"wp","href":"https:\/\/api.w.org\/{rel}","templated":true}]}}