{"id":3962,"date":"2019-09-16T16:58:57","date_gmt":"2019-09-16T14:58:57","guid":{"rendered":"https:\/\/www.diroy.com\/?page_id=3962"},"modified":"2025-07-29T16:45:20","modified_gmt":"2025-07-29T14:45:20","slug":"nos-normes-labels","status":"publish","type":"page","link":"https:\/\/www.diroy.com\/fr\/la-manufacture\/nos-normes-labels\/","title":{"rendered":"Nos normes &#038; labels"},"content":{"rendered":"\r\n<section id=\"presentation-block_86f84fd165974f68e352504f6de8bed1\" class=\"block-g block-presentation alignfull \">\r\n    <div class=\"container container-s\">\r\n        <div class=\"row\">\r\n                                                                    <div class=\"col-sm-6 col-xl-4 item\">\r\n                        <div class=\"\">\r\n                            <div class=\"thumbnail\">\r\n                                \r\n                                    <figure  class=\"fit-cover d-block \">\r\n                    \r\n            <img  class='lazy'                    width=\"600\"\r\n                    height=\"403\"\r\n            data-src=\"https:\/\/www.diroy.com\/wp-content\/uploads\/2019\/09\/belle-literie-600x404.jpg.webp\"\r\n            data-srcset=\"https:\/\/www.diroy.com\/wp-content\/uploads\/2019\/09\/belle-literie-600x404.jpg.webp 1x, https:\/\/www.diroy.com\/wp-content\/uploads\/2019\/09\/belle-literie-600x404-retina.jpg.webp 2x\"\r\n            alt=\"Logo belle literie\"\r\n            \/>\r\n                <\/figure>\r\n\r\n                            <\/div>\r\n                                                        <div class=\"body text-center\">\r\n                                <p><strong>Belle Literie<\/strong> est une r\u00e9f\u00e9rence qualit\u00e9, r\u00e9pondant \u00e0 des exigences d\u00e9finies par un cahier des charges rigoureux \u00e9tablis avec l\u2019Institut Technologique FCBA, organisme ind\u00e9pendant et certifi\u00e9.<\/p>\n<p>Belle Literie vous assure d\u2019une production fran\u00e7aise contr\u00f4l\u00e9e qui repose sur 3 engagements :<\/p>\n<ul>\n<li><strong>La qualit\u00e9<\/strong> : en conformit\u00e9 aux cahiers des charges garants de la qualit\u00e9 du produit que vous achetez<\/li>\n<li><strong>La s\u00e9curit\u00e9<\/strong> : en r\u00e9pondant aux tests et aux contr\u00f4les de mise en conformit\u00e9 produit<\/li>\n<li><strong>La tra\u00e7abilit\u00e9<\/strong> : en portant un num\u00e9ro d\u2019identification unique assurant la tra\u00e7abilit\u00e9 du produit.<\/li>\n<\/ul>\n<p>Avec Belle Literie, vous faites un achat fiable et vous avez la certitude que l\u2019engagement de Diroy a \u00e9t\u00e9 test\u00e9 et prouv\u00e9.<\/p>\n                            <\/div>\r\n                        <\/div>\r\n                    <\/div>\r\n                                                        <div class=\"col-sm-6 col-xl-4 item\">\r\n                        <div class=\"\">\r\n                            <div class=\"thumbnail\">\r\n                                \r\n                                    <figure  class=\"fit-cover d-block \">\r\n                    \r\n            <img  class='lazy'                    width=\"600\"\r\n                    height=\"403\"\r\n            data-src=\"https:\/\/www.diroy.com\/wp-content\/uploads\/2019\/09\/belle-literie-excellence-600x404.jpg.webp\"\r\n            data-srcset=\"https:\/\/www.diroy.com\/wp-content\/uploads\/2019\/09\/belle-literie-excellence-600x404.jpg.webp 1x, https:\/\/www.diroy.com\/wp-content\/uploads\/2019\/09\/belle-literie-excellence-600x404-retina.jpg.webp 2x\"\r\n            alt=\"Logo certification belle literie Excellence Fabriqu\u00e9 en France\"\r\n            \/>\r\n                <\/figure>\r\n\r\n                            <\/div>\r\n                                                        <div class=\"body text-center\">\r\n                                <p><strong>Belle Literie Excellence<\/strong>, l\u2019exception fran\u00e7aise au service de vos nuits, cette r\u00e9f\u00e9rence qualit\u00e9 r\u00e9pond non seulement aux exigences de Belle Literie mais elle int\u00e8gre des crit\u00e8res de fabrication extr\u00eamement rigoureux :<\/p>\n<ul>\n<li><strong>La qualit\u00e9 de fabrication haut de gamme<\/strong> : de la conception \u00e0 la fabrication, nos produits sont les h\u00e9ritiers de l\u2019artisanat et du savoir-faire fran\u00e7ais<\/li>\n<li><strong>L\u2019utilisation des mat\u00e9riaux les plus nobles<\/strong> : tous nos mat\u00e9riaux sont choisis avec le plus grand soin pour leur qualit\u00e9 naturelle et le confort qu\u2019ils apportent.<\/li>\n<\/ul>\n<p>En choisissant un produit Belle Literie Excellence, vous vous assurez d\u2019un produit de haute qualit\u00e9 et d\u2019une durabilit\u00e9 garantie.<\/p>\n                            <\/div>\r\n                        <\/div>\r\n                    <\/div>\r\n                                                        <div class=\"col-sm-6 col-xl-4 item\">\r\n                        <div class=\"\">\r\n                            <div class=\"thumbnail\">\r\n                                \r\n                                    <figure  class=\"fit-cover d-block \">\r\n                    \r\n            <img  class='lazy'                    width=\"600\"\r\n                    height=\"403\"\r\n            data-src=\"https:\/\/www.diroy.com\/wp-content\/uploads\/2019\/09\/Greenfirst-anti-acariens-600x404.jpg.webp\"\r\n            data-srcset=\"https:\/\/www.diroy.com\/wp-content\/uploads\/2019\/09\/Greenfirst-anti-acariens-600x404.jpg.webp 1x, https:\/\/www.diroy.com\/wp-content\/uploads\/2019\/09\/Greenfirst-anti-acariens-600x404-retina.jpg.webp 2x\"\r\n            alt=\"Certification logo Greenfirst anti acariens\"\r\n            \/>\r\n                <\/figure>\r\n\r\n                            <\/div>\r\n                                                        <div class=\"body text-center\">\r\n                                <p>La solution <strong>Greenfirst<\/strong>, un traitement inspir\u00e9 par les plantes contre les acariens et les punaises de lit.<br \/>\nFinition v\u00e9g\u00e9tale par excellence GREENFIRST\u00ae est la r\u00e9ponse efficace la plus v\u00e9g\u00e9tale dans la lutte contre les nuisibles comme les acariens ou les punaises de lit.<\/p>\n<p>Sa Substance Active est une qualit\u00e9 sp\u00e9cifique de G\u00e9raniol d\u2019origine 100% v\u00e9g\u00e9tale lui conf\u00e9rant ainsi des propri\u00e9t\u00e9s remarquables. Elle est associ\u00e9e \u00e0 des extraits d\u2019huiles essentielles de lavande, de citron ou encore d\u2019eucalyptus.<\/p>\n                            <\/div>\r\n                        <\/div>\r\n                    <\/div>\r\n                                                        <div class=\"col-sm-6 col-xl-4 item\">\r\n                        <div class=\"\">\r\n                            <div class=\"thumbnail\">\r\n                                \r\n                                    <figure  class=\"fit-cover d-block \">\r\n                    \r\n            <img  class='lazy'                    width=\"600\"\r\n                    height=\"403\"\r\n            data-src=\"https:\/\/www.diroy.com\/wp-content\/uploads\/2019\/09\/Marine-equipment-600x404.jpg.webp\"\r\n            data-srcset=\"https:\/\/www.diroy.com\/wp-content\/uploads\/2019\/09\/Marine-equipment-600x404.jpg.webp 1x, https:\/\/www.diroy.com\/wp-content\/uploads\/2019\/09\/Marine-equipment-600x404-retina.jpg.webp 2x\"\r\n            alt=\"Certification Equipement Marine\"\r\n            \/>\r\n                <\/figure>\r\n\r\n                            <\/div>\r\n                                                        <div class=\"body text-center\">\r\n                                <p><strong>Marine Equipment Directive (MED)<\/strong>, certification de l\u2019entreprise et de nos produits \u00e0 l\u2019utilisation maritime.<\/p>\n                            <\/div>\r\n                        <\/div>\r\n                    <\/div>\r\n                                                        <div class=\"col-sm-6 col-xl-4 item\">\r\n                        <div class=\"\">\r\n                            <div class=\"thumbnail\">\r\n                                \r\n                                    <figure  class=\"fit-cover d-block \">\r\n                    \r\n            <img  class='lazy'                    width=\"600\"\r\n                    height=\"403\"\r\n            data-src=\"https:\/\/www.diroy.com\/wp-content\/uploads\/2025\/07\/ISO-9001-600x404-retina.jpg-600x404.jpg.webp\"\r\n            data-srcset=\"https:\/\/www.diroy.com\/wp-content\/uploads\/2025\/07\/ISO-9001-600x404-retina.jpg-600x404.jpg.webp 1x, https:\/\/www.diroy.com\/wp-content\/uploads\/2025\/07\/ISO-9001-600x404-retina.jpg-600x404-retina.jpg.webp 2x\"\r\n            alt=\"certification iso 9001\"\r\n            \/>\r\n                <\/figure>\r\n\r\n                            <\/div>\r\n                                                        <div class=\"body text-center\">\r\n                                <p><strong>ISO 9001 : Management de la Qualit\u00e9<\/strong><br \/>\nNorme qui repose sur un certain nombre d\u2019\u00e9l\u00e9ments de management de la qualit\u00e9, notamment une forte orientation client, la motivation et l\u2019engagement de la direction, l\u2019approche processus et l\u2019am\u00e9lioration continue. Ce r\u00e9f\u00e9rentiel assure que les clients obtiennent des produits et services uniformes et de bonne qualit\u00e9<\/p>\n                            <\/div>\r\n                        <\/div>\r\n                    <\/div>\r\n                                                        <div class=\"col-sm-6 col-xl-4 item\">\r\n                        <div class=\"\">\r\n                            <div class=\"thumbnail\">\r\n                                \r\n                                    <figure  class=\"fit-cover d-block \">\r\n                    \r\n            <img  class='lazy'                    width=\"600\"\r\n                    height=\"403\"\r\n            data-src=\"https:\/\/www.diroy.com\/wp-content\/uploads\/2025\/07\/ISO-14001-600x404-retina.jpg-600x404.jpg.webp\"\r\n            data-srcset=\"https:\/\/www.diroy.com\/wp-content\/uploads\/2025\/07\/ISO-14001-600x404-retina.jpg-600x404.jpg.webp 1x, https:\/\/www.diroy.com\/wp-content\/uploads\/2025\/07\/ISO-14001-600x404-retina.jpg-600x404-retina.jpg.webp 2x\"\r\n            alt=\"certification iso 14001\"\r\n            \/>\r\n                <\/figure>\r\n\r\n                            <\/div>\r\n                                                        <div class=\"body text-center\">\r\n                                <p><strong>ISO 14001 : Management environnemental<\/strong><br \/>\nCette norme repose sur des syst\u00e8mes de management environnemental.<\/p>\n                            <\/div>\r\n                        <\/div>\r\n                    <\/div>\r\n                                                        <div class=\"col-sm-6 col-xl-4 item\">\r\n                        <div class=\"\">\r\n                            <div class=\"thumbnail\">\r\n                                \r\n                                    <figure  class=\"fit-cover d-block \">\r\n                    \r\n            <img  class='lazy'                    width=\"600\"\r\n                    height=\"403\"\r\n            data-src=\"https:\/\/www.diroy.com\/wp-content\/uploads\/2025\/07\/ISO-45001-600x404-retina.jpg-600x404.jpg.webp\"\r\n            data-srcset=\"https:\/\/www.diroy.com\/wp-content\/uploads\/2025\/07\/ISO-45001-600x404-retina.jpg-600x404.jpg.webp 1x, https:\/\/www.diroy.com\/wp-content\/uploads\/2025\/07\/ISO-45001-600x404-retina.jpg-600x404-retina.jpg.webp 2x\"\r\n            alt=\"certification iso 45001\"\r\n            \/>\r\n                <\/figure>\r\n\r\n                            <\/div>\r\n                                                        <div class=\"body text-center\">\r\n                                <p><strong>ISO 45001 &#8211; Gestion de la sant\u00e9 et de la s\u00e9curit\u00e9 au travail<\/strong><br \/>\nNorme qui assure les organisations de l\u2019am\u00e9lioration de la s\u00e9curit\u00e9 des travailleurs, de la r\u00e9duction des risques sur le lieu de travail et de la cr\u00e9ation des conditions de travail meilleures et plus s\u00fbres.<\/p>\n                            <\/div>\r\n                        <\/div>\r\n                    <\/div>\r\n                                                        <div class=\"col-sm-6 col-xl-4 item\">\r\n                        <div class=\"\">\r\n                            <div class=\"thumbnail\">\r\n                                \r\n                                    <figure  class=\"fit-cover d-block \">\r\n                    \r\n            <img  class='lazy'                    width=\"600\"\r\n                    height=\"403\"\r\n            data-src=\"https:\/\/www.diroy.com\/wp-content\/uploads\/2019\/09\/oeko-tex-600x404.jpg.webp\"\r\n            data-srcset=\"https:\/\/www.diroy.com\/wp-content\/uploads\/2019\/09\/oeko-tex-600x404.jpg.webp 1x, https:\/\/www.diroy.com\/wp-content\/uploads\/2019\/09\/oeko-tex-600x404-retina.jpg.webp 2x\"\r\n            alt=\"Certification oeko-tex Standard 100\"\r\n            \/>\r\n                <\/figure>\r\n\r\n                            <\/div>\r\n                                                        <div class=\"body text-center\">\r\n                                <p>Le sceau <strong>\u00abConfiance dans les textiles\u00bb<\/strong> est l\u2019un des certificats de qualit\u00e9 les plus connus en Europe et s\u2019applique aux mati\u00e8res premi\u00e8res textiles, aux produits interm\u00e9diaires et aux produits finis \u00e0 toutes les \u00e9tapes de la transformation.<\/p>\n<p>Test\u00e9 selon la norme <strong>Oeko-Tex Standard 100<\/strong> signifie que le produit a \u00e9t\u00e9 test\u00e9 pour un total de 100 substances nocives, azurants optiques ou similaires.<\/p>\n<p>Oeko-Tex classe de produit I &#8211; Pour les articles textiles<br \/>\ndestin\u00e9s aux petits enfants et aux b\u00e9b\u00e9s !<\/p>\n                            <\/div>\r\n                        <\/div>\r\n                    <\/div>\r\n                                                        <div class=\"col-sm-6 col-xl-4 item\">\r\n                        <div class=\"\">\r\n                            <div class=\"thumbnail\">\r\n                                \r\n                                    <figure  class=\"fit-cover d-block \">\r\n                    \r\n            <img  class='lazy'                    width=\"600\"\r\n                    height=\"403\"\r\n            data-src=\"https:\/\/www.diroy.com\/wp-content\/uploads\/2019\/09\/Hygcen-600x404.jpg.webp\"\r\n            data-srcset=\"https:\/\/www.diroy.com\/wp-content\/uploads\/2019\/09\/Hygcen-600x404.jpg.webp 1x, https:\/\/www.diroy.com\/wp-content\/uploads\/2019\/09\/Hygcen-600x404-retina.jpg.webp 2x\"\r\n            alt=\"Logo certification Hygecen\"\r\n            \/>\r\n                <\/figure>\r\n\r\n                            <\/div>\r\n                                                        <div class=\"body text-center\">\r\n                                <p><strong>La norme ISO 10993<\/strong> est une s\u00e9rie de normes ISO pour l\u2019\u00e9valuation biologique des dispositifs m\u00e9dicaux. La norme est particuli\u00e8rement pertinente pour les fabricants de dispositifs m\u00e9dicaux et de laboratoires d\u2019essais. Le but de la norme est d\u2019\u00e9valuer l\u2019\u00e9valuation biologique de la comptabilit\u00e9 des mat\u00e9riaux utilis\u00e9s avec le corps. Non seulement les produits, mais aussi les mat\u00e9riaux de d\u00e9part pour la production de dispositifs \u00e9tudi\u00e9s. La s\u00e9rie de normes ne se limite pas aux dispositifs m\u00e9dicaux implantables, mais concerne un grand nombre de dispositifs m\u00e9dicaux. En plus des tests biologiques, la norme inclut \u00e9galement des tests physico-substances, et exige le respect des valeurs limites pour les substances.<\/p>\n<p>L\u2019ISO 10993 est publi\u00e9e en Allemagne en tant que norme DIN EN ISO 10993.<\/p>\n                            <\/div>\r\n                        <\/div>\r\n                    <\/div>\r\n                                                        <div class=\"col-sm-6 col-xl-4 item\">\r\n                        <div class=\"\">\r\n                            <div class=\"thumbnail\">\r\n                                \r\n                                    <figure  class=\"fit-cover d-block \">\r\n                    \r\n            <img  class='lazy'                    width=\"600\"\r\n                    height=\"403\"\r\n            data-src=\"https:\/\/www.diroy.com\/wp-content\/uploads\/2019\/09\/Certipur-600x404.jpg.webp\"\r\n            data-srcset=\"https:\/\/www.diroy.com\/wp-content\/uploads\/2019\/09\/Certipur-600x404.jpg.webp 1x, https:\/\/www.diroy.com\/wp-content\/uploads\/2019\/09\/Certipur-600x404-retina.jpg.webp 2x\"\r\n            alt=\"Logo Certification Certipur\"\r\n            \/>\r\n                <\/figure>\r\n\r\n                            <\/div>\r\n                                                        <div class=\"body text-center\">\r\n                                <p><strong>CertiPUR<\/strong> est un programme volontaire de test, d\u2019analyse et de certification des caract\u00e9ristiques environnementales, sanitaires et en mati\u00e8re de s\u00e9curit\u00e9 des mousses de polyur\u00e9thane utilis\u00e9es dans la literie et les meubles capitonn\u00e9s. Il d\u00e9finit les substances dont l\u2019utilisation est interdite dans la production de mousses de polyur\u00e9thane et fixe des plafonds stricts pour certaines composantes.<\/p>\n                            <\/div>\r\n                        <\/div>\r\n                    <\/div>\r\n                                                        <div class=\"col-sm-6 col-xl-4 item\">\r\n                        <div class=\"\">\r\n                            <div class=\"thumbnail\">\r\n                                \r\n                                    <figure  class=\"fit-cover d-block \">\r\n                    \r\n            <img  class='lazy'                    width=\"600\"\r\n                    height=\"403\"\r\n            data-src=\"https:\/\/www.diroy.com\/wp-content\/uploads\/2019\/09\/reach-600x404.jpg.webp\"\r\n            data-srcset=\"https:\/\/www.diroy.com\/wp-content\/uploads\/2019\/09\/reach-600x404.jpg.webp 1x, https:\/\/www.diroy.com\/wp-content\/uploads\/2019\/09\/reach-600x404-retina.jpg.webp 2x\"\r\n            alt=\"Certification Reach Compliance\"\r\n            \/>\r\n                <\/figure>\r\n\r\n                            <\/div>\r\n                                                        <div class=\"body text-center\">\r\n                                <p><strong>REACH<\/strong> est un r\u00e8glement europ\u00e9en (r\u00e8glement n\u00b01907\/2006) entr\u00e9 en vigueur en 2007 pour s\u00e9curiser la fabrication et l\u2019utilisation des substances chimiques dans l\u2019industrie europ\u00e9enne.<\/p>\n<p>Il s\u2019agit de recenser, d\u2019\u00e9valuer et de contr\u00f4ler les substances chimiques fabriqu\u00e9es, import\u00e9es, mises sur le march\u00e9 europ\u00e9en.<\/p>\n<p>Au 31 mai 2018, d\u00e9j\u00e0 plus de 20 000 substances chimiques sont connues et leurs risques potentiels \u00e9tablis ; l\u2019Europe dispose ainsi des moyens juridiques et techniques pour garantir \u00e0 tous un haut niveau de protection contre les risques li\u00e9s aux substances chimiques.<\/p>\n                            <\/div>\r\n                        <\/div>\r\n                    <\/div>\r\n                                                        <div class=\"col-sm-6 col-xl-4 item\">\r\n                        <div class=\"\">\r\n                            <div class=\"thumbnail\">\r\n                                \r\n                                    <figure  class=\"fit-cover d-block \">\r\n                    \r\n            <img  class='lazy'                    width=\"600\"\r\n                    height=\"403\"\r\n            data-src=\"https:\/\/www.diroy.com\/wp-content\/uploads\/2019\/09\/marque-alsace-600x404.jpg.webp\"\r\n            data-srcset=\"https:\/\/www.diroy.com\/wp-content\/uploads\/2019\/09\/marque-alsace-600x404.jpg.webp 1x, https:\/\/www.diroy.com\/wp-content\/uploads\/2019\/09\/marque-alsace-600x404-retina.jpg.webp 2x\"\r\n            alt=\"Certification Marque Alsacienne\"\r\n            \/>\r\n                <\/figure>\r\n\r\n                            <\/div>\r\n                                                        <div class=\"body text-center\">\r\n                                <p><strong>La marque Alsace<\/strong> est une r\u00e9f\u00e9rence de valeurs et de symboles not\u00e9 triple A : Ambition, Audace et Attractivit\u00e9.<\/p>\n                            <\/div>\r\n                        <\/div>\r\n                    <\/div>\r\n                                    <\/div>\r\n    <\/div>\r\n<\/section>","protected":false},"excerpt":{"rendered":"","protected":false},"author":1,"featured_media":0,"parent":16,"menu_order":0,"comment_status":"closed","ping_status":"closed","template":"","meta":{"_acf_changed":false,"footnotes":""},"class_list":["post-3962","page","type-page","status-publish","hentry"],"acf":[],"yoast_head":"<!-- This site is optimized with the Yoast SEO plugin v23.4 - https:\/\/yoast.com\/wordpress\/plugins\/seo\/ -->\n<title>Normes et labels qualit\u00e9 \u2013 Diroy<\/title>\n<meta name=\"description\" content=\"Engagements qualit\u00e9 : normes strictes et labels garantissant confort et s\u00e9curit\u00e9.\" \/>\n<meta name=\"robots\" content=\"index, follow, max-snippet:-1, max-image-preview:large, max-video-preview:-1\" \/>\n<link rel=\"canonical\" href=\"https:\/\/www.diroy.com\/fr\/la-manufacture\/nos-normes-labels\/\" \/>\n<meta property=\"og:locale\" content=\"fr_FR\" \/>\n<meta property=\"og:type\" content=\"article\" \/>\n<meta property=\"og:title\" content=\"Normes et labels qualit\u00e9 \u2013 Diroy\" \/>\n<meta property=\"og:description\" content=\"Engagements qualit\u00e9 : normes strictes et labels garantissant confort et s\u00e9curit\u00e9.\" \/>\n<meta property=\"og:url\" content=\"https:\/\/www.diroy.com\/fr\/la-manufacture\/nos-normes-labels\/\" \/>\n<meta property=\"og:site_name\" content=\"Diroy\" \/>\n<meta property=\"article:modified_time\" content=\"2025-07-29T14:45:20+00:00\" \/>\n<meta name=\"twitter:card\" content=\"summary_large_image\" \/>\n<script type=\"application\/ld+json\" class=\"yoast-schema-graph\">{\"@context\":\"https:\/\/schema.org\",\"@graph\":[{\"@type\":\"WebPage\",\"@id\":\"https:\/\/www.diroy.com\/fr\/la-manufacture\/nos-normes-labels\/\",\"url\":\"https:\/\/www.diroy.com\/fr\/la-manufacture\/nos-normes-labels\/\",\"name\":\"Normes et labels qualit\u00e9 \u2013 Diroy\",\"isPartOf\":{\"@id\":\"https:\/\/www.diroy.com\/fr\/#website\"},\"datePublished\":\"2019-09-16T14:58:57+00:00\",\"dateModified\":\"2025-07-29T14:45:20+00:00\",\"description\":\"Engagements qualit\u00e9 : normes strictes et labels garantissant confort et s\u00e9curit\u00e9.\",\"breadcrumb\":{\"@id\":\"https:\/\/www.diroy.com\/fr\/la-manufacture\/nos-normes-labels\/#breadcrumb\"},\"inLanguage\":\"fr-FR\",\"potentialAction\":[{\"@type\":\"ReadAction\",\"target\":[\"https:\/\/www.diroy.com\/fr\/la-manufacture\/nos-normes-labels\/\"]}]},{\"@type\":\"BreadcrumbList\",\"@id\":\"https:\/\/www.diroy.com\/fr\/la-manufacture\/nos-normes-labels\/#breadcrumb\",\"itemListElement\":[{\"@type\":\"ListItem\",\"position\":1,\"name\":\"Accueil\",\"item\":\"https:\/\/www.diroy.com\/fr\/\"},{\"@type\":\"ListItem\",\"position\":2,\"name\":\"La manufacture\",\"item\":\"https:\/\/diroy.com\/fr\/la-manufacture\/\"},{\"@type\":\"ListItem\",\"position\":3,\"name\":\"Nos normes &#038; labels\"}]},{\"@type\":\"WebSite\",\"@id\":\"https:\/\/www.diroy.com\/fr\/#website\",\"url\":\"https:\/\/www.diroy.com\/fr\/\",\"name\":\"Diroy\",\"description\":\"\",\"potentialAction\":[{\"@type\":\"SearchAction\",\"target\":{\"@type\":\"EntryPoint\",\"urlTemplate\":\"https:\/\/www.diroy.com\/fr\/?s={search_term_string}\"},\"query-input\":{\"@type\":\"PropertyValueSpecification\",\"valueRequired\":true,\"valueName\":\"search_term_string\"}}],\"inLanguage\":\"fr-FR\"}]}<\/script>\n<!-- \/ Yoast SEO plugin. -->","yoast_head_json":{"title":"Normes et labels qualit\u00e9 \u2013 Diroy","description":"Engagements qualit\u00e9 : normes strictes et labels garantissant confort et s\u00e9curit\u00e9.","robots":{"index":"index","follow":"follow","max-snippet":"max-snippet:-1","max-image-preview":"max-image-preview:large","max-video-preview":"max-video-preview:-1"},"canonical":"https:\/\/www.diroy.com\/fr\/la-manufacture\/nos-normes-labels\/","og_locale":"fr_FR","og_type":"article","og_title":"Normes et labels qualit\u00e9 \u2013 Diroy","og_description":"Engagements qualit\u00e9 : normes strictes et labels garantissant confort et s\u00e9curit\u00e9.","og_url":"https:\/\/www.diroy.com\/fr\/la-manufacture\/nos-normes-labels\/","og_site_name":"Diroy","article_modified_time":"2025-07-29T14:45:20+00:00","twitter_card":"summary_large_image","schema":{"@context":"https:\/\/schema.org","@graph":[{"@type":"WebPage","@id":"https:\/\/www.diroy.com\/fr\/la-manufacture\/nos-normes-labels\/","url":"https:\/\/www.diroy.com\/fr\/la-manufacture\/nos-normes-labels\/","name":"Normes et labels qualit\u00e9 \u2013 Diroy","isPartOf":{"@id":"https:\/\/www.diroy.com\/fr\/#website"},"datePublished":"2019-09-16T14:58:57+00:00","dateModified":"2025-07-29T14:45:20+00:00","description":"Engagements qualit\u00e9 : normes strictes et labels garantissant confort et s\u00e9curit\u00e9.","breadcrumb":{"@id":"https:\/\/www.diroy.com\/fr\/la-manufacture\/nos-normes-labels\/#breadcrumb"},"inLanguage":"fr-FR","potentialAction":[{"@type":"ReadAction","target":["https:\/\/www.diroy.com\/fr\/la-manufacture\/nos-normes-labels\/"]}]},{"@type":"BreadcrumbList","@id":"https:\/\/www.diroy.com\/fr\/la-manufacture\/nos-normes-labels\/#breadcrumb","itemListElement":[{"@type":"ListItem","position":1,"name":"Accueil","item":"https:\/\/www.diroy.com\/fr\/"},{"@type":"ListItem","position":2,"name":"La manufacture","item":"https:\/\/diroy.com\/fr\/la-manufacture\/"},{"@type":"ListItem","position":3,"name":"Nos normes &#038; labels"}]},{"@type":"WebSite","@id":"https:\/\/www.diroy.com\/fr\/#website","url":"https:\/\/www.diroy.com\/fr\/","name":"Diroy","description":"","potentialAction":[{"@type":"SearchAction","target":{"@type":"EntryPoint","urlTemplate":"https:\/\/www.diroy.com\/fr\/?s={search_term_string}"},"query-input":{"@type":"PropertyValueSpecification","valueRequired":true,"valueName":"search_term_string"}}],"inLanguage":"fr-FR"}]}},"_links":{"self":[{"href":"https:\/\/www.diroy.com\/fr\/wp-json\/wp\/v2\/pages\/3962"}],"collection":[{"href":"https:\/\/www.diroy.com\/fr\/wp-json\/wp\/v2\/pages"}],"about":[{"href":"https:\/\/www.diroy.com\/fr\/wp-json\/wp\/v2\/types\/page"}],"author":[{"embeddable":true,"href":"https:\/\/www.diroy.com\/fr\/wp-json\/wp\/v2\/users\/1"}],"replies":[{"embeddable":true,"href":"https:\/\/www.diroy.com\/fr\/wp-json\/wp\/v2\/comments?post=3962"}],"version-history":[{"count":1,"href":"https:\/\/www.diroy.com\/fr\/wp-json\/wp\/v2\/pages\/3962\/revisions"}],"predecessor-version":[{"id":27731,"href":"https:\/\/www.diroy.com\/fr\/wp-json\/wp\/v2\/pages\/3962\/revisions\/27731"}],"up":[{"embeddable":true,"href":"https:\/\/www.diroy.com\/fr\/wp-json\/wp\/v2\/pages\/16"}],"wp:attachment":[{"href":"https:\/\/www.diroy.com\/fr\/wp-json\/wp\/v2\/media?parent=3962"}],"curies":[{"name":"wp","href":"https:\/\/api.w.org\/{rel}","templated":true}]}}