{"id":3960,"date":"2019-09-16T16:58:34","date_gmt":"2019-09-16T14:58:34","guid":{"rendered":"https:\/\/www.diroy.com\/?page_id=3960"},"modified":"2025-10-02T11:13:07","modified_gmt":"2025-10-02T09:13:07","slug":"developpement-durable","status":"publish","type":"page","link":"https:\/\/www.diroy.com\/fr\/la-manufacture\/developpement-durable\/","title":{"rendered":"Un engagement durable"},"content":{"rendered":"\n<p class=\"has-text-align-center\"> Entreprise de savoir-faire et de sensibilit\u00e9, Diroy est soucieuse de la qualit\u00e9 et de la durabilit\u00e9 de ses r\u00e9alisations\u2026 mais pas que ! L\u2019entreprise est \u00e9galement tr\u00e8s investie dans la pr\u00e9servation de l\u2019environnement et s\u2019attache \u00e0 travailler sans jamais perdre de vue cette valeur essentielle. <\/p>\n\n\n    <section id=\"excerpt-page-block_52a65db51808b643f76c43aec1bffa1c\" class=\"block-g block-excerpt alignfull bgblanc\">\r\n        <div class=\"container\">\r\n            <h3 class=\"block-title\"><\/h3>\r\n            <div class=\"row\">\r\n                                    <div data-aos=\"fade-right\" class=\"col-md-6 col-img \">\r\n                            <figure  class=\"fit-cover\">\r\n                <picture>\r\n                                                            <source\r\n                        data-srcset=\"https:\/\/www.diroy.com\/wp-content\/uploads\/2019\/09\/manufacture-engagement-durable-pt-570x408.jpg.webp 1x, https:\/\/www.diroy.com\/wp-content\/uploads\/2019\/09\/manufacture-engagement-durable-pt-570x408-retina.jpg.webp 2x\"\r\n                        media=\"(max-width: 600px\"\/>\r\n                            \r\n            <img  class='lazy'                    width=\"670\"\r\n                    height=\"480\"\r\n            data-src=\"https:\/\/www.diroy.com\/wp-content\/uploads\/2019\/09\/manufacture-engagement-durable-pt-670x480.jpg.webp\"\r\n            data-srcset=\"https:\/\/www.diroy.com\/wp-content\/uploads\/2019\/09\/manufacture-engagement-durable-pt-670x480.jpg.webp 1x, https:\/\/www.diroy.com\/wp-content\/uploads\/2019\/09\/manufacture-engagement-durable-pt-670x480-retina.jpg.webp 2x\"\r\n            alt=\"photo de la recolte des mati\u00e8res mousses \u00e0 recycler chez Diroy pour les nouveaux matelas\"\r\n            \/>\r\n                    <\/picture>\r\n        <\/figure>\r\n                    <\/div>\r\n                    <div data-aos=\"fade-left\" class=\"col-md-6 col-txt\">\r\n                        <div class=\"content\">\r\n                            <h2 class=\"title\">\r\n                                <span >\r\n                                    <strong>D\u00c9VELOPPEMENT DURABLE &#038; ANCRAGE LOCAL<\/strong>                                <\/span>\r\n                            <\/h2>\r\n                                                            <div class=\"excerpt\">\r\n                                    <p>Diroy conjugue d\u00e9veloppement durable et ancrage local ; au quotidien, <strong>aucun d\u00e9chet industriel n\u2019\u00e9chappe au retraitement et \u00e0 la revalorisation<\/strong>, tous les <strong>solvants<\/strong> de process ont \u00e9t\u00e9 <strong>d\u00e9finitivement supprim\u00e9s<\/strong> et les <strong>mati\u00e8res naturelles<\/strong> incorpor\u00e9es sont constitutives de produit respectueux tant du dormeur que du consommateur.<\/p>\n<p>Soucieux de travailler en un site o\u00f9 la responsabilit\u00e9 sociale et environnementale est \u00e0 l\u2019image de ses produits, Diroy veille \u00e0 la <strong>biodiversit\u00e9 de son site industriel<\/strong> de trois hectares en rempla\u00e7ant les pelouses rases par des <strong>prairies fleuries<\/strong> agr\u00e9ment\u00e9es de haies vives sauvages, en entretenant un point d\u2019eau favorable au d\u00e9veloppement de la vie et en installant <strong>quatre ruches<\/strong> afin de favoriser nos abeilles en p\u00e9ril et la pollinisation de notre environnement.<\/p>\n<p>Embl\u00e8me r\u00e9gionale, Diroy accueille un <strong>couple de cigognes<\/strong> sur son site.<\/p>\n                                <\/div>\r\n                                                                                <\/div>\r\n                    <\/div>\r\n                            <\/div>\r\n        <\/div>\r\n    <\/section>\r\n\n\n\n<h2 class=\"wp-block-heading is-style-diroy\">NOS LABELS &amp; CERTIFICATIONS QUALIT\u00c9<\/h2>\n\n\n\r\n        <article id=\"references-slider-block_5d8dc94d1d664\" class=\"block-g block-references-slider alignwide mb-5\">\r\n        <div class=\"container\">\r\n            <div class=\"references-slider\" data-nb-items=\"5\">\r\n                \r\n                        <figure  class=\"fit-cover px-3\">\r\n                    \r\n            <img  class='lazy'                    width=\"600\"\r\n                    height=\"403\"\r\n            data-src=\"https:\/\/www.diroy.com\/wp-content\/uploads\/2019\/09\/belle-literie-excellence-600x404.jpg.webp\"\r\n            data-srcset=\"https:\/\/www.diroy.com\/wp-content\/uploads\/2019\/09\/belle-literie-excellence-600x404.jpg.webp 1x, https:\/\/www.diroy.com\/wp-content\/uploads\/2019\/09\/belle-literie-excellence-600x404-retina.jpg.webp 2x\"\r\n            alt=\"Logo certification belle literie Excellence Fabriqu\u00e9 en France\"\r\n            \/>\r\n                <\/figure>\r\n\r\n                \r\n                        <figure  class=\"fit-cover px-3\">\r\n                    \r\n            <img  class='lazy'                    width=\"600\"\r\n                    height=\"403\"\r\n            data-src=\"https:\/\/www.diroy.com\/wp-content\/uploads\/2022\/03\/Alsace_Excellence_logo-600x404.jpg.webp\"\r\n            data-srcset=\"https:\/\/www.diroy.com\/wp-content\/uploads\/2022\/03\/Alsace_Excellence_logo-600x404.jpg.webp 1x, https:\/\/www.diroy.com\/wp-content\/uploads\/2022\/03\/Alsace_Excellence_logo-600x404-retina.jpg.webp 2x\"\r\n            alt=\"Certification Logo Arlsace Excellence\"\r\n            \/>\r\n                <\/figure>\r\n\r\n                \r\n                        <figure  class=\"fit-cover px-3\">\r\n                    \r\n            <img  class='lazy'                    width=\"600\"\r\n                    height=\"403\"\r\n            data-src=\"https:\/\/www.diroy.com\/wp-content\/uploads\/2019\/09\/oeko-tex-600x404.jpg.webp\"\r\n            data-srcset=\"https:\/\/www.diroy.com\/wp-content\/uploads\/2019\/09\/oeko-tex-600x404.jpg.webp 1x, https:\/\/www.diroy.com\/wp-content\/uploads\/2019\/09\/oeko-tex-600x404-retina.jpg.webp 2x\"\r\n            alt=\"Certification oeko-tex Standard 100\"\r\n            \/>\r\n                <\/figure>\r\n\r\n                \r\n                        <figure  class=\"fit-cover px-3\">\r\n                    \r\n            <img  class='lazy'                    width=\"600\"\r\n                    height=\"403\"\r\n            data-src=\"https:\/\/www.diroy.com\/wp-content\/uploads\/2019\/09\/Marine-equipment-600x404.jpg.webp\"\r\n            data-srcset=\"https:\/\/www.diroy.com\/wp-content\/uploads\/2019\/09\/Marine-equipment-600x404.jpg.webp 1x, https:\/\/www.diroy.com\/wp-content\/uploads\/2019\/09\/Marine-equipment-600x404-retina.jpg.webp 2x\"\r\n            alt=\"Certification Equipement Marine\"\r\n            \/>\r\n                <\/figure>\r\n\r\n                \r\n                        <figure  class=\"fit-cover px-3\">\r\n                    \r\n            <img  class='lazy'                    width=\"600\"\r\n                    height=\"403\"\r\n            data-src=\"https:\/\/www.diroy.com\/wp-content\/uploads\/2022\/03\/ISO-9001-600x404.png.webp\"\r\n            data-srcset=\"https:\/\/www.diroy.com\/wp-content\/uploads\/2022\/03\/ISO-9001-600x404.png.webp 1x, https:\/\/www.diroy.com\/wp-content\/uploads\/2022\/03\/ISO-9001-600x404-retina.png.webp 2x\"\r\n            alt=\"\"\r\n            \/>\r\n                <\/figure>\r\n\r\n                \r\n                        <figure  class=\"fit-cover px-3\">\r\n                    \r\n            <img  class='lazy'                    width=\"600\"\r\n                    height=\"403\"\r\n            data-src=\"https:\/\/www.diroy.com\/wp-content\/uploads\/2022\/03\/ISO-14001-600x404.png.webp\"\r\n            data-srcset=\"https:\/\/www.diroy.com\/wp-content\/uploads\/2022\/03\/ISO-14001-600x404.png.webp 1x, https:\/\/www.diroy.com\/wp-content\/uploads\/2022\/03\/ISO-14001-600x404-retina.png.webp 2x\"\r\n            alt=\"\"\r\n            \/>\r\n                <\/figure>\r\n\r\n                \r\n                        <figure  class=\"fit-cover px-3\">\r\n                    \r\n            <img  class='lazy'                    width=\"600\"\r\n                    height=\"403\"\r\n            data-src=\"https:\/\/www.diroy.com\/wp-content\/uploads\/2022\/03\/ISO-45001-600x404.png.webp\"\r\n            data-srcset=\"https:\/\/www.diroy.com\/wp-content\/uploads\/2022\/03\/ISO-45001-600x404.png.webp 1x, https:\/\/www.diroy.com\/wp-content\/uploads\/2022\/03\/ISO-45001-600x404-retina.png.webp 2x\"\r\n            alt=\"\"\r\n            \/>\r\n                <\/figure>\r\n\r\n                \r\n                        <figure  class=\"fit-cover px-3\">\r\n                    \r\n            <img  class='lazy'                    width=\"600\"\r\n                    height=\"403\"\r\n            data-src=\"https:\/\/www.diroy.com\/wp-content\/uploads\/2019\/09\/Hygcen-600x404.jpg.webp\"\r\n            data-srcset=\"https:\/\/www.diroy.com\/wp-content\/uploads\/2019\/09\/Hygcen-600x404.jpg.webp 1x, https:\/\/www.diroy.com\/wp-content\/uploads\/2019\/09\/Hygcen-600x404-retina.jpg.webp 2x\"\r\n            alt=\"Logo certification Hygecen\"\r\n            \/>\r\n                <\/figure>\r\n\r\n                \r\n                        <figure  class=\"fit-cover px-3\">\r\n                    \r\n            <img  class='lazy'                    width=\"600\"\r\n                    height=\"403\"\r\n            data-src=\"https:\/\/www.diroy.com\/wp-content\/uploads\/2019\/09\/Certipur-600x404.jpg.webp\"\r\n            data-srcset=\"https:\/\/www.diroy.com\/wp-content\/uploads\/2019\/09\/Certipur-600x404.jpg.webp 1x, https:\/\/www.diroy.com\/wp-content\/uploads\/2019\/09\/Certipur-600x404-retina.jpg.webp 2x\"\r\n            alt=\"Logo Certification Certipur\"\r\n            \/>\r\n                <\/figure>\r\n\r\n                \r\n                        <figure  class=\"fit-cover px-3\">\r\n                    \r\n            <img  class='lazy'                    width=\"600\"\r\n                    height=\"403\"\r\n            data-src=\"https:\/\/www.diroy.com\/wp-content\/uploads\/2019\/09\/belle-literie-600x404.jpg.webp\"\r\n            data-srcset=\"https:\/\/www.diroy.com\/wp-content\/uploads\/2019\/09\/belle-literie-600x404.jpg.webp 1x, https:\/\/www.diroy.com\/wp-content\/uploads\/2019\/09\/belle-literie-600x404-retina.jpg.webp 2x\"\r\n            alt=\"Logo belle literie\"\r\n            \/>\r\n                <\/figure>\r\n\r\n                            <\/div>\r\n        <\/div>\r\n    <\/article>\r\n\n\n\n<div class=\"wp-block-button aligncenter is-style-btn-outline-primary\"><a class=\"btn btn-outline-primary\" href=\"https:\/\/www.diroy.com\/?page_id=3962\">TOUS NOS LABELS &amp; CERTIFICATIONS<\/a><\/div>\n\n\n    <section id=\"excerpt-page-block_c7acb8cdaca6703584304c5aa80e3037\" class=\"block-g block-excerpt alignfull bggris\">\r\n        <div class=\"container\">\r\n            <h3 class=\"block-title\"><\/h3>\r\n            <div class=\"row\">\r\n                                                                                <div class=\"col-md-6\">\r\n                            <div data-aos=\"fade-down-right\" data-aos-delay=\"0\" class=\"thumbnail\">\r\n                                    <figure  class=\"fit-cover\">\r\n                <picture>\r\n                                                            <source\r\n                        data-srcset=\"https:\/\/www.diroy.com\/wp-content\/uploads\/2019\/09\/manufacture-savoir-faire-570x408.jpg.webp 1x, https:\/\/www.diroy.com\/wp-content\/uploads\/2019\/09\/manufacture-savoir-faire-570x408-retina.jpg.webp 2x\"\r\n                        media=\"(max-width: 600px\"\/>\r\n                            \r\n            <img  class='lazy'                    width=\"670\"\r\n                    height=\"480\"\r\n            data-src=\"https:\/\/www.diroy.com\/wp-content\/uploads\/2019\/09\/manufacture-savoir-faire-670x480.jpg.webp\"\r\n            data-srcset=\"https:\/\/www.diroy.com\/wp-content\/uploads\/2019\/09\/manufacture-savoir-faire-670x480.jpg.webp 1x, https:\/\/www.diroy.com\/wp-content\/uploads\/2019\/09\/manufacture-savoir-faire-670x480-retina.jpg.webp 2x\"\r\n            alt=\"Photo surface d'un matelas diroy en train d'\u00eatre test\u00e9 en usine\"\r\n            \/>\r\n                    <\/picture>\r\n        <\/figure>\r\n                            <\/div>\r\n                            <div data-aos=\"fade-up-left\" data-aos-delay=\"0\" class=\"row m-0 justify-content-end\">\r\n                                <div class=\"content col-lg-8\">\r\n                                    <h2 class=\"title\">\r\n                                        <span >\r\n                                            La manufacture Diroy <strong>Nos savoir-faire<\/strong>                                        <\/span>\r\n                                    <\/h2>\r\n                                                                                                                <p><a href=\"https:\/\/www.diroy.com\/?page_id=3955\" target=\"\" class=\"btn btn-outline-primary\">En savoir +<\/a>\r\n                                        <\/p>\r\n                                                                    <\/div>\r\n                            <\/div>\r\n                        <\/div>\r\n                                                                    <div class=\"col-md-6\">\r\n                            <div data-aos=\"fade-down-right\" data-aos-delay=\"600\" class=\"thumbnail\">\r\n                                    <figure  class=\"fit-cover\">\r\n                <picture>\r\n                                                            <source\r\n                        data-srcset=\"https:\/\/www.diroy.com\/wp-content\/uploads\/2019\/09\/bandeau-historique-570x408.jpg.webp 1x, https:\/\/www.diroy.com\/wp-content\/uploads\/2019\/09\/bandeau-historique-570x408-retina.jpg.webp 2x\"\r\n                        media=\"(max-width: 600px\"\/>\r\n                            \r\n            <img  class='lazy'                    width=\"670\"\r\n                    height=\"480\"\r\n            data-src=\"https:\/\/www.diroy.com\/wp-content\/uploads\/2019\/09\/bandeau-historique-670x480.jpg.webp\"\r\n            data-srcset=\"https:\/\/www.diroy.com\/wp-content\/uploads\/2019\/09\/bandeau-historique-670x480.jpg.webp 1x, https:\/\/www.diroy.com\/wp-content\/uploads\/2019\/09\/bandeau-historique-670x480-retina.jpg.webp 2x\"\r\n            alt=\"Plusieurs photos vintage de l'histoire de l'entreprise alsacienne de fabrication de matelas Diroy\"\r\n            \/>\r\n                    <\/picture>\r\n        <\/figure>\r\n                            <\/div>\r\n                            <div data-aos=\"fade-up-left\" data-aos-delay=\"600\" class=\"row m-0 justify-content-end\">\r\n                                <div class=\"content col-lg-8\">\r\n                                    <h2 class=\"title\">\r\n                                        <span >\r\n                                            La manufacture Diroy <strong>Notre Histoire<\/strong>                                        <\/span>\r\n                                    <\/h2>\r\n                                                                                                                <p><a href=\"https:\/\/www.diroy.com\/?page_id=3953\" target=\"\" class=\"btn btn-outline-primary\">En savoir +<\/a>\r\n                                        <\/p>\r\n                                                                    <\/div>\r\n                            <\/div>\r\n                        <\/div>\r\n                                                                        <\/div>\r\n        <\/div>\r\n    <\/section>\r\n","protected":false},"excerpt":{"rendered":"<p>Entreprise de savoir-faire et de sensibilit\u00e9, Diroy est soucieuse de la qualit\u00e9 et de la [&hellip;]<\/p>\n","protected":false},"author":1,"featured_media":6280,"parent":16,"menu_order":0,"comment_status":"closed","ping_status":"closed","template":"","meta":{"_acf_changed":false,"footnotes":""},"class_list":["post-3960","page","type-page","status-publish","has-post-thumbnail","hentry"],"acf":[],"yoast_head":"<!-- This site is optimized with the Yoast SEO plugin v23.4 - https:\/\/yoast.com\/wordpress\/plugins\/seo\/ -->\n<title>L&#039;Engagement Durable Chez Diory<\/title>\n<meta name=\"description\" content=\"Notre d\u00e9marche \u00e9co-responsable : choix des mat\u00e9riaux, production locale, qualit\u00e9 durable.\" \/>\n<meta name=\"robots\" content=\"index, follow, max-snippet:-1, max-image-preview:large, max-video-preview:-1\" \/>\n<link rel=\"canonical\" href=\"https:\/\/www.diroy.com\/fr\/la-manufacture\/developpement-durable\/\" \/>\n<meta property=\"og:locale\" content=\"fr_FR\" \/>\n<meta property=\"og:type\" content=\"article\" \/>\n<meta property=\"og:title\" content=\"L&#039;Engagement Durable Chez Diory\" \/>\n<meta property=\"og:description\" content=\"Notre d\u00e9marche \u00e9co-responsable : choix des mat\u00e9riaux, production locale, qualit\u00e9 durable.\" \/>\n<meta property=\"og:url\" content=\"https:\/\/www.diroy.com\/fr\/la-manufacture\/developpement-durable\/\" \/>\n<meta property=\"og:site_name\" content=\"Diroy\" \/>\n<meta property=\"article:modified_time\" content=\"2025-10-02T09:13:07+00:00\" \/>\n<meta property=\"og:image\" content=\"https:\/\/www.diroy.com\/wp-content\/uploads\/2019\/09\/bandeau-engagement-durable-scaled.jpg\" \/>\n\t<meta property=\"og:image:width\" content=\"3160\" \/>\n\t<meta property=\"og:image:height\" content=\"1406\" \/>\n\t<meta property=\"og:image:type\" content=\"image\/jpeg\" \/>\n<meta name=\"twitter:card\" content=\"summary_large_image\" \/>\n<meta name=\"twitter:label1\" content=\"Dur\u00e9e de lecture estim\u00e9e\" \/>\n\t<meta name=\"twitter:data1\" content=\"1 minute\" \/>\n<script type=\"application\/ld+json\" class=\"yoast-schema-graph\">{\"@context\":\"https:\/\/schema.org\",\"@graph\":[{\"@type\":\"WebPage\",\"@id\":\"https:\/\/www.diroy.com\/fr\/la-manufacture\/developpement-durable\/\",\"url\":\"https:\/\/www.diroy.com\/fr\/la-manufacture\/developpement-durable\/\",\"name\":\"L'Engagement Durable Chez Diory\",\"isPartOf\":{\"@id\":\"https:\/\/www.diroy.com\/fr\/#website\"},\"primaryImageOfPage\":{\"@id\":\"https:\/\/www.diroy.com\/fr\/la-manufacture\/developpement-durable\/#primaryimage\"},\"image\":{\"@id\":\"https:\/\/www.diroy.com\/fr\/la-manufacture\/developpement-durable\/#primaryimage\"},\"thumbnailUrl\":\"https:\/\/www.diroy.com\/wp-content\/uploads\/2019\/09\/bandeau-engagement-durable-scaled.jpg\",\"datePublished\":\"2019-09-16T14:58:34+00:00\",\"dateModified\":\"2025-10-02T09:13:07+00:00\",\"description\":\"Notre d\u00e9marche \u00e9co-responsable : choix des mat\u00e9riaux, production locale, qualit\u00e9 durable.\",\"breadcrumb\":{\"@id\":\"https:\/\/www.diroy.com\/fr\/la-manufacture\/developpement-durable\/#breadcrumb\"},\"inLanguage\":\"fr-FR\",\"potentialAction\":[{\"@type\":\"ReadAction\",\"target\":[\"https:\/\/www.diroy.com\/fr\/la-manufacture\/developpement-durable\/\"]}]},{\"@type\":\"ImageObject\",\"inLanguage\":\"fr-FR\",\"@id\":\"https:\/\/www.diroy.com\/fr\/la-manufacture\/developpement-durable\/#primaryimage\",\"url\":\"https:\/\/www.diroy.com\/wp-content\/uploads\/2019\/09\/bandeau-engagement-durable-scaled.jpg\",\"contentUrl\":\"https:\/\/www.diroy.com\/wp-content\/uploads\/2019\/09\/bandeau-engagement-durable-scaled.jpg\",\"width\":3160,\"height\":1406,\"caption\":\"Photo illustration engagement durable de l'entreprise Diroy\"},{\"@type\":\"BreadcrumbList\",\"@id\":\"https:\/\/www.diroy.com\/fr\/la-manufacture\/developpement-durable\/#breadcrumb\",\"itemListElement\":[{\"@type\":\"ListItem\",\"position\":1,\"name\":\"Accueil\",\"item\":\"https:\/\/www.diroy.com\/fr\/\"},{\"@type\":\"ListItem\",\"position\":2,\"name\":\"La manufacture\",\"item\":\"https:\/\/diroy.com\/fr\/la-manufacture\/\"},{\"@type\":\"ListItem\",\"position\":3,\"name\":\"Un engagement durable\"}]},{\"@type\":\"WebSite\",\"@id\":\"https:\/\/www.diroy.com\/fr\/#website\",\"url\":\"https:\/\/www.diroy.com\/fr\/\",\"name\":\"Diroy\",\"description\":\"\",\"potentialAction\":[{\"@type\":\"SearchAction\",\"target\":{\"@type\":\"EntryPoint\",\"urlTemplate\":\"https:\/\/www.diroy.com\/fr\/?s={search_term_string}\"},\"query-input\":{\"@type\":\"PropertyValueSpecification\",\"valueRequired\":true,\"valueName\":\"search_term_string\"}}],\"inLanguage\":\"fr-FR\"}]}<\/script>\n<!-- \/ Yoast SEO plugin. -->","yoast_head_json":{"title":"L'Engagement Durable Chez Diory","description":"Notre d\u00e9marche \u00e9co-responsable : choix des mat\u00e9riaux, production locale, qualit\u00e9 durable.","robots":{"index":"index","follow":"follow","max-snippet":"max-snippet:-1","max-image-preview":"max-image-preview:large","max-video-preview":"max-video-preview:-1"},"canonical":"https:\/\/www.diroy.com\/fr\/la-manufacture\/developpement-durable\/","og_locale":"fr_FR","og_type":"article","og_title":"L'Engagement Durable Chez Diory","og_description":"Notre d\u00e9marche \u00e9co-responsable : choix des mat\u00e9riaux, production locale, qualit\u00e9 durable.","og_url":"https:\/\/www.diroy.com\/fr\/la-manufacture\/developpement-durable\/","og_site_name":"Diroy","article_modified_time":"2025-10-02T09:13:07+00:00","og_image":[{"width":3160,"height":1406,"url":"https:\/\/www.diroy.com\/wp-content\/uploads\/2019\/09\/bandeau-engagement-durable-scaled.jpg","type":"image\/jpeg"}],"twitter_card":"summary_large_image","twitter_misc":{"Dur\u00e9e de lecture estim\u00e9e":"1 minute"},"schema":{"@context":"https:\/\/schema.org","@graph":[{"@type":"WebPage","@id":"https:\/\/www.diroy.com\/fr\/la-manufacture\/developpement-durable\/","url":"https:\/\/www.diroy.com\/fr\/la-manufacture\/developpement-durable\/","name":"L'Engagement Durable Chez Diory","isPartOf":{"@id":"https:\/\/www.diroy.com\/fr\/#website"},"primaryImageOfPage":{"@id":"https:\/\/www.diroy.com\/fr\/la-manufacture\/developpement-durable\/#primaryimage"},"image":{"@id":"https:\/\/www.diroy.com\/fr\/la-manufacture\/developpement-durable\/#primaryimage"},"thumbnailUrl":"https:\/\/www.diroy.com\/wp-content\/uploads\/2019\/09\/bandeau-engagement-durable-scaled.jpg","datePublished":"2019-09-16T14:58:34+00:00","dateModified":"2025-10-02T09:13:07+00:00","description":"Notre d\u00e9marche \u00e9co-responsable : choix des mat\u00e9riaux, production locale, qualit\u00e9 durable.","breadcrumb":{"@id":"https:\/\/www.diroy.com\/fr\/la-manufacture\/developpement-durable\/#breadcrumb"},"inLanguage":"fr-FR","potentialAction":[{"@type":"ReadAction","target":["https:\/\/www.diroy.com\/fr\/la-manufacture\/developpement-durable\/"]}]},{"@type":"ImageObject","inLanguage":"fr-FR","@id":"https:\/\/www.diroy.com\/fr\/la-manufacture\/developpement-durable\/#primaryimage","url":"https:\/\/www.diroy.com\/wp-content\/uploads\/2019\/09\/bandeau-engagement-durable-scaled.jpg","contentUrl":"https:\/\/www.diroy.com\/wp-content\/uploads\/2019\/09\/bandeau-engagement-durable-scaled.jpg","width":3160,"height":1406,"caption":"Photo illustration engagement durable de l'entreprise Diroy"},{"@type":"BreadcrumbList","@id":"https:\/\/www.diroy.com\/fr\/la-manufacture\/developpement-durable\/#breadcrumb","itemListElement":[{"@type":"ListItem","position":1,"name":"Accueil","item":"https:\/\/www.diroy.com\/fr\/"},{"@type":"ListItem","position":2,"name":"La manufacture","item":"https:\/\/diroy.com\/fr\/la-manufacture\/"},{"@type":"ListItem","position":3,"name":"Un engagement durable"}]},{"@type":"WebSite","@id":"https:\/\/www.diroy.com\/fr\/#website","url":"https:\/\/www.diroy.com\/fr\/","name":"Diroy","description":"","potentialAction":[{"@type":"SearchAction","target":{"@type":"EntryPoint","urlTemplate":"https:\/\/www.diroy.com\/fr\/?s={search_term_string}"},"query-input":{"@type":"PropertyValueSpecification","valueRequired":true,"valueName":"search_term_string"}}],"inLanguage":"fr-FR"}]}},"_links":{"self":[{"href":"https:\/\/www.diroy.com\/fr\/wp-json\/wp\/v2\/pages\/3960"}],"collection":[{"href":"https:\/\/www.diroy.com\/fr\/wp-json\/wp\/v2\/pages"}],"about":[{"href":"https:\/\/www.diroy.com\/fr\/wp-json\/wp\/v2\/types\/page"}],"author":[{"embeddable":true,"href":"https:\/\/www.diroy.com\/fr\/wp-json\/wp\/v2\/users\/1"}],"replies":[{"embeddable":true,"href":"https:\/\/www.diroy.com\/fr\/wp-json\/wp\/v2\/comments?post=3960"}],"version-history":[{"count":2,"href":"https:\/\/www.diroy.com\/fr\/wp-json\/wp\/v2\/pages\/3960\/revisions"}],"predecessor-version":[{"id":28939,"href":"https:\/\/www.diroy.com\/fr\/wp-json\/wp\/v2\/pages\/3960\/revisions\/28939"}],"up":[{"embeddable":true,"href":"https:\/\/www.diroy.com\/fr\/wp-json\/wp\/v2\/pages\/16"}],"wp:featuredmedia":[{"embeddable":true,"href":"https:\/\/www.diroy.com\/fr\/wp-json\/wp\/v2\/media\/6280"}],"wp:attachment":[{"href":"https:\/\/www.diroy.com\/fr\/wp-json\/wp\/v2\/media?parent=3960"}],"curies":[{"name":"wp","href":"https:\/\/api.w.org\/{rel}","templated":true}]}}