{"id":3955,"date":"2019-09-16T16:24:22","date_gmt":"2019-09-16T14:24:22","guid":{"rendered":"https:\/\/www.diroy.com\/?page_id=3955"},"modified":"2025-10-02T11:11:01","modified_gmt":"2025-10-02T09:11:01","slug":"nos-savoir-faire","status":"publish","type":"page","link":"https:\/\/www.diroy.com\/fr\/la-manufacture\/nos-savoir-faire\/","title":{"rendered":"Nos savoir-faire"},"content":{"rendered":"\n<p class=\"has-text-align-center\"> Cr\u00e9\u00e9e il y a plus de 70 ans, l\u2019entreprise Diroy b\u00e9n\u00e9ficie du savoir-faire manuel de ses d\u00e9buts, qui s\u2019est perp\u00e9tu\u00e9 au fil des ann\u00e9es. Elle a su y ajouter un d\u00e9veloppement technologique de pointe, qui lui permet d\u2019adapter ce savoir-faire aux exigences actuelles.<\/p>\n\n\n    <section id=\"excerpt-page-block_66d9147cb43c15143faeb2631105601b\" class=\"block-g block-excerpt alignfull bgblanc\">\r\n        <div class=\"container\">\r\n            <h3 class=\"block-title\"><\/h3>\r\n            <div class=\"row\">\r\n                                    <div data-aos=\"fade-right\" class=\"col-md-6 col-img \">\r\n                            <figure  class=\"fit-cover\">\r\n                <picture>\r\n                                                            <source\r\n                        data-srcset=\"https:\/\/www.diroy.com\/wp-content\/uploads\/2019\/09\/manufacture-savoir-faire-pt-570x408.jpg.webp 1x, https:\/\/www.diroy.com\/wp-content\/uploads\/2019\/09\/manufacture-savoir-faire-pt-570x408-retina.jpg.webp 2x\"\r\n                        media=\"(max-width: 600px\"\/>\r\n                            \r\n            <img  class='lazy'                    width=\"670\"\r\n                    height=\"480\"\r\n            data-src=\"https:\/\/www.diroy.com\/wp-content\/uploads\/2019\/09\/manufacture-savoir-faire-pt-670x480.jpg.webp\"\r\n            data-srcset=\"https:\/\/www.diroy.com\/wp-content\/uploads\/2019\/09\/manufacture-savoir-faire-pt-670x480.jpg.webp 1x, https:\/\/www.diroy.com\/wp-content\/uploads\/2019\/09\/manufacture-savoir-faire-pt-670x480-retina.jpg.webp 2x\"\r\n            alt=\"Photo d'une collaboratrice chez Diroy dans l'usine qui travail sur un matelas, avec un t shirt de l'entreprise\"\r\n            \/>\r\n                    <\/picture>\r\n        <\/figure>\r\n                    <\/div>\r\n                    <div data-aos=\"fade-left\" class=\"col-md-6 col-txt\">\r\n                        <div class=\"content\">\r\n                            <h2 class=\"title\">\r\n                                <span >\r\n                                    <strong>MANUFACTURE ALSACIENNE DEPUIS 1947<\/strong>                                <\/span>\r\n                            <\/h2>\r\n                                                            <div class=\"excerpt\">\r\n                                    <p>L\u2019entreprise Diroy, anciennement soci\u00e9t\u00e9 Mousses Feuchter, est sp\u00e9cialis\u00e9e dans la fabrication de literie haut de gamme (matelas, sommiers et accessoires) ainsi que dans la transformation de mousses industrielles (secteur de l\u2019ameublement, \u00e9quipement m\u00e9dical, a\u00e9ronautique, packaging, construction &#8230;).<\/p>\n<p>Diroy d\u00e9veloppe ainsi, depuis plus de soixante-dix ans en Alsace, un savoir-faire de grande qualit\u00e9 qui passe par une s\u00e9lection attentive des mati\u00e8res notamment et un attachement \u00e0 un syst\u00e8me de valeurs sensible \u00e0 des produits respectueux des enjeux environnementaux.<\/p>\n                                <\/div>\r\n                                                                                <\/div>\r\n                    <\/div>\r\n                            <\/div>\r\n        <\/div>\r\n    <\/section>\r\n\n\n\n<h2 class=\"wp-block-heading is-style-diroy\">NOS LABELS &amp; CERTIFICATIONS QUALIT\u00c9<\/h2>\n\n\n\r\n        <article id=\"references-slider-block_5d8dc94d1d664\" class=\"block-g block-references-slider alignwide mb-5\">\r\n        <div class=\"container\">\r\n            <div class=\"references-slider\" data-nb-items=\"5\">\r\n                \r\n                        <figure  class=\"fit-cover px-3\">\r\n                    \r\n            <img  class='lazy'                    width=\"600\"\r\n                    height=\"403\"\r\n            data-src=\"https:\/\/www.diroy.com\/wp-content\/uploads\/2019\/09\/belle-literie-excellence-600x404.jpg.webp\"\r\n            data-srcset=\"https:\/\/www.diroy.com\/wp-content\/uploads\/2019\/09\/belle-literie-excellence-600x404.jpg.webp 1x, https:\/\/www.diroy.com\/wp-content\/uploads\/2019\/09\/belle-literie-excellence-600x404-retina.jpg.webp 2x\"\r\n            alt=\"Logo certification belle literie Excellence Fabriqu\u00e9 en France\"\r\n            \/>\r\n                <\/figure>\r\n\r\n                \r\n                        <figure  class=\"fit-cover px-3\">\r\n                    \r\n            <img  class='lazy'                    width=\"600\"\r\n                    height=\"403\"\r\n            data-src=\"https:\/\/www.diroy.com\/wp-content\/uploads\/2022\/03\/Alsace_Excellence_logo-600x404.jpg.webp\"\r\n            data-srcset=\"https:\/\/www.diroy.com\/wp-content\/uploads\/2022\/03\/Alsace_Excellence_logo-600x404.jpg.webp 1x, https:\/\/www.diroy.com\/wp-content\/uploads\/2022\/03\/Alsace_Excellence_logo-600x404-retina.jpg.webp 2x\"\r\n            alt=\"Certification Logo Arlsace Excellence\"\r\n            \/>\r\n                <\/figure>\r\n\r\n                \r\n                        <figure  class=\"fit-cover px-3\">\r\n                    \r\n            <img  class='lazy'                    width=\"600\"\r\n                    height=\"403\"\r\n            data-src=\"https:\/\/www.diroy.com\/wp-content\/uploads\/2019\/09\/oeko-tex-600x404.jpg.webp\"\r\n            data-srcset=\"https:\/\/www.diroy.com\/wp-content\/uploads\/2019\/09\/oeko-tex-600x404.jpg.webp 1x, https:\/\/www.diroy.com\/wp-content\/uploads\/2019\/09\/oeko-tex-600x404-retina.jpg.webp 2x\"\r\n            alt=\"Certification oeko-tex Standard 100\"\r\n            \/>\r\n                <\/figure>\r\n\r\n                \r\n                        <figure  class=\"fit-cover px-3\">\r\n                    \r\n            <img  class='lazy'                    width=\"600\"\r\n                    height=\"403\"\r\n            data-src=\"https:\/\/www.diroy.com\/wp-content\/uploads\/2019\/09\/Marine-equipment-600x404.jpg.webp\"\r\n            data-srcset=\"https:\/\/www.diroy.com\/wp-content\/uploads\/2019\/09\/Marine-equipment-600x404.jpg.webp 1x, https:\/\/www.diroy.com\/wp-content\/uploads\/2019\/09\/Marine-equipment-600x404-retina.jpg.webp 2x\"\r\n            alt=\"Certification Equipement Marine\"\r\n            \/>\r\n                <\/figure>\r\n\r\n                \r\n                        <figure  class=\"fit-cover px-3\">\r\n                    \r\n            <img  class='lazy'                    width=\"600\"\r\n                    height=\"403\"\r\n            data-src=\"https:\/\/www.diroy.com\/wp-content\/uploads\/2022\/03\/ISO-9001-600x404.png.webp\"\r\n            data-srcset=\"https:\/\/www.diroy.com\/wp-content\/uploads\/2022\/03\/ISO-9001-600x404.png.webp 1x, https:\/\/www.diroy.com\/wp-content\/uploads\/2022\/03\/ISO-9001-600x404-retina.png.webp 2x\"\r\n            alt=\"\"\r\n            \/>\r\n                <\/figure>\r\n\r\n                \r\n                        <figure  class=\"fit-cover px-3\">\r\n                    \r\n            <img  class='lazy'                    width=\"600\"\r\n                    height=\"403\"\r\n            data-src=\"https:\/\/www.diroy.com\/wp-content\/uploads\/2022\/03\/ISO-14001-600x404.png.webp\"\r\n            data-srcset=\"https:\/\/www.diroy.com\/wp-content\/uploads\/2022\/03\/ISO-14001-600x404.png.webp 1x, https:\/\/www.diroy.com\/wp-content\/uploads\/2022\/03\/ISO-14001-600x404-retina.png.webp 2x\"\r\n            alt=\"\"\r\n            \/>\r\n                <\/figure>\r\n\r\n                \r\n                        <figure  class=\"fit-cover px-3\">\r\n                    \r\n            <img  class='lazy'                    width=\"600\"\r\n                    height=\"403\"\r\n            data-src=\"https:\/\/www.diroy.com\/wp-content\/uploads\/2022\/03\/ISO-45001-600x404.png.webp\"\r\n            data-srcset=\"https:\/\/www.diroy.com\/wp-content\/uploads\/2022\/03\/ISO-45001-600x404.png.webp 1x, https:\/\/www.diroy.com\/wp-content\/uploads\/2022\/03\/ISO-45001-600x404-retina.png.webp 2x\"\r\n            alt=\"\"\r\n            \/>\r\n                <\/figure>\r\n\r\n                \r\n                        <figure  class=\"fit-cover px-3\">\r\n                    \r\n            <img  class='lazy'                    width=\"600\"\r\n                    height=\"403\"\r\n            data-src=\"https:\/\/www.diroy.com\/wp-content\/uploads\/2019\/09\/Hygcen-600x404.jpg.webp\"\r\n            data-srcset=\"https:\/\/www.diroy.com\/wp-content\/uploads\/2019\/09\/Hygcen-600x404.jpg.webp 1x, https:\/\/www.diroy.com\/wp-content\/uploads\/2019\/09\/Hygcen-600x404-retina.jpg.webp 2x\"\r\n            alt=\"Logo certification Hygecen\"\r\n            \/>\r\n                <\/figure>\r\n\r\n                \r\n                        <figure  class=\"fit-cover px-3\">\r\n                    \r\n            <img  class='lazy'                    width=\"600\"\r\n                    height=\"403\"\r\n            data-src=\"https:\/\/www.diroy.com\/wp-content\/uploads\/2019\/09\/Certipur-600x404.jpg.webp\"\r\n            data-srcset=\"https:\/\/www.diroy.com\/wp-content\/uploads\/2019\/09\/Certipur-600x404.jpg.webp 1x, https:\/\/www.diroy.com\/wp-content\/uploads\/2019\/09\/Certipur-600x404-retina.jpg.webp 2x\"\r\n            alt=\"Logo Certification Certipur\"\r\n            \/>\r\n                <\/figure>\r\n\r\n                \r\n                        <figure  class=\"fit-cover px-3\">\r\n                    \r\n            <img  class='lazy'                    width=\"600\"\r\n                    height=\"403\"\r\n            data-src=\"https:\/\/www.diroy.com\/wp-content\/uploads\/2019\/09\/belle-literie-600x404.jpg.webp\"\r\n            data-srcset=\"https:\/\/www.diroy.com\/wp-content\/uploads\/2019\/09\/belle-literie-600x404.jpg.webp 1x, https:\/\/www.diroy.com\/wp-content\/uploads\/2019\/09\/belle-literie-600x404-retina.jpg.webp 2x\"\r\n            alt=\"Logo belle literie\"\r\n            \/>\r\n                <\/figure>\r\n\r\n                            <\/div>\r\n        <\/div>\r\n    <\/article>\r\n\n\n\n<div class=\"wp-block-button aligncenter is-style-btn-outline-primary\"><a class=\"btn btn-outline-primary\" href=\"https:\/\/www.diroy.com\/?page_id=3962\">TOUS NOS LABELS &amp; CERTIFICATIONS<\/a><\/div>\n\n\n\n<h2 class=\"wp-block-heading is-style-diroy\">NOS DOMAINES DE COMP\u00c9TENCES<\/h2>\n\n\n    <section id=\"excerpt-page-block_b1932d227ed3f5f9cffafcaefba2b719\" class=\"block-g block-excerpt alignfull bgblanc\">\r\n        <div class=\"container\">\r\n            <h3 class=\"block-title\"><\/h3>\r\n            <div class=\"row\">\r\n                                                                                <div class=\"col-md-6\">\r\n                            <div data-aos=\"fade-down-right\" data-aos-delay=\"0\" class=\"thumbnail\">\r\n                                                                    <a class=\"d-block\" href=\"http:\/\/www.diroy.com\/fr\/experience-literie\/\">\r\n                                        <span class=\"link-label\">D\u00e9couvrez nos gammes<\/span>\r\n                                        <span class=\"link-overlay\"><\/span>\r\n                                        <figure  class=\"fit-cover\">\r\n                <picture>\r\n                                                            <source\r\n                        data-srcset=\"https:\/\/www.diroy.com\/wp-content\/uploads\/2024\/05\/PHOTO_LITERIE-1340x960-1-570x408.jpg.webp 1x, https:\/\/www.diroy.com\/wp-content\/uploads\/2024\/05\/PHOTO_LITERIE-1340x960-1-570x408-retina.jpg.webp 2x\"\r\n                        media=\"(max-width: 600px\"\/>\r\n                            \r\n            <img  class='lazy'                    width=\"670\"\r\n                    height=\"480\"\r\n            data-src=\"https:\/\/www.diroy.com\/wp-content\/uploads\/2024\/05\/PHOTO_LITERIE-1340x960-1-670x480.jpg.webp\"\r\n            data-srcset=\"https:\/\/www.diroy.com\/wp-content\/uploads\/2024\/05\/PHOTO_LITERIE-1340x960-1-670x480.jpg.webp 1x, https:\/\/www.diroy.com\/wp-content\/uploads\/2024\/05\/PHOTO_LITERIE-1340x960-1-670x480-retina.jpg.webp 2x\"\r\n            alt=\"Photo famille sur literie Diroy\"\r\n            \/>\r\n                    <\/picture>\r\n        <\/figure>\r\n                                    <\/a>\r\n                                                            <\/div>\r\n                            <div data-aos=\"fade-up-left\" data-aos-delay=\"0\" class=\"row m-0 justify-content-end\">\r\n                                <div class=\"content col-lg-8\">\r\n                                    <h2 class=\"title\">\r\n                                        <span class=\"with-crown\" >\r\n                                            Exp\u00e9rience <strong>Literie<\/strong>                                        <\/span>\r\n                                    <\/h2>\r\n                                                                            <div class=\"excerpt\">\r\n                                            <p>Fabrication de literie made in France (Alsace) :<br \/>\nmatelas, sommiers, d\u00e9co et accessoires&#8230;<\/p>\n                                        <\/div>\r\n                                                                                                                <p><a href=\"http:\/\/www.diroy.com\/fr\/trouvez-le-matelas-ideal\/\" target=\"\" class=\"btn btn-outline-primary\">Trouver le matelas id\u00e9al en 3 clics<\/a>\r\n                                        <\/p>\r\n                                                                    <\/div>\r\n                            <\/div>\r\n                        <\/div>\r\n                                                                    <div class=\"col-md-6\">\r\n                            <div data-aos=\"fade-down-right\" data-aos-delay=\"600\" class=\"thumbnail\">\r\n                                                                    <a class=\"d-block\" href=\"http:\/\/www.diroy.com\/fr\/expertise-mousse\/\">\r\n                                        <span class=\"link-label\">D\u00e9couvrez nos gammes<\/span>\r\n                                        <span class=\"link-overlay\"><\/span>\r\n                                        <figure  class=\"fit-cover\">\r\n                <picture>\r\n                                                            <source\r\n                        data-srcset=\"https:\/\/www.diroy.com\/wp-content\/uploads\/2019\/07\/PHOTO_MOUSSE-570x408.jpg.webp 1x, https:\/\/www.diroy.com\/wp-content\/uploads\/2019\/07\/PHOTO_MOUSSE-570x408-retina.jpg.webp 2x\"\r\n                        media=\"(max-width: 600px\"\/>\r\n                            \r\n            <img  class='lazy'                    width=\"670\"\r\n                    height=\"480\"\r\n            data-src=\"https:\/\/www.diroy.com\/wp-content\/uploads\/2019\/07\/PHOTO_MOUSSE-670x480.jpg.webp\"\r\n            data-srcset=\"https:\/\/www.diroy.com\/wp-content\/uploads\/2019\/07\/PHOTO_MOUSSE-670x480.jpg.webp 1x, https:\/\/www.diroy.com\/wp-content\/uploads\/2019\/07\/PHOTO_MOUSSE-670x480-retina.jpg.webp 2x\"\r\n            alt=\"Photo impression mousse de matelas chez Diroy\"\r\n            \/>\r\n                    <\/picture>\r\n        <\/figure>\r\n                                    <\/a>\r\n                                                            <\/div>\r\n                            <div data-aos=\"fade-up-left\" data-aos-delay=\"600\" class=\"row m-0 justify-content-end\">\r\n                                <div class=\"content col-lg-8\">\r\n                                    <h2 class=\"title\">\r\n                                        <span class=\"with-crown\" >\r\n                                            Expertise <strong>Mousse<\/strong>                                        <\/span>\r\n                                    <\/h2>\r\n                                                                            <div class=\"excerpt\">\r\n                                            <p>Transformation de mousses industrielles pour les secteurs de l\u2019ameublement, de l\u2019\u00e9quipement m\u00e9dical, de l\u2019a\u00e9ronautique&#8230;<\/p>\n                                        <\/div>\r\n                                                                                                                <p><a href=\"http:\/\/www.diroy.com\/fr\/expertise-mousse\/calculateur\/\" target=\"\" class=\"btn btn-outline-primary\">Calculateur de prix<\/a>\r\n                                        <\/p>\r\n                                                                    <\/div>\r\n                            <\/div>\r\n                        <\/div>\r\n                                                                        <\/div>\r\n        <\/div>\r\n    <\/section>\r\n","protected":false},"excerpt":{"rendered":"<p>Cr\u00e9\u00e9e il y a plus de 70 ans, l\u2019entreprise Diroy b\u00e9n\u00e9ficie du savoir-faire manuel de [&hellip;]<\/p>\n","protected":false},"author":1,"featured_media":6276,"parent":16,"menu_order":0,"comment_status":"closed","ping_status":"closed","template":"","meta":{"_acf_changed":false,"footnotes":""},"class_list":["post-3955","page","type-page","status-publish","has-post-thumbnail","hentry"],"acf":[],"yoast_head":"<!-- This site is optimized with the Yoast SEO plugin v23.4 - https:\/\/yoast.com\/wordpress\/plugins\/seo\/ -->\n<title>Le Savoir Faire de Diroy<\/title>\n<meta name=\"description\" content=\"Entre artisanat et technologie, nos savoir-faire sont le socle de notre exigence.\" \/>\n<meta name=\"robots\" content=\"index, follow, max-snippet:-1, max-image-preview:large, max-video-preview:-1\" \/>\n<link rel=\"canonical\" href=\"https:\/\/www.diroy.com\/fr\/la-manufacture\/nos-savoir-faire\/\" \/>\n<meta property=\"og:locale\" content=\"fr_FR\" \/>\n<meta property=\"og:type\" content=\"article\" \/>\n<meta property=\"og:title\" content=\"Le Savoir Faire de Diroy\" \/>\n<meta property=\"og:description\" content=\"Entre artisanat et technologie, nos savoir-faire sont le socle de notre exigence.\" \/>\n<meta property=\"og:url\" content=\"https:\/\/www.diroy.com\/fr\/la-manufacture\/nos-savoir-faire\/\" \/>\n<meta property=\"og:site_name\" content=\"Diroy\" \/>\n<meta property=\"article:modified_time\" content=\"2025-10-02T09:11:01+00:00\" \/>\n<meta property=\"og:image\" content=\"https:\/\/www.diroy.com\/wp-content\/uploads\/2019\/09\/manufacture-savoir-faire-scaled.jpg\" \/>\n\t<meta property=\"og:image:width\" content=\"3160\" \/>\n\t<meta property=\"og:image:height\" content=\"1406\" \/>\n\t<meta property=\"og:image:type\" content=\"image\/jpeg\" \/>\n<meta name=\"twitter:card\" content=\"summary_large_image\" \/>\n<meta name=\"twitter:label1\" content=\"Dur\u00e9e de lecture estim\u00e9e\" \/>\n\t<meta name=\"twitter:data1\" content=\"2 minutes\" \/>\n<script type=\"application\/ld+json\" class=\"yoast-schema-graph\">{\"@context\":\"https:\/\/schema.org\",\"@graph\":[{\"@type\":\"WebPage\",\"@id\":\"https:\/\/www.diroy.com\/fr\/la-manufacture\/nos-savoir-faire\/\",\"url\":\"https:\/\/www.diroy.com\/fr\/la-manufacture\/nos-savoir-faire\/\",\"name\":\"Le Savoir Faire de Diroy\",\"isPartOf\":{\"@id\":\"https:\/\/www.diroy.com\/fr\/#website\"},\"primaryImageOfPage\":{\"@id\":\"https:\/\/www.diroy.com\/fr\/la-manufacture\/nos-savoir-faire\/#primaryimage\"},\"image\":{\"@id\":\"https:\/\/www.diroy.com\/fr\/la-manufacture\/nos-savoir-faire\/#primaryimage\"},\"thumbnailUrl\":\"https:\/\/www.diroy.com\/wp-content\/uploads\/2019\/09\/manufacture-savoir-faire-scaled.jpg\",\"datePublished\":\"2019-09-16T14:24:22+00:00\",\"dateModified\":\"2025-10-02T09:11:01+00:00\",\"description\":\"Entre artisanat et technologie, nos savoir-faire sont le socle de notre exigence.\",\"breadcrumb\":{\"@id\":\"https:\/\/www.diroy.com\/fr\/la-manufacture\/nos-savoir-faire\/#breadcrumb\"},\"inLanguage\":\"fr-FR\",\"potentialAction\":[{\"@type\":\"ReadAction\",\"target\":[\"https:\/\/www.diroy.com\/fr\/la-manufacture\/nos-savoir-faire\/\"]}]},{\"@type\":\"ImageObject\",\"inLanguage\":\"fr-FR\",\"@id\":\"https:\/\/www.diroy.com\/fr\/la-manufacture\/nos-savoir-faire\/#primaryimage\",\"url\":\"https:\/\/www.diroy.com\/wp-content\/uploads\/2019\/09\/manufacture-savoir-faire-scaled.jpg\",\"contentUrl\":\"https:\/\/www.diroy.com\/wp-content\/uploads\/2019\/09\/manufacture-savoir-faire-scaled.jpg\",\"width\":3160,\"height\":1406,\"caption\":\"Photo surface d'un matelas diroy en train d'\u00eatre test\u00e9 en usine\"},{\"@type\":\"BreadcrumbList\",\"@id\":\"https:\/\/www.diroy.com\/fr\/la-manufacture\/nos-savoir-faire\/#breadcrumb\",\"itemListElement\":[{\"@type\":\"ListItem\",\"position\":1,\"name\":\"Accueil\",\"item\":\"https:\/\/www.diroy.com\/fr\/\"},{\"@type\":\"ListItem\",\"position\":2,\"name\":\"La manufacture\",\"item\":\"https:\/\/diroy.com\/fr\/la-manufacture\/\"},{\"@type\":\"ListItem\",\"position\":3,\"name\":\"Nos savoir-faire\"}]},{\"@type\":\"WebSite\",\"@id\":\"https:\/\/www.diroy.com\/fr\/#website\",\"url\":\"https:\/\/www.diroy.com\/fr\/\",\"name\":\"Diroy\",\"description\":\"\",\"potentialAction\":[{\"@type\":\"SearchAction\",\"target\":{\"@type\":\"EntryPoint\",\"urlTemplate\":\"https:\/\/www.diroy.com\/fr\/?s={search_term_string}\"},\"query-input\":{\"@type\":\"PropertyValueSpecification\",\"valueRequired\":true,\"valueName\":\"search_term_string\"}}],\"inLanguage\":\"fr-FR\"}]}<\/script>\n<!-- \/ Yoast SEO plugin. -->","yoast_head_json":{"title":"Le Savoir Faire de Diroy","description":"Entre artisanat et technologie, nos savoir-faire sont le socle de notre exigence.","robots":{"index":"index","follow":"follow","max-snippet":"max-snippet:-1","max-image-preview":"max-image-preview:large","max-video-preview":"max-video-preview:-1"},"canonical":"https:\/\/www.diroy.com\/fr\/la-manufacture\/nos-savoir-faire\/","og_locale":"fr_FR","og_type":"article","og_title":"Le Savoir Faire de Diroy","og_description":"Entre artisanat et technologie, nos savoir-faire sont le socle de notre exigence.","og_url":"https:\/\/www.diroy.com\/fr\/la-manufacture\/nos-savoir-faire\/","og_site_name":"Diroy","article_modified_time":"2025-10-02T09:11:01+00:00","og_image":[{"width":3160,"height":1406,"url":"https:\/\/www.diroy.com\/wp-content\/uploads\/2019\/09\/manufacture-savoir-faire-scaled.jpg","type":"image\/jpeg"}],"twitter_card":"summary_large_image","twitter_misc":{"Dur\u00e9e de lecture estim\u00e9e":"2 minutes"},"schema":{"@context":"https:\/\/schema.org","@graph":[{"@type":"WebPage","@id":"https:\/\/www.diroy.com\/fr\/la-manufacture\/nos-savoir-faire\/","url":"https:\/\/www.diroy.com\/fr\/la-manufacture\/nos-savoir-faire\/","name":"Le Savoir Faire de Diroy","isPartOf":{"@id":"https:\/\/www.diroy.com\/fr\/#website"},"primaryImageOfPage":{"@id":"https:\/\/www.diroy.com\/fr\/la-manufacture\/nos-savoir-faire\/#primaryimage"},"image":{"@id":"https:\/\/www.diroy.com\/fr\/la-manufacture\/nos-savoir-faire\/#primaryimage"},"thumbnailUrl":"https:\/\/www.diroy.com\/wp-content\/uploads\/2019\/09\/manufacture-savoir-faire-scaled.jpg","datePublished":"2019-09-16T14:24:22+00:00","dateModified":"2025-10-02T09:11:01+00:00","description":"Entre artisanat et technologie, nos savoir-faire sont le socle de notre exigence.","breadcrumb":{"@id":"https:\/\/www.diroy.com\/fr\/la-manufacture\/nos-savoir-faire\/#breadcrumb"},"inLanguage":"fr-FR","potentialAction":[{"@type":"ReadAction","target":["https:\/\/www.diroy.com\/fr\/la-manufacture\/nos-savoir-faire\/"]}]},{"@type":"ImageObject","inLanguage":"fr-FR","@id":"https:\/\/www.diroy.com\/fr\/la-manufacture\/nos-savoir-faire\/#primaryimage","url":"https:\/\/www.diroy.com\/wp-content\/uploads\/2019\/09\/manufacture-savoir-faire-scaled.jpg","contentUrl":"https:\/\/www.diroy.com\/wp-content\/uploads\/2019\/09\/manufacture-savoir-faire-scaled.jpg","width":3160,"height":1406,"caption":"Photo surface d'un matelas diroy en train d'\u00eatre test\u00e9 en usine"},{"@type":"BreadcrumbList","@id":"https:\/\/www.diroy.com\/fr\/la-manufacture\/nos-savoir-faire\/#breadcrumb","itemListElement":[{"@type":"ListItem","position":1,"name":"Accueil","item":"https:\/\/www.diroy.com\/fr\/"},{"@type":"ListItem","position":2,"name":"La manufacture","item":"https:\/\/diroy.com\/fr\/la-manufacture\/"},{"@type":"ListItem","position":3,"name":"Nos savoir-faire"}]},{"@type":"WebSite","@id":"https:\/\/www.diroy.com\/fr\/#website","url":"https:\/\/www.diroy.com\/fr\/","name":"Diroy","description":"","potentialAction":[{"@type":"SearchAction","target":{"@type":"EntryPoint","urlTemplate":"https:\/\/www.diroy.com\/fr\/?s={search_term_string}"},"query-input":{"@type":"PropertyValueSpecification","valueRequired":true,"valueName":"search_term_string"}}],"inLanguage":"fr-FR"}]}},"_links":{"self":[{"href":"https:\/\/www.diroy.com\/fr\/wp-json\/wp\/v2\/pages\/3955"}],"collection":[{"href":"https:\/\/www.diroy.com\/fr\/wp-json\/wp\/v2\/pages"}],"about":[{"href":"https:\/\/www.diroy.com\/fr\/wp-json\/wp\/v2\/types\/page"}],"author":[{"embeddable":true,"href":"https:\/\/www.diroy.com\/fr\/wp-json\/wp\/v2\/users\/1"}],"replies":[{"embeddable":true,"href":"https:\/\/www.diroy.com\/fr\/wp-json\/wp\/v2\/comments?post=3955"}],"version-history":[{"count":2,"href":"https:\/\/www.diroy.com\/fr\/wp-json\/wp\/v2\/pages\/3955\/revisions"}],"predecessor-version":[{"id":28936,"href":"https:\/\/www.diroy.com\/fr\/wp-json\/wp\/v2\/pages\/3955\/revisions\/28936"}],"up":[{"embeddable":true,"href":"https:\/\/www.diroy.com\/fr\/wp-json\/wp\/v2\/pages\/16"}],"wp:featuredmedia":[{"embeddable":true,"href":"https:\/\/www.diroy.com\/fr\/wp-json\/wp\/v2\/media\/6276"}],"wp:attachment":[{"href":"https:\/\/www.diroy.com\/fr\/wp-json\/wp\/v2\/media?parent=3955"}],"curies":[{"name":"wp","href":"https:\/\/api.w.org\/{rel}","templated":true}]}}