{"id":3953,"date":"2019-09-16T16:23:53","date_gmt":"2019-09-16T14:23:53","guid":{"rendered":"https:\/\/www.diroy.com\/?page_id=3953"},"modified":"2025-10-02T11:09:15","modified_gmt":"2025-10-02T09:09:15","slug":"notre-histoire","status":"publish","type":"page","link":"https:\/\/www.diroy.com\/fr\/la-manufacture\/notre-histoire\/","title":{"rendered":"Notre histoire"},"content":{"rendered":"\n<p class=\"has-text-align-center\">Fond\u00e9e en 1947 sous le nom de Mousses Feuchter, Diroy n\u2019a cess\u00e9 de se d\u00e9velopper, d\u2019innover et de tendre vers une qualit\u00e9 irr\u00e9prochable au fil des ann\u00e9es. R\u00e9solument au service du confort, du bien-\u00eatre et du respect de l\u2019environnement, l\u2019entreprise renouvelle continuellement son mat\u00e9riel pour rester toujours \u00e0 la pointe.<\/p>\n\n\n\r\n<section id=\"chronologie-block_937a4399b4826ea06ffce204bbe8adef\" class=\"block-g block-chronologie alignfull\">\r\n    <div class=\"container container-s\">\r\n                    <ol>\r\n                            <li class=\"d-flex flex-row\">\r\n                    <strong class=\"year\">1947<\/strong>\r\n                    <span class=\"description\"><p><strong>Cr\u00e9ation de l\u2019entreprise Mousses Feuchter<\/strong><\/p>\n<\/span>\r\n                <\/li>\r\n                            <li class=\"d-flex flex-row\">\r\n                    <strong class=\"year\">1950<\/strong>\r\n                    <span class=\"description\"><p>Pionnier fran\u00e7ais de la <strong>transformation des mousses plastiques<\/strong> (polyester)<\/p>\n<\/span>\r\n                <\/li>\r\n                            <li class=\"d-flex flex-row\">\r\n                    <strong class=\"year\">1970<\/strong>\r\n                    <span class=\"description\"><p>Engagement strat\u00e9gique de l\u2019entreprise dans la <strong>transformation de mousse souple \u00e0 haute r\u00e9silience<\/strong> (mousses HR)<\/p>\n<\/span>\r\n                <\/li>\r\n                            <li class=\"d-flex flex-row\">\r\n                    <strong class=\"year\">1985<\/strong>\r\n                    <span class=\"description\"><p><strong>Cr\u00e9ation de la marque Diroy\u00ae<\/strong><\/p>\n<\/span>\r\n                <\/li>\r\n                            <li class=\"d-flex flex-row\">\r\n                    <strong class=\"year\">1997<\/strong>\r\n                    <span class=\"description\"><p>Recherches et d\u00e9veloppements anti-escarre au service du leader mondial d\u2019<strong>\u00e9quipement de salle op\u00e9ratoire.<\/strong><\/p>\n<p>Premier fabricant fran\u00e7ais \u00e0 proposer <strong>un matelas \u00e0 base de mousse visco\u00e9lastique \u00e0 usage domestique<\/strong><\/p>\n<\/span>\r\n                <\/li>\r\n                            <li class=\"d-flex flex-row\">\r\n                    <strong class=\"year\">2002<\/strong>\r\n                    <span class=\"description\"><p>D\u00e9m\u00e9nagement de l\u2019entreprise de Brumath \u00e0 <strong>Bouxwiller<\/strong><\/p>\n<p><strong>Certification ISO 9001<\/strong> (syst\u00e8me de gestion de la qualit\u00e9)<\/p>\n<\/span>\r\n                <\/li>\r\n                            <li class=\"d-flex flex-row\">\r\n                    <strong class=\"year\">2006<\/strong>\r\n                    <span class=\"description\"><p><strong>Certifications ISO 14001<\/strong> (management environnemental) et <strong>ISO 45001<\/strong> (management Sant\u00e9 et S\u00e9curit\u00e9 au Travail)<\/p>\n<\/span>\r\n                <\/li>\r\n                            <li class=\"d-flex flex-row\">\r\n                    <strong class=\"year\">2007<\/strong>\r\n                    <span class=\"description\"><p><strong>Certification MED<\/strong> de l\u2019entreprise et de nos produits \u00e0 l\u2019utilisation maritime (Marine Equipment Directive)<\/p>\n<\/span>\r\n                <\/li>\r\n                            <li class=\"d-flex flex-row\">\r\n                    <strong class=\"year\">2011<\/strong>\r\n                    <span class=\"description\"><p>Membre fondateur de la marque collective <strong>Belle Literie Excellence<\/strong><\/p>\n<\/span>\r\n                <\/li>\r\n                            <li class=\"d-flex flex-row\">\r\n                    <strong class=\"year\">2014<\/strong>\r\n                    <span class=\"description\"><p>Demandeur et premier titulaire de l<strong>\u2019invention Pied de lit lumineux \u00e0 d\u00e9tection de mouvement<\/strong> int\u00e9gr\u00e9 Brevet FR 2982135<\/p>\n<\/span>\r\n                <\/li>\r\n                            <li class=\"d-flex flex-row\">\r\n                    <strong class=\"year\">2017<\/strong>\r\n                    <span class=\"description\"><p><strong>70 ans d\u2019exp\u00e9rience<\/strong>, d\u2019\u00e9coute et de d\u00e9veloppement technologique, garantie de confort et de qualit\u00e9<\/p>\n<\/span>\r\n                <\/li>\r\n                            <li class=\"d-flex flex-row\">\r\n                    <strong class=\"year\">2019<\/strong>\r\n                    <span class=\"description\"><p><strong>Extension de l\u2019usine de Bouxwiller<\/strong> et renouvellement continu d\u2019un parc machine r\u00e9cent et automatis\u00e9<\/p>\n<\/span>\r\n                <\/li>\r\n                        <\/ol>\r\n            <\/div>\r\n<\/section>\n\n\n<h2 class=\"wp-block-heading is-style-diroy\">Nos labels &amp; certifications qualit\u00e9<\/h2>\n\n\n\r\n        <article id=\"references-slider-block_c8a48a3a78f48780769b0eed04ed76c2\" class=\"block-g block-references-slider alignwide mb-5\">\r\n        <div class=\"container\">\r\n            <div class=\"references-slider\" data-nb-items=\"5\">\r\n                \r\n                        <figure  class=\"fit-cover px-3\">\r\n                    \r\n            <img  class='lazy'                    width=\"600\"\r\n                    height=\"403\"\r\n            data-src=\"https:\/\/www.diroy.com\/wp-content\/uploads\/2019\/09\/belle-literie-excellence-600x404.jpg.webp\"\r\n            data-srcset=\"https:\/\/www.diroy.com\/wp-content\/uploads\/2019\/09\/belle-literie-excellence-600x404.jpg.webp 1x, https:\/\/www.diroy.com\/wp-content\/uploads\/2019\/09\/belle-literie-excellence-600x404-retina.jpg.webp 2x\"\r\n            alt=\"Logo certification belle literie Excellence Fabriqu\u00e9 en France\"\r\n            \/>\r\n                <\/figure>\r\n\r\n                \r\n                        <figure  class=\"fit-cover px-3\">\r\n                    \r\n            <img  class='lazy'                    width=\"600\"\r\n                    height=\"403\"\r\n            data-src=\"https:\/\/www.diroy.com\/wp-content\/uploads\/2019\/09\/oeko-tex-600x404.jpg.webp\"\r\n            data-srcset=\"https:\/\/www.diroy.com\/wp-content\/uploads\/2019\/09\/oeko-tex-600x404.jpg.webp 1x, https:\/\/www.diroy.com\/wp-content\/uploads\/2019\/09\/oeko-tex-600x404-retina.jpg.webp 2x\"\r\n            alt=\"Certification oeko-tex Standard 100\"\r\n            \/>\r\n                <\/figure>\r\n\r\n                \r\n                        <figure  class=\"fit-cover px-3\">\r\n                    \r\n            <img  class='lazy'                    width=\"600\"\r\n                    height=\"403\"\r\n            data-src=\"https:\/\/www.diroy.com\/wp-content\/uploads\/2019\/09\/Marine-equipment-600x404.jpg.webp\"\r\n            data-srcset=\"https:\/\/www.diroy.com\/wp-content\/uploads\/2019\/09\/Marine-equipment-600x404.jpg.webp 1x, https:\/\/www.diroy.com\/wp-content\/uploads\/2019\/09\/Marine-equipment-600x404-retina.jpg.webp 2x\"\r\n            alt=\"Certification Equipement Marine\"\r\n            \/>\r\n                <\/figure>\r\n\r\n                \r\n                        <figure  class=\"fit-cover px-3\">\r\n                    \r\n            <img  class='lazy'                    width=\"600\"\r\n                    height=\"403\"\r\n            data-src=\"https:\/\/www.diroy.com\/wp-content\/uploads\/2022\/03\/ISO-9001-600x404.jpg.webp\"\r\n            data-srcset=\"https:\/\/www.diroy.com\/wp-content\/uploads\/2022\/03\/ISO-9001-600x404.jpg.webp 1x, https:\/\/www.diroy.com\/wp-content\/uploads\/2022\/03\/ISO-9001-600x404-retina.jpg.webp 2x\"\r\n            alt=\"\"\r\n            \/>\r\n                <\/figure>\r\n\r\n                \r\n                        <figure  class=\"fit-cover px-3\">\r\n                    \r\n            <img  class='lazy'                    width=\"600\"\r\n                    height=\"403\"\r\n            data-src=\"https:\/\/www.diroy.com\/wp-content\/uploads\/2022\/03\/ISO-14001-600x404.png.webp\"\r\n            data-srcset=\"https:\/\/www.diroy.com\/wp-content\/uploads\/2022\/03\/ISO-14001-600x404.png.webp 1x, https:\/\/www.diroy.com\/wp-content\/uploads\/2022\/03\/ISO-14001-600x404-retina.png.webp 2x\"\r\n            alt=\"\"\r\n            \/>\r\n                <\/figure>\r\n\r\n                \r\n                        <figure  class=\"fit-cover px-3\">\r\n                    \r\n            <img  class='lazy'                    width=\"600\"\r\n                    height=\"403\"\r\n            data-src=\"https:\/\/www.diroy.com\/wp-content\/uploads\/2022\/03\/ISO-45001-600x404.jpg.webp\"\r\n            data-srcset=\"https:\/\/www.diroy.com\/wp-content\/uploads\/2022\/03\/ISO-45001-600x404.jpg.webp 1x, https:\/\/www.diroy.com\/wp-content\/uploads\/2022\/03\/ISO-45001-600x404-retina.jpg.webp 2x\"\r\n            alt=\"\"\r\n            \/>\r\n                <\/figure>\r\n\r\n                \r\n                        <figure  class=\"fit-cover px-3\">\r\n                    \r\n            <img  class='lazy'                    width=\"600\"\r\n                    height=\"403\"\r\n            data-src=\"https:\/\/www.diroy.com\/wp-content\/uploads\/2019\/09\/Hygcen-600x404.jpg.webp\"\r\n            data-srcset=\"https:\/\/www.diroy.com\/wp-content\/uploads\/2019\/09\/Hygcen-600x404.jpg.webp 1x, https:\/\/www.diroy.com\/wp-content\/uploads\/2019\/09\/Hygcen-600x404-retina.jpg.webp 2x\"\r\n            alt=\"Logo certification Hygecen\"\r\n            \/>\r\n                <\/figure>\r\n\r\n                \r\n                        <figure  class=\"fit-cover px-3\">\r\n                    \r\n            <img  class='lazy'                    width=\"600\"\r\n                    height=\"403\"\r\n            data-src=\"https:\/\/www.diroy.com\/wp-content\/uploads\/2019\/09\/Certipur-600x404.jpg.webp\"\r\n            data-srcset=\"https:\/\/www.diroy.com\/wp-content\/uploads\/2019\/09\/Certipur-600x404.jpg.webp 1x, https:\/\/www.diroy.com\/wp-content\/uploads\/2019\/09\/Certipur-600x404-retina.jpg.webp 2x\"\r\n            alt=\"Logo Certification Certipur\"\r\n            \/>\r\n                <\/figure>\r\n\r\n                \r\n                        <figure  class=\"fit-cover px-3\">\r\n                    \r\n            <img  class='lazy'                    width=\"600\"\r\n                    height=\"403\"\r\n            data-src=\"https:\/\/www.diroy.com\/wp-content\/uploads\/2019\/09\/belle-literie-600x404.jpg.webp\"\r\n            data-srcset=\"https:\/\/www.diroy.com\/wp-content\/uploads\/2019\/09\/belle-literie-600x404.jpg.webp 1x, https:\/\/www.diroy.com\/wp-content\/uploads\/2019\/09\/belle-literie-600x404-retina.jpg.webp 2x\"\r\n            alt=\"Logo belle literie\"\r\n            \/>\r\n                <\/figure>\r\n\r\n                            <\/div>\r\n        <\/div>\r\n    <\/article>\r\n\n\n\n<div class=\"wp-block-button aligncenter is-style-btn-outline-primary\"><a class=\"btn btn-outline-primary\" href=\"https:\/\/www.diroy.com\/?page_id=3962\">TOUS NOS LABELS &amp; CERTIFICATIONS<\/a><\/div>\n\n\n    <section id=\"excerpt-page-block_14b7ebc90a2d67e3c968b0b58ebfd472\" class=\"block-g block-excerpt alignfull bggris\">\r\n        <div class=\"container\">\r\n            <h3 class=\"block-title\"><\/h3>\r\n            <div class=\"row\">\r\n                                                                                <div class=\"col-md-6\">\r\n                            <div data-aos=\"fade-down-right\" data-aos-delay=\"0\" class=\"thumbnail\">\r\n                                    <figure  class=\"fit-cover\">\r\n                <picture>\r\n                                                            <source\r\n                        data-srcset=\"https:\/\/www.diroy.com\/wp-content\/uploads\/2019\/09\/manufacture-savoir-faire-570x408.jpg.webp 1x, https:\/\/www.diroy.com\/wp-content\/uploads\/2019\/09\/manufacture-savoir-faire-570x408-retina.jpg.webp 2x\"\r\n                        media=\"(max-width: 600px\"\/>\r\n                            \r\n            <img  class='lazy'                    width=\"670\"\r\n                    height=\"480\"\r\n            data-src=\"https:\/\/www.diroy.com\/wp-content\/uploads\/2019\/09\/manufacture-savoir-faire-670x480.jpg.webp\"\r\n            data-srcset=\"https:\/\/www.diroy.com\/wp-content\/uploads\/2019\/09\/manufacture-savoir-faire-670x480.jpg.webp 1x, https:\/\/www.diroy.com\/wp-content\/uploads\/2019\/09\/manufacture-savoir-faire-670x480-retina.jpg.webp 2x\"\r\n            alt=\"Photo surface d'un matelas diroy en train d'\u00eatre test\u00e9 en usine\"\r\n            \/>\r\n                    <\/picture>\r\n        <\/figure>\r\n                            <\/div>\r\n                            <div data-aos=\"fade-up-left\" data-aos-delay=\"0\" class=\"row m-0 justify-content-end\">\r\n                                <div class=\"content col-lg-8\">\r\n                                    <h2 class=\"title\">\r\n                                        <span >\r\n                                            LA MANUFACTURE DIROY <strong>NOS SAVOIR- FAIRE<\/strong>                                        <\/span>\r\n                                    <\/h2>\r\n                                                                                                                <p><a href=\"https:\/\/www.diroy.com\/?page_id=3955\" target=\"\" class=\"btn btn-outline-primary\">En savoir +<\/a>\r\n                                        <\/p>\r\n                                                                    <\/div>\r\n                            <\/div>\r\n                        <\/div>\r\n                                                                    <div class=\"col-md-6\">\r\n                            <div data-aos=\"fade-down-right\" data-aos-delay=\"600\" class=\"thumbnail\">\r\n                                    <figure  class=\"fit-cover\">\r\n                <picture>\r\n                                                            <source\r\n                        data-srcset=\"https:\/\/www.diroy.com\/wp-content\/uploads\/2019\/09\/bandeau-engagement-durable-570x408.jpg.webp 1x, https:\/\/www.diroy.com\/wp-content\/uploads\/2019\/09\/bandeau-engagement-durable-570x408-retina.jpg.webp 2x\"\r\n                        media=\"(max-width: 600px\"\/>\r\n                            \r\n            <img  class='lazy'                    width=\"670\"\r\n                    height=\"480\"\r\n            data-src=\"https:\/\/www.diroy.com\/wp-content\/uploads\/2019\/09\/bandeau-engagement-durable-670x480.jpg.webp\"\r\n            data-srcset=\"https:\/\/www.diroy.com\/wp-content\/uploads\/2019\/09\/bandeau-engagement-durable-670x480.jpg.webp 1x, https:\/\/www.diroy.com\/wp-content\/uploads\/2019\/09\/bandeau-engagement-durable-670x480-retina.jpg.webp 2x\"\r\n            alt=\"Photo illustration engagement durable de l'entreprise Diroy\"\r\n            \/>\r\n                    <\/picture>\r\n        <\/figure>\r\n                            <\/div>\r\n                            <div data-aos=\"fade-up-left\" data-aos-delay=\"600\" class=\"row m-0 justify-content-end\">\r\n                                <div class=\"content col-lg-8\">\r\n                                    <h2 class=\"title\">\r\n                                        <span >\r\n                                            LA MANUFACTURE DIROY <strong>UN ENGAGEMENT DURABLE<\/strong>                                        <\/span>\r\n                                    <\/h2>\r\n                                                                                                                <p><a href=\"https:\/\/www.diroy.com\/?page_id=3960\" target=\"\" class=\"btn btn-outline-primary\">En savoir +<\/a>\r\n                                        <\/p>\r\n                                                                    <\/div>\r\n                            <\/div>\r\n                        <\/div>\r\n                                                                        <\/div>\r\n        <\/div>\r\n    <\/section>\r\n","protected":false},"excerpt":{"rendered":"<p>Fond\u00e9e en 1947 sous le nom de Mousses Feuchter, Diroy n\u2019a cess\u00e9 de se d\u00e9velopper, [&hellip;]<\/p>\n","protected":false},"author":1,"featured_media":6272,"parent":16,"menu_order":0,"comment_status":"closed","ping_status":"closed","template":"","meta":{"_acf_changed":false,"footnotes":""},"class_list":["post-3953","page","type-page","status-publish","has-post-thumbnail","hentry"],"acf":[],"yoast_head":"<!-- This site is optimized with the Yoast SEO plugin v23.4 - https:\/\/yoast.com\/wordpress\/plugins\/seo\/ -->\n<title>L&#039;Histoire de Diroy<\/title>\n<meta name=\"description\" content=\"Depuis 1947, Diroy perp\u00e9tue la tradition du confort \u00e0 la fran\u00e7aise. Une histoire \u00e0 d\u00e9couvrir.\" \/>\n<meta name=\"robots\" content=\"index, follow, max-snippet:-1, max-image-preview:large, max-video-preview:-1\" \/>\n<link rel=\"canonical\" href=\"https:\/\/www.diroy.com\/fr\/la-manufacture\/notre-histoire\/\" \/>\n<meta property=\"og:locale\" content=\"fr_FR\" \/>\n<meta property=\"og:type\" content=\"article\" \/>\n<meta property=\"og:title\" content=\"L&#039;Histoire de Diroy\" \/>\n<meta property=\"og:description\" content=\"Depuis 1947, Diroy perp\u00e9tue la tradition du confort \u00e0 la fran\u00e7aise. Une histoire \u00e0 d\u00e9couvrir.\" \/>\n<meta property=\"og:url\" content=\"https:\/\/www.diroy.com\/fr\/la-manufacture\/notre-histoire\/\" \/>\n<meta property=\"og:site_name\" content=\"Diroy\" \/>\n<meta property=\"article:modified_time\" content=\"2025-10-02T09:09:15+00:00\" \/>\n<meta property=\"og:image\" content=\"https:\/\/www.diroy.com\/wp-content\/uploads\/2019\/09\/bandeau-historique-scaled.jpg\" \/>\n\t<meta property=\"og:image:width\" content=\"3160\" \/>\n\t<meta property=\"og:image:height\" content=\"1406\" \/>\n\t<meta property=\"og:image:type\" content=\"image\/jpeg\" \/>\n<meta name=\"twitter:card\" content=\"summary_large_image\" \/>\n<meta name=\"twitter:label1\" content=\"Dur\u00e9e de lecture estim\u00e9e\" \/>\n\t<meta name=\"twitter:data1\" content=\"1 minute\" \/>\n<script type=\"application\/ld+json\" class=\"yoast-schema-graph\">{\"@context\":\"https:\/\/schema.org\",\"@graph\":[{\"@type\":\"WebPage\",\"@id\":\"https:\/\/www.diroy.com\/fr\/la-manufacture\/notre-histoire\/\",\"url\":\"https:\/\/www.diroy.com\/fr\/la-manufacture\/notre-histoire\/\",\"name\":\"L'Histoire de Diroy\",\"isPartOf\":{\"@id\":\"https:\/\/www.diroy.com\/fr\/#website\"},\"primaryImageOfPage\":{\"@id\":\"https:\/\/www.diroy.com\/fr\/la-manufacture\/notre-histoire\/#primaryimage\"},\"image\":{\"@id\":\"https:\/\/www.diroy.com\/fr\/la-manufacture\/notre-histoire\/#primaryimage\"},\"thumbnailUrl\":\"https:\/\/www.diroy.com\/wp-content\/uploads\/2019\/09\/bandeau-historique-scaled.jpg\",\"datePublished\":\"2019-09-16T14:23:53+00:00\",\"dateModified\":\"2025-10-02T09:09:15+00:00\",\"description\":\"Depuis 1947, Diroy perp\u00e9tue la tradition du confort \u00e0 la fran\u00e7aise. Une histoire \u00e0 d\u00e9couvrir.\",\"breadcrumb\":{\"@id\":\"https:\/\/www.diroy.com\/fr\/la-manufacture\/notre-histoire\/#breadcrumb\"},\"inLanguage\":\"fr-FR\",\"potentialAction\":[{\"@type\":\"ReadAction\",\"target\":[\"https:\/\/www.diroy.com\/fr\/la-manufacture\/notre-histoire\/\"]}]},{\"@type\":\"ImageObject\",\"inLanguage\":\"fr-FR\",\"@id\":\"https:\/\/www.diroy.com\/fr\/la-manufacture\/notre-histoire\/#primaryimage\",\"url\":\"https:\/\/www.diroy.com\/wp-content\/uploads\/2019\/09\/bandeau-historique-scaled.jpg\",\"contentUrl\":\"https:\/\/www.diroy.com\/wp-content\/uploads\/2019\/09\/bandeau-historique-scaled.jpg\",\"width\":3160,\"height\":1406,\"caption\":\"Plusieurs photos vintage de l'histoire de l'entreprise alsacienne de fabrication de matelas Diroy\"},{\"@type\":\"BreadcrumbList\",\"@id\":\"https:\/\/www.diroy.com\/fr\/la-manufacture\/notre-histoire\/#breadcrumb\",\"itemListElement\":[{\"@type\":\"ListItem\",\"position\":1,\"name\":\"Accueil\",\"item\":\"https:\/\/www.diroy.com\/fr\/\"},{\"@type\":\"ListItem\",\"position\":2,\"name\":\"La manufacture\",\"item\":\"https:\/\/diroy.com\/fr\/la-manufacture\/\"},{\"@type\":\"ListItem\",\"position\":3,\"name\":\"Notre histoire\"}]},{\"@type\":\"WebSite\",\"@id\":\"https:\/\/www.diroy.com\/fr\/#website\",\"url\":\"https:\/\/www.diroy.com\/fr\/\",\"name\":\"Diroy\",\"description\":\"\",\"potentialAction\":[{\"@type\":\"SearchAction\",\"target\":{\"@type\":\"EntryPoint\",\"urlTemplate\":\"https:\/\/www.diroy.com\/fr\/?s={search_term_string}\"},\"query-input\":{\"@type\":\"PropertyValueSpecification\",\"valueRequired\":true,\"valueName\":\"search_term_string\"}}],\"inLanguage\":\"fr-FR\"}]}<\/script>\n<!-- \/ Yoast SEO plugin. -->","yoast_head_json":{"title":"L'Histoire de Diroy","description":"Depuis 1947, Diroy perp\u00e9tue la tradition du confort \u00e0 la fran\u00e7aise. Une histoire \u00e0 d\u00e9couvrir.","robots":{"index":"index","follow":"follow","max-snippet":"max-snippet:-1","max-image-preview":"max-image-preview:large","max-video-preview":"max-video-preview:-1"},"canonical":"https:\/\/www.diroy.com\/fr\/la-manufacture\/notre-histoire\/","og_locale":"fr_FR","og_type":"article","og_title":"L'Histoire de Diroy","og_description":"Depuis 1947, Diroy perp\u00e9tue la tradition du confort \u00e0 la fran\u00e7aise. Une histoire \u00e0 d\u00e9couvrir.","og_url":"https:\/\/www.diroy.com\/fr\/la-manufacture\/notre-histoire\/","og_site_name":"Diroy","article_modified_time":"2025-10-02T09:09:15+00:00","og_image":[{"width":3160,"height":1406,"url":"https:\/\/www.diroy.com\/wp-content\/uploads\/2019\/09\/bandeau-historique-scaled.jpg","type":"image\/jpeg"}],"twitter_card":"summary_large_image","twitter_misc":{"Dur\u00e9e de lecture estim\u00e9e":"1 minute"},"schema":{"@context":"https:\/\/schema.org","@graph":[{"@type":"WebPage","@id":"https:\/\/www.diroy.com\/fr\/la-manufacture\/notre-histoire\/","url":"https:\/\/www.diroy.com\/fr\/la-manufacture\/notre-histoire\/","name":"L'Histoire de Diroy","isPartOf":{"@id":"https:\/\/www.diroy.com\/fr\/#website"},"primaryImageOfPage":{"@id":"https:\/\/www.diroy.com\/fr\/la-manufacture\/notre-histoire\/#primaryimage"},"image":{"@id":"https:\/\/www.diroy.com\/fr\/la-manufacture\/notre-histoire\/#primaryimage"},"thumbnailUrl":"https:\/\/www.diroy.com\/wp-content\/uploads\/2019\/09\/bandeau-historique-scaled.jpg","datePublished":"2019-09-16T14:23:53+00:00","dateModified":"2025-10-02T09:09:15+00:00","description":"Depuis 1947, Diroy perp\u00e9tue la tradition du confort \u00e0 la fran\u00e7aise. Une histoire \u00e0 d\u00e9couvrir.","breadcrumb":{"@id":"https:\/\/www.diroy.com\/fr\/la-manufacture\/notre-histoire\/#breadcrumb"},"inLanguage":"fr-FR","potentialAction":[{"@type":"ReadAction","target":["https:\/\/www.diroy.com\/fr\/la-manufacture\/notre-histoire\/"]}]},{"@type":"ImageObject","inLanguage":"fr-FR","@id":"https:\/\/www.diroy.com\/fr\/la-manufacture\/notre-histoire\/#primaryimage","url":"https:\/\/www.diroy.com\/wp-content\/uploads\/2019\/09\/bandeau-historique-scaled.jpg","contentUrl":"https:\/\/www.diroy.com\/wp-content\/uploads\/2019\/09\/bandeau-historique-scaled.jpg","width":3160,"height":1406,"caption":"Plusieurs photos vintage de l'histoire de l'entreprise alsacienne de fabrication de matelas Diroy"},{"@type":"BreadcrumbList","@id":"https:\/\/www.diroy.com\/fr\/la-manufacture\/notre-histoire\/#breadcrumb","itemListElement":[{"@type":"ListItem","position":1,"name":"Accueil","item":"https:\/\/www.diroy.com\/fr\/"},{"@type":"ListItem","position":2,"name":"La manufacture","item":"https:\/\/diroy.com\/fr\/la-manufacture\/"},{"@type":"ListItem","position":3,"name":"Notre histoire"}]},{"@type":"WebSite","@id":"https:\/\/www.diroy.com\/fr\/#website","url":"https:\/\/www.diroy.com\/fr\/","name":"Diroy","description":"","potentialAction":[{"@type":"SearchAction","target":{"@type":"EntryPoint","urlTemplate":"https:\/\/www.diroy.com\/fr\/?s={search_term_string}"},"query-input":{"@type":"PropertyValueSpecification","valueRequired":true,"valueName":"search_term_string"}}],"inLanguage":"fr-FR"}]}},"_links":{"self":[{"href":"https:\/\/www.diroy.com\/fr\/wp-json\/wp\/v2\/pages\/3953"}],"collection":[{"href":"https:\/\/www.diroy.com\/fr\/wp-json\/wp\/v2\/pages"}],"about":[{"href":"https:\/\/www.diroy.com\/fr\/wp-json\/wp\/v2\/types\/page"}],"author":[{"embeddable":true,"href":"https:\/\/www.diroy.com\/fr\/wp-json\/wp\/v2\/users\/1"}],"replies":[{"embeddable":true,"href":"https:\/\/www.diroy.com\/fr\/wp-json\/wp\/v2\/comments?post=3953"}],"version-history":[{"count":1,"href":"https:\/\/www.diroy.com\/fr\/wp-json\/wp\/v2\/pages\/3953\/revisions"}],"predecessor-version":[{"id":28933,"href":"https:\/\/www.diroy.com\/fr\/wp-json\/wp\/v2\/pages\/3953\/revisions\/28933"}],"up":[{"embeddable":true,"href":"https:\/\/www.diroy.com\/fr\/wp-json\/wp\/v2\/pages\/16"}],"wp:featuredmedia":[{"embeddable":true,"href":"https:\/\/www.diroy.com\/fr\/wp-json\/wp\/v2\/media\/6272"}],"wp:attachment":[{"href":"https:\/\/www.diroy.com\/fr\/wp-json\/wp\/v2\/media?parent=3953"}],"curies":[{"name":"wp","href":"https:\/\/api.w.org\/{rel}","templated":true}]}}