{"id":29,"date":"2019-07-16T14:28:34","date_gmt":"2019-07-16T12:28:34","guid":{"rendered":"https:\/\/www.diroy.com\/?page_id=29"},"modified":"2026-02-03T14:44:59","modified_gmt":"2026-02-03T13:44:59","slug":"enregistrement-garantie","status":"publish","type":"page","link":"https:\/\/www.diroy.com\/fr\/experience-literie\/enregistrement-garantie\/","title":{"rendered":"Enregistrement garantie"},"content":{"rendered":"\n<p class=\"has-text-align-center\">La garantie sur les produits Diroy ne s\u2019applique que dans le cadre de l\u2019achat chez un revendeur agr\u00e9\u00e9 Diroy en France ou en Europe.<br> Les matelas Diroy b\u00e9n\u00e9ficient d\u2019une garantie de 7 ans \u00e9tendue \u00e0 10 ans suite \u00e0 votre enregistrement en ligne r\u00e9alis\u00e9 imp\u00e9rativement dans un d\u00e9lai de 30 jours apr\u00e8s l\u2019achat du matelas.<br> Remplissez le formulaire suivant et b\u00e9n\u00e9ficiez de l\u2019extension de garantie sur votre produit Diroy.<br> Pour toute information compl\u00e9mentaire, \u00e9crivez-nous sur <a href=\"mailto:info@diroy.com\">info@diroy.com<\/a><\/p>\n\n\n<div class=\"alignfull bg-grey form-garantie\">\r\n    <div class=\"container container-s py-5\">\r\n        <form action=\"#\" method=\"post\" data-action=\"enregistrement_garantie\">\r\n            <div class=\"form-group row mb-4\">\r\n                <label for=\"nom\" class=\"col-sm-2 col-form-label\">Nom<\/label>\r\n                <div class=\"col-sm-10\">\r\n                    <input type=\"text\" class=\"form-control\" id=\"nom\" name=\"nom\" value=\"\" \/>\r\n                <\/div>\r\n            <\/div>\r\n            <div class=\"form-group row mb-4\">\r\n                <label for=\"prenom\" class=\"col-sm-2 col-form-label\">Pr\u00e9nom<\/label>\r\n                <div class=\"col-sm-10\">\r\n                    <input type=\"text\" class=\"form-control\" id=\"prenom\" name=\"prenom\" value=\"\" \/>\r\n                <\/div>\r\n            <\/div>\r\n            <div class=\"form-group row mb-4\">\r\n                <label for=\"email\" class=\"col-sm-2 col-form-label\">Email<\/label>\r\n                <div class=\"col-sm-10\">\r\n                    <input type=\"text\" class=\"form-control\" id=\"email\" name=\"email\" value=\"\" \/>\r\n                <\/div>\r\n            <\/div>\r\n            <div class=\"form-group row mb-4\">\r\n                <label for=\"tel\" class=\"col-sm-2 col-form-label\">T\u00e9l<\/label>\r\n                <div class=\"col-sm-10\">\r\n                    <input type=\"text\" class=\"form-control\" id=\"tel\" name=\"tel\" value=\"\" \/>\r\n                <\/div>\r\n            <\/div>\r\n            <div class=\"form-group row mb-4\">\r\n                <label for=\"adresse\" class=\"col-sm-2 col-form-label\">Adresse<\/label>\r\n                <div class=\"col-sm-10\">\r\n                    <input type=\"text\" class=\"form-control\" id=\"adresse\" name=\"adresse\" value=\"\" \/>\r\n                <\/div>\r\n            <\/div>\r\n            <div class=\"form-group row mb-4\">\r\n                <label for=\"cp\" class=\"col-sm-2 col-form-label\">Code postal<\/label>\r\n                <div class=\"col-sm-10\">\r\n                    <input type=\"text\" class=\"form-control\" id=\"cp\" name=\"cp\" value=\"\" \/>\r\n                <\/div>\r\n            <\/div>\r\n            <div class=\"form-group row mb-4\">\r\n                <label for=\"ville\" class=\"col-sm-2 col-form-label\">Ville<\/label>\r\n                <div class=\"col-sm-10\">\r\n                    <input type=\"text\" class=\"form-control\" id=\"ville\" name=\"ville\" value=\"\" \/>\r\n                <\/div>\r\n            <\/div>\r\n            <div class=\"form-group row mb-4\">\r\n                <label for=\"pays\" class=\"col-sm-2 col-form-label\">Pays<\/label>\r\n                <div class=\"col-sm-10\">\r\n                    <select name=\"pays\" id=\"pays\" class=\"form-control mr-2 w-auto\">\r\n                        <option value=\"\">&#8230;<\/option>\r\n                                                    <option value=\"France\">France<\/option>\r\n                                                    <option value=\"Belgique\">Belgique<\/option>\r\n                                                    <option value=\"Suisse\">Suisse<\/option>\r\n                                                    <option value=\"Allemagne\">Allemagne<\/option>\r\n                                                    <option value=\"Autriche\">Autriche<\/option>\r\n                                                    <option value=\"Bulgarie\">Bulgarie<\/option>\r\n                                                    <option value=\"Chypre\">Chypre<\/option>\r\n                                                    <option value=\"Croatie\">Croatie<\/option>\r\n                                                    <option value=\"Danemark\">Danemark<\/option>\r\n                                                    <option value=\"Espagne\">Espagne<\/option>\r\n                                                    <option value=\"Estonie\">Estonie<\/option>\r\n                                                    <option value=\"Finlande\">Finlande<\/option>\r\n                                                    <option value=\"Gr\u00e8ce\">Gr\u00e8ce<\/option>\r\n                                                    <option value=\"Hongrie\">Hongrie<\/option>\r\n                                                    <option value=\"Irlande\">Irlande<\/option>\r\n                                                    <option value=\"Islande\">Islande<\/option>\r\n                                                    <option value=\"Italie\">Italie<\/option>\r\n                                                    <option value=\"Lettonie\">Lettonie<\/option>\r\n                                                    <option value=\"Liechtenstein\">Liechtenstein<\/option>\r\n                                                    <option value=\"Lituanie\">Lituanie<\/option>\r\n                                                    <option value=\"Luxembourg\">Luxembourg<\/option>\r\n                                                    <option value=\"Malte\">Malte<\/option>\r\n                                                    <option value=\"Norv\u00e8ge\">Norv\u00e8ge<\/option>\r\n                                                    <option value=\"Pays-Bas\">Pays-Bas<\/option>\r\n                                                    <option value=\"Pologne\">Pologne<\/option>\r\n                                                    <option value=\"Portugal\">Portugal<\/option>\r\n                                                    <option value=\"R\u00e9publique tch\u00e8que\">R\u00e9publique tch\u00e8que<\/option>\r\n                                                    <option value=\"Roumanie\">Roumanie<\/option>\r\n                                                    <option value=\"Royaume-Uni\">Royaume-Uni<\/option>\r\n                                                    <option value=\"Slovaquie\">Slovaquie<\/option>\r\n                                                    <option value=\"Slov\u00e9nie\">Slov\u00e9nie<\/option>\r\n                                                    <option value=\"Su\u00e8de\">Su\u00e8de<\/option>\r\n                                            <\/select>\r\n                <\/div>\r\n            <\/div>\r\n            <div class=\"form-group row mb-4\">\r\n                <label for=\"date_achat\" class=\"col-sm-2 col-form-label\">Date d&rsquo;achat (sur la facture)<\/label>\r\n                <div class=\"col-sm-10 d-flex\">\r\n                    <select name=\"date_achat[d]\" id=\"date_achat\" class=\"form-control mr-2 w-auto\">\r\n                        <option value=\"\">Jour<\/option>\r\n                                                    <option value=\"1\">1<\/option>\r\n                                                    <option value=\"2\">2<\/option>\r\n                                                    <option value=\"3\">3<\/option>\r\n                                                    <option value=\"4\">4<\/option>\r\n                                                    <option value=\"5\">5<\/option>\r\n                                                    <option value=\"6\">6<\/option>\r\n                                                    <option value=\"7\">7<\/option>\r\n                                                    <option value=\"8\">8<\/option>\r\n                                                    <option value=\"9\">9<\/option>\r\n                                                    <option value=\"10\">10<\/option>\r\n                                                    <option value=\"11\">11<\/option>\r\n                                                    <option value=\"12\">12<\/option>\r\n                                                    <option value=\"13\">13<\/option>\r\n                                                    <option value=\"14\">14<\/option>\r\n                                                    <option value=\"15\">15<\/option>\r\n                                                    <option value=\"16\">16<\/option>\r\n                                                    <option value=\"17\">17<\/option>\r\n                                                    <option value=\"18\">18<\/option>\r\n                                                    <option value=\"19\">19<\/option>\r\n                                                    <option value=\"20\">20<\/option>\r\n                                                    <option value=\"21\">21<\/option>\r\n                                                    <option value=\"22\">22<\/option>\r\n                                                    <option value=\"23\">23<\/option>\r\n                                                    <option value=\"24\">24<\/option>\r\n                                                    <option value=\"25\">25<\/option>\r\n                                                    <option value=\"26\">26<\/option>\r\n                                                    <option value=\"27\">27<\/option>\r\n                                                    <option value=\"28\">28<\/option>\r\n                                                    <option value=\"29\">29<\/option>\r\n                                                    <option value=\"30\">30<\/option>\r\n                                                    <option value=\"31\">31<\/option>\r\n                                            <\/select>\r\n                                        <select name=\"date_achat[m]\" id=\"date_achat-month\" class=\"form-control mr-2 w-auto\">\r\n                        <option value=\"\">Mois<\/option>\r\n                                                                                <option value=\"1\">janvier<\/option>\r\n                                                                                <option value=\"2\">f\u00e9vrier<\/option>\r\n                                                                                <option value=\"3\">mars<\/option>\r\n                                                                                <option value=\"4\">avril<\/option>\r\n                                            <\/select>\r\n                    <select name=\"date_achat[y]\" id=\"date_achat-year\" class=\"form-control mr-2 w-auto\">\r\n                                                                            <option value=\"2026\">2026<\/option>\r\n                                            <\/select>\r\n                <\/div>\r\n            <\/div>\r\n            <div class=\"form-group row mb-4\">\r\n                <label for=\"reference\" class=\"col-sm-2 col-form-label\">R\u00e9f\u00e9rence du matelas<\/label>\r\n                <div class=\"col-sm-10\">\r\n                    <input type=\"text\" class=\"form-control\" id=\"reference\" name=\"reference\" value=\"\" \/>\r\n                <\/div>\r\n            <\/div>\r\n            <div class=\"form-group row mb-4\">\r\n                <label for=\"dimensions\" class=\"col-sm-2 col-form-label\">Dimensions du matelas<\/label>\r\n                <div class=\"col-sm-10\">\r\n                    <input type=\"text\" class=\"form-control\" id=\"dimensions\" name=\"dimensions\" value=\"\" \/>\r\n                <\/div>\r\n            <\/div>\r\n            <div class=\"form-group row mb-4\">\r\n                <label for=\"revendeur\" class=\"col-sm-2 col-form-label\">Nom et code postal du revendeur<\/label>\r\n                <div class=\"col-sm-10\">\r\n                    <input type=\"text\" class=\"form-control\" id=\"revendeur\" name=\"revendeur\" value=\"\" \/>\r\n                <\/div>\r\n            <\/div>\r\n            <div class=\"form-group row mb-4\">\r\n                <label for=\"qcnum\" class=\"col-sm-2 col-form-label\">N\u00b0 Quality Control <a href=\"#\" data-toggle=\"modal\" data-target=\"#qcnumModal\" title=\"Qu'est ce que le num\u00e9ro Quality Control\"><img decoding=\"async\" src=\"https:\/\/www.diroy.com\/wp-content\/themes\/diroy-2023\/assets\/img\/help-circle.svg\" alt=\"\"><\/a><\/label>\r\n                <div class=\"col-sm-10\">\r\n                    <input type=\"text\" class=\"form-control\" id=\"qcnum\" name=\"qcnum\" value=\"\" \/>\r\n                <\/div>\r\n            <\/div>\r\n            <div class=\"form-check form-group\">\r\n                <input type=\"checkbox\" class=\"form-check-input\" id=\"cgg\" name=\"cgg\" value=\"1\">\r\n                <label class=\"form-check-label\" for=\"cgg\">Je valide l\u2019enregistrement de ma garantie et reconnais avoir pris connaissance des <a style=\"font-weight:600;text-decoration:underline;\" target=\"_blank\" href=\"https:\/\/www.diroy.com\/wp-content\/uploads\/2019\/11\/CERTIF_GARANTIE_DIROY.pdf\">conditions g\u00e9n\u00e9rales de garantie<\/a><\/label>\r\n            <\/div>\r\n            <div class=\"form-check form-group\">\r\n                <input type=\"checkbox\" class=\"form-check-input\" id=\"newsletter\" name=\"newsletter\" value=\"1\">\r\n                <label class=\"form-check-label\" for=\"newsletter\">Je d\u00e9sire recevoir occasionnellement des informations commerciales par email. <br>Cet abonnement est annulable \u00e0 tout moment via un lien contenu dans chaque email.<\/label>\r\n            <\/div>\r\n            <div class=\"form-check form-group\">\r\n                <input type=\"checkbox\" class=\"form-check-input\" id=\"rgpd\" name=\"rgpd\" value=\"1\">\r\n                <label class=\"form-check-label\" for=\"rgpd\">En cochant cette case et en validant ce formulaire, je donne mon consentement sur le traitement de mes donn\u00e9es personnelles \u00e0 Diroy<\/label>\r\n            <\/div>\r\n\r\n            <input type=\"hidden\" id=\"_wpnonce\" name=\"_wpnonce\" value=\"30a7e86164\" \/><input type=\"hidden\" name=\"_wp_http_referer\" value=\"\/fr\/wp-json\/wp\/v2\/pages\/29\" \/>\r\n<!--            <div class=\"mt-5 mb-5 avis-section\">-->\r\n<!--                <p>-->\r\n<!--                    <small>-->\r\n<!--                        --><!--                        <b>--><!--<\/b>-->\r\n<!--                        --><!--                    <\/small>-->\r\n<!--                <\/p>-->\r\n<!--                <a id=\"laissez-un-naavi\" href=\"https:\/\/g.page\/r\/CVb3ZbXyczqfEBM\/review\" class=\"btn btn-primary\" data-thank=\"--><!--\" target=\"_blank\">--><!--<\/a>-->\r\n<!--                &nbsp;--><!--&nbsp;-->\r\n<!--                <button id=\"skip-naavi\" type=\"button\" class=\"btn btn-outline-primary\" data-thank=\"--><!--\">--><!--<\/button>-->\r\n<!--            <\/div>-->\r\n<!---->\r\n<!--            <div class=\"text-right\">-->\r\n<!--                <button id=\"submit-waranty\" type=\"submit\" class=\"btn btn-outline-primary\" disabled>--><!--<\/button>-->\r\n<!--            <\/div>-->\r\n\r\n\r\n        <\/form>\r\n    <\/div>\r\n<\/div>\r\n\r\n\r\n<div class=\"alignfull bloc-avis-google\">\r\n    <div class=\"container container-s\">\r\n            <figure  class=\"fit-cover\">\r\n                    \r\n            <img  class='lazy'                    width=\"320\"\r\n                    height=\"240\"\r\n            data-src=\"https:\/\/www.diroy.com\/wp-content\/uploads\/2026\/02\/photo_femme-320x240.jpg.webp\"\r\n            data-srcset=\"https:\/\/www.diroy.com\/wp-content\/uploads\/2026\/02\/photo_femme-320x240.jpg.webp 1x, https:\/\/www.diroy.com\/wp-content\/uploads\/2026\/02\/photo_femme-320x240-retina.jpg.webp 2x\"\r\n            alt=\"\"\r\n            \/>\r\n                <\/figure>\r\n        <div class=\"text-part\">\r\n            <h3>Votre avis compte beaucoup pour nous !<\/h3><div class=\"text\"><p>Afin de valider votre enregistrement, merci de visiter notre page d\u2019avis Google.<br \/>\nVous pourrez y partager \u2014 si vous le souhaitez \u2014 votre exp\u00e9rience avec Diroy.<br \/>\nUne fois votre visite termin\u00e9e, revenez simplement sur cette page pour finaliser votre enregistrement de garantie.<\/p>\n<\/div>            <div class=\"btn-wrappers\">\r\n                <a id=\"laissez-un-naavi\" href=\"https:\/\/g.page\/r\/CVb3ZbXyczqfEBM\/review\" class=\"btn btn-white\" data-thank=\"Merci\" target=\"_blank\">Je laisse un avis<\/a>\r\n                <button id=\"skip-naavi\" type=\"button\" class=\"btn btn-outline-primary\" data-thank=\"N'h\u00e9sitez pas \u00e0 nous laisser un avis plus tard !\">Passez cette \u00e9tape<\/button>\r\n            <\/div>\r\n        <\/div>\r\n    <\/div>\r\n<\/div>\r\n\r\n<div class=\"alignfull bg-grey submit-warranty-form-section\">\r\n    <div class=\"container container-s py-5\">\r\n        <button id=\"submit-waranty\" type=\"submit\" class=\"btn btn-outline-primary\" disabled>Envoyer ma demande d&rsquo;enregistrement<\/button>\r\n    <\/div>\r\n<\/div>\r\n\r\n<div class=\"alignfull bg-white garantie-legals\">\r\n    <div class=\"container container-s py-5\">\r\n        <div class=\"mt-4\">\r\n            <p>\r\n                <small>\r\n                    Diroy, 19 route d\u2019Obermodern, 67330 Bouxwiller, FRANCE, traite vos donn\u00e9es personnelles dans l&rsquo;enregistrement de votre garantie sur <a href='https:\/\/www.diroy.com\/fr\/'>diroy.com<\/a> <br>\r\n                            En l\u2019absence de consentement au traitement de vos donn\u00e9es personnelles, Diroy ne peut pas r\u00e9pondre \u00e0 votre demande.<br>\r\n                            Le destinataire de vos donn\u00e9es est Diroy. \u00c0 partir du moment o\u00f9 votre demande en ligne aura atteint un statut final, vos donn\u00e9es personnelles seront supprim\u00e9es dans un d\u00e9lai de 3 mois.\r\n                            Il vous est possible de revenir sur ce consentement, vous disposez \u00e9galement d\u2019un droit d\u2019acc\u00e8s, de rectification, d\u2019effacement, de portabilit\u00e9, de limitation des traitements, et le droit d\u2019introduire <a href='https:\/\/www.cnil.fr\/fr\/plaintes'>une r\u00e9clamation aupr\u00e8s de la CNIL<\/a>.<br><br>\r\n                            Pour exercer vos droits, vous pouvez effectuer une demande en contactant le d\u00e9l\u00e9gu\u00e9 \u00e0 la protection des donn\u00e9es, par mail <a href='mailto:guillaume.joly@diroy.com'>en cliquant ici<\/a> ou par courrier \u00e0 l\u2019adresse suivante : 19 route d\u2019Obermodern, 67330 Bouxwiller, FRANCE. \r\n                            Pour en savoir plus sur vos droits et notre politique concernant la gestion de vos donn\u00e9es personnelles, vous pouvez consulter <a href='https:\/\/www.diroy.com\/fr\/politique-de-confidentialite\/'>notre politique de confidentialit\u00e9<\/a>                <\/small>\r\n            <\/p>\r\n        <\/div>\r\n    <\/div>\r\n<\/div>\r\n\r\n","protected":false},"excerpt":{"rendered":"<p>La garantie sur les produits Diroy ne s\u2019applique que dans le cadre de l\u2019achat chez [&hellip;]<\/p>\n","protected":false},"author":1,"featured_media":0,"parent":18,"menu_order":0,"comment_status":"closed","ping_status":"closed","template":"","meta":{"_acf_changed":false,"footnotes":""},"class_list":["post-29","page","type-page","status-publish","hentry"],"acf":[],"yoast_head":"<!-- This site is optimized with the Yoast SEO plugin v23.4 - https:\/\/yoast.com\/wordpress\/plugins\/seo\/ -->\n<title>Vous avez votre Matelas ? Enregistrez votre garantie !<\/title>\n<meta name=\"description\" content=\"Enregistrez votre garantie Diroy en quelques clics pour une tranquillit\u00e9 assur\u00e9e.\" \/>\n<meta name=\"robots\" content=\"index, follow, max-snippet:-1, max-image-preview:large, max-video-preview:-1\" \/>\n<link rel=\"canonical\" href=\"https:\/\/www.diroy.com\/fr\/experience-literie\/enregistrement-garantie\/\" \/>\n<meta property=\"og:locale\" content=\"fr_FR\" \/>\n<meta property=\"og:type\" content=\"article\" \/>\n<meta property=\"og:title\" content=\"Vous avez votre Matelas ? Enregistrez votre garantie !\" \/>\n<meta property=\"og:description\" content=\"Enregistrez votre garantie Diroy en quelques clics pour une tranquillit\u00e9 assur\u00e9e.\" \/>\n<meta property=\"og:url\" content=\"https:\/\/www.diroy.com\/fr\/experience-literie\/enregistrement-garantie\/\" \/>\n<meta property=\"og:site_name\" content=\"Diroy\" \/>\n<meta property=\"article:modified_time\" content=\"2026-02-03T13:44:59+00:00\" \/>\n<meta name=\"twitter:card\" content=\"summary_large_image\" \/>\n<script type=\"application\/ld+json\" class=\"yoast-schema-graph\">{\"@context\":\"https:\/\/schema.org\",\"@graph\":[{\"@type\":\"WebPage\",\"@id\":\"https:\/\/www.diroy.com\/fr\/experience-literie\/enregistrement-garantie\/\",\"url\":\"https:\/\/www.diroy.com\/fr\/experience-literie\/enregistrement-garantie\/\",\"name\":\"Vous avez votre Matelas ? Enregistrez votre garantie !\",\"isPartOf\":{\"@id\":\"https:\/\/www.diroy.com\/fr\/#website\"},\"datePublished\":\"2019-07-16T12:28:34+00:00\",\"dateModified\":\"2026-02-03T13:44:59+00:00\",\"description\":\"Enregistrez votre garantie Diroy en quelques clics pour une tranquillit\u00e9 assur\u00e9e.\",\"breadcrumb\":{\"@id\":\"https:\/\/www.diroy.com\/fr\/experience-literie\/enregistrement-garantie\/#breadcrumb\"},\"inLanguage\":\"fr-FR\",\"potentialAction\":[{\"@type\":\"ReadAction\",\"target\":[\"https:\/\/www.diroy.com\/fr\/experience-literie\/enregistrement-garantie\/\"]}]},{\"@type\":\"BreadcrumbList\",\"@id\":\"https:\/\/www.diroy.com\/fr\/experience-literie\/enregistrement-garantie\/#breadcrumb\",\"itemListElement\":[{\"@type\":\"ListItem\",\"position\":1,\"name\":\"Accueil\",\"item\":\"https:\/\/www.diroy.com\/fr\/\"},{\"@type\":\"ListItem\",\"position\":2,\"name\":\"Exp\u00e9rience literie\",\"item\":\"https:\/\/www.diroy.com\/fr\/experience-literie\/\"},{\"@type\":\"ListItem\",\"position\":3,\"name\":\"Enregistrement garantie\"}]},{\"@type\":\"WebSite\",\"@id\":\"https:\/\/www.diroy.com\/fr\/#website\",\"url\":\"https:\/\/www.diroy.com\/fr\/\",\"name\":\"Diroy\",\"description\":\"\",\"potentialAction\":[{\"@type\":\"SearchAction\",\"target\":{\"@type\":\"EntryPoint\",\"urlTemplate\":\"https:\/\/www.diroy.com\/fr\/?s={search_term_string}\"},\"query-input\":{\"@type\":\"PropertyValueSpecification\",\"valueRequired\":true,\"valueName\":\"search_term_string\"}}],\"inLanguage\":\"fr-FR\"}]}<\/script>\n<!-- \/ Yoast SEO plugin. -->","yoast_head_json":{"title":"Vous avez votre Matelas ? Enregistrez votre garantie !","description":"Enregistrez votre garantie Diroy en quelques clics pour une tranquillit\u00e9 assur\u00e9e.","robots":{"index":"index","follow":"follow","max-snippet":"max-snippet:-1","max-image-preview":"max-image-preview:large","max-video-preview":"max-video-preview:-1"},"canonical":"https:\/\/www.diroy.com\/fr\/experience-literie\/enregistrement-garantie\/","og_locale":"fr_FR","og_type":"article","og_title":"Vous avez votre Matelas ? Enregistrez votre garantie !","og_description":"Enregistrez votre garantie Diroy en quelques clics pour une tranquillit\u00e9 assur\u00e9e.","og_url":"https:\/\/www.diroy.com\/fr\/experience-literie\/enregistrement-garantie\/","og_site_name":"Diroy","article_modified_time":"2026-02-03T13:44:59+00:00","twitter_card":"summary_large_image","schema":{"@context":"https:\/\/schema.org","@graph":[{"@type":"WebPage","@id":"https:\/\/www.diroy.com\/fr\/experience-literie\/enregistrement-garantie\/","url":"https:\/\/www.diroy.com\/fr\/experience-literie\/enregistrement-garantie\/","name":"Vous avez votre Matelas ? Enregistrez votre garantie !","isPartOf":{"@id":"https:\/\/www.diroy.com\/fr\/#website"},"datePublished":"2019-07-16T12:28:34+00:00","dateModified":"2026-02-03T13:44:59+00:00","description":"Enregistrez votre garantie Diroy en quelques clics pour une tranquillit\u00e9 assur\u00e9e.","breadcrumb":{"@id":"https:\/\/www.diroy.com\/fr\/experience-literie\/enregistrement-garantie\/#breadcrumb"},"inLanguage":"fr-FR","potentialAction":[{"@type":"ReadAction","target":["https:\/\/www.diroy.com\/fr\/experience-literie\/enregistrement-garantie\/"]}]},{"@type":"BreadcrumbList","@id":"https:\/\/www.diroy.com\/fr\/experience-literie\/enregistrement-garantie\/#breadcrumb","itemListElement":[{"@type":"ListItem","position":1,"name":"Accueil","item":"https:\/\/www.diroy.com\/fr\/"},{"@type":"ListItem","position":2,"name":"Exp\u00e9rience literie","item":"https:\/\/www.diroy.com\/fr\/experience-literie\/"},{"@type":"ListItem","position":3,"name":"Enregistrement garantie"}]},{"@type":"WebSite","@id":"https:\/\/www.diroy.com\/fr\/#website","url":"https:\/\/www.diroy.com\/fr\/","name":"Diroy","description":"","potentialAction":[{"@type":"SearchAction","target":{"@type":"EntryPoint","urlTemplate":"https:\/\/www.diroy.com\/fr\/?s={search_term_string}"},"query-input":{"@type":"PropertyValueSpecification","valueRequired":true,"valueName":"search_term_string"}}],"inLanguage":"fr-FR"}]}},"_links":{"self":[{"href":"https:\/\/www.diroy.com\/fr\/wp-json\/wp\/v2\/pages\/29"}],"collection":[{"href":"https:\/\/www.diroy.com\/fr\/wp-json\/wp\/v2\/pages"}],"about":[{"href":"https:\/\/www.diroy.com\/fr\/wp-json\/wp\/v2\/types\/page"}],"author":[{"embeddable":true,"href":"https:\/\/www.diroy.com\/fr\/wp-json\/wp\/v2\/users\/1"}],"replies":[{"embeddable":true,"href":"https:\/\/www.diroy.com\/fr\/wp-json\/wp\/v2\/comments?post=29"}],"version-history":[{"count":9,"href":"https:\/\/www.diroy.com\/fr\/wp-json\/wp\/v2\/pages\/29\/revisions"}],"predecessor-version":[{"id":30498,"href":"https:\/\/www.diroy.com\/fr\/wp-json\/wp\/v2\/pages\/29\/revisions\/30498"}],"up":[{"embeddable":true,"href":"https:\/\/www.diroy.com\/fr\/wp-json\/wp\/v2\/pages\/18"}],"wp:attachment":[{"href":"https:\/\/www.diroy.com\/fr\/wp-json\/wp\/v2\/media?parent=29"}],"curies":[{"name":"wp","href":"https:\/\/api.w.org\/{rel}","templated":true}]}}