{"id":28812,"date":"2025-09-29T15:01:26","date_gmt":"2025-09-29T13:01:26","guid":{"rendered":"https:\/\/diroy.com\/?page_id=28812"},"modified":"2025-10-09T10:36:24","modified_gmt":"2025-10-09T08:36:24","slug":"choisir-un-matelas","status":"publish","type":"page","link":"https:\/\/www.diroy.com\/fr\/choisir-un-matelas\/","title":{"rendered":""},"content":{"rendered":"\n<h1 class=\"wp-block-heading\">Choisir un matelas : enfin des nuits sans douleurs ni r\u00e9veils fatigu\u00e9s<\/h1>\n\n\n    <section id=\"excerpt-page-block_1ac06ad57583ba8dc1b4a051909afff0\" class=\"block-g block-excerpt alignfull bgblanc\">\r\n        <div class=\"container\">\r\n            <h3 class=\"block-title\"><\/h3>\r\n            <div class=\"row\">\r\n                                    <div data-aos=\"fade-right\" class=\"col-md-6 col-img order-last\">\r\n                            <figure  class=\"fit-cover\">\r\n                <picture>\r\n                                                            <source\r\n                        data-srcset=\"https:\/\/www.diroy.com\/wp-content\/uploads\/2019\/09\/photo-manufacture-savoir-faire-570x408.jpg.webp 1x, https:\/\/www.diroy.com\/wp-content\/uploads\/2019\/09\/photo-manufacture-savoir-faire-570x408-retina.jpg.webp 2x\"\r\n                        media=\"(max-width: 600px\"\/>\r\n                            \r\n            <img  class='lazy'                    width=\"670\"\r\n                    height=\"480\"\r\n            data-src=\"https:\/\/www.diroy.com\/wp-content\/uploads\/2019\/09\/photo-manufacture-savoir-faire-670x480.jpg.webp\"\r\n            data-srcset=\"https:\/\/www.diroy.com\/wp-content\/uploads\/2019\/09\/photo-manufacture-savoir-faire-670x480.jpg.webp 1x, https:\/\/www.diroy.com\/wp-content\/uploads\/2019\/09\/photo-manufacture-savoir-faire-670x480-retina.jpg.webp 2x\"\r\n            alt=\"Photo de la surface d'un matelas Diroy avec une main en train de la coudre\"\r\n            \/>\r\n                    <\/picture>\r\n        <\/figure>\r\n                    <\/div>\r\n                    <div data-aos=\"fade-left\" class=\"col-md-6 col-txt\">\r\n                        <div class=\"content\">\r\n                            <h2 class=\"title\">\r\n                                <span >\r\n                                                                    <\/span>\r\n                            <\/h2>\r\n                                                            <div class=\"excerpt\">\r\n                                    <p><!-- wp:paragraph --><\/p>\n<p>Un bon matelas change tout : meilleure r\u00e9cup\u00e9ration, moins de douleurs et un sommeil plus profond. Mais entre mousse, ressorts, fermet\u00e9 et budget, le choix peut vite devenir un casse-t\u00eate. Cette page vous aide \u00e0 y voir clair et \u00e0 trouver celui qui vous correspond vraiment.<\/p>\n<p><!-- \/wp:paragraph --> <!-- wp:list --><\/p>\n<ul class=\"wp-block-list\">\n<li style=\"list-style-type: none;\">\n<ul class=\"wp-block-list\"><!-- wp:list-item --><\/p>\n<li>\u00c9vitez les erreurs co\u00fbteuses gr\u00e2ce \u00e0 des crit\u00e8res simples et fiables<\/li>\n<\/ul>\n<\/li>\n<\/ul>\n<p><!-- \/wp:list-item --> <!-- wp:list-item --><\/p>\n<ul class=\"wp-block-list\">\n<li style=\"list-style-type: none;\">\n<ul class=\"wp-block-list\">\n<li>D\u00e9couvrez la fermet\u00e9 et les mat\u00e9riaux adapt\u00e9s \u00e0 votre sommeil<\/li>\n<\/ul>\n<\/li>\n<\/ul>\n<p><!-- \/wp:list-item --> <!-- wp:list-item --><\/p>\n<ul class=\"wp-block-list\">\n<li style=\"list-style-type: none;\">\n<ul class=\"wp-block-list\">\n<li>Profitez d\u2019un confort pens\u00e9 pour durer plusieurs ann\u00e9es<\/li>\n<\/ul>\n<\/li>\n<\/ul>\n<p><!-- \/wp:list-item --><\/p>\n<p><!-- \/wp:list --> <!-- wp:paragraph --><\/p>\n<p>Et si, en plus, vous pouviez b\u00e9n\u00e9ficier de tout cela avec un matelas con\u00e7u sur-mesure, durable et fabriqu\u00e9 en France ? C\u2019est exactement ce que propose Diroy.<\/p>\n<p><!-- \/wp:paragraph --><\/p>\n                                <\/div>\r\n                                                                                        <p><a href=\"#\" target=\"\" class=\"btn btn-outline-primary\">D\u00e9couvrez votre matelas id\u00e9al gr\u00e2ce \u00e0 notre outil de simulation<\/a><\/p>\r\n                                                    <\/div>\r\n                    <\/div>\r\n                            <\/div>\r\n        <\/div>\r\n    <\/section>\r\n\n\n    <section id=\"excerpt-page-block_eb099c96b7a084c673664c92f8c15927\" class=\"block-g block-excerpt alignfull bggris\">\r\n        <div class=\"container\">\r\n            <h3 class=\"block-title\"><\/h3>\r\n            <div class=\"row\">\r\n                                    <div data-aos=\"fade-right\" class=\"col-md-6 col-img \">\r\n                            <figure  class=\"fit-cover\">\r\n                <picture>\r\n                                                            <source\r\n                        data-srcset=\"https:\/\/www.diroy.com\/wp-content\/uploads\/2019\/09\/photo-manufacture-savoir-faire-570x408.jpg.webp 1x, https:\/\/www.diroy.com\/wp-content\/uploads\/2019\/09\/photo-manufacture-savoir-faire-570x408-retina.jpg.webp 2x\"\r\n                        media=\"(max-width: 600px\"\/>\r\n                            \r\n            <img  class='lazy'                    width=\"670\"\r\n                    height=\"480\"\r\n            data-src=\"https:\/\/www.diroy.com\/wp-content\/uploads\/2019\/09\/photo-manufacture-savoir-faire-670x480.jpg.webp\"\r\n            data-srcset=\"https:\/\/www.diroy.com\/wp-content\/uploads\/2019\/09\/photo-manufacture-savoir-faire-670x480.jpg.webp 1x, https:\/\/www.diroy.com\/wp-content\/uploads\/2019\/09\/photo-manufacture-savoir-faire-670x480-retina.jpg.webp 2x\"\r\n            alt=\"Photo de la surface d'un matelas Diroy avec une main en train de la coudre\"\r\n            \/>\r\n                    <\/picture>\r\n        <\/figure>\r\n                    <\/div>\r\n                    <div data-aos=\"fade-left\" class=\"col-md-6 col-txt\">\r\n                        <div class=\"content\">\r\n                            <h2 class=\"title\">\r\n                                <span >\r\n                                    Choisir un matelas <strong>les crit\u00e8res qui changent tout<\/strong>                                <\/span>\r\n                            <\/h2>\r\n                                                            <div class=\"excerpt\">\r\n                                    <p><!-- wp:paragraph --><\/p>\n<p>La fermet\u00e9 n\u2019est qu\u2019un d\u00e9but. Soutien, ventilation, ind\u00e9pendance de couchage et mat\u00e9riaux influencent directement votre confort et la sant\u00e9 de votre dos. Comprendre ces crit\u00e8res, c\u2019est \u00e9viter les achats d\u00e9cevants et profiter d\u2019un sommeil r\u00e9parateur.<\/p>\n<ul>\n<li>Fermet\u00e9 et accueil : trouver le juste \u00e9quilibre<\/li>\n<li>Ind\u00e9pendance de couchage : dormir \u00e0 deux sans se g\u00eaner<\/li>\n<li>Ventilation : rester au frais toute la nuit<\/li>\n<li>Mat\u00e9riaux : mousse, latex, ressorts ensach\u00e9s\u2026 lequel choisir ?<\/li>\n<\/ul>\n<p><!-- notionvc: 2c99c3f9-04f7-4c92-881f-8d85006a9ebf --><\/p>\n<p><!-- \/wp:paragraph --><\/p>\n                                <\/div>\r\n                                                                                        <p><a href=\"#\" target=\"\" class=\"btn btn-outline-primary\">Testez vos pr\u00e9f\u00e9rences avec notre simulateur en ligne<\/a><\/p>\r\n                                                    <\/div>\r\n                    <\/div>\r\n                            <\/div>\r\n        <\/div>\r\n    <\/section>\r\n\n\n\n<p class=\"has-text-align-center\"><\/p>\n\n\n\n<h2 class=\"wp-block-heading has-text-align-center\">Matelas mousse vs ressorts : lequel vous conviendra le mieux ?<\/h2>\n\n\n\n<p><\/p>\n\n\n\n<div class=\"wp-block-group\"><div class=\"wp-block-group__inner-container is-layout-grid wp-container-core-group-is-layout-1 wp-block-group-is-layout-grid\">\n<p class=\"has-text-align-center has-cyan-bluish-gray-background-color has-background wp-container-content-1\"><strong>Crit\u00e8re<\/strong><\/p>\n\n\n\n<p class=\"has-text-align-center has-cyan-bluish-gray-background-color has-background wp-container-content-2\">Mousse<\/p>\n\n\n\n<p class=\"has-text-align-center has-cyan-bluish-gray-background-color has-background wp-container-content-3\">Ensach\u00e9<\/p>\n\n\n\n<p class=\"has-text-align-center wp-container-content-4\"><strong>Soutien<\/strong><\/p>\n\n\n\n<p class=\"has-text-align-center wp-container-content-5\">Homog\u00e8ne<\/p>\n\n\n\n<p class=\"has-text-align-center wp-container-content-6\">Dynamique et pr\u00e9cis<\/p>\n\n\n\n<p class=\"has-text-align-center wp-container-content-7\"><strong>Ventilation<\/strong><\/p>\n\n\n\n<p class=\"has-text-align-center wp-container-content-8\">Moyenne<\/p>\n\n\n\n<p class=\"has-text-align-center wp-container-content-9\">Excellente<\/p>\n\n\n\n<p class=\"has-text-align-center wp-container-content-10\"><strong>Durabilit\u00e9<\/strong><\/p>\n\n\n\n<p class=\"has-text-align-center wp-container-content-11\">Bonne<\/p>\n\n\n\n<p class=\"has-text-align-center wp-container-content-12\">Tr\u00e8s bonne<\/p>\n\n\n\n<p class=\"has-text-align-center wp-container-content-13\"><strong>Id\u00e9al pour<\/strong><\/p>\n\n\n\n<p class=\"has-text-align-center wp-container-content-14\">Douceur enveloppante<\/p>\n\n\n\n<p class=\"has-text-align-center wp-container-content-15\">Fermet\u00e9 et ind\u00e9pendance de couchage<\/p>\n<\/div><\/div>\n\n\n\n<p><p class=\"btn btn-outline-primary text-center has-text-align-center\" style=\"display: table;\"><a href=\"#\">D\u00e9couvrez votre matelas id\u00e9al gr\u00e2ce \u00e0 notre outil de simulation<\/a><\/p><\/p>\n\n\n\n<p><\/p>\n","protected":false},"excerpt":{"rendered":"<p>Choisir un matelas : enfin des nuits sans douleurs ni r\u00e9veils fatigu\u00e9s Matelas mousse vs [&hellip;]<\/p>\n","protected":false},"author":124,"featured_media":27219,"parent":0,"menu_order":0,"comment_status":"closed","ping_status":"closed","template":"","meta":{"_acf_changed":false,"footnotes":""},"class_list":["post-28812","page","type-page","status-publish","has-post-thumbnail","hentry"],"acf":[],"yoast_head":"<!-- This site is optimized with the Yoast SEO plugin v23.4 - https:\/\/yoast.com\/wordpress\/plugins\/seo\/ -->\n<title>- Diroy<\/title>\n<meta name=\"robots\" content=\"index, follow, max-snippet:-1, max-image-preview:large, max-video-preview:-1\" \/>\n<link rel=\"canonical\" href=\"https:\/\/www.diroy.com\/fr\/choisir-un-matelas\/\" \/>\n<meta property=\"og:locale\" content=\"fr_FR\" \/>\n<meta property=\"og:type\" content=\"article\" \/>\n<meta property=\"og:title\" content=\"- Diroy\" \/>\n<meta property=\"og:description\" content=\"Choisir un matelas : enfin des nuits sans douleurs ni r\u00e9veils fatigu\u00e9s Matelas mousse vs [&hellip;]\" \/>\n<meta property=\"og:url\" content=\"https:\/\/www.diroy.com\/fr\/choisir-un-matelas\/\" \/>\n<meta property=\"og:site_name\" content=\"Diroy\" \/>\n<meta property=\"article:modified_time\" content=\"2025-10-09T08:36:24+00:00\" \/>\n<meta property=\"og:image\" content=\"https:\/\/www.diroy.com\/wp-content\/uploads\/2025\/06\/photo_garantie.jpg\" \/>\n\t<meta property=\"og:image:width\" content=\"1344\" \/>\n\t<meta property=\"og:image:height\" content=\"965\" \/>\n\t<meta property=\"og:image:type\" content=\"image\/jpeg\" \/>\n<meta name=\"twitter:card\" content=\"summary_large_image\" \/>\n<meta name=\"twitter:label1\" content=\"Dur\u00e9e de lecture estim\u00e9e\" \/>\n\t<meta name=\"twitter:data1\" content=\"1 minute\" \/>\n<script type=\"application\/ld+json\" class=\"yoast-schema-graph\">{\"@context\":\"https:\/\/schema.org\",\"@graph\":[{\"@type\":\"WebPage\",\"@id\":\"https:\/\/www.diroy.com\/fr\/choisir-un-matelas\/\",\"url\":\"https:\/\/www.diroy.com\/fr\/choisir-un-matelas\/\",\"name\":\"- Diroy\",\"isPartOf\":{\"@id\":\"https:\/\/www.diroy.com\/fr\/#website\"},\"primaryImageOfPage\":{\"@id\":\"https:\/\/www.diroy.com\/fr\/choisir-un-matelas\/#primaryimage\"},\"image\":{\"@id\":\"https:\/\/www.diroy.com\/fr\/choisir-un-matelas\/#primaryimage\"},\"thumbnailUrl\":\"https:\/\/www.diroy.com\/wp-content\/uploads\/2025\/06\/photo_garantie.jpg\",\"datePublished\":\"2025-09-29T13:01:26+00:00\",\"dateModified\":\"2025-10-09T08:36:24+00:00\",\"inLanguage\":\"fr-FR\",\"potentialAction\":[{\"@type\":\"ReadAction\",\"target\":[\"https:\/\/www.diroy.com\/fr\/choisir-un-matelas\/\"]}]},{\"@type\":\"ImageObject\",\"inLanguage\":\"fr-FR\",\"@id\":\"https:\/\/www.diroy.com\/fr\/choisir-un-matelas\/#primaryimage\",\"url\":\"https:\/\/www.diroy.com\/wp-content\/uploads\/2025\/06\/photo_garantie.jpg\",\"contentUrl\":\"https:\/\/www.diroy.com\/wp-content\/uploads\/2025\/06\/photo_garantie.jpg\",\"width\":1344,\"height\":965,\"caption\":\"Image de l'ecusson de la certification \\\"belle literie excellence\\\" sur un matelas diroy\"},{\"@type\":\"WebSite\",\"@id\":\"https:\/\/www.diroy.com\/fr\/#website\",\"url\":\"https:\/\/www.diroy.com\/fr\/\",\"name\":\"Diroy\",\"description\":\"\",\"potentialAction\":[{\"@type\":\"SearchAction\",\"target\":{\"@type\":\"EntryPoint\",\"urlTemplate\":\"https:\/\/www.diroy.com\/fr\/?s={search_term_string}\"},\"query-input\":{\"@type\":\"PropertyValueSpecification\",\"valueRequired\":true,\"valueName\":\"search_term_string\"}}],\"inLanguage\":\"fr-FR\"}]}<\/script>\n<!-- \/ Yoast SEO plugin. -->","yoast_head_json":{"title":"- Diroy","robots":{"index":"index","follow":"follow","max-snippet":"max-snippet:-1","max-image-preview":"max-image-preview:large","max-video-preview":"max-video-preview:-1"},"canonical":"https:\/\/www.diroy.com\/fr\/choisir-un-matelas\/","og_locale":"fr_FR","og_type":"article","og_title":"- Diroy","og_description":"Choisir un matelas : enfin des nuits sans douleurs ni r\u00e9veils fatigu\u00e9s Matelas mousse vs [&hellip;]","og_url":"https:\/\/www.diroy.com\/fr\/choisir-un-matelas\/","og_site_name":"Diroy","article_modified_time":"2025-10-09T08:36:24+00:00","og_image":[{"width":1344,"height":965,"url":"https:\/\/www.diroy.com\/wp-content\/uploads\/2025\/06\/photo_garantie.jpg","type":"image\/jpeg"}],"twitter_card":"summary_large_image","twitter_misc":{"Dur\u00e9e de lecture estim\u00e9e":"1 minute"},"schema":{"@context":"https:\/\/schema.org","@graph":[{"@type":"WebPage","@id":"https:\/\/www.diroy.com\/fr\/choisir-un-matelas\/","url":"https:\/\/www.diroy.com\/fr\/choisir-un-matelas\/","name":"- Diroy","isPartOf":{"@id":"https:\/\/www.diroy.com\/fr\/#website"},"primaryImageOfPage":{"@id":"https:\/\/www.diroy.com\/fr\/choisir-un-matelas\/#primaryimage"},"image":{"@id":"https:\/\/www.diroy.com\/fr\/choisir-un-matelas\/#primaryimage"},"thumbnailUrl":"https:\/\/www.diroy.com\/wp-content\/uploads\/2025\/06\/photo_garantie.jpg","datePublished":"2025-09-29T13:01:26+00:00","dateModified":"2025-10-09T08:36:24+00:00","inLanguage":"fr-FR","potentialAction":[{"@type":"ReadAction","target":["https:\/\/www.diroy.com\/fr\/choisir-un-matelas\/"]}]},{"@type":"ImageObject","inLanguage":"fr-FR","@id":"https:\/\/www.diroy.com\/fr\/choisir-un-matelas\/#primaryimage","url":"https:\/\/www.diroy.com\/wp-content\/uploads\/2025\/06\/photo_garantie.jpg","contentUrl":"https:\/\/www.diroy.com\/wp-content\/uploads\/2025\/06\/photo_garantie.jpg","width":1344,"height":965,"caption":"Image de l'ecusson de la certification \"belle literie excellence\" sur un matelas diroy"},{"@type":"WebSite","@id":"https:\/\/www.diroy.com\/fr\/#website","url":"https:\/\/www.diroy.com\/fr\/","name":"Diroy","description":"","potentialAction":[{"@type":"SearchAction","target":{"@type":"EntryPoint","urlTemplate":"https:\/\/www.diroy.com\/fr\/?s={search_term_string}"},"query-input":{"@type":"PropertyValueSpecification","valueRequired":true,"valueName":"search_term_string"}}],"inLanguage":"fr-FR"}]}},"_links":{"self":[{"href":"https:\/\/www.diroy.com\/fr\/wp-json\/wp\/v2\/pages\/28812"}],"collection":[{"href":"https:\/\/www.diroy.com\/fr\/wp-json\/wp\/v2\/pages"}],"about":[{"href":"https:\/\/www.diroy.com\/fr\/wp-json\/wp\/v2\/types\/page"}],"author":[{"embeddable":true,"href":"https:\/\/www.diroy.com\/fr\/wp-json\/wp\/v2\/users\/124"}],"replies":[{"embeddable":true,"href":"https:\/\/www.diroy.com\/fr\/wp-json\/wp\/v2\/comments?post=28812"}],"version-history":[{"count":54,"href":"https:\/\/www.diroy.com\/fr\/wp-json\/wp\/v2\/pages\/28812\/revisions"}],"predecessor-version":[{"id":29005,"href":"https:\/\/www.diroy.com\/fr\/wp-json\/wp\/v2\/pages\/28812\/revisions\/29005"}],"wp:featuredmedia":[{"embeddable":true,"href":"https:\/\/www.diroy.com\/fr\/wp-json\/wp\/v2\/media\/27219"}],"wp:attachment":[{"href":"https:\/\/www.diroy.com\/fr\/wp-json\/wp\/v2\/media?parent=28812"}],"curies":[{"name":"wp","href":"https:\/\/api.w.org\/{rel}","templated":true}]}}