{"id":18,"date":"2019-07-16T14:15:38","date_gmt":"2019-07-16T12:15:38","guid":{"rendered":"https:\/\/www.diroy.com\/?page_id=18"},"modified":"2025-09-25T17:07:51","modified_gmt":"2025-09-25T15:07:51","slug":"experience-literie","status":"publish","type":"page","link":"https:\/\/www.diroy.com\/fr\/experience-literie\/","title":{"rendered":"Exp\u00e9rience literie"},"content":{"rendered":"\n<p class=\"has-text-align-center\">Rien ne vaut une bonne literie : elle est <strong>la garantie d\u2019un sommeil r\u00e9cup\u00e9rateur et source de bien-\u00eatre<\/strong>.<br>Avec une grande vari\u00e9t\u00e9 de produits, <strong>matelas, sommiers et accessoires<\/strong>, Diroy sait r\u00e9pondre \u00e0 vos besoins sp\u00e9cifiques de mani\u00e8re adapt\u00e9e et vous donne les cl\u00e9s pour vous permettre de <strong>vivre au mieux votre exp\u00e9rience literie<\/strong>.<\/p>\n\n\n\n<div class=\"wp-block-button aligncenter is-style-btn-outline-primary\"><a class=\"btn btn-outline-primary\" href=\"https:\/\/www.diroy.com\/fr\/experience-literie\/conseils-belle-literie\/\">Voir nos conseils literie<\/a><\/div>\n\n\n\n<h2 class=\"is-style-diroy wp-block-heading\">Nos gammes literie<\/h2>\n\n\n\n\n    <section id=\"excerpt-page-block_5d444482d60ff\" class=\"block-g block-excerpt alignfull bggris\">\r\n        <div class=\"container\">\r\n            <h3 class=\"block-title\"><\/h3>\r\n            <div class=\"row\">\r\n                                                                                <div class=\"col-md-6\">\r\n                            <div data-aos=\"fade-down-right\" data-aos-delay=\"0\" class=\"thumbnail\">\r\n                                    <figure  class=\"fit-cover\">\r\n                <picture>\r\n                                                            <source\r\n                        data-srcset=\"https:\/\/www.diroy.com\/wp-content\/uploads\/2019\/08\/normes-labels-570x408.jpg.webp 1x, https:\/\/www.diroy.com\/wp-content\/uploads\/2019\/08\/normes-labels-570x408-retina.jpg.webp 2x\"\r\n                        media=\"(max-width: 600px\"\/>\r\n                            \r\n            <img  class='lazy'                    width=\"670\"\r\n                    height=\"480\"\r\n            data-src=\"https:\/\/www.diroy.com\/wp-content\/uploads\/2019\/08\/normes-labels-670x480.jpg.webp\"\r\n            data-srcset=\"https:\/\/www.diroy.com\/wp-content\/uploads\/2019\/08\/normes-labels-670x480.jpg.webp 1x, https:\/\/www.diroy.com\/wp-content\/uploads\/2019\/08\/normes-labels-670x480-retina.jpg.webp 2x\"\r\n            alt=\"\"\r\n            \/>\r\n                    <\/picture>\r\n        <\/figure>\r\n                            <\/div>\r\n                            <div data-aos=\"fade-up-left\" data-aos-delay=\"0\" class=\"row m-0 justify-content-end\">\r\n                                <div class=\"content col-lg-8\">\r\n                                    <h2 class=\"title\">\r\n                                        <span >\r\n                                            Literie <strong>Normes &#038; labels<\/strong>                                        <\/span>\r\n                                    <\/h2>\r\n                                                                                                                <p><a href=\"http:\/\/www.diroy.com\/fr\/experience-literie\/nos-normes-labels\/\" target=\"\" class=\"btn btn-outline-primary\">En savoir +<\/a>\r\n                                        <\/p>\r\n                                                                    <\/div>\r\n                            <\/div>\r\n                        <\/div>\r\n                                                                    <div class=\"col-md-6\">\r\n                            <div data-aos=\"fade-down-right\" data-aos-delay=\"600\" class=\"thumbnail\">\r\n                                    <figure  class=\"fit-cover\">\r\n                <picture>\r\n                                                            <source\r\n                        data-srcset=\"https:\/\/www.diroy.com\/wp-content\/uploads\/2019\/08\/ou-nous-trouver-570x408.jpg.webp 1x, https:\/\/www.diroy.com\/wp-content\/uploads\/2019\/08\/ou-nous-trouver-570x408-retina.jpg.webp 2x\"\r\n                        media=\"(max-width: 600px\"\/>\r\n                            \r\n            <img  class='lazy'                    width=\"670\"\r\n                    height=\"480\"\r\n            data-src=\"https:\/\/www.diroy.com\/wp-content\/uploads\/2019\/08\/ou-nous-trouver-670x480.jpg.webp\"\r\n            data-srcset=\"https:\/\/www.diroy.com\/wp-content\/uploads\/2019\/08\/ou-nous-trouver-670x480.jpg.webp 1x, https:\/\/www.diroy.com\/wp-content\/uploads\/2019\/08\/ou-nous-trouver-670x480-retina.jpg.webp 2x\"\r\n            alt=\"\"\r\n            \/>\r\n                    <\/picture>\r\n        <\/figure>\r\n                            <\/div>\r\n                            <div data-aos=\"fade-up-left\" data-aos-delay=\"600\" class=\"row m-0 justify-content-end\">\r\n                                <div class=\"content col-lg-8\">\r\n                                    <h2 class=\"title\">\r\n                                        <span >\r\n                                            Literie <strong>O\u00f9 nous trouver ?<\/strong>                                        <\/span>\r\n                                    <\/h2>\r\n                                                                                                                <p><a href=\"http:\/\/www.diroy.com\/fr\/experience-literie\/liste-des-revendeurs\/\" target=\"\" class=\"btn btn-outline-primary\">Liste des revendeurs<\/a>\r\n                                        <\/p>\r\n                                                                    <\/div>\r\n                            <\/div>\r\n                        <\/div>\r\n                                                                        <\/div>\r\n        <\/div>\r\n    <\/section>\r\n\n\n    <section id=\"excerpt-page-block_5d44579fc9fab\" class=\"block-g block-excerpt alignfull bgblanc\">\r\n        <div class=\"container\">\r\n            <h3 class=\"block-title\"><\/h3>\r\n            <div class=\"row\">\r\n                                    <div data-aos=\"fade-right\" class=\"col-md-6 col-img \">\r\n                            <figure  class=\"fit-cover\">\r\n                <picture>\r\n                                                            <source\r\n                        data-srcset=\"https:\/\/www.diroy.com\/wp-content\/uploads\/2019\/07\/PHOTO_GARANTIE-570x408.jpg.webp 1x, https:\/\/www.diroy.com\/wp-content\/uploads\/2019\/07\/PHOTO_GARANTIE-570x408-retina.jpg.webp 2x\"\r\n                        media=\"(max-width: 600px\"\/>\r\n                            \r\n            <img  class='lazy'                    width=\"670\"\r\n                    height=\"480\"\r\n            data-src=\"https:\/\/www.diroy.com\/wp-content\/uploads\/2019\/07\/PHOTO_GARANTIE-670x480.jpg.webp\"\r\n            data-srcset=\"https:\/\/www.diroy.com\/wp-content\/uploads\/2019\/07\/PHOTO_GARANTIE-670x480.jpg.webp 1x, https:\/\/www.diroy.com\/wp-content\/uploads\/2019\/07\/PHOTO_GARANTIE-670x480-retina.jpg.webp 2x\"\r\n            alt=\"\"\r\n            \/>\r\n                    <\/picture>\r\n        <\/figure>\r\n                    <\/div>\r\n                    <div data-aos=\"fade-left\" class=\"col-md-6 col-txt\">\r\n                        <div class=\"content\">\r\n                            <h2 class=\"title\">\r\n                                <span >\r\n                                    Enregistrement <strong>garantie<\/strong>                                <\/span>\r\n                            <\/h2>\r\n                                                            <div class=\"excerpt\">\r\n                                    <p>Avec une fabrication 100 % fran\u00e7aise, certifi\u00e9e par le label \u00ab Belle Literie \u00bb et \u00ab Belle Literie Excellence \u00bb \u2013 gage de qualit\u00e9 \u2013, Diroy inspire d\u2019autant plus confiance qu\u2019il assure en ses process une tra\u00e7abilit\u00e9 \u00e0 la hauteur de ses exigences.<\/p>\n                                <\/div>\r\n                                                                                        <p><a href=\"http:\/\/www.diroy.com\/fr\/experience-literie\/enregistrement-garantie\/\" target=\"\" class=\"btn btn-outline-primary\">Acc\u00e8s au formulaire<\/a><\/p>\r\n                                                    <\/div>\r\n                    <\/div>\r\n                            <\/div>\r\n        <\/div>\r\n    <\/section>\r\n\n\n\n<h3 class=\"is-style-diroy wp-block-heading\">Ils nous font confiance<\/h3>\n\n\n\r\n        <article id=\"references-slider-block_5d64d6be866f5\" class=\"block-g block-references-slider alignwide mb-5\">\r\n        <div class=\"container\">\r\n            <div class=\"references-slider\" data-nb-items=\"7\">\r\n                \r\n                        <figure  class=\"fit-cover px-3\">\r\n                    \r\n            <img  class='lazy'                    width=\"600\"\r\n                    height=\"404\"\r\n            data-src=\"https:\/\/www.diroy.com\/wp-content\/uploads\/2019\/09\/gazocean-600x404.jpg.webp\"\r\n            data-srcset=\"https:\/\/www.diroy.com\/wp-content\/uploads\/2019\/09\/gazocean-600x404.jpg.webp 1x, https:\/\/www.diroy.com\/wp-content\/uploads\/2019\/09\/gazocean-600x404-retina.jpg.webp 2x\"\r\n            alt=\"Logo Partenaire de Diroy : Azocea\"\r\n            \/>\r\n                <\/figure>\r\n\r\n                \r\n                        <figure  class=\"fit-cover px-3\">\r\n                    \r\n            <img  class='lazy'                    width=\"600\"\r\n                    height=\"404\"\r\n            data-src=\"https:\/\/www.diroy.com\/wp-content\/uploads\/2019\/09\/gite-france-600x404.jpg.webp\"\r\n            data-srcset=\"https:\/\/www.diroy.com\/wp-content\/uploads\/2019\/09\/gite-france-600x404.jpg.webp 1x, https:\/\/www.diroy.com\/wp-content\/uploads\/2019\/09\/gite-france-600x404-retina.jpg.webp 2x\"\r\n            alt=\"Logo Partenaire de Diroy : G\u00eetes de france\"\r\n            \/>\r\n                <\/figure>\r\n\r\n                \r\n                        <figure  class=\"fit-cover px-3\">\r\n                    \r\n            <img  class='lazy'                    width=\"600\"\r\n                    height=\"404\"\r\n            data-src=\"https:\/\/www.diroy.com\/wp-content\/uploads\/2019\/09\/holiday-Inn-600x404.jpg.webp\"\r\n            data-srcset=\"https:\/\/www.diroy.com\/wp-content\/uploads\/2019\/09\/holiday-Inn-600x404.jpg.webp 1x, https:\/\/www.diroy.com\/wp-content\/uploads\/2019\/09\/holiday-Inn-600x404-retina.jpg.webp 2x\"\r\n            alt=\"Logo Partenaire de Diroy : Holiday Inn\"\r\n            \/>\r\n                <\/figure>\r\n\r\n                \r\n                        <figure  class=\"fit-cover px-3\">\r\n                    \r\n            <img  class='lazy'                    width=\"600\"\r\n                    height=\"404\"\r\n            data-src=\"https:\/\/www.diroy.com\/wp-content\/uploads\/2019\/09\/les-violettes-600x404.jpg.webp\"\r\n            data-srcset=\"https:\/\/www.diroy.com\/wp-content\/uploads\/2019\/09\/les-violettes-600x404.jpg.webp 1x, https:\/\/www.diroy.com\/wp-content\/uploads\/2019\/09\/les-violettes-600x404-retina.jpg.webp 2x\"\r\n            alt=\"Logo Partenaire de Diroy : Les violettes hotel et spa\"\r\n            \/>\r\n                <\/figure>\r\n\r\n                \r\n                        <figure  class=\"fit-cover px-3\">\r\n                    \r\n            <img  class='lazy'                    width=\"600\"\r\n                    height=\"404\"\r\n            data-src=\"https:\/\/www.diroy.com\/wp-content\/uploads\/2019\/09\/rohan-600x404.jpg.webp\"\r\n            data-srcset=\"https:\/\/www.diroy.com\/wp-content\/uploads\/2019\/09\/rohan-600x404.jpg.webp 1x, https:\/\/www.diroy.com\/wp-content\/uploads\/2019\/09\/rohan-600x404-retina.jpg.webp 2x\"\r\n            alt=\"Logo Partenaire de Diroy : Rohan hotel Strasbourg\"\r\n            \/>\r\n                <\/figure>\r\n\r\n                \r\n                        <figure  class=\"fit-cover px-3\">\r\n                    \r\n            <img  class='lazy'                    width=\"600\"\r\n                    height=\"404\"\r\n            data-src=\"https:\/\/www.diroy.com\/wp-content\/uploads\/2019\/09\/seafrance-600x404.jpg.webp\"\r\n            data-srcset=\"https:\/\/www.diroy.com\/wp-content\/uploads\/2019\/09\/seafrance-600x404.jpg.webp 1x, https:\/\/www.diroy.com\/wp-content\/uploads\/2019\/09\/seafrance-600x404-retina.jpg.webp 2x\"\r\n            alt=\"Logo Partenaire de Diroy : Seafrance\"\r\n            \/>\r\n                <\/figure>\r\n\r\n                \r\n                        <figure  class=\"fit-cover px-3\">\r\n                    \r\n            <img  class='lazy'                    width=\"600\"\r\n                    height=\"404\"\r\n            data-src=\"https:\/\/www.diroy.com\/wp-content\/uploads\/2019\/09\/courtyard-600x404.jpg.webp\"\r\n            data-srcset=\"https:\/\/www.diroy.com\/wp-content\/uploads\/2019\/09\/courtyard-600x404.jpg.webp 1x, https:\/\/www.diroy.com\/wp-content\/uploads\/2019\/09\/courtyard-600x404-retina.jpg.webp 2x\"\r\n            alt=\"Logo Partenaire de Diroy : Courtyard\"\r\n            \/>\r\n                <\/figure>\r\n\r\n                \r\n                        <figure  class=\"fit-cover px-3\">\r\n                    \r\n            <img  class='lazy'                    width=\"600\"\r\n                    height=\"404\"\r\n            data-src=\"https:\/\/www.diroy.com\/wp-content\/uploads\/2019\/09\/croisi-europe-600x404.jpg.webp\"\r\n            data-srcset=\"https:\/\/www.diroy.com\/wp-content\/uploads\/2019\/09\/croisi-europe-600x404.jpg.webp 1x, https:\/\/www.diroy.com\/wp-content\/uploads\/2019\/09\/croisi-europe-600x404-retina.jpg.webp 2x\"\r\n            alt=\"Logo Partenaire de Diroy : Croisi Europe\"\r\n            \/>\r\n                <\/figure>\r\n\r\n                            <\/div>\r\n        <\/div>\r\n    <\/article>\r\n","protected":false},"excerpt":{"rendered":"<p>Rien ne vaut une bonne literie : elle est la garantie d\u2019un sommeil r\u00e9cup\u00e9rateur et [&hellip;]<\/p>\n","protected":false},"author":1,"featured_media":8539,"parent":0,"menu_order":0,"comment_status":"closed","ping_status":"closed","template":"","meta":{"_acf_changed":false,"footnotes":""},"class_list":["post-18","page","type-page","status-publish","has-post-thumbnail","hentry"],"acf":[],"yoast_head":"<!-- This site is optimized with the Yoast SEO plugin v23.4 - https:\/\/yoast.com\/wordpress\/plugins\/seo\/ -->\n<title>L&#039;Experience Literie chez Diroy<\/title>\n<meta name=\"description\" content=\"Exp\u00e9rience literie \u2013 D\u00e9couvrez l\u2019univers de Diroy, expert en literie de qualit\u00e9 depuis plus de 70 ans.\" \/>\n<meta name=\"robots\" content=\"index, follow, max-snippet:-1, max-image-preview:large, max-video-preview:-1\" \/>\n<link rel=\"canonical\" href=\"https:\/\/www.diroy.com\/fr\/experience-literie\/\" \/>\n<meta property=\"og:locale\" content=\"fr_FR\" \/>\n<meta property=\"og:type\" content=\"article\" \/>\n<meta property=\"og:title\" content=\"L&#039;Experience Literie chez Diroy\" \/>\n<meta property=\"og:description\" content=\"Exp\u00e9rience literie \u2013 D\u00e9couvrez l\u2019univers de Diroy, expert en literie de qualit\u00e9 depuis plus de 70 ans.\" \/>\n<meta property=\"og:url\" content=\"https:\/\/www.diroy.com\/fr\/experience-literie\/\" \/>\n<meta property=\"og:site_name\" content=\"Diroy\" \/>\n<meta property=\"article:modified_time\" content=\"2025-09-25T15:07:51+00:00\" \/>\n<meta property=\"og:image\" content=\"https:\/\/www.diroy.com\/wp-content\/uploads\/2020\/12\/une_literie_2021-1.jpg\" \/>\n\t<meta property=\"og:image:width\" content=\"1580\" \/>\n\t<meta property=\"og:image:height\" content=\"790\" \/>\n\t<meta property=\"og:image:type\" content=\"image\/jpeg\" \/>\n<meta name=\"twitter:card\" content=\"summary_large_image\" \/>\n<meta name=\"twitter:label1\" content=\"Dur\u00e9e de lecture estim\u00e9e\" \/>\n\t<meta name=\"twitter:data1\" content=\"1 minute\" \/>\n<script type=\"application\/ld+json\" class=\"yoast-schema-graph\">{\"@context\":\"https:\/\/schema.org\",\"@graph\":[{\"@type\":\"WebPage\",\"@id\":\"https:\/\/www.diroy.com\/fr\/experience-literie\/\",\"url\":\"https:\/\/www.diroy.com\/fr\/experience-literie\/\",\"name\":\"L'Experience Literie chez Diroy\",\"isPartOf\":{\"@id\":\"https:\/\/www.diroy.com\/fr\/#website\"},\"primaryImageOfPage\":{\"@id\":\"https:\/\/www.diroy.com\/fr\/experience-literie\/#primaryimage\"},\"image\":{\"@id\":\"https:\/\/www.diroy.com\/fr\/experience-literie\/#primaryimage\"},\"thumbnailUrl\":\"https:\/\/www.diroy.com\/wp-content\/uploads\/2020\/12\/une_literie_2021-1.jpg\",\"datePublished\":\"2019-07-16T12:15:38+00:00\",\"dateModified\":\"2025-09-25T15:07:51+00:00\",\"description\":\"Exp\u00e9rience literie \u2013 D\u00e9couvrez l\u2019univers de Diroy, expert en literie de qualit\u00e9 depuis plus de 70 ans.\",\"breadcrumb\":{\"@id\":\"https:\/\/www.diroy.com\/fr\/experience-literie\/#breadcrumb\"},\"inLanguage\":\"fr-FR\",\"potentialAction\":[{\"@type\":\"ReadAction\",\"target\":[\"https:\/\/www.diroy.com\/fr\/experience-literie\/\"]}]},{\"@type\":\"ImageObject\",\"inLanguage\":\"fr-FR\",\"@id\":\"https:\/\/www.diroy.com\/fr\/experience-literie\/#primaryimage\",\"url\":\"https:\/\/www.diroy.com\/wp-content\/uploads\/2020\/12\/une_literie_2021-1.jpg\",\"contentUrl\":\"https:\/\/www.diroy.com\/wp-content\/uploads\/2020\/12\/une_literie_2021-1.jpg\",\"width\":1580,\"height\":790,\"caption\":\"Photo femme dans la literie diroy\"},{\"@type\":\"BreadcrumbList\",\"@id\":\"https:\/\/www.diroy.com\/fr\/experience-literie\/#breadcrumb\",\"itemListElement\":[{\"@type\":\"ListItem\",\"position\":1,\"name\":\"Accueil\",\"item\":\"https:\/\/www.diroy.com\/fr\/\"},{\"@type\":\"ListItem\",\"position\":2,\"name\":\"Exp\u00e9rience literie\"}]},{\"@type\":\"WebSite\",\"@id\":\"https:\/\/www.diroy.com\/fr\/#website\",\"url\":\"https:\/\/www.diroy.com\/fr\/\",\"name\":\"Diroy\",\"description\":\"\",\"potentialAction\":[{\"@type\":\"SearchAction\",\"target\":{\"@type\":\"EntryPoint\",\"urlTemplate\":\"https:\/\/www.diroy.com\/fr\/?s={search_term_string}\"},\"query-input\":{\"@type\":\"PropertyValueSpecification\",\"valueRequired\":true,\"valueName\":\"search_term_string\"}}],\"inLanguage\":\"fr-FR\"}]}<\/script>\n<!-- \/ Yoast SEO plugin. -->","yoast_head_json":{"title":"L'Experience Literie chez Diroy","description":"Exp\u00e9rience literie \u2013 D\u00e9couvrez l\u2019univers de Diroy, expert en literie de qualit\u00e9 depuis plus de 70 ans.","robots":{"index":"index","follow":"follow","max-snippet":"max-snippet:-1","max-image-preview":"max-image-preview:large","max-video-preview":"max-video-preview:-1"},"canonical":"https:\/\/www.diroy.com\/fr\/experience-literie\/","og_locale":"fr_FR","og_type":"article","og_title":"L'Experience Literie chez Diroy","og_description":"Exp\u00e9rience literie \u2013 D\u00e9couvrez l\u2019univers de Diroy, expert en literie de qualit\u00e9 depuis plus de 70 ans.","og_url":"https:\/\/www.diroy.com\/fr\/experience-literie\/","og_site_name":"Diroy","article_modified_time":"2025-09-25T15:07:51+00:00","og_image":[{"width":1580,"height":790,"url":"https:\/\/www.diroy.com\/wp-content\/uploads\/2020\/12\/une_literie_2021-1.jpg","type":"image\/jpeg"}],"twitter_card":"summary_large_image","twitter_misc":{"Dur\u00e9e de lecture estim\u00e9e":"1 minute"},"schema":{"@context":"https:\/\/schema.org","@graph":[{"@type":"WebPage","@id":"https:\/\/www.diroy.com\/fr\/experience-literie\/","url":"https:\/\/www.diroy.com\/fr\/experience-literie\/","name":"L'Experience Literie chez Diroy","isPartOf":{"@id":"https:\/\/www.diroy.com\/fr\/#website"},"primaryImageOfPage":{"@id":"https:\/\/www.diroy.com\/fr\/experience-literie\/#primaryimage"},"image":{"@id":"https:\/\/www.diroy.com\/fr\/experience-literie\/#primaryimage"},"thumbnailUrl":"https:\/\/www.diroy.com\/wp-content\/uploads\/2020\/12\/une_literie_2021-1.jpg","datePublished":"2019-07-16T12:15:38+00:00","dateModified":"2025-09-25T15:07:51+00:00","description":"Exp\u00e9rience literie \u2013 D\u00e9couvrez l\u2019univers de Diroy, expert en literie de qualit\u00e9 depuis plus de 70 ans.","breadcrumb":{"@id":"https:\/\/www.diroy.com\/fr\/experience-literie\/#breadcrumb"},"inLanguage":"fr-FR","potentialAction":[{"@type":"ReadAction","target":["https:\/\/www.diroy.com\/fr\/experience-literie\/"]}]},{"@type":"ImageObject","inLanguage":"fr-FR","@id":"https:\/\/www.diroy.com\/fr\/experience-literie\/#primaryimage","url":"https:\/\/www.diroy.com\/wp-content\/uploads\/2020\/12\/une_literie_2021-1.jpg","contentUrl":"https:\/\/www.diroy.com\/wp-content\/uploads\/2020\/12\/une_literie_2021-1.jpg","width":1580,"height":790,"caption":"Photo femme dans la literie diroy"},{"@type":"BreadcrumbList","@id":"https:\/\/www.diroy.com\/fr\/experience-literie\/#breadcrumb","itemListElement":[{"@type":"ListItem","position":1,"name":"Accueil","item":"https:\/\/www.diroy.com\/fr\/"},{"@type":"ListItem","position":2,"name":"Exp\u00e9rience literie"}]},{"@type":"WebSite","@id":"https:\/\/www.diroy.com\/fr\/#website","url":"https:\/\/www.diroy.com\/fr\/","name":"Diroy","description":"","potentialAction":[{"@type":"SearchAction","target":{"@type":"EntryPoint","urlTemplate":"https:\/\/www.diroy.com\/fr\/?s={search_term_string}"},"query-input":{"@type":"PropertyValueSpecification","valueRequired":true,"valueName":"search_term_string"}}],"inLanguage":"fr-FR"}]}},"_links":{"self":[{"href":"https:\/\/www.diroy.com\/fr\/wp-json\/wp\/v2\/pages\/18"}],"collection":[{"href":"https:\/\/www.diroy.com\/fr\/wp-json\/wp\/v2\/pages"}],"about":[{"href":"https:\/\/www.diroy.com\/fr\/wp-json\/wp\/v2\/types\/page"}],"author":[{"embeddable":true,"href":"https:\/\/www.diroy.com\/fr\/wp-json\/wp\/v2\/users\/1"}],"replies":[{"embeddable":true,"href":"https:\/\/www.diroy.com\/fr\/wp-json\/wp\/v2\/comments?post=18"}],"version-history":[{"count":1,"href":"https:\/\/www.diroy.com\/fr\/wp-json\/wp\/v2\/pages\/18\/revisions"}],"predecessor-version":[{"id":28731,"href":"https:\/\/www.diroy.com\/fr\/wp-json\/wp\/v2\/pages\/18\/revisions\/28731"}],"wp:featuredmedia":[{"embeddable":true,"href":"https:\/\/www.diroy.com\/fr\/wp-json\/wp\/v2\/media\/8539"}],"wp:attachment":[{"href":"https:\/\/www.diroy.com\/fr\/wp-json\/wp\/v2\/media?parent=18"}],"curies":[{"name":"wp","href":"https:\/\/api.w.org\/{rel}","templated":true}]}}