{"id":7379,"date":"2019-09-25T17:05:44","date_gmt":"2019-09-25T15:05:44","guid":{"rendered":"http:\/\/wp-diroy.localhost\/experience-literie\/conseils-belle-literie\/conseils-sommeil\/les-pathologies-majeures-du-sommeil\/"},"modified":"2019-12-05T14:30:00","modified_gmt":"2019-12-05T13:30:00","slug":"les-pathologies-majeures-du-sommeil","status":"publish","type":"page","link":"https:\/\/www.diroy.com\/en\/bedding-experience\/belle-literie-tips\/conseils-sommeil\/les-pathologies-majeures-du-sommeil\/","title":{"rendered":"Les pathologies majeures du sommeil"},"content":{"rendered":"\n<p>\nLe\nsommeil n\u2019est\npas toujours de tout repos, et peut s\u2019accompagner\nde ph\u00e9nom\u00e8nes\nspectaculaires. Terreurs nocturnes et somnambulismes, Cauchemars et\nparalysies du sommeil\u2026\nLongtemps\nli\u00e9s\n\u00e0\nla folie, les sp\u00e9cialistes parviennent aujourd\u2019hui\n\u00e0 mieux comprendre ces pathologies et \u00e0 mieux les traiter<\/p>\n\n\n\n<p>\nLa\nterreur nocturne<\/p>\n\n\n\n<p>\nL\u2019enfant\nse dresse brutalement sur son lit, hurle les yeux ouverts, le c\u0153ur\nbattant, ayant du mal \u00e0 respirer. Il est impossible de le consoler,\nl\u2019enfant\nne reconna\u00eet\npersonne car il est en plein sommeil. On rencontre ces terreurs\nnocturnes chez 3% des enfants. On retrouve fr\u00e9quemment des\nant\u00e9c\u00e9dents\nfamiliaux. Relativement banales, ces terreurs deviennent\npr\u00e9occupantes si elles se r\u00e9p\u00e8tent\net durent au-del\u00e0 de l\u2019adolescence.<\/p>\n\n\n\n<p>\nLe\nsomnambulisme<\/p>\n\n\n\n<p>\nLe\nsujet passe du sommeil lent profond en sommeil l\u00e9ger et, tout en\nrestant endormi, se l\u00e8ve et d\u00e9ambule. Il ne voit rien et peut se\ncogner, voire se blesser en faisant une chute. Le somnambulisme\nappara\u00eet\nentre 5 et 12 ans. Il est relativement fr\u00e9quent&nbsp;:\n1% \u00e0\n6% de la population. Environ 15% des enfants ont au moins un acc\u00e8s.\nLe somnambulisme peut persister \u00e0 l\u2019\u00e2ge\nadulte. Terreur nocturne et somnambulisme sont tr\u00e8s li\u00e9s.<\/p>\n\n\n\n<p>\nLes\n\u00e9veils confusionnels<\/p>\n\n\n\n<p>\nOn\nles rencontre chez l\u2019enfant\nde moins de 5 ans et chez les adultes gros dormeurs. C\u2019est\nun \u00e9tat de confusion survenant \u00e0 la suite d\u2019un\nr\u00e9veil plus ou moins brutal. Il n\u2019y\na ni terreur ni d\u00e9ambulation. On retrouve souvent des ant\u00e9c\u00e9dents\nfamiliaux. Chez l\u2019adulte,\nla prise de certains psychotropes peut aussi jouer un r\u00f4le\nfavorisant. Le sujet peut avoir un comportement parfois dangereux.<\/p>\n\n\n\n<p>\nL\u2019\u00e9nur\u00e9sie\nnocturne<\/p>\n\n\n\n<p>\nC\u2019est\nle nom savant du \u00ab&nbsp;pipi\nau lit&nbsp;\u00bb.\nOn distingue 2 types&nbsp;:\nEnur\u00e9sie\nprimaire, lorsque l\u2019enfant\nn\u2019a\njamais \u00e9t\u00e9\npropre. Il y a un terrain h\u00e9r\u00e9ditaire.\nEnur\u00e9sie secondaire, quand l\u2019enfant\napr\u00e8s avoir \u00e9t\u00e9\npropre, recommence \u00e0 faire pipi au lit. Les facteurs psychologiques\nont alors une place importante.<\/p>\n\n\n\n<p>\nLes\ndystonies paroxystiques nocturnes<\/p>\n\n\n\n<p>\nOn\nen rencontre de 3 types&nbsp;:\ngestes brutaux avec un bras, lever et attitudes de contorsion,\nagitation extr\u00eamement spectaculaire. Autrefois, on pensait que cela\nconcernant les grands hyst\u00e9riques et les malades mentaux. Il n\u2019en\nest rien. Ce sont certainement des ph\u00e9nom\u00e8nes\n\u00e9pileptiques.<\/p>\n\n\n\n<p>\n<em>Pour\nr\u00e9duire ces pathologies mineures du sommeil, Il faut faire attention\n\u00e0 <\/em><em>son\nhygi<\/em><em>\u00e8ne\nde sommeil et \u00e0 son environnement<\/em><em>:\nbruit, temp<\/em><em>\u00e9rature,\nlumi\u00e8re. Le lit a bien s\u00fbr un r<\/em><em>\u00f4<\/em><em>le\ncentral<\/em><em>:\nconfortable, adapt\u00e9 au poids et \u00e0 la taille du dormeur, il\ncontribue \u00e0 un sommeil calme et profond, et permet aux muscles de se\nd\u00e9<\/em><em>tendre.<\/em><\/p>\n\n\n\n<p>\n<em>Choisissez\nla qualit\u00e9 <\/em><em>Belle\nLiterie<\/em><em>&nbsp;!<\/em><\/p>\n","protected":false},"excerpt":{"rendered":"<p>Le sommeil n\u2019est pas toujours de tout repos, et peut s\u2019accompagner de ph\u00e9nom\u00e8nes spectaculaires. Terreurs [&hellip;]<\/p>\n","protected":false},"author":1,"featured_media":6096,"parent":7370,"menu_order":0,"comment_status":"closed","ping_status":"closed","template":"","meta":{"_acf_changed":false,"footnotes":""},"class_list":["post-7379","page","type-page","status-publish","has-post-thumbnail","hentry"],"acf":[],"yoast_head":"<!-- This site is optimized with the Yoast SEO plugin v23.4 - https:\/\/yoast.com\/wordpress\/plugins\/seo\/ -->\n<title>Comprendre les pathologies majeures du sommeil<\/title>\n<meta name=\"description\" content=\"Informations et conseils sur les principales pathologies du sommeil et leurs impacts.\" \/>\n<meta name=\"robots\" content=\"index, follow, max-snippet:-1, max-image-preview:large, max-video-preview:-1\" \/>\n<link rel=\"canonical\" href=\"https:\/\/www.diroy.com\/en\/bedding-experience\/belle-literie-tips\/conseils-sommeil\/les-pathologies-majeures-du-sommeil\/\" \/>\n<meta property=\"og:locale\" content=\"en_US\" \/>\n<meta property=\"og:type\" content=\"article\" \/>\n<meta property=\"og:title\" content=\"Comprendre les pathologies majeures du sommeil\" \/>\n<meta property=\"og:description\" content=\"Informations et conseils sur les principales pathologies du sommeil et leurs impacts.\" \/>\n<meta property=\"og:url\" content=\"https:\/\/www.diroy.com\/en\/bedding-experience\/belle-literie-tips\/conseils-sommeil\/les-pathologies-majeures-du-sommeil\/\" \/>\n<meta property=\"og:site_name\" content=\"Diroy\" \/>\n<meta property=\"article:modified_time\" content=\"2019-12-05T13:30:00+00:00\" \/>\n<meta property=\"og:image\" content=\"https:\/\/diroy.com\/wp-content\/uploads\/2019\/09\/pathologie-majeures.jpg\" \/>\n\t<meta property=\"og:image:width\" content=\"1000\" \/>\n\t<meta property=\"og:image:height\" content=\"537\" \/>\n\t<meta property=\"og:image:type\" content=\"image\/jpeg\" \/>\n<meta name=\"twitter:card\" content=\"summary_large_image\" \/>\n<meta name=\"twitter:label1\" content=\"Est. reading time\" \/>\n\t<meta name=\"twitter:data1\" content=\"2 minutes\" \/>\n<script type=\"application\/ld+json\" class=\"yoast-schema-graph\">{\"@context\":\"https:\/\/schema.org\",\"@graph\":[{\"@type\":\"WebPage\",\"@id\":\"https:\/\/www.diroy.com\/en\/bedding-experience\/belle-literie-tips\/conseils-sommeil\/les-pathologies-majeures-du-sommeil\/\",\"url\":\"https:\/\/www.diroy.com\/en\/bedding-experience\/belle-literie-tips\/conseils-sommeil\/les-pathologies-majeures-du-sommeil\/\",\"name\":\"Comprendre les pathologies majeures du sommeil\",\"isPartOf\":{\"@id\":\"https:\/\/diroy.com\/en\/#website\"},\"primaryImageOfPage\":{\"@id\":\"https:\/\/www.diroy.com\/en\/bedding-experience\/belle-literie-tips\/conseils-sommeil\/les-pathologies-majeures-du-sommeil\/#primaryimage\"},\"image\":{\"@id\":\"https:\/\/www.diroy.com\/en\/bedding-experience\/belle-literie-tips\/conseils-sommeil\/les-pathologies-majeures-du-sommeil\/#primaryimage\"},\"thumbnailUrl\":\"https:\/\/www.diroy.com\/wp-content\/uploads\/2019\/09\/pathologie-majeures.jpg\",\"datePublished\":\"2019-09-25T15:05:44+00:00\",\"dateModified\":\"2019-12-05T13:30:00+00:00\",\"description\":\"Informations et conseils sur les principales pathologies du sommeil et leurs impacts.\",\"breadcrumb\":{\"@id\":\"https:\/\/www.diroy.com\/en\/bedding-experience\/belle-literie-tips\/conseils-sommeil\/les-pathologies-majeures-du-sommeil\/#breadcrumb\"},\"inLanguage\":\"en-US\",\"potentialAction\":[{\"@type\":\"ReadAction\",\"target\":[\"https:\/\/www.diroy.com\/en\/bedding-experience\/belle-literie-tips\/conseils-sommeil\/les-pathologies-majeures-du-sommeil\/\"]}]},{\"@type\":\"ImageObject\",\"inLanguage\":\"en-US\",\"@id\":\"https:\/\/www.diroy.com\/en\/bedding-experience\/belle-literie-tips\/conseils-sommeil\/les-pathologies-majeures-du-sommeil\/#primaryimage\",\"url\":\"https:\/\/www.diroy.com\/wp-content\/uploads\/2019\/09\/pathologie-majeures.jpg\",\"contentUrl\":\"https:\/\/www.diroy.com\/wp-content\/uploads\/2019\/09\/pathologie-majeures.jpg\",\"width\":1000,\"height\":537},{\"@type\":\"BreadcrumbList\",\"@id\":\"https:\/\/www.diroy.com\/en\/bedding-experience\/belle-literie-tips\/conseils-sommeil\/les-pathologies-majeures-du-sommeil\/#breadcrumb\",\"itemListElement\":[{\"@type\":\"ListItem\",\"position\":1,\"name\":\"Accueil\",\"item\":\"https:\/\/diroy.com\/en\/\"},{\"@type\":\"ListItem\",\"position\":2,\"name\":\"Bedding experience\",\"item\":\"https:\/\/diroy.com\/en\/bedding-experience\/\"},{\"@type\":\"ListItem\",\"position\":3,\"name\":\"Belle Literie Tips\",\"item\":\"https:\/\/diroy.com\/en\/bedding-experience\/belle-literie-tips\/\"},{\"@type\":\"ListItem\",\"position\":4,\"name\":\"Conseils sommeil\",\"item\":\"https:\/\/diroy.com\/en\/bedding-experience\/belle-literie-tips\/conseils-sommeil\/\"},{\"@type\":\"ListItem\",\"position\":5,\"name\":\"Les pathologies majeures du sommeil\"}]},{\"@type\":\"WebSite\",\"@id\":\"https:\/\/diroy.com\/en\/#website\",\"url\":\"https:\/\/diroy.com\/en\/\",\"name\":\"Diroy\",\"description\":\"\",\"potentialAction\":[{\"@type\":\"SearchAction\",\"target\":{\"@type\":\"EntryPoint\",\"urlTemplate\":\"https:\/\/diroy.com\/en\/?s={search_term_string}\"},\"query-input\":{\"@type\":\"PropertyValueSpecification\",\"valueRequired\":true,\"valueName\":\"search_term_string\"}}],\"inLanguage\":\"en-US\"}]}<\/script>\n<!-- \/ Yoast SEO plugin. -->","yoast_head_json":{"title":"Comprendre les pathologies majeures du sommeil","description":"Informations et conseils sur les principales pathologies du sommeil et leurs impacts.","robots":{"index":"index","follow":"follow","max-snippet":"max-snippet:-1","max-image-preview":"max-image-preview:large","max-video-preview":"max-video-preview:-1"},"canonical":"https:\/\/www.diroy.com\/en\/bedding-experience\/belle-literie-tips\/conseils-sommeil\/les-pathologies-majeures-du-sommeil\/","og_locale":"en_US","og_type":"article","og_title":"Comprendre les pathologies majeures du sommeil","og_description":"Informations et conseils sur les principales pathologies du sommeil et leurs impacts.","og_url":"https:\/\/www.diroy.com\/en\/bedding-experience\/belle-literie-tips\/conseils-sommeil\/les-pathologies-majeures-du-sommeil\/","og_site_name":"Diroy","article_modified_time":"2019-12-05T13:30:00+00:00","og_image":[{"width":1000,"height":537,"url":"https:\/\/diroy.com\/wp-content\/uploads\/2019\/09\/pathologie-majeures.jpg","type":"image\/jpeg"}],"twitter_card":"summary_large_image","twitter_misc":{"Est. reading time":"2 minutes"},"schema":{"@context":"https:\/\/schema.org","@graph":[{"@type":"WebPage","@id":"https:\/\/www.diroy.com\/en\/bedding-experience\/belle-literie-tips\/conseils-sommeil\/les-pathologies-majeures-du-sommeil\/","url":"https:\/\/www.diroy.com\/en\/bedding-experience\/belle-literie-tips\/conseils-sommeil\/les-pathologies-majeures-du-sommeil\/","name":"Comprendre les pathologies majeures du sommeil","isPartOf":{"@id":"https:\/\/diroy.com\/en\/#website"},"primaryImageOfPage":{"@id":"https:\/\/www.diroy.com\/en\/bedding-experience\/belle-literie-tips\/conseils-sommeil\/les-pathologies-majeures-du-sommeil\/#primaryimage"},"image":{"@id":"https:\/\/www.diroy.com\/en\/bedding-experience\/belle-literie-tips\/conseils-sommeil\/les-pathologies-majeures-du-sommeil\/#primaryimage"},"thumbnailUrl":"https:\/\/www.diroy.com\/wp-content\/uploads\/2019\/09\/pathologie-majeures.jpg","datePublished":"2019-09-25T15:05:44+00:00","dateModified":"2019-12-05T13:30:00+00:00","description":"Informations et conseils sur les principales pathologies du sommeil et leurs impacts.","breadcrumb":{"@id":"https:\/\/www.diroy.com\/en\/bedding-experience\/belle-literie-tips\/conseils-sommeil\/les-pathologies-majeures-du-sommeil\/#breadcrumb"},"inLanguage":"en-US","potentialAction":[{"@type":"ReadAction","target":["https:\/\/www.diroy.com\/en\/bedding-experience\/belle-literie-tips\/conseils-sommeil\/les-pathologies-majeures-du-sommeil\/"]}]},{"@type":"ImageObject","inLanguage":"en-US","@id":"https:\/\/www.diroy.com\/en\/bedding-experience\/belle-literie-tips\/conseils-sommeil\/les-pathologies-majeures-du-sommeil\/#primaryimage","url":"https:\/\/www.diroy.com\/wp-content\/uploads\/2019\/09\/pathologie-majeures.jpg","contentUrl":"https:\/\/www.diroy.com\/wp-content\/uploads\/2019\/09\/pathologie-majeures.jpg","width":1000,"height":537},{"@type":"BreadcrumbList","@id":"https:\/\/www.diroy.com\/en\/bedding-experience\/belle-literie-tips\/conseils-sommeil\/les-pathologies-majeures-du-sommeil\/#breadcrumb","itemListElement":[{"@type":"ListItem","position":1,"name":"Accueil","item":"https:\/\/diroy.com\/en\/"},{"@type":"ListItem","position":2,"name":"Bedding experience","item":"https:\/\/diroy.com\/en\/bedding-experience\/"},{"@type":"ListItem","position":3,"name":"Belle Literie Tips","item":"https:\/\/diroy.com\/en\/bedding-experience\/belle-literie-tips\/"},{"@type":"ListItem","position":4,"name":"Conseils sommeil","item":"https:\/\/diroy.com\/en\/bedding-experience\/belle-literie-tips\/conseils-sommeil\/"},{"@type":"ListItem","position":5,"name":"Les pathologies majeures du sommeil"}]},{"@type":"WebSite","@id":"https:\/\/diroy.com\/en\/#website","url":"https:\/\/diroy.com\/en\/","name":"Diroy","description":"","potentialAction":[{"@type":"SearchAction","target":{"@type":"EntryPoint","urlTemplate":"https:\/\/diroy.com\/en\/?s={search_term_string}"},"query-input":{"@type":"PropertyValueSpecification","valueRequired":true,"valueName":"search_term_string"}}],"inLanguage":"en-US"}]}},"_links":{"self":[{"href":"https:\/\/www.diroy.com\/en\/wp-json\/wp\/v2\/pages\/7379"}],"collection":[{"href":"https:\/\/www.diroy.com\/en\/wp-json\/wp\/v2\/pages"}],"about":[{"href":"https:\/\/www.diroy.com\/en\/wp-json\/wp\/v2\/types\/page"}],"author":[{"embeddable":true,"href":"https:\/\/www.diroy.com\/en\/wp-json\/wp\/v2\/users\/1"}],"replies":[{"embeddable":true,"href":"https:\/\/www.diroy.com\/en\/wp-json\/wp\/v2\/comments?post=7379"}],"version-history":[{"count":0,"href":"https:\/\/www.diroy.com\/en\/wp-json\/wp\/v2\/pages\/7379\/revisions"}],"up":[{"embeddable":true,"href":"https:\/\/www.diroy.com\/en\/wp-json\/wp\/v2\/pages\/7370"}],"wp:featuredmedia":[{"embeddable":true,"href":"https:\/\/www.diroy.com\/en\/wp-json\/wp\/v2\/media\/6096"}],"wp:attachment":[{"href":"https:\/\/www.diroy.com\/en\/wp-json\/wp\/v2\/media?parent=7379"}],"curies":[{"name":"wp","href":"https:\/\/api.w.org\/{rel}","templated":true}]}}