{"id":7373,"date":"2019-09-25T17:19:18","date_gmt":"2019-09-25T15:19:18","guid":{"rendered":"http:\/\/wp-diroy.localhost\/experience-literie\/conseils-belle-literie\/conseils-sommeil\/comment-habituer-son-enfant-a-un-bon-sommeil\/"},"modified":"2019-12-05T14:29:59","modified_gmt":"2019-12-05T13:29:59","slug":"comment-habituer-son-enfant-a-un-bon-sommeil","status":"publish","type":"page","link":"https:\/\/www.diroy.com\/en\/bedding-experience\/belle-literie-tips\/conseils-sommeil\/comment-habituer-son-enfant-a-un-bon-sommeil\/","title":{"rendered":"Comment habituer son enfant \u00e0 un bon sommeil ?"},"content":{"rendered":"\n<p>\nVous\n\u00eates aux petits soins avec votre enfant toute la journ\u00e9e mais vous\nne savez pas toujours comment vous occuper de lui avant le coucher ?<\/p>\n\n\n\n<p>\nIl\nfaut savoir que la dur\u00e9e de sommeil n\u00e9cessaire et le besoin de\nfaire une sieste varie selon l\u2019\u00e2ge de l\u2019enfant :<\/p>\n\n\n\n<p>\nIl\nne faut pas perdre de vue les nombreuses variations d\u2019un enfant \u00e0\nl\u2019autre : il&nbsp; y a les couche-t\u00f4t et les couche-tard, les\npetits et les grands dormeurs. \u00ab&nbsp;On\ndoit tenir compte des particularit\u00e9s de chaque enfant, mais aussi de\nce qui est commun : la n\u00e9cessit\u00e9 d\u2019un climat affectif, s\u00e9curisant\nau moment du coucher, le respect des rythmes et des rites\n(Dr Jacques Touchon, Unit\u00e9 des troubles du sommeil, Montpellier).&nbsp;\u00bb<\/p>\n\n\n\n<p>\nChez\nles nourrissons, la sati\u00e9t\u00e9 entra\u00eene le sommeil, et la faim le\nr\u00e9veil. Par cons\u00e9quent si votre enfant crie, il ne faut pas le\nlaisser dans l\u2019angoisse de la faim. M\u00eame si vous souhaitez qu\u2019il\nprenne de \u00ab&nbsp;bonnes habitudes&nbsp;\u00bb, le plus important reste\nde ne pas perturber son sommeil. \u00c0 l\u2019inverse, si votre b\u00e9b\u00e9 crie\ncela ne veut pas dire qu\u2019il a syst\u00e9matiquement faim. Soyez \u00e0\nl\u2019\u00e9coute de votre enfant. De m\u00eame imposer une position \u00ab&nbsp;pour\nqu\u2019il dorme mieux&nbsp;\u00bb suffit parfois \u00e0 perturber le sommeil.<\/p>\n\n\n\n<p>\nEntre\n1 et 4 ans, cette r\u00e8gle n\u2019a plus lieu d\u2019\u00eatre. Si le sommeil est\nperturb\u00e9, une peluche ou le fait de sucer son pouce peuvent \u00eatre\ndes moyens de le rassurer. Ces\nrituels sont donc \u00e0 respecter pour que l\u2019enfant aborde sereinement\nla nuit.<\/p>\n\n\n\n<p>\nEnfin,\nconcernant la literie et l\u2019environnement, les exigences sont les\nm\u00eames pour les enfants que pour les adultes. Il\nfaut avoir pr\u00e9sent \u00e0 l\u2019esprit qu\u2019une literie adapt\u00e9e \u00e0\nl\u2019enfant et de bonne qualit\u00e9 constitue un investissement sant\u00e9 \u00e0\nlong terme\ndont l\u2019adulte recueillera un jour tous les b\u00e9n\u00e9fices.<\/p>\n\n\n\n<p>\nNous\nvous invitons \u00e0 lire nos conseils de \u00ab&nbsp;Comment bien dormir\n?&nbsp;&nbsp;\u00bb et \u00ab&nbsp;Choisir sa literie&nbsp;\u00bb.<\/p>\n\n\n\n<p>\n<em>L\u2019achat\nd\u2019une literie, un investissement \u00e0 long terme mais aussi un\ninvestissement sant\u00e9.<\/em><\/p>\n\n\n\n<p>\n<em>Choisissez\nla qualit\u00e9 Belle Literie ! <\/em>\n<\/p>\n","protected":false},"excerpt":{"rendered":"<p>Vous \u00eates aux petits soins avec votre enfant toute la journ\u00e9e mais vous ne savez [&hellip;]<\/p>\n","protected":false},"author":1,"featured_media":6100,"parent":7370,"menu_order":0,"comment_status":"closed","ping_status":"closed","template":"","meta":{"_acf_changed":false,"footnotes":""},"class_list":["post-7373","page","type-page","status-publish","has-post-thumbnail","hentry"],"acf":[],"yoast_head":"<!-- This site is optimized with the Yoast SEO plugin v23.4 - https:\/\/yoast.com\/wordpress\/plugins\/seo\/ -->\n<title>Habituer son enfant \u00e0 un bon sommeil<\/title>\n<meta name=\"description\" content=\"Conseils pratiques pour aider votre enfant \u00e0 adopter un sommeil r\u00e9parateur d\u00e8s le plus jeune \u00e2ge.\" \/>\n<meta name=\"robots\" content=\"index, follow, max-snippet:-1, max-image-preview:large, max-video-preview:-1\" \/>\n<link rel=\"canonical\" href=\"https:\/\/www.diroy.com\/en\/bedding-experience\/belle-literie-tips\/conseils-sommeil\/comment-habituer-son-enfant-a-un-bon-sommeil\/\" \/>\n<meta property=\"og:locale\" content=\"en_US\" \/>\n<meta property=\"og:type\" content=\"article\" \/>\n<meta property=\"og:title\" content=\"Habituer son enfant \u00e0 un bon sommeil\" \/>\n<meta property=\"og:description\" content=\"Conseils pratiques pour aider votre enfant \u00e0 adopter un sommeil r\u00e9parateur d\u00e8s le plus jeune \u00e2ge.\" \/>\n<meta property=\"og:url\" content=\"https:\/\/www.diroy.com\/en\/bedding-experience\/belle-literie-tips\/conseils-sommeil\/comment-habituer-son-enfant-a-un-bon-sommeil\/\" \/>\n<meta property=\"og:site_name\" content=\"Diroy\" \/>\n<meta property=\"article:modified_time\" content=\"2019-12-05T13:29:59+00:00\" \/>\n<meta property=\"og:image\" content=\"https:\/\/www.diroy.com\/wp-content\/uploads\/2019\/09\/sommeil-enfant.jpg\" \/>\n\t<meta property=\"og:image:width\" content=\"1000\" \/>\n\t<meta property=\"og:image:height\" content=\"537\" \/>\n\t<meta property=\"og:image:type\" content=\"image\/jpeg\" \/>\n<meta name=\"twitter:card\" content=\"summary_large_image\" \/>\n<meta name=\"twitter:label1\" content=\"Est. reading time\" \/>\n\t<meta name=\"twitter:data1\" content=\"2 minutes\" \/>\n<script type=\"application\/ld+json\" class=\"yoast-schema-graph\">{\"@context\":\"https:\/\/schema.org\",\"@graph\":[{\"@type\":\"WebPage\",\"@id\":\"https:\/\/www.diroy.com\/en\/bedding-experience\/belle-literie-tips\/conseils-sommeil\/comment-habituer-son-enfant-a-un-bon-sommeil\/\",\"url\":\"https:\/\/www.diroy.com\/en\/bedding-experience\/belle-literie-tips\/conseils-sommeil\/comment-habituer-son-enfant-a-un-bon-sommeil\/\",\"name\":\"Habituer son enfant \u00e0 un bon sommeil\",\"isPartOf\":{\"@id\":\"https:\/\/www.diroy.com\/en\/#website\"},\"primaryImageOfPage\":{\"@id\":\"https:\/\/www.diroy.com\/en\/bedding-experience\/belle-literie-tips\/conseils-sommeil\/comment-habituer-son-enfant-a-un-bon-sommeil\/#primaryimage\"},\"image\":{\"@id\":\"https:\/\/www.diroy.com\/en\/bedding-experience\/belle-literie-tips\/conseils-sommeil\/comment-habituer-son-enfant-a-un-bon-sommeil\/#primaryimage\"},\"thumbnailUrl\":\"https:\/\/www.diroy.com\/wp-content\/uploads\/2019\/09\/sommeil-enfant.jpg\",\"datePublished\":\"2019-09-25T15:19:18+00:00\",\"dateModified\":\"2019-12-05T13:29:59+00:00\",\"description\":\"Conseils pratiques pour aider votre enfant \u00e0 adopter un sommeil r\u00e9parateur d\u00e8s le plus jeune \u00e2ge.\",\"breadcrumb\":{\"@id\":\"https:\/\/www.diroy.com\/en\/bedding-experience\/belle-literie-tips\/conseils-sommeil\/comment-habituer-son-enfant-a-un-bon-sommeil\/#breadcrumb\"},\"inLanguage\":\"en-US\",\"potentialAction\":[{\"@type\":\"ReadAction\",\"target\":[\"https:\/\/www.diroy.com\/en\/bedding-experience\/belle-literie-tips\/conseils-sommeil\/comment-habituer-son-enfant-a-un-bon-sommeil\/\"]}]},{\"@type\":\"ImageObject\",\"inLanguage\":\"en-US\",\"@id\":\"https:\/\/www.diroy.com\/en\/bedding-experience\/belle-literie-tips\/conseils-sommeil\/comment-habituer-son-enfant-a-un-bon-sommeil\/#primaryimage\",\"url\":\"https:\/\/www.diroy.com\/wp-content\/uploads\/2019\/09\/sommeil-enfant.jpg\",\"contentUrl\":\"https:\/\/www.diroy.com\/wp-content\/uploads\/2019\/09\/sommeil-enfant.jpg\",\"width\":1000,\"height\":537},{\"@type\":\"BreadcrumbList\",\"@id\":\"https:\/\/www.diroy.com\/en\/bedding-experience\/belle-literie-tips\/conseils-sommeil\/comment-habituer-son-enfant-a-un-bon-sommeil\/#breadcrumb\",\"itemListElement\":[{\"@type\":\"ListItem\",\"position\":1,\"name\":\"Accueil\",\"item\":\"https:\/\/www.diroy.com\/en\/\"},{\"@type\":\"ListItem\",\"position\":2,\"name\":\"Bedding experience\",\"item\":\"https:\/\/www.diroy.com\/en\/bedding-experience\/\"},{\"@type\":\"ListItem\",\"position\":3,\"name\":\"Belle Literie Tips\",\"item\":\"https:\/\/www.diroy.com\/en\/bedding-experience\/belle-literie-tips\/\"},{\"@type\":\"ListItem\",\"position\":4,\"name\":\"Conseils sommeil\",\"item\":\"https:\/\/www.diroy.com\/en\/bedding-experience\/belle-literie-tips\/conseils-sommeil\/\"},{\"@type\":\"ListItem\",\"position\":5,\"name\":\"Comment habituer son enfant \u00e0 un bon sommeil ?\"}]},{\"@type\":\"WebSite\",\"@id\":\"https:\/\/www.diroy.com\/en\/#website\",\"url\":\"https:\/\/www.diroy.com\/en\/\",\"name\":\"Diroy\",\"description\":\"\",\"potentialAction\":[{\"@type\":\"SearchAction\",\"target\":{\"@type\":\"EntryPoint\",\"urlTemplate\":\"https:\/\/www.diroy.com\/en\/?s={search_term_string}\"},\"query-input\":{\"@type\":\"PropertyValueSpecification\",\"valueRequired\":true,\"valueName\":\"search_term_string\"}}],\"inLanguage\":\"en-US\"}]}<\/script>\n<!-- \/ Yoast SEO plugin. -->","yoast_head_json":{"title":"Habituer son enfant \u00e0 un bon sommeil","description":"Conseils pratiques pour aider votre enfant \u00e0 adopter un sommeil r\u00e9parateur d\u00e8s le plus jeune \u00e2ge.","robots":{"index":"index","follow":"follow","max-snippet":"max-snippet:-1","max-image-preview":"max-image-preview:large","max-video-preview":"max-video-preview:-1"},"canonical":"https:\/\/www.diroy.com\/en\/bedding-experience\/belle-literie-tips\/conseils-sommeil\/comment-habituer-son-enfant-a-un-bon-sommeil\/","og_locale":"en_US","og_type":"article","og_title":"Habituer son enfant \u00e0 un bon sommeil","og_description":"Conseils pratiques pour aider votre enfant \u00e0 adopter un sommeil r\u00e9parateur d\u00e8s le plus jeune \u00e2ge.","og_url":"https:\/\/www.diroy.com\/en\/bedding-experience\/belle-literie-tips\/conseils-sommeil\/comment-habituer-son-enfant-a-un-bon-sommeil\/","og_site_name":"Diroy","article_modified_time":"2019-12-05T13:29:59+00:00","og_image":[{"width":1000,"height":537,"url":"https:\/\/www.diroy.com\/wp-content\/uploads\/2019\/09\/sommeil-enfant.jpg","type":"image\/jpeg"}],"twitter_card":"summary_large_image","twitter_misc":{"Est. reading time":"2 minutes"},"schema":{"@context":"https:\/\/schema.org","@graph":[{"@type":"WebPage","@id":"https:\/\/www.diroy.com\/en\/bedding-experience\/belle-literie-tips\/conseils-sommeil\/comment-habituer-son-enfant-a-un-bon-sommeil\/","url":"https:\/\/www.diroy.com\/en\/bedding-experience\/belle-literie-tips\/conseils-sommeil\/comment-habituer-son-enfant-a-un-bon-sommeil\/","name":"Habituer son enfant \u00e0 un bon sommeil","isPartOf":{"@id":"https:\/\/www.diroy.com\/en\/#website"},"primaryImageOfPage":{"@id":"https:\/\/www.diroy.com\/en\/bedding-experience\/belle-literie-tips\/conseils-sommeil\/comment-habituer-son-enfant-a-un-bon-sommeil\/#primaryimage"},"image":{"@id":"https:\/\/www.diroy.com\/en\/bedding-experience\/belle-literie-tips\/conseils-sommeil\/comment-habituer-son-enfant-a-un-bon-sommeil\/#primaryimage"},"thumbnailUrl":"https:\/\/www.diroy.com\/wp-content\/uploads\/2019\/09\/sommeil-enfant.jpg","datePublished":"2019-09-25T15:19:18+00:00","dateModified":"2019-12-05T13:29:59+00:00","description":"Conseils pratiques pour aider votre enfant \u00e0 adopter un sommeil r\u00e9parateur d\u00e8s le plus jeune \u00e2ge.","breadcrumb":{"@id":"https:\/\/www.diroy.com\/en\/bedding-experience\/belle-literie-tips\/conseils-sommeil\/comment-habituer-son-enfant-a-un-bon-sommeil\/#breadcrumb"},"inLanguage":"en-US","potentialAction":[{"@type":"ReadAction","target":["https:\/\/www.diroy.com\/en\/bedding-experience\/belle-literie-tips\/conseils-sommeil\/comment-habituer-son-enfant-a-un-bon-sommeil\/"]}]},{"@type":"ImageObject","inLanguage":"en-US","@id":"https:\/\/www.diroy.com\/en\/bedding-experience\/belle-literie-tips\/conseils-sommeil\/comment-habituer-son-enfant-a-un-bon-sommeil\/#primaryimage","url":"https:\/\/www.diroy.com\/wp-content\/uploads\/2019\/09\/sommeil-enfant.jpg","contentUrl":"https:\/\/www.diroy.com\/wp-content\/uploads\/2019\/09\/sommeil-enfant.jpg","width":1000,"height":537},{"@type":"BreadcrumbList","@id":"https:\/\/www.diroy.com\/en\/bedding-experience\/belle-literie-tips\/conseils-sommeil\/comment-habituer-son-enfant-a-un-bon-sommeil\/#breadcrumb","itemListElement":[{"@type":"ListItem","position":1,"name":"Accueil","item":"https:\/\/www.diroy.com\/en\/"},{"@type":"ListItem","position":2,"name":"Bedding experience","item":"https:\/\/www.diroy.com\/en\/bedding-experience\/"},{"@type":"ListItem","position":3,"name":"Belle Literie Tips","item":"https:\/\/www.diroy.com\/en\/bedding-experience\/belle-literie-tips\/"},{"@type":"ListItem","position":4,"name":"Conseils sommeil","item":"https:\/\/www.diroy.com\/en\/bedding-experience\/belle-literie-tips\/conseils-sommeil\/"},{"@type":"ListItem","position":5,"name":"Comment habituer son enfant \u00e0 un bon sommeil ?"}]},{"@type":"WebSite","@id":"https:\/\/www.diroy.com\/en\/#website","url":"https:\/\/www.diroy.com\/en\/","name":"Diroy","description":"","potentialAction":[{"@type":"SearchAction","target":{"@type":"EntryPoint","urlTemplate":"https:\/\/www.diroy.com\/en\/?s={search_term_string}"},"query-input":{"@type":"PropertyValueSpecification","valueRequired":true,"valueName":"search_term_string"}}],"inLanguage":"en-US"}]}},"_links":{"self":[{"href":"https:\/\/www.diroy.com\/en\/wp-json\/wp\/v2\/pages\/7373"}],"collection":[{"href":"https:\/\/www.diroy.com\/en\/wp-json\/wp\/v2\/pages"}],"about":[{"href":"https:\/\/www.diroy.com\/en\/wp-json\/wp\/v2\/types\/page"}],"author":[{"embeddable":true,"href":"https:\/\/www.diroy.com\/en\/wp-json\/wp\/v2\/users\/1"}],"replies":[{"embeddable":true,"href":"https:\/\/www.diroy.com\/en\/wp-json\/wp\/v2\/comments?post=7373"}],"version-history":[{"count":0,"href":"https:\/\/www.diroy.com\/en\/wp-json\/wp\/v2\/pages\/7373\/revisions"}],"up":[{"embeddable":true,"href":"https:\/\/www.diroy.com\/en\/wp-json\/wp\/v2\/pages\/7370"}],"wp:featuredmedia":[{"embeddable":true,"href":"https:\/\/www.diroy.com\/en\/wp-json\/wp\/v2\/media\/6100"}],"wp:attachment":[{"href":"https:\/\/www.diroy.com\/en\/wp-json\/wp\/v2\/media?parent=7373"}],"curies":[{"name":"wp","href":"https:\/\/api.w.org\/{rel}","templated":true}]}}