{"id":7369,"date":"2019-09-25T17:29:43","date_gmt":"2019-09-25T15:29:43","guid":{"rendered":"http:\/\/wp-diroy.localhost\/experience-literie\/conseils-belle-literie\/conseils-literie\/tester-sa-literie\/"},"modified":"2019-12-05T14:29:58","modified_gmt":"2019-12-05T13:29:58","slug":"tester-sa-literie","status":"publish","type":"page","link":"https:\/\/www.diroy.com\/en\/bedding-experience\/belle-literie-tips\/conseils-literie\/tester-sa-literie\/","title":{"rendered":"Tester sa literie"},"content":{"rendered":"\n<p>\nM\u00eame\nsi une literie est con\u00e7ue pour durer une dizaine d\u2019ann\u00e9es maximum\net ne perdre que tr\u00e8s lentement ses caract\u00e9ristiques, il faut\nsavoir renouveler \u00e0 temps son sommier et son matelas. Apr\u00e8s 10 ans,\nles composants de votre literie subissent une d\u00e9gradation de leurs\nperformances d\u2019environ 25%\u2026<\/p>\n\n\n\n<p>\nVoici\nles\n4 questions \u00e0 se poser\npour savoir si oui ou non votre literie doit \u00eatre chang\u00e9e&nbsp;:<\/p>\n\n\n\n<p>\n1)\nMa literie a-t-elle plus de 10 ans&nbsp;?<\/p>\n\n\n\n<p>\n2)\nAi-je mal au dos \u00e0 mon r\u00e9veil&nbsp;?<\/p>\n\n\n\n<p>\n3)\nA l\u2019ext\u00e9rieur, \u00e0 l\u2019h\u00f4tel par exemple, ai-je trouv\u00e9 des lits\nmeilleurs&nbsp;?<\/p>\n\n\n\n<p>\n4)\nPr\u00eaterais-je mon lit \u00e0 mes amis&nbsp;?<\/p>\n\n\n\n<p>\nEnsuite,\ntestez votre matelas&nbsp;:<\/p>\n\n\n\n<ul class=\"wp-block-list\"><li>\n\t\tSi\n\tvous voyez des creux\n\tou des bosses,\n\tdes douleurs de la colonne vert\u00e9brale risquent d\u2019\u00eatre fr\u00e9quents.\n\t\n\t\n\t<\/li><li>\n\tSi\n\tles coutures\n\tsont rel\u00e2ch\u00e9es ou d\u00e9chir\u00e9es,\n\tl\u2019int\u00e9rieur du matelas doit lui aussi \u00eatre dans un \u00e9tat d\u2019usure\n\tavanc\u00e9. \n\t\n\t<\/li><li>\n\tSi\n\tvotre corps\n\ts\u2019enfonce\n\tlorsque vous vous allongez, les suspensions sont rel\u00e2ch\u00e9es, votre\n\tliterie n\u2019offre plus le soutien ferme et moelleux. \n\t\n\t<\/li><li>\n\tSi\n\tapr\u00e8s vous \u00eatre assis au bord du lit le\n\tmatelas ne reprend pas sa forme initiale\n\tinstantan\u00e9ment, votre literie est us\u00e9e\n<\/li><\/ul>\n\n\n\n<p>\nPuis\nvotre sommier&nbsp;:<\/p>\n\n\n\n<ul class=\"wp-block-list\"><li>\n\t\tSi\n\tl\u2019empreinte\n\tdes ressorts est apparente\n\tou encore que\n\tles ressorts traversent la toile,\n\til est urgent de remplacer le sommier.\n<\/li><\/ul>\n\n\n\n<p>\n<em>Une\nliterie, c\u2019est 10 ans maxi.<\/em><\/p>\n\n\n\n<p>\n<em>Choisissez\nla qualit\u00e9 Belle Literie ! <\/em>\n<\/p>\n","protected":false},"excerpt":{"rendered":"<p>M\u00eame si une literie est con\u00e7ue pour durer une dizaine d\u2019ann\u00e9es maximum et ne perdre [&hellip;]<\/p>\n","protected":false},"author":1,"featured_media":6106,"parent":7364,"menu_order":0,"comment_status":"closed","ping_status":"closed","template":"","meta":{"_acf_changed":false,"footnotes":""},"class_list":["post-7369","page","type-page","status-publish","has-post-thumbnail","hentry"],"acf":[],"yoast_head":"<!-- This site is optimized with the Yoast SEO plugin v23.4 - https:\/\/yoast.com\/wordpress\/plugins\/seo\/ -->\n<title>Bien tester sa literie avant achat<\/title>\n<meta name=\"description\" content=\"Nos conseils pour tester efficacement une literie avant de faire votre choix.\" \/>\n<meta name=\"robots\" content=\"index, follow, max-snippet:-1, max-image-preview:large, max-video-preview:-1\" \/>\n<link rel=\"canonical\" href=\"https:\/\/www.diroy.com\/en\/bedding-experience\/belle-literie-tips\/conseils-literie\/tester-sa-literie\/\" \/>\n<meta property=\"og:locale\" content=\"en_US\" \/>\n<meta property=\"og:type\" content=\"article\" \/>\n<meta property=\"og:title\" content=\"Bien tester sa literie avant achat\" \/>\n<meta property=\"og:description\" content=\"Nos conseils pour tester efficacement une literie avant de faire votre choix.\" \/>\n<meta property=\"og:url\" content=\"https:\/\/www.diroy.com\/en\/bedding-experience\/belle-literie-tips\/conseils-literie\/tester-sa-literie\/\" \/>\n<meta property=\"og:site_name\" content=\"Diroy\" \/>\n<meta property=\"article:modified_time\" content=\"2019-12-05T13:29:58+00:00\" \/>\n<meta property=\"og:image\" content=\"https:\/\/www.diroy.com\/wp-content\/uploads\/2019\/09\/tester-sa-literie.jpg\" \/>\n\t<meta property=\"og:image:width\" content=\"1000\" \/>\n\t<meta property=\"og:image:height\" content=\"537\" \/>\n\t<meta property=\"og:image:type\" content=\"image\/jpeg\" \/>\n<meta name=\"twitter:card\" content=\"summary_large_image\" \/>\n<meta name=\"twitter:label1\" content=\"Est. reading time\" \/>\n\t<meta name=\"twitter:data1\" content=\"1 minute\" \/>\n<script type=\"application\/ld+json\" class=\"yoast-schema-graph\">{\"@context\":\"https:\/\/schema.org\",\"@graph\":[{\"@type\":\"WebPage\",\"@id\":\"https:\/\/www.diroy.com\/en\/bedding-experience\/belle-literie-tips\/conseils-literie\/tester-sa-literie\/\",\"url\":\"https:\/\/www.diroy.com\/en\/bedding-experience\/belle-literie-tips\/conseils-literie\/tester-sa-literie\/\",\"name\":\"Bien tester sa literie avant achat\",\"isPartOf\":{\"@id\":\"https:\/\/www.diroy.com\/en\/#website\"},\"primaryImageOfPage\":{\"@id\":\"https:\/\/www.diroy.com\/en\/bedding-experience\/belle-literie-tips\/conseils-literie\/tester-sa-literie\/#primaryimage\"},\"image\":{\"@id\":\"https:\/\/www.diroy.com\/en\/bedding-experience\/belle-literie-tips\/conseils-literie\/tester-sa-literie\/#primaryimage\"},\"thumbnailUrl\":\"https:\/\/www.diroy.com\/wp-content\/uploads\/2019\/09\/tester-sa-literie.jpg\",\"datePublished\":\"2019-09-25T15:29:43+00:00\",\"dateModified\":\"2019-12-05T13:29:58+00:00\",\"description\":\"Nos conseils pour tester efficacement une literie avant de faire votre choix.\",\"breadcrumb\":{\"@id\":\"https:\/\/www.diroy.com\/en\/bedding-experience\/belle-literie-tips\/conseils-literie\/tester-sa-literie\/#breadcrumb\"},\"inLanguage\":\"en-US\",\"potentialAction\":[{\"@type\":\"ReadAction\",\"target\":[\"https:\/\/www.diroy.com\/en\/bedding-experience\/belle-literie-tips\/conseils-literie\/tester-sa-literie\/\"]}]},{\"@type\":\"ImageObject\",\"inLanguage\":\"en-US\",\"@id\":\"https:\/\/www.diroy.com\/en\/bedding-experience\/belle-literie-tips\/conseils-literie\/tester-sa-literie\/#primaryimage\",\"url\":\"https:\/\/www.diroy.com\/wp-content\/uploads\/2019\/09\/tester-sa-literie.jpg\",\"contentUrl\":\"https:\/\/www.diroy.com\/wp-content\/uploads\/2019\/09\/tester-sa-literie.jpg\",\"width\":1000,\"height\":537},{\"@type\":\"BreadcrumbList\",\"@id\":\"https:\/\/www.diroy.com\/en\/bedding-experience\/belle-literie-tips\/conseils-literie\/tester-sa-literie\/#breadcrumb\",\"itemListElement\":[{\"@type\":\"ListItem\",\"position\":1,\"name\":\"Accueil\",\"item\":\"https:\/\/www.diroy.com\/en\/\"},{\"@type\":\"ListItem\",\"position\":2,\"name\":\"Bedding experience\",\"item\":\"https:\/\/www.diroy.com\/en\/bedding-experience\/\"},{\"@type\":\"ListItem\",\"position\":3,\"name\":\"Belle Literie Tips\",\"item\":\"https:\/\/www.diroy.com\/en\/bedding-experience\/belle-literie-tips\/\"},{\"@type\":\"ListItem\",\"position\":4,\"name\":\"Conseils literie\",\"item\":\"https:\/\/www.diroy.com\/en\/bedding-experience\/belle-literie-tips\/conseils-literie\/\"},{\"@type\":\"ListItem\",\"position\":5,\"name\":\"Tester sa literie\"}]},{\"@type\":\"WebSite\",\"@id\":\"https:\/\/www.diroy.com\/en\/#website\",\"url\":\"https:\/\/www.diroy.com\/en\/\",\"name\":\"Diroy\",\"description\":\"\",\"potentialAction\":[{\"@type\":\"SearchAction\",\"target\":{\"@type\":\"EntryPoint\",\"urlTemplate\":\"https:\/\/www.diroy.com\/en\/?s={search_term_string}\"},\"query-input\":{\"@type\":\"PropertyValueSpecification\",\"valueRequired\":true,\"valueName\":\"search_term_string\"}}],\"inLanguage\":\"en-US\"}]}<\/script>\n<!-- \/ Yoast SEO plugin. -->","yoast_head_json":{"title":"Bien tester sa literie avant achat","description":"Nos conseils pour tester efficacement une literie avant de faire votre choix.","robots":{"index":"index","follow":"follow","max-snippet":"max-snippet:-1","max-image-preview":"max-image-preview:large","max-video-preview":"max-video-preview:-1"},"canonical":"https:\/\/www.diroy.com\/en\/bedding-experience\/belle-literie-tips\/conseils-literie\/tester-sa-literie\/","og_locale":"en_US","og_type":"article","og_title":"Bien tester sa literie avant achat","og_description":"Nos conseils pour tester efficacement une literie avant de faire votre choix.","og_url":"https:\/\/www.diroy.com\/en\/bedding-experience\/belle-literie-tips\/conseils-literie\/tester-sa-literie\/","og_site_name":"Diroy","article_modified_time":"2019-12-05T13:29:58+00:00","og_image":[{"width":1000,"height":537,"url":"https:\/\/www.diroy.com\/wp-content\/uploads\/2019\/09\/tester-sa-literie.jpg","type":"image\/jpeg"}],"twitter_card":"summary_large_image","twitter_misc":{"Est. reading time":"1 minute"},"schema":{"@context":"https:\/\/schema.org","@graph":[{"@type":"WebPage","@id":"https:\/\/www.diroy.com\/en\/bedding-experience\/belle-literie-tips\/conseils-literie\/tester-sa-literie\/","url":"https:\/\/www.diroy.com\/en\/bedding-experience\/belle-literie-tips\/conseils-literie\/tester-sa-literie\/","name":"Bien tester sa literie avant achat","isPartOf":{"@id":"https:\/\/www.diroy.com\/en\/#website"},"primaryImageOfPage":{"@id":"https:\/\/www.diroy.com\/en\/bedding-experience\/belle-literie-tips\/conseils-literie\/tester-sa-literie\/#primaryimage"},"image":{"@id":"https:\/\/www.diroy.com\/en\/bedding-experience\/belle-literie-tips\/conseils-literie\/tester-sa-literie\/#primaryimage"},"thumbnailUrl":"https:\/\/www.diroy.com\/wp-content\/uploads\/2019\/09\/tester-sa-literie.jpg","datePublished":"2019-09-25T15:29:43+00:00","dateModified":"2019-12-05T13:29:58+00:00","description":"Nos conseils pour tester efficacement une literie avant de faire votre choix.","breadcrumb":{"@id":"https:\/\/www.diroy.com\/en\/bedding-experience\/belle-literie-tips\/conseils-literie\/tester-sa-literie\/#breadcrumb"},"inLanguage":"en-US","potentialAction":[{"@type":"ReadAction","target":["https:\/\/www.diroy.com\/en\/bedding-experience\/belle-literie-tips\/conseils-literie\/tester-sa-literie\/"]}]},{"@type":"ImageObject","inLanguage":"en-US","@id":"https:\/\/www.diroy.com\/en\/bedding-experience\/belle-literie-tips\/conseils-literie\/tester-sa-literie\/#primaryimage","url":"https:\/\/www.diroy.com\/wp-content\/uploads\/2019\/09\/tester-sa-literie.jpg","contentUrl":"https:\/\/www.diroy.com\/wp-content\/uploads\/2019\/09\/tester-sa-literie.jpg","width":1000,"height":537},{"@type":"BreadcrumbList","@id":"https:\/\/www.diroy.com\/en\/bedding-experience\/belle-literie-tips\/conseils-literie\/tester-sa-literie\/#breadcrumb","itemListElement":[{"@type":"ListItem","position":1,"name":"Accueil","item":"https:\/\/www.diroy.com\/en\/"},{"@type":"ListItem","position":2,"name":"Bedding experience","item":"https:\/\/www.diroy.com\/en\/bedding-experience\/"},{"@type":"ListItem","position":3,"name":"Belle Literie Tips","item":"https:\/\/www.diroy.com\/en\/bedding-experience\/belle-literie-tips\/"},{"@type":"ListItem","position":4,"name":"Conseils literie","item":"https:\/\/www.diroy.com\/en\/bedding-experience\/belle-literie-tips\/conseils-literie\/"},{"@type":"ListItem","position":5,"name":"Tester sa literie"}]},{"@type":"WebSite","@id":"https:\/\/www.diroy.com\/en\/#website","url":"https:\/\/www.diroy.com\/en\/","name":"Diroy","description":"","potentialAction":[{"@type":"SearchAction","target":{"@type":"EntryPoint","urlTemplate":"https:\/\/www.diroy.com\/en\/?s={search_term_string}"},"query-input":{"@type":"PropertyValueSpecification","valueRequired":true,"valueName":"search_term_string"}}],"inLanguage":"en-US"}]}},"_links":{"self":[{"href":"https:\/\/www.diroy.com\/en\/wp-json\/wp\/v2\/pages\/7369"}],"collection":[{"href":"https:\/\/www.diroy.com\/en\/wp-json\/wp\/v2\/pages"}],"about":[{"href":"https:\/\/www.diroy.com\/en\/wp-json\/wp\/v2\/types\/page"}],"author":[{"embeddable":true,"href":"https:\/\/www.diroy.com\/en\/wp-json\/wp\/v2\/users\/1"}],"replies":[{"embeddable":true,"href":"https:\/\/www.diroy.com\/en\/wp-json\/wp\/v2\/comments?post=7369"}],"version-history":[{"count":0,"href":"https:\/\/www.diroy.com\/en\/wp-json\/wp\/v2\/pages\/7369\/revisions"}],"up":[{"embeddable":true,"href":"https:\/\/www.diroy.com\/en\/wp-json\/wp\/v2\/pages\/7364"}],"wp:featuredmedia":[{"embeddable":true,"href":"https:\/\/www.diroy.com\/en\/wp-json\/wp\/v2\/media\/6106"}],"wp:attachment":[{"href":"https:\/\/www.diroy.com\/en\/wp-json\/wp\/v2\/media?parent=7369"}],"curies":[{"name":"wp","href":"https:\/\/api.w.org\/{rel}","templated":true}]}}