{"id":7367,"date":"2019-09-25T17:30:23","date_gmt":"2019-09-25T15:30:23","guid":{"rendered":"http:\/\/wp-diroy.localhost\/experience-literie\/conseils-belle-literie\/conseils-literie\/entretenir-sa-literie\/"},"modified":"2019-12-05T14:29:58","modified_gmt":"2019-12-05T13:29:58","slug":"entretenir-sa-literie","status":"publish","type":"page","link":"https:\/\/www.diroy.com\/en\/bedding-experience\/belle-literie-tips\/conseils-literie\/entretenir-sa-literie\/","title":{"rendered":"Entretenir sa literie"},"content":{"rendered":"\n<p>La dur\u00e9e de vie de votre sommier et de votre matelas est estim\u00e9e \u00e0 10 ans environ. Vos couettes, oreillers et traversins, sont \u00e0 renouveler quant \u00e0 eux tous les 5 ans. Pour entretenir votre literie et conserver un confort durant de longues ann\u00e9es, voici les conseils que nous vous proposons :<\/p>\n\n\n\n<ul class=\"wp-block-list\"><li>\n\t\tUtiliser\n\tdes housses de protection qui laissent le matelas respirer.\n\tDans des cas particuliers&nbsp;: transpiration abondante,\n\tincontinences (enfants, maladies), l\u2019al\u00e8se reste indispensable au\n\td\u00e9triment du confort. \n\t\n\t<\/li><li>\n\tA\u00e9rer\n\tquotidiennement votre chambre,\n\tmatelas et sommier doivent respirer et \u00e9liminer l\u2019humidit\u00e9\n\tcorporelle de la nuit. \n\t\n\t<\/li><li>\n\tD\u00e9poussi\u00e9rer\n\tla face inf\u00e9rieure de votre sommier,\n\tla poussi\u00e8re s\u2019accumule rapidement sous votre lit. \n\t\n\t<\/li><li>\n\tInverser\n\tde temps en temps t\u00eate et pied pour r\u00e9partir l\u2019usure\n\t\n\t\n\t<\/li><li>\n\tLaver\n\tr\u00e9guli\u00e8rement housse de couette, draps et taies d\u2019oreiller. Pour\n\tle nettoyage des couettes et des oreillers, il faut se r\u00e9f\u00e9rer aux\n\tconsignes du fabricant indiqu\u00e9es sur l\u2019emballage ou sur le\n\tproduit.\n<\/li><\/ul>\n\n\n\n<p>\n<em>Bien\nentretenir sa literie, c\u2019est entretenir un sommeil de qualit\u00e9.<\/em><\/p>\n\n\n\n<p>\n<em>Choisissez\nla qualit\u00e9 Belle Literie ! <\/em>\n<\/p>\n","protected":false},"excerpt":{"rendered":"<p>La dur\u00e9e de vie de votre sommier et de votre matelas est estim\u00e9e \u00e0 10 [&hellip;]<\/p>\n","protected":false},"author":1,"featured_media":6084,"parent":7364,"menu_order":0,"comment_status":"closed","ping_status":"closed","template":"","meta":{"_acf_changed":false,"footnotes":""},"class_list":["post-7367","page","type-page","status-publish","has-post-thumbnail","hentry"],"acf":[],"yoast_head":"<!-- This site is optimized with the Yoast SEO plugin v23.4 - https:\/\/yoast.com\/wordpress\/plugins\/seo\/ -->\n<title>Comment bien entretenir sa literie<\/title>\n<meta name=\"description\" content=\"Prolongez la dur\u00e9e de vie de votre matelas et de vos accessoires gr\u00e2ce \u00e0 nos conseils d\u2019entretien.\" \/>\n<meta name=\"robots\" content=\"index, follow, max-snippet:-1, max-image-preview:large, max-video-preview:-1\" \/>\n<link rel=\"canonical\" href=\"https:\/\/www.diroy.com\/en\/bedding-experience\/belle-literie-tips\/conseils-literie\/entretenir-sa-literie\/\" \/>\n<meta property=\"og:locale\" content=\"en_US\" \/>\n<meta property=\"og:type\" content=\"article\" \/>\n<meta property=\"og:title\" content=\"Comment bien entretenir sa literie\" \/>\n<meta property=\"og:description\" content=\"Prolongez la dur\u00e9e de vie de votre matelas et de vos accessoires gr\u00e2ce \u00e0 nos conseils d\u2019entretien.\" \/>\n<meta property=\"og:url\" content=\"https:\/\/www.diroy.com\/en\/bedding-experience\/belle-literie-tips\/conseils-literie\/entretenir-sa-literie\/\" \/>\n<meta property=\"og:site_name\" content=\"Diroy\" \/>\n<meta property=\"article:modified_time\" content=\"2019-12-05T13:29:58+00:00\" \/>\n<meta property=\"og:image\" content=\"https:\/\/www.diroy.com\/wp-content\/uploads\/2019\/09\/entretenir-sa-literie.jpg\" \/>\n\t<meta property=\"og:image:width\" content=\"1000\" \/>\n\t<meta property=\"og:image:height\" content=\"537\" \/>\n\t<meta property=\"og:image:type\" content=\"image\/jpeg\" \/>\n<meta name=\"twitter:card\" content=\"summary_large_image\" \/>\n<meta name=\"twitter:label1\" content=\"Est. reading time\" \/>\n\t<meta name=\"twitter:data1\" content=\"1 minute\" \/>\n<script type=\"application\/ld+json\" class=\"yoast-schema-graph\">{\"@context\":\"https:\/\/schema.org\",\"@graph\":[{\"@type\":\"WebPage\",\"@id\":\"https:\/\/www.diroy.com\/en\/bedding-experience\/belle-literie-tips\/conseils-literie\/entretenir-sa-literie\/\",\"url\":\"https:\/\/www.diroy.com\/en\/bedding-experience\/belle-literie-tips\/conseils-literie\/entretenir-sa-literie\/\",\"name\":\"Comment bien entretenir sa literie\",\"isPartOf\":{\"@id\":\"https:\/\/www.diroy.com\/en\/#website\"},\"primaryImageOfPage\":{\"@id\":\"https:\/\/www.diroy.com\/en\/bedding-experience\/belle-literie-tips\/conseils-literie\/entretenir-sa-literie\/#primaryimage\"},\"image\":{\"@id\":\"https:\/\/www.diroy.com\/en\/bedding-experience\/belle-literie-tips\/conseils-literie\/entretenir-sa-literie\/#primaryimage\"},\"thumbnailUrl\":\"https:\/\/www.diroy.com\/wp-content\/uploads\/2019\/09\/entretenir-sa-literie.jpg\",\"datePublished\":\"2019-09-25T15:30:23+00:00\",\"dateModified\":\"2019-12-05T13:29:58+00:00\",\"description\":\"Prolongez la dur\u00e9e de vie de votre matelas et de vos accessoires gr\u00e2ce \u00e0 nos conseils d\u2019entretien.\",\"breadcrumb\":{\"@id\":\"https:\/\/www.diroy.com\/en\/bedding-experience\/belle-literie-tips\/conseils-literie\/entretenir-sa-literie\/#breadcrumb\"},\"inLanguage\":\"en-US\",\"potentialAction\":[{\"@type\":\"ReadAction\",\"target\":[\"https:\/\/www.diroy.com\/en\/bedding-experience\/belle-literie-tips\/conseils-literie\/entretenir-sa-literie\/\"]}]},{\"@type\":\"ImageObject\",\"inLanguage\":\"en-US\",\"@id\":\"https:\/\/www.diroy.com\/en\/bedding-experience\/belle-literie-tips\/conseils-literie\/entretenir-sa-literie\/#primaryimage\",\"url\":\"https:\/\/www.diroy.com\/wp-content\/uploads\/2019\/09\/entretenir-sa-literie.jpg\",\"contentUrl\":\"https:\/\/www.diroy.com\/wp-content\/uploads\/2019\/09\/entretenir-sa-literie.jpg\",\"width\":1000,\"height\":537},{\"@type\":\"BreadcrumbList\",\"@id\":\"https:\/\/www.diroy.com\/en\/bedding-experience\/belle-literie-tips\/conseils-literie\/entretenir-sa-literie\/#breadcrumb\",\"itemListElement\":[{\"@type\":\"ListItem\",\"position\":1,\"name\":\"Accueil\",\"item\":\"https:\/\/www.diroy.com\/en\/\"},{\"@type\":\"ListItem\",\"position\":2,\"name\":\"Bedding experience\",\"item\":\"https:\/\/www.diroy.com\/en\/bedding-experience\/\"},{\"@type\":\"ListItem\",\"position\":3,\"name\":\"Belle Literie Tips\",\"item\":\"https:\/\/www.diroy.com\/en\/bedding-experience\/belle-literie-tips\/\"},{\"@type\":\"ListItem\",\"position\":4,\"name\":\"Conseils literie\",\"item\":\"https:\/\/www.diroy.com\/en\/bedding-experience\/belle-literie-tips\/conseils-literie\/\"},{\"@type\":\"ListItem\",\"position\":5,\"name\":\"Entretenir sa literie\"}]},{\"@type\":\"WebSite\",\"@id\":\"https:\/\/www.diroy.com\/en\/#website\",\"url\":\"https:\/\/www.diroy.com\/en\/\",\"name\":\"Diroy\",\"description\":\"\",\"potentialAction\":[{\"@type\":\"SearchAction\",\"target\":{\"@type\":\"EntryPoint\",\"urlTemplate\":\"https:\/\/www.diroy.com\/en\/?s={search_term_string}\"},\"query-input\":{\"@type\":\"PropertyValueSpecification\",\"valueRequired\":true,\"valueName\":\"search_term_string\"}}],\"inLanguage\":\"en-US\"}]}<\/script>\n<!-- \/ Yoast SEO plugin. -->","yoast_head_json":{"title":"Comment bien entretenir sa literie","description":"Prolongez la dur\u00e9e de vie de votre matelas et de vos accessoires gr\u00e2ce \u00e0 nos conseils d\u2019entretien.","robots":{"index":"index","follow":"follow","max-snippet":"max-snippet:-1","max-image-preview":"max-image-preview:large","max-video-preview":"max-video-preview:-1"},"canonical":"https:\/\/www.diroy.com\/en\/bedding-experience\/belle-literie-tips\/conseils-literie\/entretenir-sa-literie\/","og_locale":"en_US","og_type":"article","og_title":"Comment bien entretenir sa literie","og_description":"Prolongez la dur\u00e9e de vie de votre matelas et de vos accessoires gr\u00e2ce \u00e0 nos conseils d\u2019entretien.","og_url":"https:\/\/www.diroy.com\/en\/bedding-experience\/belle-literie-tips\/conseils-literie\/entretenir-sa-literie\/","og_site_name":"Diroy","article_modified_time":"2019-12-05T13:29:58+00:00","og_image":[{"width":1000,"height":537,"url":"https:\/\/www.diroy.com\/wp-content\/uploads\/2019\/09\/entretenir-sa-literie.jpg","type":"image\/jpeg"}],"twitter_card":"summary_large_image","twitter_misc":{"Est. reading time":"1 minute"},"schema":{"@context":"https:\/\/schema.org","@graph":[{"@type":"WebPage","@id":"https:\/\/www.diroy.com\/en\/bedding-experience\/belle-literie-tips\/conseils-literie\/entretenir-sa-literie\/","url":"https:\/\/www.diroy.com\/en\/bedding-experience\/belle-literie-tips\/conseils-literie\/entretenir-sa-literie\/","name":"Comment bien entretenir sa literie","isPartOf":{"@id":"https:\/\/www.diroy.com\/en\/#website"},"primaryImageOfPage":{"@id":"https:\/\/www.diroy.com\/en\/bedding-experience\/belle-literie-tips\/conseils-literie\/entretenir-sa-literie\/#primaryimage"},"image":{"@id":"https:\/\/www.diroy.com\/en\/bedding-experience\/belle-literie-tips\/conseils-literie\/entretenir-sa-literie\/#primaryimage"},"thumbnailUrl":"https:\/\/www.diroy.com\/wp-content\/uploads\/2019\/09\/entretenir-sa-literie.jpg","datePublished":"2019-09-25T15:30:23+00:00","dateModified":"2019-12-05T13:29:58+00:00","description":"Prolongez la dur\u00e9e de vie de votre matelas et de vos accessoires gr\u00e2ce \u00e0 nos conseils d\u2019entretien.","breadcrumb":{"@id":"https:\/\/www.diroy.com\/en\/bedding-experience\/belle-literie-tips\/conseils-literie\/entretenir-sa-literie\/#breadcrumb"},"inLanguage":"en-US","potentialAction":[{"@type":"ReadAction","target":["https:\/\/www.diroy.com\/en\/bedding-experience\/belle-literie-tips\/conseils-literie\/entretenir-sa-literie\/"]}]},{"@type":"ImageObject","inLanguage":"en-US","@id":"https:\/\/www.diroy.com\/en\/bedding-experience\/belle-literie-tips\/conseils-literie\/entretenir-sa-literie\/#primaryimage","url":"https:\/\/www.diroy.com\/wp-content\/uploads\/2019\/09\/entretenir-sa-literie.jpg","contentUrl":"https:\/\/www.diroy.com\/wp-content\/uploads\/2019\/09\/entretenir-sa-literie.jpg","width":1000,"height":537},{"@type":"BreadcrumbList","@id":"https:\/\/www.diroy.com\/en\/bedding-experience\/belle-literie-tips\/conseils-literie\/entretenir-sa-literie\/#breadcrumb","itemListElement":[{"@type":"ListItem","position":1,"name":"Accueil","item":"https:\/\/www.diroy.com\/en\/"},{"@type":"ListItem","position":2,"name":"Bedding experience","item":"https:\/\/www.diroy.com\/en\/bedding-experience\/"},{"@type":"ListItem","position":3,"name":"Belle Literie Tips","item":"https:\/\/www.diroy.com\/en\/bedding-experience\/belle-literie-tips\/"},{"@type":"ListItem","position":4,"name":"Conseils literie","item":"https:\/\/www.diroy.com\/en\/bedding-experience\/belle-literie-tips\/conseils-literie\/"},{"@type":"ListItem","position":5,"name":"Entretenir sa literie"}]},{"@type":"WebSite","@id":"https:\/\/www.diroy.com\/en\/#website","url":"https:\/\/www.diroy.com\/en\/","name":"Diroy","description":"","potentialAction":[{"@type":"SearchAction","target":{"@type":"EntryPoint","urlTemplate":"https:\/\/www.diroy.com\/en\/?s={search_term_string}"},"query-input":{"@type":"PropertyValueSpecification","valueRequired":true,"valueName":"search_term_string"}}],"inLanguage":"en-US"}]}},"_links":{"self":[{"href":"https:\/\/www.diroy.com\/en\/wp-json\/wp\/v2\/pages\/7367"}],"collection":[{"href":"https:\/\/www.diroy.com\/en\/wp-json\/wp\/v2\/pages"}],"about":[{"href":"https:\/\/www.diroy.com\/en\/wp-json\/wp\/v2\/types\/page"}],"author":[{"embeddable":true,"href":"https:\/\/www.diroy.com\/en\/wp-json\/wp\/v2\/users\/1"}],"replies":[{"embeddable":true,"href":"https:\/\/www.diroy.com\/en\/wp-json\/wp\/v2\/comments?post=7367"}],"version-history":[{"count":0,"href":"https:\/\/www.diroy.com\/en\/wp-json\/wp\/v2\/pages\/7367\/revisions"}],"up":[{"embeddable":true,"href":"https:\/\/www.diroy.com\/en\/wp-json\/wp\/v2\/pages\/7364"}],"wp:featuredmedia":[{"embeddable":true,"href":"https:\/\/www.diroy.com\/en\/wp-json\/wp\/v2\/media\/6084"}],"wp:attachment":[{"href":"https:\/\/www.diroy.com\/en\/wp-json\/wp\/v2\/media?parent=7367"}],"curies":[{"name":"wp","href":"https:\/\/api.w.org\/{rel}","templated":true}]}}