{"id":7362,"date":"2019-09-25T17:34:08","date_gmt":"2019-09-25T15:34:08","guid":{"rendered":"http:\/\/wp-diroy.localhost\/experience-literie\/conseils-belle-literie\/conseils-accessoires\/bien-choisir-sa-couette\/"},"modified":"2019-12-05T14:29:57","modified_gmt":"2019-12-05T13:29:57","slug":"bien-choisir-sa-couette","status":"publish","type":"page","link":"https:\/\/www.diroy.com\/en\/bedding-experience\/belle-literie-tips\/conseils-accessoires\/bien-choisir-sa-couette\/","title":{"rendered":"Bien choisir sa couette"},"content":{"rendered":"\n<p>Appr\u00e9ci\u00e9e pour son confort, sa simplicit\u00e9 d\u2019utilisation et sa l\u00e9g\u00e8ret\u00e9, la couette est aujourd\u2019hui largement adopt\u00e9e par les fran\u00e7ais. Chaque ann\u00e9e, environ 5 millions de couettes sont vendus sur le territoire national.<\/p>\n\n\n\n<p>\nCe\nqu\u2019il faut savoir pour bien choisir sa couette\u2026<\/p>\n\n\n\n<p>\nIl\nexiste 2 types de couettes : la couette garnie de produits naturels\net la couette garnie de fibres synth\u00e9tiques.<\/p>\n\n\n\n<ul class=\"wp-block-list\"><li>\n\t\tLe\n\tduvet naturel\n<\/li><\/ul>\n\n\n\n<p>\nLa\nplume et le duvet sont reconnus depuis bien longtemps pour leur\nqualit\u00e9 isolante. Ils proviennent tout deux des oiseaux aquatiques,\ntels que les oies, les canards et exceptionnellement les eiders\n(oiseau polaire au duvet particuli\u00e8rement chaud et l\u00e9ger). A\nsavoir, pour constituer une couette de bonne qualit\u00e9, il faut\nenviron 50 oies.<\/p>\n\n\n\n<ul class=\"wp-block-list\"><li>\n\t\tLes\n\tcouettes synth\u00e9tiques\n<\/li><\/ul>\n\n\n\n<p>\nLes\nfibres polyester permettent de fabriquer des couettes \u00e0 prix tr\u00e8s\nabordables. Il existe trois types&nbsp;:<\/p>\n\n\n\n<ul class=\"wp-block-list\"><li>\n\t\tLes\n\tfibres ordinaires\n\t\n\t\n\t<\/li><li>\n\tLes\n\tfibres creuses&nbsp;:\n\tces derni\u00e8res contiennent de l\u2019air, elles offrent donc une bonne\n\tisolation thermique et un bon pouvoir adiathermique* \n\t\n\t<\/li><li>\n\tLes\n\tfibres creuses silicon\u00e9es&nbsp;:\n\tla surface silicon\u00e9e procure un glissant rappelant les qualit\u00e9s\n\tdes plumes d\u2019oiseau et facilite une bonne r\u00e9paration dans la\n\tcouette.\n<\/li><\/ul>\n\n\n\n<p>\nQuelques\nastuces pour bien choisir sa couette :<\/p>\n\n\n\n<ul class=\"wp-block-list\"><li>\n\t\tD\u00e9terminer\n\tla taille de votre couette. Ses dimensions d\u00e9pendent bien entendu\n\tde la taille de votre matelas. Il est recommand\u00e9 de choisir une\n\ttaille de couette sup\u00e9rieure \u00e0 celle du matelas&nbsp;! \n\t\n\t<\/li><li>\n\tIdentifier\n\tvos souhaits de temp\u00e9rature. Vous \u00eates plut\u00f4t frileux&nbsp;?\n\tVotre chambre est beaucoup chauff\u00e9e&nbsp;? Selon les r\u00e9ponses, \u00e0\n\tvous d\u2019opter pour une couette l\u00e9g\u00e8re, chaude ou tr\u00e8s chaude.\n\tDes indices de chaleur vous permettent de vous aider&nbsp;!\n<\/li><\/ul>\n\n\n\n<p>\n*Adiathermique&nbsp;:\ncapacit\u00e9 \u00e0 conserver la chaleur<\/p>\n\n\n\n<p>\n<em>Un\nmatelas et sommier de qualit\u00e9 associ\u00e9 \u00e0 une couette et des\noreillers adapt\u00e9s, le secret d\u2019un sommeil parfait.<\/em><\/p>\n\n\n\n<p><em>Choisissez la qualit\u00e9 Belle Literie ! <\/em> <\/p>\n","protected":false},"excerpt":{"rendered":"<p>Appr\u00e9ci\u00e9e pour son confort, sa simplicit\u00e9 d\u2019utilisation et sa l\u00e9g\u00e8ret\u00e9, la couette est aujourd\u2019hui largement [&hellip;]<\/p>\n","protected":false},"author":1,"featured_media":6072,"parent":7360,"menu_order":0,"comment_status":"closed","ping_status":"closed","template":"","meta":{"_acf_changed":false,"footnotes":""},"class_list":["post-7362","page","type-page","status-publish","has-post-thumbnail","hentry"],"acf":[],"yoast_head":"<!-- This site is optimized with the Yoast SEO plugin v23.4 - https:\/\/yoast.com\/wordpress\/plugins\/seo\/ -->\n<title>Conseils pour bien choisir sa couette<\/title>\n<meta name=\"description\" content=\"Chaud, l\u00e9ger ou moelleux ? Nos conseils pour bien choisir votre couette et profiter d\u2019un sommeil sur mesure avec Diroy.\" \/>\n<meta name=\"robots\" content=\"index, follow, max-snippet:-1, max-image-preview:large, max-video-preview:-1\" \/>\n<link rel=\"canonical\" href=\"https:\/\/www.diroy.com\/en\/bedding-experience\/belle-literie-tips\/conseils-accessoires\/bien-choisir-sa-couette\/\" \/>\n<meta property=\"og:locale\" content=\"en_US\" \/>\n<meta property=\"og:type\" content=\"article\" \/>\n<meta property=\"og:title\" content=\"Conseils pour bien choisir sa couette\" \/>\n<meta property=\"og:description\" content=\"Chaud, l\u00e9ger ou moelleux ? Nos conseils pour bien choisir votre couette et profiter d\u2019un sommeil sur mesure avec Diroy.\" \/>\n<meta property=\"og:url\" content=\"https:\/\/www.diroy.com\/en\/bedding-experience\/belle-literie-tips\/conseils-accessoires\/bien-choisir-sa-couette\/\" \/>\n<meta property=\"og:site_name\" content=\"Diroy\" \/>\n<meta property=\"article:modified_time\" content=\"2019-12-05T13:29:57+00:00\" \/>\n<meta property=\"og:image\" content=\"https:\/\/diroy.com\/wp-content\/uploads\/2019\/09\/choisir-sa-couette.jpg\" \/>\n\t<meta property=\"og:image:width\" content=\"1000\" \/>\n\t<meta property=\"og:image:height\" content=\"537\" \/>\n\t<meta property=\"og:image:type\" content=\"image\/jpeg\" \/>\n<meta name=\"twitter:card\" content=\"summary_large_image\" \/>\n<meta name=\"twitter:label1\" content=\"Est. reading time\" \/>\n\t<meta name=\"twitter:data1\" content=\"2 minutes\" \/>\n<script type=\"application\/ld+json\" class=\"yoast-schema-graph\">{\"@context\":\"https:\/\/schema.org\",\"@graph\":[{\"@type\":\"WebPage\",\"@id\":\"https:\/\/www.diroy.com\/en\/bedding-experience\/belle-literie-tips\/conseils-accessoires\/bien-choisir-sa-couette\/\",\"url\":\"https:\/\/www.diroy.com\/en\/bedding-experience\/belle-literie-tips\/conseils-accessoires\/bien-choisir-sa-couette\/\",\"name\":\"Conseils pour bien choisir sa couette\",\"isPartOf\":{\"@id\":\"https:\/\/diroy.com\/en\/#website\"},\"primaryImageOfPage\":{\"@id\":\"https:\/\/www.diroy.com\/en\/bedding-experience\/belle-literie-tips\/conseils-accessoires\/bien-choisir-sa-couette\/#primaryimage\"},\"image\":{\"@id\":\"https:\/\/www.diroy.com\/en\/bedding-experience\/belle-literie-tips\/conseils-accessoires\/bien-choisir-sa-couette\/#primaryimage\"},\"thumbnailUrl\":\"https:\/\/www.diroy.com\/wp-content\/uploads\/2019\/09\/choisir-sa-couette.jpg\",\"datePublished\":\"2019-09-25T15:34:08+00:00\",\"dateModified\":\"2019-12-05T13:29:57+00:00\",\"description\":\"Chaud, l\u00e9ger ou moelleux ? Nos conseils pour bien choisir votre couette et profiter d\u2019un sommeil sur mesure avec Diroy.\",\"breadcrumb\":{\"@id\":\"https:\/\/www.diroy.com\/en\/bedding-experience\/belle-literie-tips\/conseils-accessoires\/bien-choisir-sa-couette\/#breadcrumb\"},\"inLanguage\":\"en-US\",\"potentialAction\":[{\"@type\":\"ReadAction\",\"target\":[\"https:\/\/www.diroy.com\/en\/bedding-experience\/belle-literie-tips\/conseils-accessoires\/bien-choisir-sa-couette\/\"]}]},{\"@type\":\"ImageObject\",\"inLanguage\":\"en-US\",\"@id\":\"https:\/\/www.diroy.com\/en\/bedding-experience\/belle-literie-tips\/conseils-accessoires\/bien-choisir-sa-couette\/#primaryimage\",\"url\":\"https:\/\/www.diroy.com\/wp-content\/uploads\/2019\/09\/choisir-sa-couette.jpg\",\"contentUrl\":\"https:\/\/www.diroy.com\/wp-content\/uploads\/2019\/09\/choisir-sa-couette.jpg\",\"width\":1000,\"height\":537},{\"@type\":\"BreadcrumbList\",\"@id\":\"https:\/\/www.diroy.com\/en\/bedding-experience\/belle-literie-tips\/conseils-accessoires\/bien-choisir-sa-couette\/#breadcrumb\",\"itemListElement\":[{\"@type\":\"ListItem\",\"position\":1,\"name\":\"Accueil\",\"item\":\"https:\/\/diroy.com\/en\/\"},{\"@type\":\"ListItem\",\"position\":2,\"name\":\"Bedding experience\",\"item\":\"https:\/\/diroy.com\/en\/bedding-experience\/\"},{\"@type\":\"ListItem\",\"position\":3,\"name\":\"Belle Literie Tips\",\"item\":\"https:\/\/diroy.com\/en\/bedding-experience\/belle-literie-tips\/\"},{\"@type\":\"ListItem\",\"position\":4,\"name\":\"Conseils accessoires\",\"item\":\"https:\/\/diroy.com\/en\/bedding-experience\/belle-literie-tips\/conseils-accessoires\/\"},{\"@type\":\"ListItem\",\"position\":5,\"name\":\"Bien choisir sa couette\"}]},{\"@type\":\"WebSite\",\"@id\":\"https:\/\/diroy.com\/en\/#website\",\"url\":\"https:\/\/diroy.com\/en\/\",\"name\":\"Diroy\",\"description\":\"\",\"potentialAction\":[{\"@type\":\"SearchAction\",\"target\":{\"@type\":\"EntryPoint\",\"urlTemplate\":\"https:\/\/diroy.com\/en\/?s={search_term_string}\"},\"query-input\":{\"@type\":\"PropertyValueSpecification\",\"valueRequired\":true,\"valueName\":\"search_term_string\"}}],\"inLanguage\":\"en-US\"}]}<\/script>\n<!-- \/ Yoast SEO plugin. -->","yoast_head_json":{"title":"Conseils pour bien choisir sa couette","description":"Chaud, l\u00e9ger ou moelleux ? Nos conseils pour bien choisir votre couette et profiter d\u2019un sommeil sur mesure avec Diroy.","robots":{"index":"index","follow":"follow","max-snippet":"max-snippet:-1","max-image-preview":"max-image-preview:large","max-video-preview":"max-video-preview:-1"},"canonical":"https:\/\/www.diroy.com\/en\/bedding-experience\/belle-literie-tips\/conseils-accessoires\/bien-choisir-sa-couette\/","og_locale":"en_US","og_type":"article","og_title":"Conseils pour bien choisir sa couette","og_description":"Chaud, l\u00e9ger ou moelleux ? Nos conseils pour bien choisir votre couette et profiter d\u2019un sommeil sur mesure avec Diroy.","og_url":"https:\/\/www.diroy.com\/en\/bedding-experience\/belle-literie-tips\/conseils-accessoires\/bien-choisir-sa-couette\/","og_site_name":"Diroy","article_modified_time":"2019-12-05T13:29:57+00:00","og_image":[{"width":1000,"height":537,"url":"https:\/\/diroy.com\/wp-content\/uploads\/2019\/09\/choisir-sa-couette.jpg","type":"image\/jpeg"}],"twitter_card":"summary_large_image","twitter_misc":{"Est. reading time":"2 minutes"},"schema":{"@context":"https:\/\/schema.org","@graph":[{"@type":"WebPage","@id":"https:\/\/www.diroy.com\/en\/bedding-experience\/belle-literie-tips\/conseils-accessoires\/bien-choisir-sa-couette\/","url":"https:\/\/www.diroy.com\/en\/bedding-experience\/belle-literie-tips\/conseils-accessoires\/bien-choisir-sa-couette\/","name":"Conseils pour bien choisir sa couette","isPartOf":{"@id":"https:\/\/diroy.com\/en\/#website"},"primaryImageOfPage":{"@id":"https:\/\/www.diroy.com\/en\/bedding-experience\/belle-literie-tips\/conseils-accessoires\/bien-choisir-sa-couette\/#primaryimage"},"image":{"@id":"https:\/\/www.diroy.com\/en\/bedding-experience\/belle-literie-tips\/conseils-accessoires\/bien-choisir-sa-couette\/#primaryimage"},"thumbnailUrl":"https:\/\/www.diroy.com\/wp-content\/uploads\/2019\/09\/choisir-sa-couette.jpg","datePublished":"2019-09-25T15:34:08+00:00","dateModified":"2019-12-05T13:29:57+00:00","description":"Chaud, l\u00e9ger ou moelleux ? Nos conseils pour bien choisir votre couette et profiter d\u2019un sommeil sur mesure avec Diroy.","breadcrumb":{"@id":"https:\/\/www.diroy.com\/en\/bedding-experience\/belle-literie-tips\/conseils-accessoires\/bien-choisir-sa-couette\/#breadcrumb"},"inLanguage":"en-US","potentialAction":[{"@type":"ReadAction","target":["https:\/\/www.diroy.com\/en\/bedding-experience\/belle-literie-tips\/conseils-accessoires\/bien-choisir-sa-couette\/"]}]},{"@type":"ImageObject","inLanguage":"en-US","@id":"https:\/\/www.diroy.com\/en\/bedding-experience\/belle-literie-tips\/conseils-accessoires\/bien-choisir-sa-couette\/#primaryimage","url":"https:\/\/www.diroy.com\/wp-content\/uploads\/2019\/09\/choisir-sa-couette.jpg","contentUrl":"https:\/\/www.diroy.com\/wp-content\/uploads\/2019\/09\/choisir-sa-couette.jpg","width":1000,"height":537},{"@type":"BreadcrumbList","@id":"https:\/\/www.diroy.com\/en\/bedding-experience\/belle-literie-tips\/conseils-accessoires\/bien-choisir-sa-couette\/#breadcrumb","itemListElement":[{"@type":"ListItem","position":1,"name":"Accueil","item":"https:\/\/diroy.com\/en\/"},{"@type":"ListItem","position":2,"name":"Bedding experience","item":"https:\/\/diroy.com\/en\/bedding-experience\/"},{"@type":"ListItem","position":3,"name":"Belle Literie Tips","item":"https:\/\/diroy.com\/en\/bedding-experience\/belle-literie-tips\/"},{"@type":"ListItem","position":4,"name":"Conseils accessoires","item":"https:\/\/diroy.com\/en\/bedding-experience\/belle-literie-tips\/conseils-accessoires\/"},{"@type":"ListItem","position":5,"name":"Bien choisir sa couette"}]},{"@type":"WebSite","@id":"https:\/\/diroy.com\/en\/#website","url":"https:\/\/diroy.com\/en\/","name":"Diroy","description":"","potentialAction":[{"@type":"SearchAction","target":{"@type":"EntryPoint","urlTemplate":"https:\/\/diroy.com\/en\/?s={search_term_string}"},"query-input":{"@type":"PropertyValueSpecification","valueRequired":true,"valueName":"search_term_string"}}],"inLanguage":"en-US"}]}},"_links":{"self":[{"href":"https:\/\/www.diroy.com\/en\/wp-json\/wp\/v2\/pages\/7362"}],"collection":[{"href":"https:\/\/www.diroy.com\/en\/wp-json\/wp\/v2\/pages"}],"about":[{"href":"https:\/\/www.diroy.com\/en\/wp-json\/wp\/v2\/types\/page"}],"author":[{"embeddable":true,"href":"https:\/\/www.diroy.com\/en\/wp-json\/wp\/v2\/users\/1"}],"replies":[{"embeddable":true,"href":"https:\/\/www.diroy.com\/en\/wp-json\/wp\/v2\/comments?post=7362"}],"version-history":[{"count":0,"href":"https:\/\/www.diroy.com\/en\/wp-json\/wp\/v2\/pages\/7362\/revisions"}],"up":[{"embeddable":true,"href":"https:\/\/www.diroy.com\/en\/wp-json\/wp\/v2\/pages\/7360"}],"wp:featuredmedia":[{"embeddable":true,"href":"https:\/\/www.diroy.com\/en\/wp-json\/wp\/v2\/media\/6072"}],"wp:attachment":[{"href":"https:\/\/www.diroy.com\/en\/wp-json\/wp\/v2\/media?parent=7362"}],"curies":[{"name":"wp","href":"https:\/\/api.w.org\/{rel}","templated":true}]}}