{"id":7361,"date":"2019-09-25T17:32:32","date_gmt":"2019-09-25T15:32:32","guid":{"rendered":"http:\/\/wp-diroy.localhost\/experience-literie\/conseils-belle-literie\/conseils-accessoires\/associer-oreiller-et-traversin\/"},"modified":"2019-12-05T14:29:57","modified_gmt":"2019-12-05T13:29:57","slug":"associer-oreiller-et-traversin","status":"publish","type":"page","link":"https:\/\/www.diroy.com\/en\/bedding-experience\/belle-literie-tips\/conseils-accessoires\/associer-oreiller-et-traversin\/","title":{"rendered":"Associer oreiller et traversin"},"content":{"rendered":"\n<p>\nL\u2019oreiller\net le traversin sont les compl\u00e9ments indispensables au sommier et au\nmatelas. Puisqu\u2019eux aussi participent au confort n\u00e9cessaire pour\nun sommeil r\u00e9parateur, ces accessoires doivent \u00eatre adapt\u00e9s \u00e0\nvotre morphologie et doivent \u00eatre choisis avec soin.<\/p>\n\n\n\n<p>\nPendant\nvotre sommeil, votre t\u00eate et votre nuque doivent \u00eatre soutenues\npour :<\/p>\n\n\n\n<ul class=\"wp-block-list\"><li>\n\t\tPermettre\n\tla d\u00e9contraction des muscles et \u00e9viter des sensations de raideurs\n\tou de douleurs.\n\tId\u00e9alement, la t\u00eate et le corps doivent retrouver la m\u00eame\n\tposition que lorsque nous sommes debout. \n\t\n\t<\/li><li>\n\tFavoriser\n\tla circulation sanguine\n<\/li><\/ul>\n\n\n\n<p>\nSi\nvous vous r\u00e9veillez avec des raideurs dans la nuque que vous n\u2019aviez\npas au moment de vous coucher, alors votre oreiller ou traversin est\nvraisemblablement inadapt\u00e9.<\/p>\n\n\n\n<p>\nNos\nastuces&nbsp;:<\/p>\n\n\n\n<ul class=\"wp-block-list\"><li>\n\t\tSi\n\tvous dormez sur\n\tle c\u00f4t\u00e9,\n\tvotre oreiller doit \u00eatre plut\u00f4t\n\tferme.\n\t\n\t\n\t<\/li><li>\n\tSi\n\tvous dormez sur\n\tle dos,\n\tvotre oreiller doit \u00eatre moyennement\n\tferme.\n\t\n\t\n\t<\/li><li>\n\tSi\n\tvous dormez sur\n\tle ventre,\n\tvotre oreiller doit \u00eatre tr\u00e8s\n\tmoelleux.\n<\/li><\/ul>\n\n\n\n<p>\n<em>Oreiller\net traversin, les compl\u00e9ments indispensables au confort.<\/em><\/p>\n\n\n\n<p>\n<em>Choisissez\nla qualit\u00e9 Belle Literie ! <\/em>\n<\/p>\n","protected":false},"excerpt":{"rendered":"<p>L\u2019oreiller et le traversin sont les compl\u00e9ments indispensables au sommier et au matelas. Puisqu\u2019eux aussi [&hellip;]<\/p>\n","protected":false},"author":1,"featured_media":6066,"parent":7360,"menu_order":0,"comment_status":"closed","ping_status":"closed","template":"","meta":{"_acf_changed":false,"footnotes":""},"class_list":["post-7361","page","type-page","status-publish","has-post-thumbnail","hentry"],"acf":[],"yoast_head":"<!-- This site is optimized with the Yoast SEO plugin v23.4 - https:\/\/yoast.com\/wordpress\/plugins\/seo\/ -->\n<title>Bien associer oreiller et traversin<\/title>\n<meta name=\"description\" content=\"D\u00e9couvrez comment bien associer oreiller et traversin pour un confort optimal et des nuits r\u00e9paratrices. Conseils pratiques Diroy.\" \/>\n<meta name=\"robots\" content=\"index, follow, max-snippet:-1, max-image-preview:large, max-video-preview:-1\" \/>\n<link rel=\"canonical\" href=\"https:\/\/www.diroy.com\/en\/bedding-experience\/belle-literie-tips\/conseils-accessoires\/associer-oreiller-et-traversin\/\" \/>\n<meta property=\"og:locale\" content=\"en_US\" \/>\n<meta property=\"og:type\" content=\"article\" \/>\n<meta property=\"og:title\" content=\"Bien associer oreiller et traversin\" \/>\n<meta property=\"og:description\" content=\"D\u00e9couvrez comment bien associer oreiller et traversin pour un confort optimal et des nuits r\u00e9paratrices. Conseils pratiques Diroy.\" \/>\n<meta property=\"og:url\" content=\"https:\/\/www.diroy.com\/en\/bedding-experience\/belle-literie-tips\/conseils-accessoires\/associer-oreiller-et-traversin\/\" \/>\n<meta property=\"og:site_name\" content=\"Diroy\" \/>\n<meta property=\"article:modified_time\" content=\"2019-12-05T13:29:57+00:00\" \/>\n<meta property=\"og:image\" content=\"https:\/\/www.diroy.com\/wp-content\/uploads\/2019\/09\/associer-oreiller.jpg\" \/>\n\t<meta property=\"og:image:width\" content=\"1000\" \/>\n\t<meta property=\"og:image:height\" content=\"537\" \/>\n\t<meta property=\"og:image:type\" content=\"image\/jpeg\" \/>\n<meta name=\"twitter:card\" content=\"summary_large_image\" \/>\n<meta name=\"twitter:label1\" content=\"Est. reading time\" \/>\n\t<meta name=\"twitter:data1\" content=\"1 minute\" \/>\n<script type=\"application\/ld+json\" class=\"yoast-schema-graph\">{\"@context\":\"https:\/\/schema.org\",\"@graph\":[{\"@type\":\"WebPage\",\"@id\":\"https:\/\/www.diroy.com\/en\/bedding-experience\/belle-literie-tips\/conseils-accessoires\/associer-oreiller-et-traversin\/\",\"url\":\"https:\/\/www.diroy.com\/en\/bedding-experience\/belle-literie-tips\/conseils-accessoires\/associer-oreiller-et-traversin\/\",\"name\":\"Bien associer oreiller et traversin\",\"isPartOf\":{\"@id\":\"https:\/\/www.diroy.com\/en\/#website\"},\"primaryImageOfPage\":{\"@id\":\"https:\/\/www.diroy.com\/en\/bedding-experience\/belle-literie-tips\/conseils-accessoires\/associer-oreiller-et-traversin\/#primaryimage\"},\"image\":{\"@id\":\"https:\/\/www.diroy.com\/en\/bedding-experience\/belle-literie-tips\/conseils-accessoires\/associer-oreiller-et-traversin\/#primaryimage\"},\"thumbnailUrl\":\"https:\/\/www.diroy.com\/wp-content\/uploads\/2019\/09\/associer-oreiller.jpg\",\"datePublished\":\"2019-09-25T15:32:32+00:00\",\"dateModified\":\"2019-12-05T13:29:57+00:00\",\"description\":\"D\u00e9couvrez comment bien associer oreiller et traversin pour un confort optimal et des nuits r\u00e9paratrices. Conseils pratiques Diroy.\",\"breadcrumb\":{\"@id\":\"https:\/\/www.diroy.com\/en\/bedding-experience\/belle-literie-tips\/conseils-accessoires\/associer-oreiller-et-traversin\/#breadcrumb\"},\"inLanguage\":\"en-US\",\"potentialAction\":[{\"@type\":\"ReadAction\",\"target\":[\"https:\/\/www.diroy.com\/en\/bedding-experience\/belle-literie-tips\/conseils-accessoires\/associer-oreiller-et-traversin\/\"]}]},{\"@type\":\"ImageObject\",\"inLanguage\":\"en-US\",\"@id\":\"https:\/\/www.diroy.com\/en\/bedding-experience\/belle-literie-tips\/conseils-accessoires\/associer-oreiller-et-traversin\/#primaryimage\",\"url\":\"https:\/\/www.diroy.com\/wp-content\/uploads\/2019\/09\/associer-oreiller.jpg\",\"contentUrl\":\"https:\/\/www.diroy.com\/wp-content\/uploads\/2019\/09\/associer-oreiller.jpg\",\"width\":1000,\"height\":537},{\"@type\":\"BreadcrumbList\",\"@id\":\"https:\/\/www.diroy.com\/en\/bedding-experience\/belle-literie-tips\/conseils-accessoires\/associer-oreiller-et-traversin\/#breadcrumb\",\"itemListElement\":[{\"@type\":\"ListItem\",\"position\":1,\"name\":\"Accueil\",\"item\":\"https:\/\/www.diroy.com\/en\/\"},{\"@type\":\"ListItem\",\"position\":2,\"name\":\"Bedding experience\",\"item\":\"https:\/\/www.diroy.com\/en\/bedding-experience\/\"},{\"@type\":\"ListItem\",\"position\":3,\"name\":\"Belle Literie Tips\",\"item\":\"https:\/\/www.diroy.com\/en\/bedding-experience\/belle-literie-tips\/\"},{\"@type\":\"ListItem\",\"position\":4,\"name\":\"Conseils accessoires\",\"item\":\"https:\/\/www.diroy.com\/en\/bedding-experience\/belle-literie-tips\/conseils-accessoires\/\"},{\"@type\":\"ListItem\",\"position\":5,\"name\":\"Associer oreiller et traversin\"}]},{\"@type\":\"WebSite\",\"@id\":\"https:\/\/www.diroy.com\/en\/#website\",\"url\":\"https:\/\/www.diroy.com\/en\/\",\"name\":\"Diroy\",\"description\":\"\",\"potentialAction\":[{\"@type\":\"SearchAction\",\"target\":{\"@type\":\"EntryPoint\",\"urlTemplate\":\"https:\/\/www.diroy.com\/en\/?s={search_term_string}\"},\"query-input\":{\"@type\":\"PropertyValueSpecification\",\"valueRequired\":true,\"valueName\":\"search_term_string\"}}],\"inLanguage\":\"en-US\"}]}<\/script>\n<!-- \/ Yoast SEO plugin. -->","yoast_head_json":{"title":"Bien associer oreiller et traversin","description":"D\u00e9couvrez comment bien associer oreiller et traversin pour un confort optimal et des nuits r\u00e9paratrices. Conseils pratiques Diroy.","robots":{"index":"index","follow":"follow","max-snippet":"max-snippet:-1","max-image-preview":"max-image-preview:large","max-video-preview":"max-video-preview:-1"},"canonical":"https:\/\/www.diroy.com\/en\/bedding-experience\/belle-literie-tips\/conseils-accessoires\/associer-oreiller-et-traversin\/","og_locale":"en_US","og_type":"article","og_title":"Bien associer oreiller et traversin","og_description":"D\u00e9couvrez comment bien associer oreiller et traversin pour un confort optimal et des nuits r\u00e9paratrices. Conseils pratiques Diroy.","og_url":"https:\/\/www.diroy.com\/en\/bedding-experience\/belle-literie-tips\/conseils-accessoires\/associer-oreiller-et-traversin\/","og_site_name":"Diroy","article_modified_time":"2019-12-05T13:29:57+00:00","og_image":[{"width":1000,"height":537,"url":"https:\/\/www.diroy.com\/wp-content\/uploads\/2019\/09\/associer-oreiller.jpg","type":"image\/jpeg"}],"twitter_card":"summary_large_image","twitter_misc":{"Est. reading time":"1 minute"},"schema":{"@context":"https:\/\/schema.org","@graph":[{"@type":"WebPage","@id":"https:\/\/www.diroy.com\/en\/bedding-experience\/belle-literie-tips\/conseils-accessoires\/associer-oreiller-et-traversin\/","url":"https:\/\/www.diroy.com\/en\/bedding-experience\/belle-literie-tips\/conseils-accessoires\/associer-oreiller-et-traversin\/","name":"Bien associer oreiller et traversin","isPartOf":{"@id":"https:\/\/www.diroy.com\/en\/#website"},"primaryImageOfPage":{"@id":"https:\/\/www.diroy.com\/en\/bedding-experience\/belle-literie-tips\/conseils-accessoires\/associer-oreiller-et-traversin\/#primaryimage"},"image":{"@id":"https:\/\/www.diroy.com\/en\/bedding-experience\/belle-literie-tips\/conseils-accessoires\/associer-oreiller-et-traversin\/#primaryimage"},"thumbnailUrl":"https:\/\/www.diroy.com\/wp-content\/uploads\/2019\/09\/associer-oreiller.jpg","datePublished":"2019-09-25T15:32:32+00:00","dateModified":"2019-12-05T13:29:57+00:00","description":"D\u00e9couvrez comment bien associer oreiller et traversin pour un confort optimal et des nuits r\u00e9paratrices. Conseils pratiques Diroy.","breadcrumb":{"@id":"https:\/\/www.diroy.com\/en\/bedding-experience\/belle-literie-tips\/conseils-accessoires\/associer-oreiller-et-traversin\/#breadcrumb"},"inLanguage":"en-US","potentialAction":[{"@type":"ReadAction","target":["https:\/\/www.diroy.com\/en\/bedding-experience\/belle-literie-tips\/conseils-accessoires\/associer-oreiller-et-traversin\/"]}]},{"@type":"ImageObject","inLanguage":"en-US","@id":"https:\/\/www.diroy.com\/en\/bedding-experience\/belle-literie-tips\/conseils-accessoires\/associer-oreiller-et-traversin\/#primaryimage","url":"https:\/\/www.diroy.com\/wp-content\/uploads\/2019\/09\/associer-oreiller.jpg","contentUrl":"https:\/\/www.diroy.com\/wp-content\/uploads\/2019\/09\/associer-oreiller.jpg","width":1000,"height":537},{"@type":"BreadcrumbList","@id":"https:\/\/www.diroy.com\/en\/bedding-experience\/belle-literie-tips\/conseils-accessoires\/associer-oreiller-et-traversin\/#breadcrumb","itemListElement":[{"@type":"ListItem","position":1,"name":"Accueil","item":"https:\/\/www.diroy.com\/en\/"},{"@type":"ListItem","position":2,"name":"Bedding experience","item":"https:\/\/www.diroy.com\/en\/bedding-experience\/"},{"@type":"ListItem","position":3,"name":"Belle Literie Tips","item":"https:\/\/www.diroy.com\/en\/bedding-experience\/belle-literie-tips\/"},{"@type":"ListItem","position":4,"name":"Conseils accessoires","item":"https:\/\/www.diroy.com\/en\/bedding-experience\/belle-literie-tips\/conseils-accessoires\/"},{"@type":"ListItem","position":5,"name":"Associer oreiller et traversin"}]},{"@type":"WebSite","@id":"https:\/\/www.diroy.com\/en\/#website","url":"https:\/\/www.diroy.com\/en\/","name":"Diroy","description":"","potentialAction":[{"@type":"SearchAction","target":{"@type":"EntryPoint","urlTemplate":"https:\/\/www.diroy.com\/en\/?s={search_term_string}"},"query-input":{"@type":"PropertyValueSpecification","valueRequired":true,"valueName":"search_term_string"}}],"inLanguage":"en-US"}]}},"_links":{"self":[{"href":"https:\/\/www.diroy.com\/en\/wp-json\/wp\/v2\/pages\/7361"}],"collection":[{"href":"https:\/\/www.diroy.com\/en\/wp-json\/wp\/v2\/pages"}],"about":[{"href":"https:\/\/www.diroy.com\/en\/wp-json\/wp\/v2\/types\/page"}],"author":[{"embeddable":true,"href":"https:\/\/www.diroy.com\/en\/wp-json\/wp\/v2\/users\/1"}],"replies":[{"embeddable":true,"href":"https:\/\/www.diroy.com\/en\/wp-json\/wp\/v2\/comments?post=7361"}],"version-history":[{"count":0,"href":"https:\/\/www.diroy.com\/en\/wp-json\/wp\/v2\/pages\/7361\/revisions"}],"up":[{"embeddable":true,"href":"https:\/\/www.diroy.com\/en\/wp-json\/wp\/v2\/pages\/7360"}],"wp:featuredmedia":[{"embeddable":true,"href":"https:\/\/www.diroy.com\/en\/wp-json\/wp\/v2\/media\/6066"}],"wp:attachment":[{"href":"https:\/\/www.diroy.com\/en\/wp-json\/wp\/v2\/media?parent=7361"}],"curies":[{"name":"wp","href":"https:\/\/api.w.org\/{rel}","templated":true}]}}