{"id":7358,"date":"2019-09-25T17:02:01","date_gmt":"2019-09-25T15:02:01","guid":{"rendered":"http:\/\/wp-diroy.localhost\/experience-literie\/conseils-belle-literie\/aide-au-choix-produits-diroy\/innovation-environnement\/"},"modified":"2019-12-05T14:30:01","modified_gmt":"2019-12-05T13:30:01","slug":"innovation-environnement","status":"publish","type":"page","link":"https:\/\/www.diroy.com\/en\/bedding-experience\/belle-literie-tips\/aide-au-choix-produits-diroy\/innovation-environnement\/","title":{"rendered":"Innovation &#038; environnement"},"content":{"rendered":"\n<p><strong>Qualit\u00e9 verte &amp; renouvelable<\/strong><\/p>\n\n\n\n<p>Les  mousses visco\u00e9lastiques Diroy (\u00e0\u00a0m\u00e9moire de forme), d&#8217;origines  renouvelables \u00e0 base d&#8217;huile de soja, sont certifi\u00e9es pour leur respect  de l&#8217;environnement ainsi que du dormeur. Tissus et mati\u00e8res utilis\u00e9es  sont en effet certifi\u00e9s Oeko-Tex ce qui garanti\u00a0au consommateur des  mati\u00e8res exemptes de toute substance nocive et attestant d&#8217;une  utilisation en toute s\u00e9curit\u00e9 pour des enfants de moins de 3 ans. Le  coutil \u00e0 base de fibre de bambou naturellement anti-bact\u00e9rien et aux  propri\u00e9t\u00e9s d\u00e9odorantes est de m\u00eame exempt de tout engrais chimiques ou  autres pesticides. <\/p>\n","protected":false},"excerpt":{"rendered":"<p>Qualit\u00e9 verte &amp; renouvelable Les mousses visco\u00e9lastiques Diroy (\u00e0\u00a0m\u00e9moire de forme), d&#8217;origines renouvelables \u00e0 base [&hellip;]<\/p>\n","protected":false},"author":1,"featured_media":6092,"parent":7438,"menu_order":0,"comment_status":"closed","ping_status":"closed","template":"","meta":{"_acf_changed":false,"footnotes":""},"class_list":["post-7358","page","type-page","status-publish","has-post-thumbnail","hentry"],"acf":[],"yoast_head":"<!-- This site is optimized with the Yoast SEO plugin v23.4 - https:\/\/yoast.com\/wordpress\/plugins\/seo\/ -->\n<title>Innovation et engagement environnemental \u2013 Diroy<\/title>\n<meta name=\"description\" content=\"D\u00e9couvrez les engagements Diroy en mati\u00e8re d\u2019innovation et de respect de l\u2019environnement.\" \/>\n<meta name=\"robots\" content=\"index, follow, max-snippet:-1, max-image-preview:large, max-video-preview:-1\" \/>\n<link rel=\"canonical\" href=\"https:\/\/www.diroy.com\/en\/bedding-experience\/belle-literie-tips\/aide-au-choix-produits-diroy\/innovation-environnement\/\" \/>\n<meta property=\"og:locale\" content=\"en_US\" \/>\n<meta property=\"og:type\" content=\"article\" \/>\n<meta property=\"og:title\" content=\"Innovation et engagement environnemental \u2013 Diroy\" \/>\n<meta property=\"og:description\" content=\"D\u00e9couvrez les engagements Diroy en mati\u00e8re d\u2019innovation et de respect de l\u2019environnement.\" \/>\n<meta property=\"og:url\" content=\"https:\/\/www.diroy.com\/en\/bedding-experience\/belle-literie-tips\/aide-au-choix-produits-diroy\/innovation-environnement\/\" \/>\n<meta property=\"og:site_name\" content=\"Diroy\" \/>\n<meta property=\"article:modified_time\" content=\"2019-12-05T13:30:01+00:00\" \/>\n<meta property=\"og:image\" content=\"https:\/\/diroy.com\/wp-content\/uploads\/2019\/09\/innovation.jpg\" \/>\n\t<meta property=\"og:image:width\" content=\"1000\" \/>\n\t<meta property=\"og:image:height\" content=\"537\" \/>\n\t<meta property=\"og:image:type\" content=\"image\/jpeg\" \/>\n<meta name=\"twitter:card\" content=\"summary_large_image\" \/>\n<meta name=\"twitter:label1\" content=\"Est. reading time\" \/>\n\t<meta name=\"twitter:data1\" content=\"1 minute\" \/>\n<script type=\"application\/ld+json\" class=\"yoast-schema-graph\">{\"@context\":\"https:\/\/schema.org\",\"@graph\":[{\"@type\":\"WebPage\",\"@id\":\"https:\/\/www.diroy.com\/en\/bedding-experience\/belle-literie-tips\/aide-au-choix-produits-diroy\/innovation-environnement\/\",\"url\":\"https:\/\/www.diroy.com\/en\/bedding-experience\/belle-literie-tips\/aide-au-choix-produits-diroy\/innovation-environnement\/\",\"name\":\"Innovation et engagement environnemental \u2013 Diroy\",\"isPartOf\":{\"@id\":\"https:\/\/diroy.com\/en\/#website\"},\"primaryImageOfPage\":{\"@id\":\"https:\/\/www.diroy.com\/en\/bedding-experience\/belle-literie-tips\/aide-au-choix-produits-diroy\/innovation-environnement\/#primaryimage\"},\"image\":{\"@id\":\"https:\/\/www.diroy.com\/en\/bedding-experience\/belle-literie-tips\/aide-au-choix-produits-diroy\/innovation-environnement\/#primaryimage\"},\"thumbnailUrl\":\"https:\/\/www.diroy.com\/wp-content\/uploads\/2019\/09\/innovation.jpg\",\"datePublished\":\"2019-09-25T15:02:01+00:00\",\"dateModified\":\"2019-12-05T13:30:01+00:00\",\"description\":\"D\u00e9couvrez les engagements Diroy en mati\u00e8re d\u2019innovation et de respect de l\u2019environnement.\",\"breadcrumb\":{\"@id\":\"https:\/\/www.diroy.com\/en\/bedding-experience\/belle-literie-tips\/aide-au-choix-produits-diroy\/innovation-environnement\/#breadcrumb\"},\"inLanguage\":\"en-US\",\"potentialAction\":[{\"@type\":\"ReadAction\",\"target\":[\"https:\/\/www.diroy.com\/en\/bedding-experience\/belle-literie-tips\/aide-au-choix-produits-diroy\/innovation-environnement\/\"]}]},{\"@type\":\"ImageObject\",\"inLanguage\":\"en-US\",\"@id\":\"https:\/\/www.diroy.com\/en\/bedding-experience\/belle-literie-tips\/aide-au-choix-produits-diroy\/innovation-environnement\/#primaryimage\",\"url\":\"https:\/\/www.diroy.com\/wp-content\/uploads\/2019\/09\/innovation.jpg\",\"contentUrl\":\"https:\/\/www.diroy.com\/wp-content\/uploads\/2019\/09\/innovation.jpg\",\"width\":1000,\"height\":537},{\"@type\":\"BreadcrumbList\",\"@id\":\"https:\/\/www.diroy.com\/en\/bedding-experience\/belle-literie-tips\/aide-au-choix-produits-diroy\/innovation-environnement\/#breadcrumb\",\"itemListElement\":[{\"@type\":\"ListItem\",\"position\":1,\"name\":\"Accueil\",\"item\":\"https:\/\/diroy.com\/en\/\"},{\"@type\":\"ListItem\",\"position\":2,\"name\":\"Bedding experience\",\"item\":\"https:\/\/diroy.com\/en\/bedding-experience\/\"},{\"@type\":\"ListItem\",\"position\":3,\"name\":\"Belle Literie Tips\",\"item\":\"https:\/\/diroy.com\/en\/bedding-experience\/belle-literie-tips\/\"},{\"@type\":\"ListItem\",\"position\":4,\"name\":\"Aide au choix produits diroy\",\"item\":\"https:\/\/diroy.com\/en\/bedding-experience\/belle-literie-tips\/aide-au-choix-produits-diroy\/\"},{\"@type\":\"ListItem\",\"position\":5,\"name\":\"Innovation &#038; environnement\"}]},{\"@type\":\"WebSite\",\"@id\":\"https:\/\/diroy.com\/en\/#website\",\"url\":\"https:\/\/diroy.com\/en\/\",\"name\":\"Diroy\",\"description\":\"\",\"potentialAction\":[{\"@type\":\"SearchAction\",\"target\":{\"@type\":\"EntryPoint\",\"urlTemplate\":\"https:\/\/diroy.com\/en\/?s={search_term_string}\"},\"query-input\":{\"@type\":\"PropertyValueSpecification\",\"valueRequired\":true,\"valueName\":\"search_term_string\"}}],\"inLanguage\":\"en-US\"}]}<\/script>\n<!-- \/ Yoast SEO plugin. -->","yoast_head_json":{"title":"Innovation et engagement environnemental \u2013 Diroy","description":"D\u00e9couvrez les engagements Diroy en mati\u00e8re d\u2019innovation et de respect de l\u2019environnement.","robots":{"index":"index","follow":"follow","max-snippet":"max-snippet:-1","max-image-preview":"max-image-preview:large","max-video-preview":"max-video-preview:-1"},"canonical":"https:\/\/www.diroy.com\/en\/bedding-experience\/belle-literie-tips\/aide-au-choix-produits-diroy\/innovation-environnement\/","og_locale":"en_US","og_type":"article","og_title":"Innovation et engagement environnemental \u2013 Diroy","og_description":"D\u00e9couvrez les engagements Diroy en mati\u00e8re d\u2019innovation et de respect de l\u2019environnement.","og_url":"https:\/\/www.diroy.com\/en\/bedding-experience\/belle-literie-tips\/aide-au-choix-produits-diroy\/innovation-environnement\/","og_site_name":"Diroy","article_modified_time":"2019-12-05T13:30:01+00:00","og_image":[{"width":1000,"height":537,"url":"https:\/\/diroy.com\/wp-content\/uploads\/2019\/09\/innovation.jpg","type":"image\/jpeg"}],"twitter_card":"summary_large_image","twitter_misc":{"Est. reading time":"1 minute"},"schema":{"@context":"https:\/\/schema.org","@graph":[{"@type":"WebPage","@id":"https:\/\/www.diroy.com\/en\/bedding-experience\/belle-literie-tips\/aide-au-choix-produits-diroy\/innovation-environnement\/","url":"https:\/\/www.diroy.com\/en\/bedding-experience\/belle-literie-tips\/aide-au-choix-produits-diroy\/innovation-environnement\/","name":"Innovation et engagement environnemental \u2013 Diroy","isPartOf":{"@id":"https:\/\/diroy.com\/en\/#website"},"primaryImageOfPage":{"@id":"https:\/\/www.diroy.com\/en\/bedding-experience\/belle-literie-tips\/aide-au-choix-produits-diroy\/innovation-environnement\/#primaryimage"},"image":{"@id":"https:\/\/www.diroy.com\/en\/bedding-experience\/belle-literie-tips\/aide-au-choix-produits-diroy\/innovation-environnement\/#primaryimage"},"thumbnailUrl":"https:\/\/www.diroy.com\/wp-content\/uploads\/2019\/09\/innovation.jpg","datePublished":"2019-09-25T15:02:01+00:00","dateModified":"2019-12-05T13:30:01+00:00","description":"D\u00e9couvrez les engagements Diroy en mati\u00e8re d\u2019innovation et de respect de l\u2019environnement.","breadcrumb":{"@id":"https:\/\/www.diroy.com\/en\/bedding-experience\/belle-literie-tips\/aide-au-choix-produits-diroy\/innovation-environnement\/#breadcrumb"},"inLanguage":"en-US","potentialAction":[{"@type":"ReadAction","target":["https:\/\/www.diroy.com\/en\/bedding-experience\/belle-literie-tips\/aide-au-choix-produits-diroy\/innovation-environnement\/"]}]},{"@type":"ImageObject","inLanguage":"en-US","@id":"https:\/\/www.diroy.com\/en\/bedding-experience\/belle-literie-tips\/aide-au-choix-produits-diroy\/innovation-environnement\/#primaryimage","url":"https:\/\/www.diroy.com\/wp-content\/uploads\/2019\/09\/innovation.jpg","contentUrl":"https:\/\/www.diroy.com\/wp-content\/uploads\/2019\/09\/innovation.jpg","width":1000,"height":537},{"@type":"BreadcrumbList","@id":"https:\/\/www.diroy.com\/en\/bedding-experience\/belle-literie-tips\/aide-au-choix-produits-diroy\/innovation-environnement\/#breadcrumb","itemListElement":[{"@type":"ListItem","position":1,"name":"Accueil","item":"https:\/\/diroy.com\/en\/"},{"@type":"ListItem","position":2,"name":"Bedding experience","item":"https:\/\/diroy.com\/en\/bedding-experience\/"},{"@type":"ListItem","position":3,"name":"Belle Literie Tips","item":"https:\/\/diroy.com\/en\/bedding-experience\/belle-literie-tips\/"},{"@type":"ListItem","position":4,"name":"Aide au choix produits diroy","item":"https:\/\/diroy.com\/en\/bedding-experience\/belle-literie-tips\/aide-au-choix-produits-diroy\/"},{"@type":"ListItem","position":5,"name":"Innovation &#038; environnement"}]},{"@type":"WebSite","@id":"https:\/\/diroy.com\/en\/#website","url":"https:\/\/diroy.com\/en\/","name":"Diroy","description":"","potentialAction":[{"@type":"SearchAction","target":{"@type":"EntryPoint","urlTemplate":"https:\/\/diroy.com\/en\/?s={search_term_string}"},"query-input":{"@type":"PropertyValueSpecification","valueRequired":true,"valueName":"search_term_string"}}],"inLanguage":"en-US"}]}},"_links":{"self":[{"href":"https:\/\/www.diroy.com\/en\/wp-json\/wp\/v2\/pages\/7358"}],"collection":[{"href":"https:\/\/www.diroy.com\/en\/wp-json\/wp\/v2\/pages"}],"about":[{"href":"https:\/\/www.diroy.com\/en\/wp-json\/wp\/v2\/types\/page"}],"author":[{"embeddable":true,"href":"https:\/\/www.diroy.com\/en\/wp-json\/wp\/v2\/users\/1"}],"replies":[{"embeddable":true,"href":"https:\/\/www.diroy.com\/en\/wp-json\/wp\/v2\/comments?post=7358"}],"version-history":[{"count":0,"href":"https:\/\/www.diroy.com\/en\/wp-json\/wp\/v2\/pages\/7358\/revisions"}],"up":[{"embeddable":true,"href":"https:\/\/www.diroy.com\/en\/wp-json\/wp\/v2\/pages\/7438"}],"wp:featuredmedia":[{"embeddable":true,"href":"https:\/\/www.diroy.com\/en\/wp-json\/wp\/v2\/media\/6092"}],"wp:attachment":[{"href":"https:\/\/www.diroy.com\/en\/wp-json\/wp\/v2\/media?parent=7358"}],"curies":[{"name":"wp","href":"https:\/\/api.w.org\/{rel}","templated":true}]}}