{"id":7353,"date":"2019-09-16T17:37:37","date_gmt":"2019-09-16T15:37:37","guid":{"rendered":"http:\/\/wp-diroy.localhost\/experience-literie\/conseils-belle-literie\/"},"modified":"2019-12-12T12:00:07","modified_gmt":"2019-12-12T11:00:07","slug":"belle-literie-tips","status":"publish","type":"page","link":"https:\/\/www.diroy.com\/en\/bedding-experience\/belle-literie-tips\/","title":{"rendered":"Belle Literie Tips"},"content":{"rendered":"\n<p class=\"has-text-align-center\">Pour favoriser votre sommeil, Diroy et Belle Literie vous accompagnent et vous proposent leurs conseils et astuces.<br>\nCr\u00e9ez chez vous, un environnement id\u00e9al, pour des nuits longues, de qualit\u00e9 et r\u00e9paratrices.<\/p>\n","protected":false},"excerpt":{"rendered":"<p>Pour favoriser votre sommeil, Diroy et Belle Literie vous accompagnent et vous proposent leurs conseils [&hellip;]<\/p>\n","protected":false},"author":1,"featured_media":6076,"parent":7266,"menu_order":0,"comment_status":"closed","ping_status":"closed","template":"conseils-literie.php","meta":{"_acf_changed":false,"footnotes":""},"class_list":["post-7353","page","type-page","status-publish","has-post-thumbnail","hentry"],"acf":[],"yoast_head":"<!-- This site is optimized with the Yoast SEO plugin v23.4 - https:\/\/yoast.com\/wordpress\/plugins\/seo\/ -->\n<title>Conseils Belle Literie \u2013 Diroy<\/title>\n<meta name=\"description\" content=\"Retrouvez tous nos conseils Belle Literie pour choisir, entretenir et profiter pleinement de votre literie Diroy.\" \/>\n<meta name=\"robots\" content=\"index, follow, max-snippet:-1, max-image-preview:large, max-video-preview:-1\" \/>\n<link rel=\"canonical\" href=\"https:\/\/www.diroy.com\/en\/bedding-experience\/belle-literie-tips\/\" \/>\n<meta property=\"og:locale\" content=\"en_US\" \/>\n<meta property=\"og:type\" content=\"article\" \/>\n<meta property=\"og:title\" content=\"Conseils Belle Literie \u2013 Diroy\" \/>\n<meta property=\"og:description\" content=\"Retrouvez tous nos conseils Belle Literie pour choisir, entretenir et profiter pleinement de votre literie Diroy.\" \/>\n<meta property=\"og:url\" content=\"https:\/\/www.diroy.com\/en\/bedding-experience\/belle-literie-tips\/\" \/>\n<meta property=\"og:site_name\" content=\"Diroy\" \/>\n<meta property=\"article:modified_time\" content=\"2019-12-12T11:00:07+00:00\" \/>\n<meta property=\"og:image\" content=\"https:\/\/diroy.com\/wp-content\/uploads\/2019\/09\/conseils-literie-hd.jpg\" \/>\n\t<meta property=\"og:image:width\" content=\"3160\" \/>\n\t<meta property=\"og:image:height\" content=\"1406\" \/>\n\t<meta property=\"og:image:type\" content=\"image\/jpeg\" \/>\n<meta name=\"twitter:card\" content=\"summary_large_image\" \/>\n<script type=\"application\/ld+json\" class=\"yoast-schema-graph\">{\"@context\":\"https:\/\/schema.org\",\"@graph\":[{\"@type\":\"WebPage\",\"@id\":\"https:\/\/www.diroy.com\/en\/bedding-experience\/belle-literie-tips\/\",\"url\":\"https:\/\/www.diroy.com\/en\/bedding-experience\/belle-literie-tips\/\",\"name\":\"Conseils Belle Literie \u2013 Diroy\",\"isPartOf\":{\"@id\":\"https:\/\/www.diroy.com\/en\/#website\"},\"primaryImageOfPage\":{\"@id\":\"https:\/\/www.diroy.com\/en\/bedding-experience\/belle-literie-tips\/#primaryimage\"},\"image\":{\"@id\":\"https:\/\/www.diroy.com\/en\/bedding-experience\/belle-literie-tips\/#primaryimage\"},\"thumbnailUrl\":\"https:\/\/www.diroy.com\/wp-content\/uploads\/2019\/09\/conseils-literie-hd.jpg\",\"datePublished\":\"2019-09-16T15:37:37+00:00\",\"dateModified\":\"2019-12-12T11:00:07+00:00\",\"description\":\"Retrouvez tous nos conseils Belle Literie pour choisir, entretenir et profiter pleinement de votre literie Diroy.\",\"breadcrumb\":{\"@id\":\"https:\/\/www.diroy.com\/en\/bedding-experience\/belle-literie-tips\/#breadcrumb\"},\"inLanguage\":\"en-US\",\"potentialAction\":[{\"@type\":\"ReadAction\",\"target\":[\"https:\/\/www.diroy.com\/en\/bedding-experience\/belle-literie-tips\/\"]}]},{\"@type\":\"ImageObject\",\"inLanguage\":\"en-US\",\"@id\":\"https:\/\/www.diroy.com\/en\/bedding-experience\/belle-literie-tips\/#primaryimage\",\"url\":\"https:\/\/www.diroy.com\/wp-content\/uploads\/2019\/09\/conseils-literie-hd.jpg\",\"contentUrl\":\"https:\/\/www.diroy.com\/wp-content\/uploads\/2019\/09\/conseils-literie-hd.jpg\",\"width\":3160,\"height\":1406,\"caption\":\"Photo d'une femme dans de la literie blanche\"},{\"@type\":\"BreadcrumbList\",\"@id\":\"https:\/\/www.diroy.com\/en\/bedding-experience\/belle-literie-tips\/#breadcrumb\",\"itemListElement\":[{\"@type\":\"ListItem\",\"position\":1,\"name\":\"Accueil\",\"item\":\"https:\/\/diroy.com\/en\/\"},{\"@type\":\"ListItem\",\"position\":2,\"name\":\"Bedding experience\",\"item\":\"https:\/\/diroy.com\/en\/bedding-experience\/\"},{\"@type\":\"ListItem\",\"position\":3,\"name\":\"Belle Literie Tips\"}]},{\"@type\":\"WebSite\",\"@id\":\"https:\/\/www.diroy.com\/en\/#website\",\"url\":\"https:\/\/www.diroy.com\/en\/\",\"name\":\"Diroy\",\"description\":\"\",\"potentialAction\":[{\"@type\":\"SearchAction\",\"target\":{\"@type\":\"EntryPoint\",\"urlTemplate\":\"https:\/\/www.diroy.com\/en\/?s={search_term_string}\"},\"query-input\":{\"@type\":\"PropertyValueSpecification\",\"valueRequired\":true,\"valueName\":\"search_term_string\"}}],\"inLanguage\":\"en-US\"}]}<\/script>\n<!-- \/ Yoast SEO plugin. -->","yoast_head_json":{"title":"Conseils Belle Literie \u2013 Diroy","description":"Retrouvez tous nos conseils Belle Literie pour choisir, entretenir et profiter pleinement de votre literie Diroy.","robots":{"index":"index","follow":"follow","max-snippet":"max-snippet:-1","max-image-preview":"max-image-preview:large","max-video-preview":"max-video-preview:-1"},"canonical":"https:\/\/www.diroy.com\/en\/bedding-experience\/belle-literie-tips\/","og_locale":"en_US","og_type":"article","og_title":"Conseils Belle Literie \u2013 Diroy","og_description":"Retrouvez tous nos conseils Belle Literie pour choisir, entretenir et profiter pleinement de votre literie Diroy.","og_url":"https:\/\/www.diroy.com\/en\/bedding-experience\/belle-literie-tips\/","og_site_name":"Diroy","article_modified_time":"2019-12-12T11:00:07+00:00","og_image":[{"width":3160,"height":1406,"url":"https:\/\/diroy.com\/wp-content\/uploads\/2019\/09\/conseils-literie-hd.jpg","type":"image\/jpeg"}],"twitter_card":"summary_large_image","schema":{"@context":"https:\/\/schema.org","@graph":[{"@type":"WebPage","@id":"https:\/\/www.diroy.com\/en\/bedding-experience\/belle-literie-tips\/","url":"https:\/\/www.diroy.com\/en\/bedding-experience\/belle-literie-tips\/","name":"Conseils Belle Literie \u2013 Diroy","isPartOf":{"@id":"https:\/\/www.diroy.com\/en\/#website"},"primaryImageOfPage":{"@id":"https:\/\/www.diroy.com\/en\/bedding-experience\/belle-literie-tips\/#primaryimage"},"image":{"@id":"https:\/\/www.diroy.com\/en\/bedding-experience\/belle-literie-tips\/#primaryimage"},"thumbnailUrl":"https:\/\/www.diroy.com\/wp-content\/uploads\/2019\/09\/conseils-literie-hd.jpg","datePublished":"2019-09-16T15:37:37+00:00","dateModified":"2019-12-12T11:00:07+00:00","description":"Retrouvez tous nos conseils Belle Literie pour choisir, entretenir et profiter pleinement de votre literie Diroy.","breadcrumb":{"@id":"https:\/\/www.diroy.com\/en\/bedding-experience\/belle-literie-tips\/#breadcrumb"},"inLanguage":"en-US","potentialAction":[{"@type":"ReadAction","target":["https:\/\/www.diroy.com\/en\/bedding-experience\/belle-literie-tips\/"]}]},{"@type":"ImageObject","inLanguage":"en-US","@id":"https:\/\/www.diroy.com\/en\/bedding-experience\/belle-literie-tips\/#primaryimage","url":"https:\/\/www.diroy.com\/wp-content\/uploads\/2019\/09\/conseils-literie-hd.jpg","contentUrl":"https:\/\/www.diroy.com\/wp-content\/uploads\/2019\/09\/conseils-literie-hd.jpg","width":3160,"height":1406,"caption":"Photo d'une femme dans de la literie blanche"},{"@type":"BreadcrumbList","@id":"https:\/\/www.diroy.com\/en\/bedding-experience\/belle-literie-tips\/#breadcrumb","itemListElement":[{"@type":"ListItem","position":1,"name":"Accueil","item":"https:\/\/diroy.com\/en\/"},{"@type":"ListItem","position":2,"name":"Bedding experience","item":"https:\/\/diroy.com\/en\/bedding-experience\/"},{"@type":"ListItem","position":3,"name":"Belle Literie Tips"}]},{"@type":"WebSite","@id":"https:\/\/www.diroy.com\/en\/#website","url":"https:\/\/www.diroy.com\/en\/","name":"Diroy","description":"","potentialAction":[{"@type":"SearchAction","target":{"@type":"EntryPoint","urlTemplate":"https:\/\/www.diroy.com\/en\/?s={search_term_string}"},"query-input":{"@type":"PropertyValueSpecification","valueRequired":true,"valueName":"search_term_string"}}],"inLanguage":"en-US"}]}},"_links":{"self":[{"href":"https:\/\/www.diroy.com\/en\/wp-json\/wp\/v2\/pages\/7353"}],"collection":[{"href":"https:\/\/www.diroy.com\/en\/wp-json\/wp\/v2\/pages"}],"about":[{"href":"https:\/\/www.diroy.com\/en\/wp-json\/wp\/v2\/types\/page"}],"author":[{"embeddable":true,"href":"https:\/\/www.diroy.com\/en\/wp-json\/wp\/v2\/users\/1"}],"replies":[{"embeddable":true,"href":"https:\/\/www.diroy.com\/en\/wp-json\/wp\/v2\/comments?post=7353"}],"version-history":[{"count":0,"href":"https:\/\/www.diroy.com\/en\/wp-json\/wp\/v2\/pages\/7353\/revisions"}],"up":[{"embeddable":true,"href":"https:\/\/www.diroy.com\/en\/wp-json\/wp\/v2\/pages\/7266"}],"wp:featuredmedia":[{"embeddable":true,"href":"https:\/\/www.diroy.com\/en\/wp-json\/wp\/v2\/media\/6076"}],"wp:attachment":[{"href":"https:\/\/www.diroy.com\/en\/wp-json\/wp\/v2\/media?parent=7353"}],"curies":[{"name":"wp","href":"https:\/\/api.w.org\/{rel}","templated":true}]}}