{"id":3,"date":"2019-07-16T10:15:31","date_gmt":"2019-07-16T08:15:31","guid":{"rendered":"https:\/\/www.diroy.com\/?page_id=3"},"modified":"2022-05-05T14:34:25","modified_gmt":"2022-05-05T12:34:25","slug":"politique-de-confidentialite","status":"publish","type":"page","link":"https:\/\/www.diroy.com\/en\/politique-de-confidentialite\/","title":{"rendered":"Politique de confidentialit\u00e9"},"content":{"rendered":"\n<p>La Soci\u00e9t\u00e9 Diroy, responsable de traitement au sens du R\u00e8glement G\u00e9n\u00e9ral sur la Protection des Donn\u00e9es n\u00b02016\/679 du 27 avril 2016 (RGPD) et de la Loi dite \u00ab Informatique et Libert\u00e9s \u00bb n\u00b078-17 du 6 janvier 1978, s\u2019engage \u00e0 respecter ses obligations en mati\u00e8re de protection des donn\u00e9es \u00e0 caract\u00e8re personnel.<br>Elle utilise vos donn\u00e9es de mani\u00e8re responsable, et confidentielle.<\/p>\n\n\n\n<h2>Article 1<br> Pr\u00e9ambule<\/h2>\n\n\n\n<p>Cette politique de confidentialit\u00e9 s&#8217;applique au site : diroy.com.<\/p>\n\n\n\n<p>La pr\u00e9sente politique de confidentialit\u00e9 a pour but d&#8217;exposer aux utilisateurs du site :<\/p>\n\n\n\n<ul class=\"wp-block-list\"><li>La mani\u00e8re dont sont collect\u00e9es et trait\u00e9es leurs donn\u00e9es \u00e0 caract\u00e8re personnel. Doivent \u00eatre consid\u00e9r\u00e9es comme donn\u00e9es personnelles toutes les donn\u00e9es \u00e9tant susceptibles d&#8217;identifier un utilisateur. Il s&#8217;agit notamment du pr\u00e9nom et du nom, de l&#8217;\u00e2ge, de l&#8217;adresse postale, l&#8217;adresse mail, la localisation de l&#8217;utilisateur ou encore son adresse IP ;<\/li><li>Quels sont les droits des utilisateurs concernant ces donn\u00e9es ;<\/li><li>Qui est responsable du traitement des donn\u00e9es \u00e0 caract\u00e8re personnel collect\u00e9es et trait\u00e9es ;<\/li><li>A qui ces donn\u00e9es sont transmises ;<\/li><li>\u00c9ventuellement, la politique du site en mati\u00e8re de fichiers &#8220;cookies&#8221;.<\/li><\/ul>\n\n\n\n<p>Cette politique de confidentialit\u00e9 compl\u00e8te les mentions l\u00e9gales et les Conditions G\u00e9n\u00e9rales d&#8217;Utilisation que les utilisateurs peuvent consulter \u00e0 l&#8217;adresse ci-apr\u00e8s :<\/p>\n\n\n\n<p><a href=\"https:\/\/www.diroy.com\/politique-de-confidentialite\/\">https:\/\/www.diroy.com\/politique-de-confidentialite\/<\/a><\/p>\n\n\n\n<h2 class=\"wp-block-heading\">Article 2<br>Principes g\u00e9n\u00e9raux en mati\u00e8re de collecte et de traitement de donn\u00e9es<\/h2>\n\n\n\n<p>Conform\u00e9ment aux dispositions de l&#8217;article 5 du R\u00e8glement europ\u00e9en 2016\/679, la collecte et le traitement des donn\u00e9es des utilisateurs du site respectent les principes suivants :<\/p>\n\n\n\n<ul class=\"wp-block-list\"><li>Lic\u00e9it\u00e9, loyaut\u00e9 et transparence : les donn\u00e9es ne peuvent \u00eatre collect\u00e9es et trait\u00e9es qu&#8217;avec le consentement de l&#8217;utilisateur propri\u00e9taire des donn\u00e9es. A chaque fois que des donn\u00e9es \u00e0 caract\u00e8re personnel seront collect\u00e9es, il sera indiqu\u00e9 \u00e0 l&#8217;utilisateur que ses donn\u00e9es sont collect\u00e9es, et pour quelles raisons ses donn\u00e9es sont collect\u00e9es ;<\/li><li> Finalit\u00e9s limit\u00e9es : la collecte et le traitement des donn\u00e9es sont ex\u00e9cut\u00e9s pour r\u00e9pondre \u00e0 un ou plusieurs objectifs d\u00e9termin\u00e9s dans les pr\u00e9sentes conditions g\u00e9n\u00e9rales d&#8217;utilisation ;<\/li><li> Minimisation de la collecte et du traitement des donn\u00e9es : seules les donn\u00e9es n\u00e9cessaires \u00e0 la bonne ex\u00e9cution des objectifs poursuivis par le site sont collect\u00e9es ;<\/li><li>Conservation des donn\u00e9es r\u00e9duites dans le temps : les donn\u00e9es sont conserv\u00e9es pour une dur\u00e9e limit\u00e9e, dont l&#8217;utilisateur est inform\u00e9. Lorsque cette information ne peut pas \u00eatre communiqu\u00e9e, l&#8217;utilisateur est inform\u00e9 des crit\u00e8res utilis\u00e9s pour d\u00e9terminer la dur\u00e9e de conservation ;<\/li><li>Int\u00e9grit\u00e9 et confidentialit\u00e9 des donn\u00e9es collect\u00e9es et trait\u00e9es : le responsable du traitement des donn\u00e9es s&#8217;engage \u00e0 garantir l&#8217;int\u00e9grit\u00e9 et la confidentialit\u00e9 des donn\u00e9es collect\u00e9es.<\/li><\/ul>\n\n\n\n<p>Afin d&#8217;\u00eatre licites, et ce conform\u00e9ment aux exigences de l&#8217;article 6 du r\u00e8glement europ\u00e9en 2016\/679, la collecte et le traitement des donn\u00e9es \u00e0 caract\u00e8re personnel ne pourront intervenir que s&#8217;ils respectent au moins l&#8217;une des conditions ci-apr\u00e8s \u00e9num\u00e9r\u00e9es :<\/p>\n\n\n\n<ul class=\"wp-block-list\"><li>L&#8217;utilisateur a express\u00e9ment consenti au traitement ;<\/li><li>Le traitement est n\u00e9cessaire \u00e0 la bonne ex\u00e9cution d&#8217;un contrat ;<\/li><li>Le traitement r\u00e9pond \u00e0 une obligation l\u00e9gale ;<\/li><li>Le traitement s&#8217;explique par une n\u00e9cessit\u00e9 li\u00e9e \u00e0 la sauvegarde des int\u00e9r\u00eats vitaux de la personne concern\u00e9e ou d&#8217;une autre personne physique ;<\/li><li>Le traitement peut s&#8217;expliquer par une n\u00e9cessit\u00e9 li\u00e9e \u00e0 l&#8217;ex\u00e9cution d&#8217;une mission d&#8217;int\u00e9r\u00eat public ou qui rel\u00e8ve de l&#8217;exercice de l&#8217;autorit\u00e9 publique ;<\/li><li>Le traitement et la collecte des donn\u00e9es \u00e0 caract\u00e8re personnel sont n\u00e9cessaires aux fins des int\u00e9r\u00eats l\u00e9gitimes et priv\u00e9s poursuivis par le responsable du traitement ou par un tiers.<\/li><\/ul>\n\n\n\n<h2 class=\"wp-block-heading\">Article 3<br>Donn\u00e9es \u00e0 caract\u00e8re personnel collect\u00e9es et trait\u00e9es dans le cadre de la navigation sur le site<\/h2>\n\n\n\n<h3 class=\"wp-block-heading\">A. Donn\u00e9es collect\u00e9es et trait\u00e9es et mode de collecte<\/h3>\n\n\n\n<p>Les donn\u00e9es \u00e0 caract\u00e8re personnel collect\u00e9es sur le site Diroy sont les suivantes :<\/p>\n\n\n\n<ul class=\"wp-block-list\"><li>Nom, pr\u00e9nom<\/li><li>Adresse email <\/li><li>T\u00e9l\u00e9phone <\/li><\/ul>\n\n\n\n<p>Ces donn\u00e9es sont collect\u00e9es lorsque l&#8217;utilisateur effectue l&#8217;une des op\u00e9rations suivantes sur le site :<\/p>\n\n\n\n<ul class=\"wp-block-list\"><li> Demandes via les formulaires de contact <\/li><\/ul>\n\n\n\n<p>Le responsable du traitement conservera dans ses syst\u00e8mes informatiques du site et dans des conditions raisonnables de s\u00e9curit\u00e9 l&#8217;ensemble des donn\u00e9es collect\u00e9es pour une dur\u00e9e de : 3 ans.<\/p>\n\n\n\n<p>La collecte et le traitement des donn\u00e9es r\u00e9pondent aux finalit\u00e9s suivantes :<\/p>\n\n\n\n<ul class=\"wp-block-list\"><li>Traitement de la demande effectu\u00e9e via les formulaires de contact<\/li><\/ul>\n\n\n\n<h3 class=\"wp-block-heading\">B. Transmission des donn\u00e9es a des tiers<\/h3>\n\n\n\n<p>Les donn\u00e9es peuvent \u00eatre transmises au(x) tiers ci-apr\u00e8s \u00e9num\u00e9r\u00e9(s) :<\/p>\n\n\n\n<ul class=\"wp-block-list\"><li> Google LLC, \u00e0 des fins statistiques (sous r\u00e9serve d\u2019acceptation des cookies). Les adresses IPs envoy\u00e9es \u00e0 ce prestataire sont anonymis\u00e9es. <\/li><\/ul>\n\n\n\n<h3 class=\"wp-block-heading\">C. H\u00e9bergement des donn\u00e9es<\/h3>\n\n\n\n<p>Le site Diroy est h\u00e9berg\u00e9 par : Scaleway, dont le si\u00e8ge est situ\u00e9 \u00e0 l&#8217;adresse ci-apr\u00e8s :<\/p>\n\n\n\n<p>8 rue de la Ville l\u2019Ev\u00eaque<br>75008 Paris<\/p>\n\n\n\n<p>Les donn\u00e9es collect\u00e9es et trait\u00e9es par le site sont exclusivement h\u00e9berg\u00e9es et trait\u00e9es en France.<\/p>\n\n\n\n<h2>Article 4<br>Responsable du traitement des donn\u00e9es<\/h2>\n\n\n\n<h3>A. Le responsable du traitement des donn\u00e9es<\/h3>\n\n\n\n<p>Le responsable du traitement des donn\u00e9es \u00e0 caract\u00e8re personnel est :  Guillaume Joly. Il peut \u00eatre contact\u00e9 de la mani\u00e8re suivante :<\/p>\n\n\n\n<p><a href=\"mailto:info@diroy.com\">info@diroy.com<\/a><\/p>\n\n\n\n<p>Le responsable du traitement des donn\u00e9es est charg\u00e9 de d\u00e9terminer les finalit\u00e9s et les moyens mis au service du traitement des donn\u00e9es \u00e0 caract\u00e8re personnel.<\/p>\n\n\n\n<h3 class=\"wp-block-heading\">B. Obligations du responsable du traitement des donn\u00e9es<\/h3>\n\n\n\n<p>Le responsable du traitement s&#8217;engage \u00e0 prot\u00e9ger les donn\u00e9es \u00e0 caract\u00e8re personnel collect\u00e9es, \u00e0 ne pas les transmettre \u00e0 des tiers sans que l&#8217;utilisateur n&#8217;en ait \u00e9t\u00e9 inform\u00e9 et \u00e0 respecter les finalit\u00e9s pour lesquelles ces donn\u00e9es ont \u00e9t\u00e9 collect\u00e9es.<\/p>\n\n\n\n<p>De plus, le responsable du traitement des donn\u00e9es s&#8217;engage \u00e0 notifier l&#8217;utilisateur en cas de rectification ou de suppression des donn\u00e9es, \u00e0 moins que cela n&#8217;entra\u00eene pour lui des formalit\u00e9s, co\u00fbts et d\u00e9marches disproportionn\u00e9s.<\/p>\n\n\n\n<p>Dans le cas o\u00f9 l&#8217;int\u00e9grit\u00e9, la confidentialit\u00e9 ou la s\u00e9curit\u00e9 des donn\u00e9es \u00e0 caract\u00e8re personnel de l&#8217;utilisateur est compromise, le responsable du traitement s&#8217;engage \u00e0 informer l&#8217;utilisateur par tout moyen.<\/p>\n\n\n\n<h2 class=\"wp-block-heading\">Article 5<br>Droits de l&#8217;utilisateur<\/h2>\n\n\n\n<p>Conform\u00e9ment \u00e0 la r\u00e9glementation concernant le traitement des donn\u00e9es \u00e0 caract\u00e8re personnel, l&#8217;utilisateur poss\u00e8de les droits ci-apr\u00e8s \u00e9num\u00e9r\u00e9s.<\/p>\n\n\n\n<p>Afin que le responsable du traitement des donn\u00e9es fasse droit \u00e0 sa demande, l&#8217;utilisateur est tenu de lui communiquer : ses pr\u00e9nom et nom ainsi que son adresse e-mail.<\/p>\n\n\n\n<p>Le responsable du traitement des donn\u00e9es est tenu de r\u00e9pondre \u00e0 l&#8217;utilisateur dans un d\u00e9lai de 30 (trente) jours maximum.<\/p>\n\n\n\n<h3 class=\"wp-block-heading\">A. Pr\u00e9sentation des droits de l&#8217;utilisateur en mati\u00e8re de collecte et traitement de donn\u00e9es<\/h3>\n\n\n\n<h4 class=\"wp-block-heading\">a. Droit d&#8217;acc\u00e8s, de rectification et droit \u00e0 l&#8217;effacement<\/h4>\n\n\n\n<p>L&#8217;utilisateur peut prendre connaissance, mettre \u00e0 jour, modifier ou demander la suppression des donn\u00e9es le concernant, en respectant la proc\u00e9dure ci-apr\u00e8s \u00e9nonc\u00e9e :<\/p>\n\n\n\n<p>L&#8217;utilisateur doit envoyer un e-mail au responsable du traitement des donn\u00e9es personnelles, en pr\u00e9cisant l&#8217;objet de sa demande et en utilisant l&#8217;adresse e-mail de contact qui est fournie plus haut.<\/p>\n\n\n\n<h4 class=\"wp-block-heading\">b. Droit \u00e0 la portabilit\u00e9 des donn\u00e9es<\/h4>\n\n\n\n<p>L&#8217;utilisateur a le droit de demander la portabilit\u00e9 de ses donn\u00e9es personnelles, d\u00e9tenues par le site, vers un autre site, en se conformant \u00e0 la proc\u00e9dure ci-apr\u00e8s :<\/p>\n\n\n\n<p>L&#8217;utilisateur doit faire une demande de portabilit\u00e9 de ses donn\u00e9es personnelles aupr\u00e8s du responsable du traitement des donn\u00e9es, en envoyant un e-mail \u00e0 l&#8217;adresse pr\u00e9vue ci-dessus.<\/p>\n\n\n\n<h4 class=\"wp-block-heading\">c. Droit \u00e0 la limitation et \u00e0 l&#8217;opposition du traitement des donn\u00e9es<\/h4>\n\n\n\n<p>L&#8217;utilisateur a le droit de demander la limitation ou de s&#8217;opposer au traitement de ses donn\u00e9es par le site, sans que le site ne puisse refuser, sauf \u00e0 d\u00e9montrer l&#8217;existence de motifs l\u00e9gitimes et imp\u00e9rieux, pouvant pr\u00e9valoir sur les int\u00e9r\u00eats et les droits et libert\u00e9s de l&#8217;utilisateur.<\/p>\n\n\n\n<p>Afin de demander la limitation du traitement de ses donn\u00e9es ou de formuler une opposition au traitement de ses donn\u00e9es, l&#8217;utilisateur doit suivre la proc\u00e9dure suivante :<\/p>\n\n\n\n<p>L&#8217;utilisateur doit faire une demande de limitation au traitement de ses donn\u00e9es personnelles aupr\u00e8s du responsable du traitement des donn\u00e9es, en envoyant un e-mail \u00e0 l&#8217;adresse pr\u00e9vue ci-dessus.<\/p>\n\n\n\n<h4 class=\"wp-block-heading\">d. Droit de ne pas faire l&#8217;objet d&#8217;une d\u00e9cision fond\u00e9e exclusivement sur un proc\u00e9d\u00e9 automatis\u00e9<\/h4>\n\n\n\n<p>Conform\u00e9ment aux dispositions du r\u00e8glement 2016\/679, l&#8217;utilisateur a le droit de ne pas faire l&#8217;objet d&#8217;une d\u00e9cision fond\u00e9e exclusivement sur un proc\u00e9d\u00e9 automatis\u00e9 si la d\u00e9cision produit des effets juridiques le concernant, ou l&#8217;affecte de mani\u00e8re significative de fa\u00e7on similaire.<\/p>\n\n\n\n<h4 class=\"wp-block-heading\">e. Droit de d\u00e9terminer le sort des donn\u00e9es apr\u00e8s la mort<\/h4>\n\n\n\n<p>Il est rappel\u00e9 \u00e0 l&#8217;utilisateur qu&#8217;il peut organiser quel doit \u00eatre le devenir de ses donn\u00e9es collect\u00e9es et trait\u00e9es s&#8217;il d\u00e9c\u00e8de, conform\u00e9ment \u00e0 la loi n\u00b02016-1321 du 7 octobre 2016.<\/p>\n\n\n\n<h4 class=\"wp-block-heading\">f. Droit de saisir l&#8217;autorit\u00e9 de contr\u00f4le comp\u00e9tente<\/h4>\n\n\n\n<p>Dans le cas o\u00f9 le responsable du traitement des donn\u00e9es d\u00e9cide de ne pas r\u00e9pondre \u00e0 la demande de l&#8217;utilisateur, et que l&#8217;utilisateur souhaite contester cette d\u00e9cision, ou, s&#8217;il pense qu&#8217;il est port\u00e9 atteinte \u00e0 l&#8217;un des droits \u00e9num\u00e9r\u00e9s ci-dessus, il est en droit de saisir la CNIL (Commission Nationale de l&#8217;Informatique et des Libert\u00e9s, https:\/\/www.cnil.fr) ou tout juge comp\u00e9tent.<\/p>\n\n\n\n<h3 class=\"wp-block-heading\">B. Donn\u00e9es personnelles des personnes mineures<\/h3>\n\n\n\n<p>Conform\u00e9ment aux dispositions de l&#8217;article 8 du r\u00e8glement europ\u00e9en 2016\/679 et \u00e0 la loi Informatique et Libert\u00e9s, seuls les mineurs \u00e2g\u00e9s de 15 ans ou plus peuvent consentir au traitement de leurs donn\u00e9es personnelles.<\/p>\n\n\n\n<p>Si l&#8217;utilisateur est un mineur de moins de 15 ans, l&#8217;accord d&#8217;un repr\u00e9sentant l\u00e9gal sera requis afin que des donn\u00e9es \u00e0 caract\u00e8re personnel puissent \u00eatre collect\u00e9es et trait\u00e9es.<\/p>\n\n\n\n<p>L&#8217;\u00e9diteur du site se r\u00e9serve le droit de v\u00e9rifier par tout moyen que l&#8217;utilisateur est \u00e2g\u00e9 de plus de 15 ans, ou qu&#8217;il aura obtenu l&#8217;accord d&#8217;un repr\u00e9sentant l\u00e9gal avant de naviguer sur le site.<\/p>\n\n\n\n<h2 class=\"wp-block-heading\">Article 6<br>Utilisation des fichiers &#8220;cookies&#8221;<\/h2>\n\n\n\n<p>Le site a \u00e9ventuellement recours aux techniques de &#8220;cookies&#8221;.<\/p>\n\n\n\n<p>Un &#8220;cookie&#8221; est un fichier de petite taille (moins de 4 ko), stock\u00e9 par le site sur le disque dur de l&#8217;utilisateur, contenant des informations relatives aux habitudes de navigation de l&#8217;utilisateur.<\/p>\n\n\n\n<p>Ces fichiers lui permettent de traiter des statistiques et des informations sur le trafic, de faciliter la navigation et d&#8217;am\u00e9liorer le service pour le confort de l&#8217;utilisateur.<\/p>\n\n\n\n<p>Pour l&#8217;utilisation de fichiers &#8220;cookies&#8221; impliquant la sauvegarde et l&#8217;analyse de donn\u00e9es \u00e0 caract\u00e8re personnel, le consentement de l&#8217;utilisateur est n\u00e9cessairement demand\u00e9.<\/p>\n\n\n\n<p>Ce consentement de l&#8217;utilisateur est consid\u00e9r\u00e9 comme valide pour une dur\u00e9e de 13 (treize) mois maximum. A l&#8217;issue de cette p\u00e9riode, le site demandera \u00e0 nouveau l&#8217;autorisation de l&#8217;utilisateur pour enregistrer des fichiers &#8220;cookies&#8221; sur son disque dur.<\/p>\n\n\n\n<h3 class=\"wp-block-heading\">A. Opposition de l&#8217;utilisateur \u00e0 l&#8217;utilisation de fichiers &#8220;cookies&#8221; par le site<\/h3>\n\n\n\n<p>Il est port\u00e9 \u00e0 la connaissance de l&#8217;utilisateur qu&#8217;il peut s&#8217;opposer \u00e0 l&#8217;enregistrement de ces fichiers &#8220;cookies&#8221; en configurant son logiciel de navigation.<\/p>\n\n\n\n<p>Pour information, l&#8217;utilisateur peut trouver aux adresses suivantes les d\u00e9marches \u00e0 suivre afin de configurer son logiciel de navigation pour s&#8217;opposer \u00e0 l&#8217;enregistrement des fichiers &#8220;cookies&#8221; :<\/p>\n\n\n\n<p>Chrome : https:\/\/support.google.com\/accounts\/answer\/61416?hl=fr<\/p>\n\n\n\n<p>Firefox : https:\/\/support.mozilla.org\/fr\/kb\/enable-and-disable-cookies-website-preferences<\/p>\n\n\n\n<p>Safari : http:\/\/www.apple.com\/legal\/privacy\/fr-ww\/<\/p>\n\n\n\n<p>Internet Explorer : https:\/\/support.microsoft.com\/fr-fr\/help\/17442\/windows-internet-explorer-delete-manage-cookies<\/p>\n\n\n\n<p>Opera : http:\/\/www.opera.com\/help\/tutorials\/security\/cookies\/<\/p>\n\n\n\n<p>Dans le cas o\u00f9 l&#8217;utilisateur d\u00e9cide de d\u00e9sactiver les fichiers &#8220;cookies&#8221;, il pourra poursuivre sa navigation sur le site. Toutefois, tout dysfonctionnement du site provoqu\u00e9 par cette manipulation ne pourrait \u00eatre consid\u00e9r\u00e9 comme \u00e9tant du fait de l&#8217;\u00e9diteur du site.<\/p>\n\n\n\n<h3 class=\"wp-block-heading\">B. Description des fichiers &#8220;cookies&#8221; utilis\u00e9s par le site<\/h3>\n\n\n\n<p>L&#8217;\u00e9diteur du site attire l&#8217;attention de l&#8217;utilisateur sur le fait que les cookies suivants sont utilis\u00e9s lors de sa navigation :<\/p>\n\n\n\n<p>En naviguant sur le site, il est port\u00e9 \u00e0 connaissance de l&#8217;utilisateur que des fichiers &#8220;cookies&#8221; de tiers peuvent \u00eatre enregistr\u00e9s.<\/p>\n\n\n\n<p>Il s&#8217;agit plus particuli\u00e8rement des tiers suivants :<\/p>\n\n\n\n<ul class=\"wp-block-list\"><li>Google analytics<\/li><\/ul>\n\n\n\n<p>De plus, le site int\u00e8gre des boutons de r\u00e9seaux sociaux, permettant \u00e0 l&#8217;utilisateur de partager son activit\u00e9 sur le site. Des fichiers &#8220;cookies&#8221; de ces r\u00e9seaux sociaux sont par cons\u00e9quent susceptibles d&#8217;\u00eatre stock\u00e9s sur l&#8217;ordinateur de l&#8217;utilisateur lorsqu&#8217;il utilise ces fonctionnalit\u00e9s.<\/p>\n\n\n\n<p>L&#8217;attention de l&#8217;utilisateur est port\u00e9e sur le fait que ces sites disposent de politiques de confidentialit\u00e9 propres et de conditions g\u00e9n\u00e9rales d&#8217;utilisation possiblement diff\u00e9rentes du site. L&#8217;\u00e9diteur du site invite les utilisateurs \u00e0 consulter les politiques de confidentialit\u00e9 et les conditions g\u00e9n\u00e9rales d&#8217;utilisation de ces sites.<\/p>\n\n\n\n<h2 class=\"wp-block-heading\">Article 7<br>Conditions de modification de la politique de confidentialit\u00e9<\/h2>\n\n\n\n<p>La pr\u00e9sente politique de confidentialit\u00e9 peut \u00eatre consult\u00e9e \u00e0 tout moment \u00e0 l&#8217;adresse ci-apr\u00e8s indiqu\u00e9e :<br>https:\/\/www.diroy.com\/politique-de-confidentialite\/<\/p>\n\n\n\n<p>L&#8217;\u00e9diteur du site se r\u00e9serve le droit de la modifier afin de garantir sa conformit\u00e9 avec le droit en vigueur.<\/p>\n\n\n\n<p>Par cons\u00e9quent, l&#8217;utilisateur est invit\u00e9 \u00e0 venir consulter r\u00e9guli\u00e8rement cette politique de confidentialit\u00e9 afin de se tenir inform\u00e9 des derniers changements qui lui seront apport\u00e9s.<\/p>\n\n\n\n<p>Il est port\u00e9 \u00e0 la connaissance de l&#8217;utilisateur que la derni\u00e8re mise \u00e0 jour de la pr\u00e9sente politique de confidentialit\u00e9 est intervenue le : 03\/02\/2020.<\/p>\n","protected":false},"excerpt":{"rendered":"<p>La Soci\u00e9t\u00e9 Diroy, responsable de traitement au sens du R\u00e8glement G\u00e9n\u00e9ral sur la Protection des [&hellip;]<\/p>\n","protected":false},"author":1,"featured_media":0,"parent":0,"menu_order":0,"comment_status":"closed","ping_status":"open","template":"","meta":{"_acf_changed":false,"footnotes":""},"class_list":["post-3","page","type-page","status-publish","hentry"],"acf":[],"yoast_head":"<!-- This site is optimized with the Yoast SEO plugin v23.4 - https:\/\/yoast.com\/wordpress\/plugins\/seo\/ -->\n<title>Politique de confidentialit\u00e9 \u2013 Diroy<\/title>\n<meta name=\"description\" content=\"D\u00e9couvrez comment Diroy prot\u00e8ge vos donn\u00e9es avec sa politique de confidentialit\u00e9.\" \/>\n<meta name=\"robots\" content=\"index, follow, max-snippet:-1, max-image-preview:large, max-video-preview:-1\" \/>\n<link rel=\"canonical\" href=\"https:\/\/www.diroy.com\/en\/politique-de-confidentialite\/\" \/>\n<meta property=\"og:locale\" content=\"en_US\" \/>\n<meta property=\"og:type\" content=\"article\" \/>\n<meta property=\"og:title\" content=\"Politique de confidentialit\u00e9 \u2013 Diroy\" \/>\n<meta property=\"og:description\" content=\"D\u00e9couvrez comment Diroy prot\u00e8ge vos donn\u00e9es avec sa politique de confidentialit\u00e9.\" \/>\n<meta property=\"og:url\" content=\"https:\/\/www.diroy.com\/en\/politique-de-confidentialite\/\" \/>\n<meta property=\"og:site_name\" content=\"Diroy\" \/>\n<meta property=\"article:modified_time\" content=\"2022-05-05T12:34:25+00:00\" \/>\n<meta name=\"twitter:card\" content=\"summary_large_image\" \/>\n<meta name=\"twitter:label1\" content=\"Est. reading time\" \/>\n\t<meta name=\"twitter:data1\" content=\"11 minutes\" \/>\n<script type=\"application\/ld+json\" class=\"yoast-schema-graph\">{\"@context\":\"https:\/\/schema.org\",\"@graph\":[{\"@type\":\"WebPage\",\"@id\":\"https:\/\/www.diroy.com\/en\/politique-de-confidentialite\/\",\"url\":\"https:\/\/www.diroy.com\/en\/politique-de-confidentialite\/\",\"name\":\"Politique de confidentialit\u00e9 \u2013 Diroy\",\"isPartOf\":{\"@id\":\"https:\/\/www.diroy.com\/en\/#website\"},\"datePublished\":\"2019-07-16T08:15:31+00:00\",\"dateModified\":\"2022-05-05T12:34:25+00:00\",\"description\":\"D\u00e9couvrez comment Diroy prot\u00e8ge vos donn\u00e9es avec sa politique de confidentialit\u00e9.\",\"breadcrumb\":{\"@id\":\"https:\/\/www.diroy.com\/en\/politique-de-confidentialite\/#breadcrumb\"},\"inLanguage\":\"en-US\",\"potentialAction\":[{\"@type\":\"ReadAction\",\"target\":[\"https:\/\/www.diroy.com\/en\/politique-de-confidentialite\/\"]}]},{\"@type\":\"BreadcrumbList\",\"@id\":\"https:\/\/www.diroy.com\/en\/politique-de-confidentialite\/#breadcrumb\",\"itemListElement\":[{\"@type\":\"ListItem\",\"position\":1,\"name\":\"Accueil\",\"item\":\"https:\/\/diroy.com\/en\/\"},{\"@type\":\"ListItem\",\"position\":2,\"name\":\"Politique de confidentialit\u00e9\"}]},{\"@type\":\"WebSite\",\"@id\":\"https:\/\/www.diroy.com\/en\/#website\",\"url\":\"https:\/\/www.diroy.com\/en\/\",\"name\":\"Diroy\",\"description\":\"\",\"potentialAction\":[{\"@type\":\"SearchAction\",\"target\":{\"@type\":\"EntryPoint\",\"urlTemplate\":\"https:\/\/www.diroy.com\/en\/?s={search_term_string}\"},\"query-input\":{\"@type\":\"PropertyValueSpecification\",\"valueRequired\":true,\"valueName\":\"search_term_string\"}}],\"inLanguage\":\"en-US\"}]}<\/script>\n<!-- \/ Yoast SEO plugin. -->","yoast_head_json":{"title":"Politique de confidentialit\u00e9 \u2013 Diroy","description":"D\u00e9couvrez comment Diroy prot\u00e8ge vos donn\u00e9es avec sa politique de confidentialit\u00e9.","robots":{"index":"index","follow":"follow","max-snippet":"max-snippet:-1","max-image-preview":"max-image-preview:large","max-video-preview":"max-video-preview:-1"},"canonical":"https:\/\/www.diroy.com\/en\/politique-de-confidentialite\/","og_locale":"en_US","og_type":"article","og_title":"Politique de confidentialit\u00e9 \u2013 Diroy","og_description":"D\u00e9couvrez comment Diroy prot\u00e8ge vos donn\u00e9es avec sa politique de confidentialit\u00e9.","og_url":"https:\/\/www.diroy.com\/en\/politique-de-confidentialite\/","og_site_name":"Diroy","article_modified_time":"2022-05-05T12:34:25+00:00","twitter_card":"summary_large_image","twitter_misc":{"Est. reading time":"11 minutes"},"schema":{"@context":"https:\/\/schema.org","@graph":[{"@type":"WebPage","@id":"https:\/\/www.diroy.com\/en\/politique-de-confidentialite\/","url":"https:\/\/www.diroy.com\/en\/politique-de-confidentialite\/","name":"Politique de confidentialit\u00e9 \u2013 Diroy","isPartOf":{"@id":"https:\/\/www.diroy.com\/en\/#website"},"datePublished":"2019-07-16T08:15:31+00:00","dateModified":"2022-05-05T12:34:25+00:00","description":"D\u00e9couvrez comment Diroy prot\u00e8ge vos donn\u00e9es avec sa politique de confidentialit\u00e9.","breadcrumb":{"@id":"https:\/\/www.diroy.com\/en\/politique-de-confidentialite\/#breadcrumb"},"inLanguage":"en-US","potentialAction":[{"@type":"ReadAction","target":["https:\/\/www.diroy.com\/en\/politique-de-confidentialite\/"]}]},{"@type":"BreadcrumbList","@id":"https:\/\/www.diroy.com\/en\/politique-de-confidentialite\/#breadcrumb","itemListElement":[{"@type":"ListItem","position":1,"name":"Accueil","item":"https:\/\/diroy.com\/en\/"},{"@type":"ListItem","position":2,"name":"Politique de confidentialit\u00e9"}]},{"@type":"WebSite","@id":"https:\/\/www.diroy.com\/en\/#website","url":"https:\/\/www.diroy.com\/en\/","name":"Diroy","description":"","potentialAction":[{"@type":"SearchAction","target":{"@type":"EntryPoint","urlTemplate":"https:\/\/www.diroy.com\/en\/?s={search_term_string}"},"query-input":{"@type":"PropertyValueSpecification","valueRequired":true,"valueName":"search_term_string"}}],"inLanguage":"en-US"}]}},"_links":{"self":[{"href":"https:\/\/www.diroy.com\/en\/wp-json\/wp\/v2\/pages\/3"}],"collection":[{"href":"https:\/\/www.diroy.com\/en\/wp-json\/wp\/v2\/pages"}],"about":[{"href":"https:\/\/www.diroy.com\/en\/wp-json\/wp\/v2\/types\/page"}],"author":[{"embeddable":true,"href":"https:\/\/www.diroy.com\/en\/wp-json\/wp\/v2\/users\/1"}],"replies":[{"embeddable":true,"href":"https:\/\/www.diroy.com\/en\/wp-json\/wp\/v2\/comments?post=3"}],"version-history":[{"count":0,"href":"https:\/\/www.diroy.com\/en\/wp-json\/wp\/v2\/pages\/3\/revisions"}],"wp:attachment":[{"href":"https:\/\/www.diroy.com\/en\/wp-json\/wp\/v2\/media?parent=3"}],"curies":[{"name":"wp","href":"https:\/\/api.w.org\/{rel}","templated":true}]}}